{"id":3009,"date":"2019-02-21T09:02:51","date_gmt":"2019-02-21T09:02:51","guid":{"rendered":"https:\/\/vtveres.hu\/?post_type=product&#038;p=3009"},"modified":"2020-02-24T12:11:23","modified_gmt":"2020-02-24T12:11:23","slug":"f01-negyedfordulatu-villamos-hajtomu","status":"publish","type":"product","link":"https:\/\/www.vtveres.hu\/ru\/sample-product\/f01-negyedfordulatu-villamos-hajtomu\/","title":{"rendered":"\u0427\u0435\u0442\u0432\u0435\u0440\u0442\u044c\u043e\u0431\u043e\u0440\u043e\u0442\u043d\u044b\u0439 \u0438\u043d\u0442\u0435\u043b\u043b\u0435\u043a\u0442\u0443\u0430\u043b\u044c\u043d\u044b\u0439 \u044d\u043b\u0435\u043a\u0442\u0440\u043e\u043f\u0440\u0438\u0432\u043e\u0434 Biffi F01"},"content":{"rendered":"","protected":false},"excerpt":{"rendered":"<p>\u0423\u043f\u0440\u0430\u0432\u043b\u0435\u043d\u0438\u0435 \u0438 \u0441\u0438\u0433\u043d\u0430\u043b\u0438\u0437\u0430\u0446\u0438\u0438 \u043f\u0440\u0438\u0432\u043e\u0434\u0430 \u0430\u043d\u0430\u043b\u043e\u0433\u0438\u0447\u043d\u044b\u0435 \u0442\u0438\u043f\u0443 ICON3000, \u043d\u043e \u0434\u0430\u043d\u043d\u044b\u0435 \u043f\u0440\u0438\u0432\u043e\u0434\u044b \u043c\u043e\u0433\u0443\u0442 \u0431\u044b\u0442\u044c \u0443\u0441\u0442\u0430\u043d\u043e\u0432\u043b\u0435\u043d\u044b \u043d\u0430 \u0447\u0435\u0442\u0432\u0435\u0440\u0442\u044c\u043e\u0431\u043e\u0440\u043e\u0442\u043d\u0443\u044e \u0430\u0440\u043c\u0430\u0442\u0443\u0440\u0443.<\/p>\n<p>\u0414\u0438\u0430\u043f\u0430\u0437\u043e\u043d \u0437\u043d\u0430\u0447\u0435\u043d\u0438\u0439 \u0432\u044b\u0445\u043e\u0434\u043d\u043e\u0433\u043e \u043c\u043e\u043c\u0435\u043d\u0442\u0430: 150-600\u041d\u043c<\/p>\n<p>\u0412\u0440\u0435\u043c\u044f \u0437\u0430\u043a\u0440\u044b\u0442\u0438\u044f \u043d\u0430 \u0447\u0435\u0442\u0432\u0435\u0440\u0442\u044c \u043e\u0431\u043e\u0440\u043e\u0442\u0430: 6-60\u0441\u0435\u043a\u0443\u043d\u0434<\/p>\n<p>\u0412\u0438\u0434\u044b \u043d\u0430\u043f\u0440\u044f\u0436\u0435\u043d\u0438\u044f \u043f\u0438\u0442\u0430\u043d\u0438\u044f: 3&#215;400(380) VAC, 1&#215;230 VAC, 24\/48 VDC<\/p>\n","protected":false},"featured_media":3032,"comment_status":"open","ping_status":"closed","template":"","meta":{"_exactmetrics_skip_tracking":false,"_exactmetrics_sitenote_active":false,"_exactmetrics_sitenote_note":"","_exactmetrics_sitenote_category":0},"product_brand":[],"product_cat":[22],"product_tag":[],"class_list":{"0":"post-3009","1":"product","2":"type-product","3":"status-publish","4":"has-post-thumbnail","6":"product_cat-iintelligent-electric-actuators","8":"first","9":"instock","10":"taxable","11":"shipping-taxable","12":"product-type-simple"},"yoast_head":"<!-- This site is optimized with the Yoast SEO plugin v27.4 - https:\/\/yoast.com\/product\/yoast-seo-wordpress\/ -->\n<title>\u0427\u0435\u0442\u0432\u0435\u0440\u0442\u044c\u043e\u0431\u043e\u0440\u043e\u0442\u043d\u044b\u0439 \u0438\u043d\u0442\u0435\u043b\u043b\u0435\u043a\u0442\u0443\u0430\u043b\u044c\u043d\u044b\u0439 \u044d\u043b\u0435\u043a\u0442\u0440\u043e\u043f\u0440\u0438\u0432\u043e\u0434 Biffi F01 - VT Veres Kft.<\/title>\n<meta name=\"robots\" content=\"index, follow, max-snippet:-1, max-image-preview:large, max-video-preview:-1\" \/>\n<link rel=\"canonical\" href=\"https:\/\/www.vtveres.hu\/sample-product\/f01-negyedfordulatu-villamos-hajtomu\/\" \/>\n<meta property=\"og:locale\" content=\"ru_RU\" \/>\n<meta property=\"og:type\" content=\"article\" \/>\n<meta property=\"og:title\" content=\"\u0427\u0435\u0442\u0432\u0435\u0440\u0442\u044c\u043e\u0431\u043e\u0440\u043e\u0442\u043d\u044b\u0439 \u0438\u043d\u0442\u0435\u043b\u043b\u0435\u043a\u0442\u0443\u0430\u043b\u044c\u043d\u044b\u0439 \u044d\u043b\u0435\u043a\u0442\u0440\u043e\u043f\u0440\u0438\u0432\u043e\u0434 Biffi F01 - VT Veres Kft.\" \/>\n<meta property=\"og:description\" content=\"[:hu]Vez\u00e9relhet\u0151s\u00e9g\u00e9t \u00e9s visszajelz\u00e9si lehet\u0151s\u00e9geit tekintve megegyezik az ICON3000 t\u00edpussal de ezt a t\u00edpust negyedfordulat\u00fa szerelv\u00e9nyre szerelhet\u0151ek.  Kimen\u0151 nyomat\u00e9khat\u00e1rok: 150-600 Nm Z\u00e1r\u00e1si id\u0151 negyedfordulatra: 6-60 sec  T\u00e1pfesz\u00fclts\u00e9g lehet\u0151s\u00e9gek: 3x400(380) VAC, 1x230 VAC, 24\/48 VDC[:en]It has the same control and feedback capabilities as the ICON3000, but it can be mounted on a quarter-turn valves. Output torque limits: 150-600 Nm Closing time: 6-60 sec Power supply options: 3x400 (380) VAC, 1x230 VAC, 24\/48 VDC[:ru]\u0423\u043f\u0440\u0430\u0432\u043b\u0435\u043d\u0438\u0435 \u0438 \u0441\u0438\u0433\u043d\u0430\u043b\u0438\u0437\u0430\u0446\u0438\u0438 \u043f\u0440\u0438\u0432\u043e\u0434\u0430 \u0430\u043d\u0430\u043b\u043e\u0433\u0438\u0447\u043d\u044b\u0435 \u0442\u0438\u043f\u0443 ICON3000, \u043d\u043e \u0434\u0430\u043d\u043d\u044b\u0435 \u043f\u0440\u0438\u0432\u043e\u0434\u044b \u043c\u043e\u0433\u0443\u0442 \u0431\u044b\u0442\u044c \u0443\u0441\u0442\u0430\u043d\u043e\u0432\u043b\u0435\u043d\u044b \u043d\u0430 \u0447\u0435\u0442\u0432\u0435\u0440\u0442\u044c\u043e\u0431\u043e\u0440\u043e\u0442\u043d\u0443\u044e \u0430\u0440\u043c\u0430\u0442\u0443\u0440\u0443.  \u0414\u0438\u0430\u043f\u0430\u0437\u043e\u043d \u0437\u043d\u0430\u0447\u0435\u043d\u0438\u0439 \u0432\u044b\u0445\u043e\u0434\u043d\u043e\u0433\u043e \u043c\u043e\u043c\u0435\u043d\u0442\u0430: 150-600\u041d\u043c  \u0412\u0440\u0435\u043c\u044f \u0437\u0430\u043a\u0440\u044b\u0442\u0438\u044f \u043d\u0430 \u0447\u0435\u0442\u0432\u0435\u0440\u0442\u044c \u043e\u0431\u043e\u0440\u043e\u0442\u0430: 6-60\u0441\u0435\u043a\u0443\u043d\u0434  \u0412\u0438\u0434\u044b \u043d\u0430\u043f\u0440\u044f\u0436\u0435\u043d\u0438\u044f \u043f\u0438\u0442\u0430\u043d\u0438\u044f: 3x400(380) VAC, 1x230 VAC, 24\/48 VDC[:]\" \/>\n<meta property=\"og:url\" content=\"https:\/\/www.vtveres.hu\/sample-product\/f01-negyedfordulatu-villamos-hajtomu\/\" \/>\n<meta property=\"og:site_name\" content=\"VT Veres Kft.\" \/>\n<meta property=\"article:publisher\" content=\"http:\/\/www.facebook.vtveres.hu\" \/>\n<meta property=\"article:modified_time\" content=\"2020-02-24T12:11:23+00:00\" \/>\n<meta property=\"og:image\" content=\"https:\/\/www.vtveres.hu\/web\/wp-content\/uploads\/2019\/02\/F01_kep.png\" \/>\n\t<meta property=\"og:image:width\" content=\"338\" \/>\n\t<meta property=\"og:image:height\" content=\"253\" \/>\n\t<meta property=\"og:image:type\" content=\"image\/png\" \/>\n<meta name=\"twitter:card\" content=\"summary_large_image\" \/>\n<script type=\"application\/ld+json\" class=\"yoast-schema-graph\">{\"@context\":\"https:\\\/\\\/schema.org\",\"@graph\":[{\"@type\":\"WebPage\",\"@id\":\"https:\\\/\\\/www.vtveres.hu\\\/sample-product\\\/f01-negyedfordulatu-villamos-hajtomu\\\/\",\"url\":\"https:\\\/\\\/www.vtveres.hu\\\/sample-product\\\/f01-negyedfordulatu-villamos-hajtomu\\\/\",\"name\":\"\u0427\u0435\u0442\u0432\u0435\u0440\u0442\u044c\u043e\u0431\u043e\u0440\u043e\u0442\u043d\u044b\u0439 \u0438\u043d\u0442\u0435\u043b\u043b\u0435\u043a\u0442\u0443\u0430\u043b\u044c\u043d\u044b\u0439 \u044d\u043b\u0435\u043a\u0442\u0440\u043e\u043f\u0440\u0438\u0432\u043e\u0434 Biffi F01 - VT Veres Kft.\",\"isPartOf\":{\"@id\":\"https:\\\/\\\/www.vtveres.hu\\\/#website\"},\"primaryImageOfPage\":{\"@id\":\"https:\\\/\\\/www.vtveres.hu\\\/sample-product\\\/f01-negyedfordulatu-villamos-hajtomu\\\/#primaryimage\"},\"image\":{\"@id\":\"https:\\\/\\\/www.vtveres.hu\\\/sample-product\\\/f01-negyedfordulatu-villamos-hajtomu\\\/#primaryimage\"},\"thumbnailUrl\":\"https:\\\/\\\/www.vtveres.hu\\\/web\\\/wp-content\\\/uploads\\\/2019\\\/02\\\/F01_kep.png\",\"datePublished\":\"2019-02-21T09:02:51+00:00\",\"dateModified\":\"2020-02-24T12:11:23+00:00\",\"breadcrumb\":{\"@id\":\"https:\\\/\\\/www.vtveres.hu\\\/sample-product\\\/f01-negyedfordulatu-villamos-hajtomu\\\/#breadcrumb\"},\"inLanguage\":\"ru-RU\",\"potentialAction\":[{\"@type\":\"ReadAction\",\"target\":[\"https:\\\/\\\/www.vtveres.hu\\\/sample-product\\\/f01-negyedfordulatu-villamos-hajtomu\\\/\"]}]},{\"@type\":\"ImageObject\",\"inLanguage\":\"ru-RU\",\"@id\":\"https:\\\/\\\/www.vtveres.hu\\\/sample-product\\\/f01-negyedfordulatu-villamos-hajtomu\\\/#primaryimage\",\"url\":\"https:\\\/\\\/www.vtveres.hu\\\/web\\\/wp-content\\\/uploads\\\/2019\\\/02\\\/F01_kep.png\",\"contentUrl\":\"https:\\\/\\\/www.vtveres.hu\\\/web\\\/wp-content\\\/uploads\\\/2019\\\/02\\\/F01_kep.png\",\"width\":338,\"height\":253,\"caption\":\"\u0427\u0435\u0442\u0432\u0435\u0440\u0442\u044c\u043e\u0431\u043e\u0440\u043e\u0442\u043d\u044b\u0439 \u0438\u043d\u0442\u0435\u043b\u043b\u0435\u043a\u0442\u0443\u0430\u043b\u044c\u043d\u044b\u0439 \u044d\u043b\u0435\u043a\u0442\u0440\u043e\u043f\u0440\u0438\u0432\u043e\u0434 Biffi F01\"},{\"@type\":\"BreadcrumbList\",\"@id\":\"https:\\\/\\\/www.vtveres.hu\\\/sample-product\\\/f01-negyedfordulatu-villamos-hajtomu\\\/#breadcrumb\",\"itemListElement\":[{\"@type\":\"ListItem\",\"position\":1,\"name\":\"Home\",\"item\":\"https:\\\/\\\/www.vtveres.hu\\\/\"},{\"@type\":\"ListItem\",\"position\":2,\"name\":\"Term\u00e9kek \u00e9s megold\u00e1sok\",\"item\":\"https:\\\/\\\/www.vtveres.hu\\\/termekek-es-megoldasok\\\/\"},{\"@type\":\"ListItem\",\"position\":3,\"name\":\"F01 negyedfordulat\u00fa villamos hajt\u00f3m\u0171\"}]},{\"@type\":\"WebSite\",\"@id\":\"https:\\\/\\\/www.vtveres.hu\\\/#website\",\"url\":\"https:\\\/\\\/www.vtveres.hu\\\/\",\"name\":\"VT Veres Kft.\",\"description\":\"\u00ab\u0420\u0435\u0448\u0435\u043d\u0438\u044f \u0431\u0443\u0434\u0443\u0449\u0435\u0433\u043e, \u0441\u0435\u0433\u043e\u0434\u043d\u044f\u00bb\",\"publisher\":{\"@id\":\"https:\\\/\\\/www.vtveres.hu\\\/#organization\"},\"potentialAction\":[{\"@type\":\"SearchAction\",\"target\":{\"@type\":\"EntryPoint\",\"urlTemplate\":\"https:\\\/\\\/www.vtveres.hu\\\/?s={search_term_string}\"},\"query-input\":{\"@type\":\"PropertyValueSpecification\",\"valueRequired\":true,\"valueName\":\"search_term_string\"}}],\"inLanguage\":\"ru-RU\"},{\"@type\":\"Organization\",\"@id\":\"https:\\\/\\\/www.vtveres.hu\\\/#organization\",\"name\":\"VT Veres Kft.\",\"url\":\"https:\\\/\\\/www.vtveres.hu\\\/\",\"logo\":{\"@type\":\"ImageObject\",\"inLanguage\":\"ru-RU\",\"@id\":\"https:\\\/\\\/www.vtveres.hu\\\/#\\\/schema\\\/logo\\\/image\\\/\",\"url\":\"https:\\\/\\\/www.vtveres.hu\\\/web\\\/wp-content\\\/uploads\\\/2016\\\/05\\\/25_ev_pici_hun-1.png\",\"contentUrl\":\"https:\\\/\\\/www.vtveres.hu\\\/web\\\/wp-content\\\/uploads\\\/2016\\\/05\\\/25_ev_pici_hun-1.png\",\"width\":140,\"height\":107,\"caption\":\"VT Veres Kft.\"},\"image\":{\"@id\":\"https:\\\/\\\/www.vtveres.hu\\\/#\\\/schema\\\/logo\\\/image\\\/\"},\"sameAs\":[\"http:\\\/\\\/www.facebook.vtveres.hu\",\"http:\\\/\\\/www.instagram.vtveres.hu\",\"http:\\\/\\\/www.linkedin.vtveres.hu\"]}]}<\/script>\n<!-- \/ Yoast SEO plugin. -->","yoast_head_json":{"title":"\u0427\u0435\u0442\u0432\u0435\u0440\u0442\u044c\u043e\u0431\u043e\u0440\u043e\u0442\u043d\u044b\u0439 \u0438\u043d\u0442\u0435\u043b\u043b\u0435\u043a\u0442\u0443\u0430\u043b\u044c\u043d\u044b\u0439 \u044d\u043b\u0435\u043a\u0442\u0440\u043e\u043f\u0440\u0438\u0432\u043e\u0434 Biffi F01 - VT Veres Kft.","robots":{"index":"index","follow":"follow","max-snippet":"max-snippet:-1","max-image-preview":"max-image-preview:large","max-video-preview":"max-video-preview:-1"},"canonical":"https:\/\/www.vtveres.hu\/sample-product\/f01-negyedfordulatu-villamos-hajtomu\/","og_locale":"ru_RU","og_type":"article","og_title":"\u0427\u0435\u0442\u0432\u0435\u0440\u0442\u044c\u043e\u0431\u043e\u0440\u043e\u0442\u043d\u044b\u0439 \u0438\u043d\u0442\u0435\u043b\u043b\u0435\u043a\u0442\u0443\u0430\u043b\u044c\u043d\u044b\u0439 \u044d\u043b\u0435\u043a\u0442\u0440\u043e\u043f\u0440\u0438\u0432\u043e\u0434 Biffi F01 - VT Veres Kft.","og_description":"[:hu]Vez\u00e9relhet\u0151s\u00e9g\u00e9t \u00e9s visszajelz\u00e9si lehet\u0151s\u00e9geit tekintve megegyezik az ICON3000 t\u00edpussal de ezt a t\u00edpust negyedfordulat\u00fa szerelv\u00e9nyre szerelhet\u0151ek.  Kimen\u0151 nyomat\u00e9khat\u00e1rok: 150-600 Nm Z\u00e1r\u00e1si id\u0151 negyedfordulatra: 6-60 sec  T\u00e1pfesz\u00fclts\u00e9g lehet\u0151s\u00e9gek: 3x400(380) VAC, 1x230 VAC, 24\/48 VDC[:en]It has the same control and feedback capabilities as the ICON3000, but it can be mounted on a quarter-turn valves. Output torque limits: 150-600 Nm Closing time: 6-60 sec Power supply options: 3x400 (380) VAC, 1x230 VAC, 24\/48 VDC[:ru]\u0423\u043f\u0440\u0430\u0432\u043b\u0435\u043d\u0438\u0435 \u0438 \u0441\u0438\u0433\u043d\u0430\u043b\u0438\u0437\u0430\u0446\u0438\u0438 \u043f\u0440\u0438\u0432\u043e\u0434\u0430 \u0430\u043d\u0430\u043b\u043e\u0433\u0438\u0447\u043d\u044b\u0435 \u0442\u0438\u043f\u0443 ICON3000, \u043d\u043e \u0434\u0430\u043d\u043d\u044b\u0435 \u043f\u0440\u0438\u0432\u043e\u0434\u044b \u043c\u043e\u0433\u0443\u0442 \u0431\u044b\u0442\u044c \u0443\u0441\u0442\u0430\u043d\u043e\u0432\u043b\u0435\u043d\u044b \u043d\u0430 \u0447\u0435\u0442\u0432\u0435\u0440\u0442\u044c\u043e\u0431\u043e\u0440\u043e\u0442\u043d\u0443\u044e \u0430\u0440\u043c\u0430\u0442\u0443\u0440\u0443.  \u0414\u0438\u0430\u043f\u0430\u0437\u043e\u043d \u0437\u043d\u0430\u0447\u0435\u043d\u0438\u0439 \u0432\u044b\u0445\u043e\u0434\u043d\u043e\u0433\u043e \u043c\u043e\u043c\u0435\u043d\u0442\u0430: 150-600\u041d\u043c  \u0412\u0440\u0435\u043c\u044f \u0437\u0430\u043a\u0440\u044b\u0442\u0438\u044f \u043d\u0430 \u0447\u0435\u0442\u0432\u0435\u0440\u0442\u044c \u043e\u0431\u043e\u0440\u043e\u0442\u0430: 6-60\u0441\u0435\u043a\u0443\u043d\u0434  \u0412\u0438\u0434\u044b \u043d\u0430\u043f\u0440\u044f\u0436\u0435\u043d\u0438\u044f \u043f\u0438\u0442\u0430\u043d\u0438\u044f: 3x400(380) VAC, 1x230 VAC, 24\/48 VDC[:]","og_url":"https:\/\/www.vtveres.hu\/sample-product\/f01-negyedfordulatu-villamos-hajtomu\/","og_site_name":"VT Veres Kft.","article_publisher":"http:\/\/www.facebook.vtveres.hu","article_modified_time":"2020-02-24T12:11:23+00:00","og_image":[{"width":338,"height":253,"url":"https:\/\/www.vtveres.hu\/web\/wp-content\/uploads\/2019\/02\/F01_kep.png","type":"image\/png"}],"twitter_card":"summary_large_image","schema":{"@context":"https:\/\/schema.org","@graph":[{"@type":"WebPage","@id":"https:\/\/www.vtveres.hu\/sample-product\/f01-negyedfordulatu-villamos-hajtomu\/","url":"https:\/\/www.vtveres.hu\/sample-product\/f01-negyedfordulatu-villamos-hajtomu\/","name":"\u0427\u0435\u0442\u0432\u0435\u0440\u0442\u044c\u043e\u0431\u043e\u0440\u043e\u0442\u043d\u044b\u0439 \u0438\u043d\u0442\u0435\u043b\u043b\u0435\u043a\u0442\u0443\u0430\u043b\u044c\u043d\u044b\u0439 \u044d\u043b\u0435\u043a\u0442\u0440\u043e\u043f\u0440\u0438\u0432\u043e\u0434 Biffi F01 - VT Veres Kft.","isPartOf":{"@id":"https:\/\/www.vtveres.hu\/#website"},"primaryImageOfPage":{"@id":"https:\/\/www.vtveres.hu\/sample-product\/f01-negyedfordulatu-villamos-hajtomu\/#primaryimage"},"image":{"@id":"https:\/\/www.vtveres.hu\/sample-product\/f01-negyedfordulatu-villamos-hajtomu\/#primaryimage"},"thumbnailUrl":"https:\/\/www.vtveres.hu\/web\/wp-content\/uploads\/2019\/02\/F01_kep.png","datePublished":"2019-02-21T09:02:51+00:00","dateModified":"2020-02-24T12:11:23+00:00","breadcrumb":{"@id":"https:\/\/www.vtveres.hu\/sample-product\/f01-negyedfordulatu-villamos-hajtomu\/#breadcrumb"},"inLanguage":"ru-RU","potentialAction":[{"@type":"ReadAction","target":["https:\/\/www.vtveres.hu\/sample-product\/f01-negyedfordulatu-villamos-hajtomu\/"]}]},{"@type":"ImageObject","inLanguage":"ru-RU","@id":"https:\/\/www.vtveres.hu\/sample-product\/f01-negyedfordulatu-villamos-hajtomu\/#primaryimage","url":"https:\/\/www.vtveres.hu\/web\/wp-content\/uploads\/2019\/02\/F01_kep.png","contentUrl":"https:\/\/www.vtveres.hu\/web\/wp-content\/uploads\/2019\/02\/F01_kep.png","width":338,"height":253,"caption":"\u0427\u0435\u0442\u0432\u0435\u0440\u0442\u044c\u043e\u0431\u043e\u0440\u043e\u0442\u043d\u044b\u0439 \u0438\u043d\u0442\u0435\u043b\u043b\u0435\u043a\u0442\u0443\u0430\u043b\u044c\u043d\u044b\u0439 \u044d\u043b\u0435\u043a\u0442\u0440\u043e\u043f\u0440\u0438\u0432\u043e\u0434 Biffi F01"},{"@type":"BreadcrumbList","@id":"https:\/\/www.vtveres.hu\/sample-product\/f01-negyedfordulatu-villamos-hajtomu\/#breadcrumb","itemListElement":[{"@type":"ListItem","position":1,"name":"Home","item":"https:\/\/www.vtveres.hu\/"},{"@type":"ListItem","position":2,"name":"Term\u00e9kek \u00e9s megold\u00e1sok","item":"https:\/\/www.vtveres.hu\/termekek-es-megoldasok\/"},{"@type":"ListItem","position":3,"name":"F01 negyedfordulat\u00fa villamos hajt\u00f3m\u0171"}]},{"@type":"WebSite","@id":"https:\/\/www.vtveres.hu\/#website","url":"https:\/\/www.vtveres.hu\/","name":"VT Veres Kft.","description":"\u00ab\u0420\u0435\u0448\u0435\u043d\u0438\u044f \u0431\u0443\u0434\u0443\u0449\u0435\u0433\u043e, \u0441\u0435\u0433\u043e\u0434\u043d\u044f\u00bb","publisher":{"@id":"https:\/\/www.vtveres.hu\/#organization"},"potentialAction":[{"@type":"SearchAction","target":{"@type":"EntryPoint","urlTemplate":"https:\/\/www.vtveres.hu\/?s={search_term_string}"},"query-input":{"@type":"PropertyValueSpecification","valueRequired":true,"valueName":"search_term_string"}}],"inLanguage":"ru-RU"},{"@type":"Organization","@id":"https:\/\/www.vtveres.hu\/#organization","name":"VT Veres Kft.","url":"https:\/\/www.vtveres.hu\/","logo":{"@type":"ImageObject","inLanguage":"ru-RU","@id":"https:\/\/www.vtveres.hu\/#\/schema\/logo\/image\/","url":"https:\/\/www.vtveres.hu\/web\/wp-content\/uploads\/2016\/05\/25_ev_pici_hun-1.png","contentUrl":"https:\/\/www.vtveres.hu\/web\/wp-content\/uploads\/2016\/05\/25_ev_pici_hun-1.png","width":140,"height":107,"caption":"VT Veres Kft."},"image":{"@id":"https:\/\/www.vtveres.hu\/#\/schema\/logo\/image\/"},"sameAs":["http:\/\/www.facebook.vtveres.hu","http:\/\/www.instagram.vtveres.hu","http:\/\/www.linkedin.vtveres.hu"]}]}},"_links":{"self":[{"href":"https:\/\/www.vtveres.hu\/ru\/wp-json\/wp\/v2\/product\/3009","targetHints":{"allow":["GET"]}}],"collection":[{"href":"https:\/\/www.vtveres.hu\/ru\/wp-json\/wp\/v2\/product"}],"about":[{"href":"https:\/\/www.vtveres.hu\/ru\/wp-json\/wp\/v2\/types\/product"}],"replies":[{"embeddable":true,"href":"https:\/\/www.vtveres.hu\/ru\/wp-json\/wp\/v2\/comments?post=3009"}],"wp:featuredmedia":[{"embeddable":true,"href":"https:\/\/www.vtveres.hu\/ru\/wp-json\/wp\/v2\/media\/3032"}],"wp:attachment":[{"href":"https:\/\/www.vtveres.hu\/ru\/wp-json\/wp\/v2\/media?parent=3009"}],"wp:term":[{"taxonomy":"product_brand","embeddable":true,"href":"https:\/\/www.vtveres.hu\/ru\/wp-json\/wp\/v2\/product_brand?post=3009"},{"taxonomy":"product_cat","embeddable":true,"href":"https:\/\/www.vtveres.hu\/ru\/wp-json\/wp\/v2\/product_cat?post=3009"},{"taxonomy":"product_tag","embeddable":true,"href":"https:\/\/www.vtveres.hu\/ru\/wp-json\/wp\/v2\/product_tag?post=3009"}],"curies":[{"name":"wp","href":"https:\/\/api.w.org\/{rel}","templated":true}]}}