{"id":2557,"date":"2016-09-29T20:42:20","date_gmt":"2016-09-29T20:42:20","guid":{"rendered":"http:\/\/imagency.hu\/vtveres\/?post_type=product&#038;p=2557"},"modified":"2016-10-04T11:20:17","modified_gmt":"2016-10-04T11:20:17","slug":"delta-controls-tavadok","status":"publish","type":"product","link":"https:\/\/www.vtveres.hu\/ru\/sample-product\/delta-controls-tavadok\/","title":{"rendered":"\u0414\u0430\u0442\u0447\u0438\u043a\u0438 Delta-Controls"},"content":{"rendered":"","protected":false},"excerpt":{"rendered":"<p style=\"text-align: justify;\">\u0412 \u0440\u0430\u0431\u043e\u0442\u0430\u0445 \u043f\u043e \u043f\u0440\u0438\u0431\u043e\u0440\u043d\u043e\u0439 \u043e\u0441\u043d\u0430\u0441\u0442\u043a\u0435 \u0447\u0430\u0441\u0442\u043e \u0438\u0441\u043f\u043e\u043b\u044c\u0437\u0443\u0435\u043c \u0438\u043c\u0435\u044e\u0449\u0443\u044e \u043e\u043f\u0442\u0438\u043c\u0430\u043b\u044c\u043d\u043e\u0435 \u0441\u043e\u043e\u0442\u043d\u043e\u0448\u0435\u043d\u0438\u0435 \u0446\u0435\u043d\u044b \u0438 \u043a\u0430\u0447\u0435\u0441\u0442\u0432\u0430 \u043f\u0440\u043e\u0434\u0443\u043a\u0446\u0438\u044e \u043d\u0430\u0448\u0435\u0433\u043e \u043f\u0430\u0440\u0442\u043d\u0435\u0440\u0430, \u0441 \u043e\u043f\u044b\u0442\u043e\u043c \u0440\u0430\u0431\u043e\u0442\u044b \u043d\u0430 \u0440\u044b\u043d\u043a\u0435 \u043f\u0440\u0438\u0431\u043e\u0440\u043e\u0441\u0442\u0440\u043e\u0435\u043d\u0438\u044f \u0441\u0432\u044b\u0448\u0435 65 \u043b\u0435\u0442. \u042d\u0442\u043e \u0434\u0430\u0442\u0447\u0438\u043a\u0438 \u0438 \u0441\u0438\u0433\u043d\u0430\u043b\u0438\u0437\u0430\u0442\u043e\u0440\u044b \u0434\u0430\u0432\u043b\u0435\u043d\u0438\u044f, \u0434\u0430\u0442\u0447\u0438\u043a\u0438 \u0438 \u0441\u0438\u0433\u043d\u0430\u043b\u0438\u0437\u0430\u0442\u043e\u0440\u044b \u0442\u0435\u043c\u043f\u0435\u0440\u0430\u0442\u0443\u0440\u044b, \u0430 \u0442\u0430\u043a\u0436\u0435 \u0438\u043d\u0442\u0435\u043b\u043b\u0435\u043a\u0442\u0443\u0430\u043b\u044c\u043d\u044b\u0435 \u0434\u0430\u0442\u0447\u0438\u043a\u0438, \u043a\u043e\u0442\u043e\u0440\u044b\u0435 \u0432 \u0441\u0442\u0430\u043d\u0434\u0430\u0440\u0442\u043d\u043e\u043c \u0438\u0441\u043f\u043e\u043b\u043d\u0435\u043d\u0438\u0438 \u0438\u043c\u0435\u044e\u0442 \u0416\u041a \u0434\u0438\u0441\u043f\u043b\u0435\u0439 \u0438 \u043f\u043e\u0434\u0434\u0435\u0440\u0436\u0438\u0432\u0430\u044e\u0442 \u043a\u043e\u043c\u043c\u0443\u043d\u0438\u043a\u0430\u0446\u0438\u044e \u043f\u043e \u043f\u0440\u043e\u0442\u043e\u043a\u043e\u043b\u0443 HART. \u041a\u0440\u043e\u043c\u0435 \u0432\u0437\u0440\u044b\u0432\u043e\u0437\u0430\u0449\u0438\u0449\u0435\u043d\u043d\u043e\u0433\u043e \u0438\u0441\u043f\u043e\u043b\u043d\u0435\u043d\u0438\u044f \u0441\u043e\u043e\u0442\u0432\u0435\u0442\u0441\u0442\u0432\u0443\u044e\u0442 \u0442\u0440\u0435\u0431\u043e\u0432\u0430\u043d\u0438\u044f\u043c \u0441\u0442\u0430\u043d\u0434\u0430\u0440\u0442\u043e\u0432 IEEE \u0438 RCC-E K3 \u0434\u043b\u044f \u044f\u0434\u0435\u0440\u043d\u043e\u0439 \u044d\u043d\u0435\u0440\u0433\u0435\u0442\u0438\u043a\u0438.<\/p>\n","protected":false},"featured_media":2616,"comment_status":"open","ping_status":"closed","template":"","meta":{"_exactmetrics_skip_tracking":false,"_exactmetrics_sitenote_active":false,"_exactmetrics_sitenote_note":"","_exactmetrics_sitenote_category":0},"product_brand":[],"product_cat":[28],"product_tag":[],"class_list":{"0":"post-2557","1":"product","2":"type-product","3":"status-publish","4":"has-post-thumbnail","6":"product_cat-instrumentation","8":"first","9":"instock","10":"taxable","11":"shipping-taxable","12":"product-type-simple"},"yoast_head":"<!-- This site is optimized with the Yoast SEO plugin v27.4 - https:\/\/yoast.com\/product\/yoast-seo-wordpress\/ -->\n<title>\u0414\u0430\u0442\u0447\u0438\u043a\u0438 Delta-Controls - VT Veres Kft.<\/title>\n<meta name=\"robots\" content=\"index, follow, max-snippet:-1, max-image-preview:large, max-video-preview:-1\" \/>\n<link rel=\"canonical\" href=\"https:\/\/www.vtveres.hu\/sample-product\/delta-controls-tavadok\/\" \/>\n<meta property=\"og:locale\" content=\"ru_RU\" \/>\n<meta property=\"og:type\" content=\"article\" \/>\n<meta property=\"og:title\" content=\"\u0414\u0430\u0442\u0447\u0438\u043a\u0438 Delta-Controls - VT Veres Kft.\" \/>\n<meta property=\"og:description\" content=\"[:hu]M\u0171szerez\u00e9si munk\u00e1inkhoz haszn\u00e1ljuk a kiv\u00e1l\u00f3 \u00e1r-\u00e9rt\u00e9k ar\u00e1ny\u00fa t\u00f6bb mint 50 \u00e9ves tapasztalattal rendelkez\u0151 partner\u00fcnk nyom\u00e1s \u00e9s h\u0151m\u00e9rs\u00e9klet kapcsol\u00f3it, nyom\u00e1s \u00e9s h\u0151m\u00e9rs\u00e9klet t\u00e1vad\u00f3it, intelligens t\u00e1vad\u00f3it, mely ut\u00f3bbiaknak alapkivitele az LCD kijelz\u0151 valamint a HART kommunik\u00e1ci\u00f3. M\u0171szereink robban\u00e1sbiztos kivitelen k\u00edv\u00fcl nukle\u00e1ris IEEE \u00e9s RCC-E K3 ig\u00e9nyeknek is megfelelnek.[:en]We use for instrumentation works the high-value pressure and temperature switches, pressure and temperature transmitters, smart transmitters from our partner having more than 50 years experience. LCD display and HART communication are standard for out smart transmitters.The instrumenrs are Explosion-proof and nuclear RCC-E and IEEE K3 demands are also met.[:ru]\u0412 \u0440\u0430\u0431\u043e\u0442\u0430\u0445 \u043f\u043e \u043f\u0440\u0438\u0431\u043e\u0440\u043d\u043e\u0439 \u043e\u0441\u043d\u0430\u0441\u0442\u043a\u0435 \u0447\u0430\u0441\u0442\u043e \u0438\u0441\u043f\u043e\u043b\u044c\u0437\u0443\u0435\u043c \u0438\u043c\u0435\u044e\u0449\u0443\u044e \u043e\u043f\u0442\u0438\u043c\u0430\u043b\u044c\u043d\u043e\u0435 \u0441\u043e\u043e\u0442\u043d\u043e\u0448\u0435\u043d\u0438\u0435 \u0446\u0435\u043d\u044b \u0438 \u043a\u0430\u0447\u0435\u0441\u0442\u0432\u0430 \u043f\u0440\u043e\u0434\u0443\u043a\u0446\u0438\u044e \u043d\u0430\u0448\u0435\u0433\u043e \u043f\u0430\u0440\u0442\u043d\u0435\u0440\u0430, \u0441 \u043e\u043f\u044b\u0442\u043e\u043c \u0440\u0430\u0431\u043e\u0442\u044b \u043d\u0430 \u0440\u044b\u043d\u043a\u0435 \u043f\u0440\u0438\u0431\u043e\u0440\u043e\u0441\u0442\u0440\u043e\u0435\u043d\u0438\u044f \u0441\u0432\u044b\u0448\u0435 65 \u043b\u0435\u0442. \u042d\u0442\u043e \u0434\u0430\u0442\u0447\u0438\u043a\u0438 \u0438 \u0441\u0438\u0433\u043d\u0430\u043b\u0438\u0437\u0430\u0442\u043e\u0440\u044b \u0434\u0430\u0432\u043b\u0435\u043d\u0438\u044f, \u0434\u0430\u0442\u0447\u0438\u043a\u0438 \u0438 \u0441\u0438\u0433\u043d\u0430\u043b\u0438\u0437\u0430\u0442\u043e\u0440\u044b \u0442\u0435\u043c\u043f\u0435\u0440\u0430\u0442\u0443\u0440\u044b, \u0430 \u0442\u0430\u043a\u0436\u0435 \u0438\u043d\u0442\u0435\u043b\u043b\u0435\u043a\u0442\u0443\u0430\u043b\u044c\u043d\u044b\u0435 \u0434\u0430\u0442\u0447\u0438\u043a\u0438, \u043a\u043e\u0442\u043e\u0440\u044b\u0435 \u0432 \u0441\u0442\u0430\u043d\u0434\u0430\u0440\u0442\u043d\u043e\u043c \u0438\u0441\u043f\u043e\u043b\u043d\u0435\u043d\u0438\u0438 \u0438\u043c\u0435\u044e\u0442 \u0416\u041a \u0434\u0438\u0441\u043f\u043b\u0435\u0439 \u0438 \u043f\u043e\u0434\u0434\u0435\u0440\u0436\u0438\u0432\u0430\u044e\u0442 \u043a\u043e\u043c\u043c\u0443\u043d\u0438\u043a\u0430\u0446\u0438\u044e \u043f\u043e \u043f\u0440\u043e\u0442\u043e\u043a\u043e\u043b\u0443 HART. \u041a\u0440\u043e\u043c\u0435 \u0432\u0437\u0440\u044b\u0432\u043e\u0437\u0430\u0449\u0438\u0449\u0435\u043d\u043d\u043e\u0433\u043e \u0438\u0441\u043f\u043e\u043b\u043d\u0435\u043d\u0438\u044f \u0441\u043e\u043e\u0442\u0432\u0435\u0442\u0441\u0442\u0432\u0443\u044e\u0442 \u0442\u0440\u0435\u0431\u043e\u0432\u0430\u043d\u0438\u044f\u043c \u0441\u0442\u0430\u043d\u0434\u0430\u0440\u0442\u043e\u0432 IEEE \u0438 RCC-E K3 \u0434\u043b\u044f \u044f\u0434\u0435\u0440\u043d\u043e\u0439 \u044d\u043d\u0435\u0440\u0433\u0435\u0442\u0438\u043a\u0438.[:]\" \/>\n<meta property=\"og:url\" content=\"https:\/\/www.vtveres.hu\/sample-product\/delta-controls-tavadok\/\" \/>\n<meta property=\"og:site_name\" content=\"VT Veres Kft.\" \/>\n<meta property=\"article:publisher\" content=\"http:\/\/www.facebook.vtveres.hu\" \/>\n<meta property=\"article:modified_time\" content=\"2016-10-04T11:20:17+00:00\" \/>\n<meta property=\"og:image\" content=\"https:\/\/www.vtveres.hu\/web\/wp-content\/uploads\/2016\/09\/muszerezes_650.png\" \/>\n\t<meta property=\"og:image:width\" content=\"650\" \/>\n\t<meta property=\"og:image:height\" content=\"650\" \/>\n\t<meta property=\"og:image:type\" content=\"image\/png\" \/>\n<meta name=\"twitter:card\" content=\"summary_large_image\" \/>\n<script type=\"application\/ld+json\" class=\"yoast-schema-graph\">{\"@context\":\"https:\\\/\\\/schema.org\",\"@graph\":[{\"@type\":\"WebPage\",\"@id\":\"https:\\\/\\\/www.vtveres.hu\\\/sample-product\\\/delta-controls-tavadok\\\/\",\"url\":\"https:\\\/\\\/www.vtveres.hu\\\/sample-product\\\/delta-controls-tavadok\\\/\",\"name\":\"\u0414\u0430\u0442\u0447\u0438\u043a\u0438 Delta-Controls - VT Veres Kft.\",\"isPartOf\":{\"@id\":\"https:\\\/\\\/www.vtveres.hu\\\/#website\"},\"primaryImageOfPage\":{\"@id\":\"https:\\\/\\\/www.vtveres.hu\\\/sample-product\\\/delta-controls-tavadok\\\/#primaryimage\"},\"image\":{\"@id\":\"https:\\\/\\\/www.vtveres.hu\\\/sample-product\\\/delta-controls-tavadok\\\/#primaryimage\"},\"thumbnailUrl\":\"https:\\\/\\\/www.vtveres.hu\\\/web\\\/wp-content\\\/uploads\\\/2016\\\/09\\\/muszerezes_650.png\",\"datePublished\":\"2016-09-29T20:42:20+00:00\",\"dateModified\":\"2016-10-04T11:20:17+00:00\",\"breadcrumb\":{\"@id\":\"https:\\\/\\\/www.vtveres.hu\\\/sample-product\\\/delta-controls-tavadok\\\/#breadcrumb\"},\"inLanguage\":\"ru-RU\",\"potentialAction\":[{\"@type\":\"ReadAction\",\"target\":[\"https:\\\/\\\/www.vtveres.hu\\\/sample-product\\\/delta-controls-tavadok\\\/\"]}]},{\"@type\":\"ImageObject\",\"inLanguage\":\"ru-RU\",\"@id\":\"https:\\\/\\\/www.vtveres.hu\\\/sample-product\\\/delta-controls-tavadok\\\/#primaryimage\",\"url\":\"https:\\\/\\\/www.vtveres.hu\\\/web\\\/wp-content\\\/uploads\\\/2016\\\/09\\\/muszerezes_650.png\",\"contentUrl\":\"https:\\\/\\\/www.vtveres.hu\\\/web\\\/wp-content\\\/uploads\\\/2016\\\/09\\\/muszerezes_650.png\",\"width\":650,\"height\":650,\"caption\":\"\u0414\u0430\u0442\u0447\u0438\u043a\u0438 Delta-Controls\"},{\"@type\":\"BreadcrumbList\",\"@id\":\"https:\\\/\\\/www.vtveres.hu\\\/sample-product\\\/delta-controls-tavadok\\\/#breadcrumb\",\"itemListElement\":[{\"@type\":\"ListItem\",\"position\":1,\"name\":\"Home\",\"item\":\"https:\\\/\\\/www.vtveres.hu\\\/\"},{\"@type\":\"ListItem\",\"position\":2,\"name\":\"Term\u00e9kek \u00e9s megold\u00e1sok\",\"item\":\"https:\\\/\\\/www.vtveres.hu\\\/termekek-es-megoldasok\\\/\"},{\"@type\":\"ListItem\",\"position\":3,\"name\":\"Delta-Controls t\u00e1vad\u00f3k\"}]},{\"@type\":\"WebSite\",\"@id\":\"https:\\\/\\\/www.vtveres.hu\\\/#website\",\"url\":\"https:\\\/\\\/www.vtveres.hu\\\/\",\"name\":\"VT Veres Kft.\",\"description\":\"\u00ab\u0420\u0435\u0448\u0435\u043d\u0438\u044f \u0431\u0443\u0434\u0443\u0449\u0435\u0433\u043e, \u0441\u0435\u0433\u043e\u0434\u043d\u044f\u00bb\",\"publisher\":{\"@id\":\"https:\\\/\\\/www.vtveres.hu\\\/#organization\"},\"potentialAction\":[{\"@type\":\"SearchAction\",\"target\":{\"@type\":\"EntryPoint\",\"urlTemplate\":\"https:\\\/\\\/www.vtveres.hu\\\/?s={search_term_string}\"},\"query-input\":{\"@type\":\"PropertyValueSpecification\",\"valueRequired\":true,\"valueName\":\"search_term_string\"}}],\"inLanguage\":\"ru-RU\"},{\"@type\":\"Organization\",\"@id\":\"https:\\\/\\\/www.vtveres.hu\\\/#organization\",\"name\":\"VT Veres Kft.\",\"url\":\"https:\\\/\\\/www.vtveres.hu\\\/\",\"logo\":{\"@type\":\"ImageObject\",\"inLanguage\":\"ru-RU\",\"@id\":\"https:\\\/\\\/www.vtveres.hu\\\/#\\\/schema\\\/logo\\\/image\\\/\",\"url\":\"https:\\\/\\\/www.vtveres.hu\\\/web\\\/wp-content\\\/uploads\\\/2016\\\/05\\\/25_ev_pici_hun-1.png\",\"contentUrl\":\"https:\\\/\\\/www.vtveres.hu\\\/web\\\/wp-content\\\/uploads\\\/2016\\\/05\\\/25_ev_pici_hun-1.png\",\"width\":140,\"height\":107,\"caption\":\"VT Veres Kft.\"},\"image\":{\"@id\":\"https:\\\/\\\/www.vtveres.hu\\\/#\\\/schema\\\/logo\\\/image\\\/\"},\"sameAs\":[\"http:\\\/\\\/www.facebook.vtveres.hu\",\"http:\\\/\\\/www.instagram.vtveres.hu\",\"http:\\\/\\\/www.linkedin.vtveres.hu\"]}]}<\/script>\n<!-- \/ Yoast SEO plugin. -->","yoast_head_json":{"title":"\u0414\u0430\u0442\u0447\u0438\u043a\u0438 Delta-Controls - VT Veres Kft.","robots":{"index":"index","follow":"follow","max-snippet":"max-snippet:-1","max-image-preview":"max-image-preview:large","max-video-preview":"max-video-preview:-1"},"canonical":"https:\/\/www.vtveres.hu\/sample-product\/delta-controls-tavadok\/","og_locale":"ru_RU","og_type":"article","og_title":"\u0414\u0430\u0442\u0447\u0438\u043a\u0438 Delta-Controls - VT Veres Kft.","og_description":"[:hu]M\u0171szerez\u00e9si munk\u00e1inkhoz haszn\u00e1ljuk a kiv\u00e1l\u00f3 \u00e1r-\u00e9rt\u00e9k ar\u00e1ny\u00fa t\u00f6bb mint 50 \u00e9ves tapasztalattal rendelkez\u0151 partner\u00fcnk nyom\u00e1s \u00e9s h\u0151m\u00e9rs\u00e9klet kapcsol\u00f3it, nyom\u00e1s \u00e9s h\u0151m\u00e9rs\u00e9klet t\u00e1vad\u00f3it, intelligens t\u00e1vad\u00f3it, mely ut\u00f3bbiaknak alapkivitele az LCD kijelz\u0151 valamint a HART kommunik\u00e1ci\u00f3. M\u0171szereink robban\u00e1sbiztos kivitelen k\u00edv\u00fcl nukle\u00e1ris IEEE \u00e9s RCC-E K3 ig\u00e9nyeknek is megfelelnek.[:en]We use for instrumentation works the high-value pressure and temperature switches, pressure and temperature transmitters, smart transmitters from our partner having more than 50 years experience. LCD display and HART communication are standard for out smart transmitters.The instrumenrs are Explosion-proof and nuclear RCC-E and IEEE K3 demands are also met.[:ru]\u0412 \u0440\u0430\u0431\u043e\u0442\u0430\u0445 \u043f\u043e \u043f\u0440\u0438\u0431\u043e\u0440\u043d\u043e\u0439 \u043e\u0441\u043d\u0430\u0441\u0442\u043a\u0435 \u0447\u0430\u0441\u0442\u043e \u0438\u0441\u043f\u043e\u043b\u044c\u0437\u0443\u0435\u043c \u0438\u043c\u0435\u044e\u0449\u0443\u044e \u043e\u043f\u0442\u0438\u043c\u0430\u043b\u044c\u043d\u043e\u0435 \u0441\u043e\u043e\u0442\u043d\u043e\u0448\u0435\u043d\u0438\u0435 \u0446\u0435\u043d\u044b \u0438 \u043a\u0430\u0447\u0435\u0441\u0442\u0432\u0430 \u043f\u0440\u043e\u0434\u0443\u043a\u0446\u0438\u044e \u043d\u0430\u0448\u0435\u0433\u043e \u043f\u0430\u0440\u0442\u043d\u0435\u0440\u0430, \u0441 \u043e\u043f\u044b\u0442\u043e\u043c \u0440\u0430\u0431\u043e\u0442\u044b \u043d\u0430 \u0440\u044b\u043d\u043a\u0435 \u043f\u0440\u0438\u0431\u043e\u0440\u043e\u0441\u0442\u0440\u043e\u0435\u043d\u0438\u044f \u0441\u0432\u044b\u0448\u0435 65 \u043b\u0435\u0442. \u042d\u0442\u043e \u0434\u0430\u0442\u0447\u0438\u043a\u0438 \u0438 \u0441\u0438\u0433\u043d\u0430\u043b\u0438\u0437\u0430\u0442\u043e\u0440\u044b \u0434\u0430\u0432\u043b\u0435\u043d\u0438\u044f, \u0434\u0430\u0442\u0447\u0438\u043a\u0438 \u0438 \u0441\u0438\u0433\u043d\u0430\u043b\u0438\u0437\u0430\u0442\u043e\u0440\u044b \u0442\u0435\u043c\u043f\u0435\u0440\u0430\u0442\u0443\u0440\u044b, \u0430 \u0442\u0430\u043a\u0436\u0435 \u0438\u043d\u0442\u0435\u043b\u043b\u0435\u043a\u0442\u0443\u0430\u043b\u044c\u043d\u044b\u0435 \u0434\u0430\u0442\u0447\u0438\u043a\u0438, \u043a\u043e\u0442\u043e\u0440\u044b\u0435 \u0432 \u0441\u0442\u0430\u043d\u0434\u0430\u0440\u0442\u043d\u043e\u043c \u0438\u0441\u043f\u043e\u043b\u043d\u0435\u043d\u0438\u0438 \u0438\u043c\u0435\u044e\u0442 \u0416\u041a \u0434\u0438\u0441\u043f\u043b\u0435\u0439 \u0438 \u043f\u043e\u0434\u0434\u0435\u0440\u0436\u0438\u0432\u0430\u044e\u0442 \u043a\u043e\u043c\u043c\u0443\u043d\u0438\u043a\u0430\u0446\u0438\u044e \u043f\u043e \u043f\u0440\u043e\u0442\u043e\u043a\u043e\u043b\u0443 HART. \u041a\u0440\u043e\u043c\u0435 \u0432\u0437\u0440\u044b\u0432\u043e\u0437\u0430\u0449\u0438\u0449\u0435\u043d\u043d\u043e\u0433\u043e \u0438\u0441\u043f\u043e\u043b\u043d\u0435\u043d\u0438\u044f \u0441\u043e\u043e\u0442\u0432\u0435\u0442\u0441\u0442\u0432\u0443\u044e\u0442 \u0442\u0440\u0435\u0431\u043e\u0432\u0430\u043d\u0438\u044f\u043c \u0441\u0442\u0430\u043d\u0434\u0430\u0440\u0442\u043e\u0432 IEEE \u0438 RCC-E K3 \u0434\u043b\u044f \u044f\u0434\u0435\u0440\u043d\u043e\u0439 \u044d\u043d\u0435\u0440\u0433\u0435\u0442\u0438\u043a\u0438.[:]","og_url":"https:\/\/www.vtveres.hu\/sample-product\/delta-controls-tavadok\/","og_site_name":"VT Veres Kft.","article_publisher":"http:\/\/www.facebook.vtveres.hu","article_modified_time":"2016-10-04T11:20:17+00:00","og_image":[{"width":650,"height":650,"url":"https:\/\/www.vtveres.hu\/web\/wp-content\/uploads\/2016\/09\/muszerezes_650.png","type":"image\/png"}],"twitter_card":"summary_large_image","schema":{"@context":"https:\/\/schema.org","@graph":[{"@type":"WebPage","@id":"https:\/\/www.vtveres.hu\/sample-product\/delta-controls-tavadok\/","url":"https:\/\/www.vtveres.hu\/sample-product\/delta-controls-tavadok\/","name":"\u0414\u0430\u0442\u0447\u0438\u043a\u0438 Delta-Controls - VT Veres Kft.","isPartOf":{"@id":"https:\/\/www.vtveres.hu\/#website"},"primaryImageOfPage":{"@id":"https:\/\/www.vtveres.hu\/sample-product\/delta-controls-tavadok\/#primaryimage"},"image":{"@id":"https:\/\/www.vtveres.hu\/sample-product\/delta-controls-tavadok\/#primaryimage"},"thumbnailUrl":"https:\/\/www.vtveres.hu\/web\/wp-content\/uploads\/2016\/09\/muszerezes_650.png","datePublished":"2016-09-29T20:42:20+00:00","dateModified":"2016-10-04T11:20:17+00:00","breadcrumb":{"@id":"https:\/\/www.vtveres.hu\/sample-product\/delta-controls-tavadok\/#breadcrumb"},"inLanguage":"ru-RU","potentialAction":[{"@type":"ReadAction","target":["https:\/\/www.vtveres.hu\/sample-product\/delta-controls-tavadok\/"]}]},{"@type":"ImageObject","inLanguage":"ru-RU","@id":"https:\/\/www.vtveres.hu\/sample-product\/delta-controls-tavadok\/#primaryimage","url":"https:\/\/www.vtveres.hu\/web\/wp-content\/uploads\/2016\/09\/muszerezes_650.png","contentUrl":"https:\/\/www.vtveres.hu\/web\/wp-content\/uploads\/2016\/09\/muszerezes_650.png","width":650,"height":650,"caption":"\u0414\u0430\u0442\u0447\u0438\u043a\u0438 Delta-Controls"},{"@type":"BreadcrumbList","@id":"https:\/\/www.vtveres.hu\/sample-product\/delta-controls-tavadok\/#breadcrumb","itemListElement":[{"@type":"ListItem","position":1,"name":"Home","item":"https:\/\/www.vtveres.hu\/"},{"@type":"ListItem","position":2,"name":"Term\u00e9kek \u00e9s megold\u00e1sok","item":"https:\/\/www.vtveres.hu\/termekek-es-megoldasok\/"},{"@type":"ListItem","position":3,"name":"Delta-Controls t\u00e1vad\u00f3k"}]},{"@type":"WebSite","@id":"https:\/\/www.vtveres.hu\/#website","url":"https:\/\/www.vtveres.hu\/","name":"VT Veres Kft.","description":"\u00ab\u0420\u0435\u0448\u0435\u043d\u0438\u044f \u0431\u0443\u0434\u0443\u0449\u0435\u0433\u043e, \u0441\u0435\u0433\u043e\u0434\u043d\u044f\u00bb","publisher":{"@id":"https:\/\/www.vtveres.hu\/#organization"},"potentialAction":[{"@type":"SearchAction","target":{"@type":"EntryPoint","urlTemplate":"https:\/\/www.vtveres.hu\/?s={search_term_string}"},"query-input":{"@type":"PropertyValueSpecification","valueRequired":true,"valueName":"search_term_string"}}],"inLanguage":"ru-RU"},{"@type":"Organization","@id":"https:\/\/www.vtveres.hu\/#organization","name":"VT Veres Kft.","url":"https:\/\/www.vtveres.hu\/","logo":{"@type":"ImageObject","inLanguage":"ru-RU","@id":"https:\/\/www.vtveres.hu\/#\/schema\/logo\/image\/","url":"https:\/\/www.vtveres.hu\/web\/wp-content\/uploads\/2016\/05\/25_ev_pici_hun-1.png","contentUrl":"https:\/\/www.vtveres.hu\/web\/wp-content\/uploads\/2016\/05\/25_ev_pici_hun-1.png","width":140,"height":107,"caption":"VT Veres Kft."},"image":{"@id":"https:\/\/www.vtveres.hu\/#\/schema\/logo\/image\/"},"sameAs":["http:\/\/www.facebook.vtveres.hu","http:\/\/www.instagram.vtveres.hu","http:\/\/www.linkedin.vtveres.hu"]}]}},"_links":{"self":[{"href":"https:\/\/www.vtveres.hu\/ru\/wp-json\/wp\/v2\/product\/2557","targetHints":{"allow":["GET"]}}],"collection":[{"href":"https:\/\/www.vtveres.hu\/ru\/wp-json\/wp\/v2\/product"}],"about":[{"href":"https:\/\/www.vtveres.hu\/ru\/wp-json\/wp\/v2\/types\/product"}],"replies":[{"embeddable":true,"href":"https:\/\/www.vtveres.hu\/ru\/wp-json\/wp\/v2\/comments?post=2557"}],"wp:featuredmedia":[{"embeddable":true,"href":"https:\/\/www.vtveres.hu\/ru\/wp-json\/wp\/v2\/media\/2616"}],"wp:attachment":[{"href":"https:\/\/www.vtveres.hu\/ru\/wp-json\/wp\/v2\/media?parent=2557"}],"wp:term":[{"taxonomy":"product_brand","embeddable":true,"href":"https:\/\/www.vtveres.hu\/ru\/wp-json\/wp\/v2\/product_brand?post=2557"},{"taxonomy":"product_cat","embeddable":true,"href":"https:\/\/www.vtveres.hu\/ru\/wp-json\/wp\/v2\/product_cat?post=2557"},{"taxonomy":"product_tag","embeddable":true,"href":"https:\/\/www.vtveres.hu\/ru\/wp-json\/wp\/v2\/product_tag?post=2557"}],"curies":[{"name":"wp","href":"https:\/\/api.w.org\/{rel}","templated":true}]}}