{"id":2532,"date":"2016-09-29T20:18:46","date_gmt":"2016-09-29T20:18:46","guid":{"rendered":"http:\/\/imagency.hu\/vtveres\/?post_type=product&#038;p=2532"},"modified":"2016-11-17T17:17:42","modified_gmt":"2016-11-17T17:17:42","slug":"lpc-kompakt-pneumatikus-scotch-yoke-hajtomu","status":"publish","type":"product","link":"https:\/\/www.vtveres.hu\/ru\/sample-product\/lpc-kompakt-pneumatikus-scotch-yoke-hajtomu\/","title":{"rendered":"\u041a\u043e\u043c\u043f\u0430\u043a\u0442\u043d\u044b\u0439 \u043f\u043d\u0435\u0432\u043c\u0430\u0442\u0438\u0447\u0435\u0441\u043a\u0438\u0439 \u043f\u0440\u0438\u0432\u043e\u0434 Limitorque LPC, \u0441 \u043a\u0443\u043b\u0438\u0441\u043d\u044b\u043c \u043c\u0435\u0445\u0430\u043d\u0438\u0437\u043c\u043e\u043c scotch-yoke"},"content":{"rendered":"","protected":false},"excerpt":{"rendered":"<p style=\"text-align: justify;\">\u041a\u043e\u043c\u043f\u0430\u043a\u0442\u043d\u044b\u0435 \u043f\u043d\u0435\u0432\u043c\u0430\u0442\u0438\u0447\u0435\u0441\u043a\u0438\u0435 \u043f\u0440\u0438\u0432\u043e\u0434\u044b \u043d\u0430 \u043e\u0441\u043d\u043e\u0432\u0435 \u043a\u0443\u043b\u0438\u0441\u044b Scotch-Yoke, \u0432 \u0438\u0441\u043f\u043e\u043b\u043d\u0435\u043d\u0438\u0438 \u0434\u0432\u043e\u0439\u043d\u043e\u0433\u043e \u0434\u0435\u0439\u0441\u0442\u0432\u0438\u044f (Double-Acting) \u0438\u043b\u0438 \u0441 \u043f\u0440\u0443\u0436\u0438\u043d\u043d\u044b\u043c \u0432\u043e\u0437\u0432\u0440\u0430\u0442\u043e\u043c (Spring-Return). \u041f\u0440\u0438\u043c\u0435\u043d\u044f\u044e\u0442\u0441\u044f \u0434\u043b\u044f \u0430\u0432\u0442\u043e\u043c\u0430\u0442\u0438\u0437\u0430\u0446\u0438\u0438 \u0447\u0435\u0442\u0432\u0435\u0440\u0442\u044c\u043e\u0431\u043e\u0440\u043e\u0442\u043d\u043e\u0439 \u0430\u0440\u043c\u0430\u0442\u0443\u0440\u044b \u0441 \u0442\u0440\u0435\u0431\u0443\u0435\u043c\u044b\u043c \u043c\u0435\u043d\u044c\u0448\u0438\u043c \u043c\u043e\u043c\u0435\u043d\u0442\u043e\u043c, \u043c\u043e\u0433\u0443\u0442 \u0434\u043e\u043f\u043e\u043b\u043d\u044f\u0442\u044c\u0441\u044f \u0440\u0443\u0447\u043d\u044b\u043c \u0438\u043b\u0438 \u0433\u0438\u0434\u0440\u0430\u0432\u043b\u0438\u0447\u0435\u0441\u043a\u0438\u043c \u0434\u0443\u0431\u043b\u0435\u0440\u043e\u043c. \u041f\u043e \u0442\u0440\u0435\u0431\u043e\u0432\u0430\u043d\u0438\u044e \u0437\u0430\u043a\u0430\u0437\u0447\u0438\u043a\u0430 \u043c\u043e\u0433\u0443\u0442 \u043a\u043e\u043c\u043f\u043b\u0435\u043a\u0442\u043e\u0432\u0430\u0442\u044c\u0441\u044f \u0441\u043e\u043e\u0442\u0432\u0435\u0442\u0441\u0442\u0432\u0443\u044e\u0449\u0438\u043c\u0438 \u0441\u0440\u0435\u0434\u0441\u0442\u0432\u0430\u043c\u0438 \u0443\u043f\u0440\u0430\u0432\u043b\u0435\u043d\u0438\u044f \u0438 \u0441\u0438\u0433\u043d\u0430\u043b\u0438\u0437\u0430\u0446\u0438\u0438.<\/p>\n<p style=\"text-align: justify;\">\u041c\u0430\u043a\u0441\u0438\u043c\u0430\u043b\u044c\u043d\u044b\u0439 \u043c\u043e\u043c\u0435\u043d\u0442: 1400 \u041d\u043c<\/p>\n<p style=\"text-align: justify;\">\u0414\u0438\u0430\u043f\u0430\u0437\u043e\u043d \u0440\u0430\u0431\u043e\u0447\u0438\u0445 \u0442\u0435\u043c\u043f\u0435\u0440\u0430\u0442\u0443\u0440: -60 C\u2026+160 \u00b0C<\/p>\n<p style=\"text-align: justify;\">\u041c\u0430\u043a\u0441\u0438\u043c\u0430\u043b\u044c\u043d\u043e\u0435 \u0434\u0430\u0432\u043b\u0435\u043d\u0438\u0435 \u043f\u0438\u0442\u0430\u044e\u0449\u0435\u0433\u043e \u0432\u043e\u0437\u0434\u0443\u0445\u0430: 12 \u0431\u0430\u0440<\/p>\n","protected":false},"featured_media":2899,"comment_status":"open","ping_status":"closed","template":"","meta":{"_exactmetrics_skip_tracking":false,"_exactmetrics_sitenote_active":false,"_exactmetrics_sitenote_note":"","_exactmetrics_sitenote_category":0},"product_brand":[],"product_cat":[24],"product_tag":[],"class_list":{"0":"post-2532","1":"product","2":"type-product","3":"status-publish","4":"has-post-thumbnail","6":"product_cat-pneumatic-actuators","8":"first","9":"instock","10":"taxable","11":"shipping-taxable","12":"product-type-simple"},"yoast_head":"<!-- This site is optimized with the Yoast SEO plugin v27.4 - https:\/\/yoast.com\/product\/yoast-seo-wordpress\/ -->\n<title>\u041a\u043e\u043c\u043f\u0430\u043a\u0442\u043d\u044b\u0439 \u043f\u043d\u0435\u0432\u043c\u0430\u0442\u0438\u0447\u0435\u0441\u043a\u0438\u0439 \u043f\u0440\u0438\u0432\u043e\u0434 Limitorque LPC, \u0441 \u043a\u0443\u043b\u0438\u0441\u043d\u044b\u043c \u043c\u0435\u0445\u0430\u043d\u0438\u0437\u043c\u043e\u043c scotch-yoke - VT Veres Kft.<\/title>\n<meta name=\"robots\" content=\"index, follow, max-snippet:-1, max-image-preview:large, max-video-preview:-1\" \/>\n<link rel=\"canonical\" href=\"https:\/\/www.vtveres.hu\/sample-product\/lpc-kompakt-pneumatikus-scotch-yoke-hajtomu\/\" \/>\n<meta property=\"og:locale\" content=\"ru_RU\" \/>\n<meta property=\"og:type\" content=\"article\" \/>\n<meta property=\"og:title\" content=\"\u041a\u043e\u043c\u043f\u0430\u043a\u0442\u043d\u044b\u0439 \u043f\u043d\u0435\u0432\u043c\u0430\u0442\u0438\u0447\u0435\u0441\u043a\u0438\u0439 \u043f\u0440\u0438\u0432\u043e\u0434 Limitorque LPC, \u0441 \u043a\u0443\u043b\u0438\u0441\u043d\u044b\u043c \u043c\u0435\u0445\u0430\u043d\u0438\u0437\u043c\u043e\u043c scotch-yoke - VT Veres Kft.\" \/>\n<meta property=\"og:description\" content=\"[:hu]Kompakt kivitel\u0171 Double-Acting vagy Spring-Return kivitel\u0171 pneumatikus Scotch-Yoke hajt\u00f3m\u0171 kisebb nyomat\u00e9kig\u00e9ny\u0171 negyedfordulat\u00fa alkalmaz\u00e1sokra, k\u00e9zi vagy hidraulikus biztons\u00e1gi m\u0171k\u00f6dtet\u00e9ssel kieg\u00e9sz\u00edthet\u0151. Vev\u0151i ig\u00e9nyeknek megfelel\u0151 vez\u00e9rl\u00e9si\/visszajelz\u00e9si lehet\u0151s\u00e9gekkel szerelve. Maxim\u00e1lis nyomat\u00e9k: 1400 Nm \u00dczemi h\u0151m\u00e9rs\u00e9klet: -60 C\u2026+160 C Maxim\u00e1lis m\u0171szerleveg\u0151 nyom\u00e1s: 12 bar[:en]The compact designed pneumatic Double-Acting or Spring-Return scotch-yoke actuators are for smaller torque demand designed for quarter-turn applications. Available to complete with manual or hydraulic safety operation. Assembled with customer requested control \/ feedback options. Maximal torque: 250000Nm Operational temperature: -60C\u2026+160C Maximal instrumenr air pressure: 12 bar[:ru]\u041a\u043e\u043c\u043f\u0430\u043a\u0442\u043d\u044b\u0435 \u043f\u043d\u0435\u0432\u043c\u0430\u0442\u0438\u0447\u0435\u0441\u043a\u0438\u0435 \u043f\u0440\u0438\u0432\u043e\u0434\u044b \u043d\u0430 \u043e\u0441\u043d\u043e\u0432\u0435 \u043a\u0443\u043b\u0438\u0441\u044b Scotch-Yoke, \u0432 \u0438\u0441\u043f\u043e\u043b\u043d\u0435\u043d\u0438\u0438 \u0434\u0432\u043e\u0439\u043d\u043e\u0433\u043e \u0434\u0435\u0439\u0441\u0442\u0432\u0438\u044f (Double-Acting) \u0438\u043b\u0438 \u0441 \u043f\u0440\u0443\u0436\u0438\u043d\u043d\u044b\u043c \u0432\u043e\u0437\u0432\u0440\u0430\u0442\u043e\u043c (Spring-Return). \u041f\u0440\u0438\u043c\u0435\u043d\u044f\u044e\u0442\u0441\u044f \u0434\u043b\u044f \u0430\u0432\u0442\u043e\u043c\u0430\u0442\u0438\u0437\u0430\u0446\u0438\u0438 \u0447\u0435\u0442\u0432\u0435\u0440\u0442\u044c\u043e\u0431\u043e\u0440\u043e\u0442\u043d\u043e\u0439 \u0430\u0440\u043c\u0430\u0442\u0443\u0440\u044b \u0441 \u0442\u0440\u0435\u0431\u0443\u0435\u043c\u044b\u043c \u043c\u0435\u043d\u044c\u0448\u0438\u043c \u043c\u043e\u043c\u0435\u043d\u0442\u043e\u043c, \u043c\u043e\u0433\u0443\u0442 \u0434\u043e\u043f\u043e\u043b\u043d\u044f\u0442\u044c\u0441\u044f \u0440\u0443\u0447\u043d\u044b\u043c \u0438\u043b\u0438 \u0433\u0438\u0434\u0440\u0430\u0432\u043b\u0438\u0447\u0435\u0441\u043a\u0438\u043c \u0434\u0443\u0431\u043b\u0435\u0440\u043e\u043c. \u041f\u043e \u0442\u0440\u0435\u0431\u043e\u0432\u0430\u043d\u0438\u044e \u0437\u0430\u043a\u0430\u0437\u0447\u0438\u043a\u0430 \u043c\u043e\u0433\u0443\u0442 \u043a\u043e\u043c\u043f\u043b\u0435\u043a\u0442\u043e\u0432\u0430\u0442\u044c\u0441\u044f \u0441\u043e\u043e\u0442\u0432\u0435\u0442\u0441\u0442\u0432\u0443\u044e\u0449\u0438\u043c\u0438 \u0441\u0440\u0435\u0434\u0441\u0442\u0432\u0430\u043c\u0438 \u0443\u043f\u0440\u0430\u0432\u043b\u0435\u043d\u0438\u044f \u0438 \u0441\u0438\u0433\u043d\u0430\u043b\u0438\u0437\u0430\u0446\u0438\u0438. \u041c\u0430\u043a\u0441\u0438\u043c\u0430\u043b\u044c\u043d\u044b\u0439 \u043c\u043e\u043c\u0435\u043d\u0442: 1400 \u041d\u043c \u0414\u0438\u0430\u043f\u0430\u0437\u043e\u043d \u0440\u0430\u0431\u043e\u0447\u0438\u0445 \u0442\u0435\u043c\u043f\u0435\u0440\u0430\u0442\u0443\u0440: -60 C\u2026+160 \u00b0C \u041c\u0430\u043a\u0441\u0438\u043c\u0430\u043b\u044c\u043d\u043e\u0435 \u0434\u0430\u0432\u043b\u0435\u043d\u0438\u0435 \u043f\u0438\u0442\u0430\u044e\u0449\u0435\u0433\u043e \u0432\u043e\u0437\u0434\u0443\u0445\u0430: 12 \u0431\u0430\u0440[:]\" \/>\n<meta property=\"og:url\" content=\"https:\/\/www.vtveres.hu\/sample-product\/lpc-kompakt-pneumatikus-scotch-yoke-hajtomu\/\" \/>\n<meta property=\"og:site_name\" content=\"VT Veres Kft.\" \/>\n<meta property=\"article:publisher\" content=\"http:\/\/www.facebook.vtveres.hu\" \/>\n<meta property=\"article:modified_time\" content=\"2016-11-17T17:17:42+00:00\" \/>\n<meta property=\"og:image\" content=\"https:\/\/www.vtveres.hu\/web\/wp-content\/uploads\/2016\/09\/LPC_kompakt_pneumatikus_scotch-yoke_hajtomu_650.png\" \/>\n\t<meta property=\"og:image:width\" content=\"650\" \/>\n\t<meta property=\"og:image:height\" content=\"650\" \/>\n\t<meta property=\"og:image:type\" content=\"image\/png\" \/>\n<meta name=\"twitter:card\" content=\"summary_large_image\" \/>\n<script type=\"application\/ld+json\" class=\"yoast-schema-graph\">{\"@context\":\"https:\\\/\\\/schema.org\",\"@graph\":[{\"@type\":\"WebPage\",\"@id\":\"https:\\\/\\\/www.vtveres.hu\\\/sample-product\\\/lpc-kompakt-pneumatikus-scotch-yoke-hajtomu\\\/\",\"url\":\"https:\\\/\\\/www.vtveres.hu\\\/sample-product\\\/lpc-kompakt-pneumatikus-scotch-yoke-hajtomu\\\/\",\"name\":\"\u041a\u043e\u043c\u043f\u0430\u043a\u0442\u043d\u044b\u0439 \u043f\u043d\u0435\u0432\u043c\u0430\u0442\u0438\u0447\u0435\u0441\u043a\u0438\u0439 \u043f\u0440\u0438\u0432\u043e\u0434 Limitorque LPC, \u0441 \u043a\u0443\u043b\u0438\u0441\u043d\u044b\u043c \u043c\u0435\u0445\u0430\u043d\u0438\u0437\u043c\u043e\u043c scotch-yoke - VT Veres Kft.\",\"isPartOf\":{\"@id\":\"https:\\\/\\\/www.vtveres.hu\\\/#website\"},\"primaryImageOfPage\":{\"@id\":\"https:\\\/\\\/www.vtveres.hu\\\/sample-product\\\/lpc-kompakt-pneumatikus-scotch-yoke-hajtomu\\\/#primaryimage\"},\"image\":{\"@id\":\"https:\\\/\\\/www.vtveres.hu\\\/sample-product\\\/lpc-kompakt-pneumatikus-scotch-yoke-hajtomu\\\/#primaryimage\"},\"thumbnailUrl\":\"https:\\\/\\\/www.vtveres.hu\\\/web\\\/wp-content\\\/uploads\\\/2016\\\/09\\\/LPC_kompakt_pneumatikus_scotch-yoke_hajtomu_650.png\",\"datePublished\":\"2016-09-29T20:18:46+00:00\",\"dateModified\":\"2016-11-17T17:17:42+00:00\",\"breadcrumb\":{\"@id\":\"https:\\\/\\\/www.vtveres.hu\\\/sample-product\\\/lpc-kompakt-pneumatikus-scotch-yoke-hajtomu\\\/#breadcrumb\"},\"inLanguage\":\"ru-RU\",\"potentialAction\":[{\"@type\":\"ReadAction\",\"target\":[\"https:\\\/\\\/www.vtveres.hu\\\/sample-product\\\/lpc-kompakt-pneumatikus-scotch-yoke-hajtomu\\\/\"]}]},{\"@type\":\"ImageObject\",\"inLanguage\":\"ru-RU\",\"@id\":\"https:\\\/\\\/www.vtveres.hu\\\/sample-product\\\/lpc-kompakt-pneumatikus-scotch-yoke-hajtomu\\\/#primaryimage\",\"url\":\"https:\\\/\\\/www.vtveres.hu\\\/web\\\/wp-content\\\/uploads\\\/2016\\\/09\\\/LPC_kompakt_pneumatikus_scotch-yoke_hajtomu_650.png\",\"contentUrl\":\"https:\\\/\\\/www.vtveres.hu\\\/web\\\/wp-content\\\/uploads\\\/2016\\\/09\\\/LPC_kompakt_pneumatikus_scotch-yoke_hajtomu_650.png\",\"width\":650,\"height\":650,\"caption\":\"\u041a\u043e\u043c\u043f\u0430\u043a\u0442\u043d\u044b\u0439 \u043f\u043d\u0435\u0432\u043c\u0430\u0442\u0438\u0447\u0435\u0441\u043a\u0438\u0439 \u043f\u0440\u0438\u0432\u043e\u0434 Limitorque LPC, \u0441 \u043a\u0443\u043b\u0438\u0441\u043d\u044b\u043c \u043c\u0435\u0445\u0430\u043d\u0438\u0437\u043c\u043e\u043c scotch-yoke\"},{\"@type\":\"BreadcrumbList\",\"@id\":\"https:\\\/\\\/www.vtveres.hu\\\/sample-product\\\/lpc-kompakt-pneumatikus-scotch-yoke-hajtomu\\\/#breadcrumb\",\"itemListElement\":[{\"@type\":\"ListItem\",\"position\":1,\"name\":\"Home\",\"item\":\"https:\\\/\\\/www.vtveres.hu\\\/\"},{\"@type\":\"ListItem\",\"position\":2,\"name\":\"Term\u00e9kek \u00e9s megold\u00e1sok\",\"item\":\"https:\\\/\\\/www.vtveres.hu\\\/termekek-es-megoldasok\\\/\"},{\"@type\":\"ListItem\",\"position\":3,\"name\":\"LPC kompakt pneumatikus, scotch-yoke hajt\u00f3m\u0171\"}]},{\"@type\":\"WebSite\",\"@id\":\"https:\\\/\\\/www.vtveres.hu\\\/#website\",\"url\":\"https:\\\/\\\/www.vtveres.hu\\\/\",\"name\":\"VT Veres Kft.\",\"description\":\"\u00ab\u0420\u0435\u0448\u0435\u043d\u0438\u044f \u0431\u0443\u0434\u0443\u0449\u0435\u0433\u043e, \u0441\u0435\u0433\u043e\u0434\u043d\u044f\u00bb\",\"publisher\":{\"@id\":\"https:\\\/\\\/www.vtveres.hu\\\/#organization\"},\"potentialAction\":[{\"@type\":\"SearchAction\",\"target\":{\"@type\":\"EntryPoint\",\"urlTemplate\":\"https:\\\/\\\/www.vtveres.hu\\\/?s={search_term_string}\"},\"query-input\":{\"@type\":\"PropertyValueSpecification\",\"valueRequired\":true,\"valueName\":\"search_term_string\"}}],\"inLanguage\":\"ru-RU\"},{\"@type\":\"Organization\",\"@id\":\"https:\\\/\\\/www.vtveres.hu\\\/#organization\",\"name\":\"VT Veres Kft.\",\"url\":\"https:\\\/\\\/www.vtveres.hu\\\/\",\"logo\":{\"@type\":\"ImageObject\",\"inLanguage\":\"ru-RU\",\"@id\":\"https:\\\/\\\/www.vtveres.hu\\\/#\\\/schema\\\/logo\\\/image\\\/\",\"url\":\"https:\\\/\\\/www.vtveres.hu\\\/web\\\/wp-content\\\/uploads\\\/2016\\\/05\\\/25_ev_pici_hun-1.png\",\"contentUrl\":\"https:\\\/\\\/www.vtveres.hu\\\/web\\\/wp-content\\\/uploads\\\/2016\\\/05\\\/25_ev_pici_hun-1.png\",\"width\":140,\"height\":107,\"caption\":\"VT Veres Kft.\"},\"image\":{\"@id\":\"https:\\\/\\\/www.vtveres.hu\\\/#\\\/schema\\\/logo\\\/image\\\/\"},\"sameAs\":[\"http:\\\/\\\/www.facebook.vtveres.hu\",\"http:\\\/\\\/www.instagram.vtveres.hu\",\"http:\\\/\\\/www.linkedin.vtveres.hu\"]}]}<\/script>\n<!-- \/ Yoast SEO plugin. -->","yoast_head_json":{"title":"\u041a\u043e\u043c\u043f\u0430\u043a\u0442\u043d\u044b\u0439 \u043f\u043d\u0435\u0432\u043c\u0430\u0442\u0438\u0447\u0435\u0441\u043a\u0438\u0439 \u043f\u0440\u0438\u0432\u043e\u0434 Limitorque LPC, \u0441 \u043a\u0443\u043b\u0438\u0441\u043d\u044b\u043c \u043c\u0435\u0445\u0430\u043d\u0438\u0437\u043c\u043e\u043c scotch-yoke - VT Veres Kft.","robots":{"index":"index","follow":"follow","max-snippet":"max-snippet:-1","max-image-preview":"max-image-preview:large","max-video-preview":"max-video-preview:-1"},"canonical":"https:\/\/www.vtveres.hu\/sample-product\/lpc-kompakt-pneumatikus-scotch-yoke-hajtomu\/","og_locale":"ru_RU","og_type":"article","og_title":"\u041a\u043e\u043c\u043f\u0430\u043a\u0442\u043d\u044b\u0439 \u043f\u043d\u0435\u0432\u043c\u0430\u0442\u0438\u0447\u0435\u0441\u043a\u0438\u0439 \u043f\u0440\u0438\u0432\u043e\u0434 Limitorque LPC, \u0441 \u043a\u0443\u043b\u0438\u0441\u043d\u044b\u043c \u043c\u0435\u0445\u0430\u043d\u0438\u0437\u043c\u043e\u043c scotch-yoke - VT Veres Kft.","og_description":"[:hu]Kompakt kivitel\u0171 Double-Acting vagy Spring-Return kivitel\u0171 pneumatikus Scotch-Yoke hajt\u00f3m\u0171 kisebb nyomat\u00e9kig\u00e9ny\u0171 negyedfordulat\u00fa alkalmaz\u00e1sokra, k\u00e9zi vagy hidraulikus biztons\u00e1gi m\u0171k\u00f6dtet\u00e9ssel kieg\u00e9sz\u00edthet\u0151. Vev\u0151i ig\u00e9nyeknek megfelel\u0151 vez\u00e9rl\u00e9si\/visszajelz\u00e9si lehet\u0151s\u00e9gekkel szerelve. Maxim\u00e1lis nyomat\u00e9k: 1400 Nm \u00dczemi h\u0151m\u00e9rs\u00e9klet: -60 C\u2026+160 C Maxim\u00e1lis m\u0171szerleveg\u0151 nyom\u00e1s: 12 bar[:en]The compact designed pneumatic Double-Acting or Spring-Return scotch-yoke actuators are for smaller torque demand designed for quarter-turn applications. Available to complete with manual or hydraulic safety operation. Assembled with customer requested control \/ feedback options. Maximal torque: 250000Nm Operational temperature: -60C\u2026+160C Maximal instrumenr air pressure: 12 bar[:ru]\u041a\u043e\u043c\u043f\u0430\u043a\u0442\u043d\u044b\u0435 \u043f\u043d\u0435\u0432\u043c\u0430\u0442\u0438\u0447\u0435\u0441\u043a\u0438\u0435 \u043f\u0440\u0438\u0432\u043e\u0434\u044b \u043d\u0430 \u043e\u0441\u043d\u043e\u0432\u0435 \u043a\u0443\u043b\u0438\u0441\u044b Scotch-Yoke, \u0432 \u0438\u0441\u043f\u043e\u043b\u043d\u0435\u043d\u0438\u0438 \u0434\u0432\u043e\u0439\u043d\u043e\u0433\u043e \u0434\u0435\u0439\u0441\u0442\u0432\u0438\u044f (Double-Acting) \u0438\u043b\u0438 \u0441 \u043f\u0440\u0443\u0436\u0438\u043d\u043d\u044b\u043c \u0432\u043e\u0437\u0432\u0440\u0430\u0442\u043e\u043c (Spring-Return). \u041f\u0440\u0438\u043c\u0435\u043d\u044f\u044e\u0442\u0441\u044f \u0434\u043b\u044f \u0430\u0432\u0442\u043e\u043c\u0430\u0442\u0438\u0437\u0430\u0446\u0438\u0438 \u0447\u0435\u0442\u0432\u0435\u0440\u0442\u044c\u043e\u0431\u043e\u0440\u043e\u0442\u043d\u043e\u0439 \u0430\u0440\u043c\u0430\u0442\u0443\u0440\u044b \u0441 \u0442\u0440\u0435\u0431\u0443\u0435\u043c\u044b\u043c \u043c\u0435\u043d\u044c\u0448\u0438\u043c \u043c\u043e\u043c\u0435\u043d\u0442\u043e\u043c, \u043c\u043e\u0433\u0443\u0442 \u0434\u043e\u043f\u043e\u043b\u043d\u044f\u0442\u044c\u0441\u044f \u0440\u0443\u0447\u043d\u044b\u043c \u0438\u043b\u0438 \u0433\u0438\u0434\u0440\u0430\u0432\u043b\u0438\u0447\u0435\u0441\u043a\u0438\u043c \u0434\u0443\u0431\u043b\u0435\u0440\u043e\u043c. \u041f\u043e \u0442\u0440\u0435\u0431\u043e\u0432\u0430\u043d\u0438\u044e \u0437\u0430\u043a\u0430\u0437\u0447\u0438\u043a\u0430 \u043c\u043e\u0433\u0443\u0442 \u043a\u043e\u043c\u043f\u043b\u0435\u043a\u0442\u043e\u0432\u0430\u0442\u044c\u0441\u044f \u0441\u043e\u043e\u0442\u0432\u0435\u0442\u0441\u0442\u0432\u0443\u044e\u0449\u0438\u043c\u0438 \u0441\u0440\u0435\u0434\u0441\u0442\u0432\u0430\u043c\u0438 \u0443\u043f\u0440\u0430\u0432\u043b\u0435\u043d\u0438\u044f \u0438 \u0441\u0438\u0433\u043d\u0430\u043b\u0438\u0437\u0430\u0446\u0438\u0438. \u041c\u0430\u043a\u0441\u0438\u043c\u0430\u043b\u044c\u043d\u044b\u0439 \u043c\u043e\u043c\u0435\u043d\u0442: 1400 \u041d\u043c \u0414\u0438\u0430\u043f\u0430\u0437\u043e\u043d \u0440\u0430\u0431\u043e\u0447\u0438\u0445 \u0442\u0435\u043c\u043f\u0435\u0440\u0430\u0442\u0443\u0440: -60 C\u2026+160 \u00b0C \u041c\u0430\u043a\u0441\u0438\u043c\u0430\u043b\u044c\u043d\u043e\u0435 \u0434\u0430\u0432\u043b\u0435\u043d\u0438\u0435 \u043f\u0438\u0442\u0430\u044e\u0449\u0435\u0433\u043e \u0432\u043e\u0437\u0434\u0443\u0445\u0430: 12 \u0431\u0430\u0440[:]","og_url":"https:\/\/www.vtveres.hu\/sample-product\/lpc-kompakt-pneumatikus-scotch-yoke-hajtomu\/","og_site_name":"VT Veres Kft.","article_publisher":"http:\/\/www.facebook.vtveres.hu","article_modified_time":"2016-11-17T17:17:42+00:00","og_image":[{"width":650,"height":650,"url":"https:\/\/www.vtveres.hu\/web\/wp-content\/uploads\/2016\/09\/LPC_kompakt_pneumatikus_scotch-yoke_hajtomu_650.png","type":"image\/png"}],"twitter_card":"summary_large_image","schema":{"@context":"https:\/\/schema.org","@graph":[{"@type":"WebPage","@id":"https:\/\/www.vtveres.hu\/sample-product\/lpc-kompakt-pneumatikus-scotch-yoke-hajtomu\/","url":"https:\/\/www.vtveres.hu\/sample-product\/lpc-kompakt-pneumatikus-scotch-yoke-hajtomu\/","name":"\u041a\u043e\u043c\u043f\u0430\u043a\u0442\u043d\u044b\u0439 \u043f\u043d\u0435\u0432\u043c\u0430\u0442\u0438\u0447\u0435\u0441\u043a\u0438\u0439 \u043f\u0440\u0438\u0432\u043e\u0434 Limitorque LPC, \u0441 \u043a\u0443\u043b\u0438\u0441\u043d\u044b\u043c \u043c\u0435\u0445\u0430\u043d\u0438\u0437\u043c\u043e\u043c scotch-yoke - VT Veres Kft.","isPartOf":{"@id":"https:\/\/www.vtveres.hu\/#website"},"primaryImageOfPage":{"@id":"https:\/\/www.vtveres.hu\/sample-product\/lpc-kompakt-pneumatikus-scotch-yoke-hajtomu\/#primaryimage"},"image":{"@id":"https:\/\/www.vtveres.hu\/sample-product\/lpc-kompakt-pneumatikus-scotch-yoke-hajtomu\/#primaryimage"},"thumbnailUrl":"https:\/\/www.vtveres.hu\/web\/wp-content\/uploads\/2016\/09\/LPC_kompakt_pneumatikus_scotch-yoke_hajtomu_650.png","datePublished":"2016-09-29T20:18:46+00:00","dateModified":"2016-11-17T17:17:42+00:00","breadcrumb":{"@id":"https:\/\/www.vtveres.hu\/sample-product\/lpc-kompakt-pneumatikus-scotch-yoke-hajtomu\/#breadcrumb"},"inLanguage":"ru-RU","potentialAction":[{"@type":"ReadAction","target":["https:\/\/www.vtveres.hu\/sample-product\/lpc-kompakt-pneumatikus-scotch-yoke-hajtomu\/"]}]},{"@type":"ImageObject","inLanguage":"ru-RU","@id":"https:\/\/www.vtveres.hu\/sample-product\/lpc-kompakt-pneumatikus-scotch-yoke-hajtomu\/#primaryimage","url":"https:\/\/www.vtveres.hu\/web\/wp-content\/uploads\/2016\/09\/LPC_kompakt_pneumatikus_scotch-yoke_hajtomu_650.png","contentUrl":"https:\/\/www.vtveres.hu\/web\/wp-content\/uploads\/2016\/09\/LPC_kompakt_pneumatikus_scotch-yoke_hajtomu_650.png","width":650,"height":650,"caption":"\u041a\u043e\u043c\u043f\u0430\u043a\u0442\u043d\u044b\u0439 \u043f\u043d\u0435\u0432\u043c\u0430\u0442\u0438\u0447\u0435\u0441\u043a\u0438\u0439 \u043f\u0440\u0438\u0432\u043e\u0434 Limitorque LPC, \u0441 \u043a\u0443\u043b\u0438\u0441\u043d\u044b\u043c \u043c\u0435\u0445\u0430\u043d\u0438\u0437\u043c\u043e\u043c scotch-yoke"},{"@type":"BreadcrumbList","@id":"https:\/\/www.vtveres.hu\/sample-product\/lpc-kompakt-pneumatikus-scotch-yoke-hajtomu\/#breadcrumb","itemListElement":[{"@type":"ListItem","position":1,"name":"Home","item":"https:\/\/www.vtveres.hu\/"},{"@type":"ListItem","position":2,"name":"Term\u00e9kek \u00e9s megold\u00e1sok","item":"https:\/\/www.vtveres.hu\/termekek-es-megoldasok\/"},{"@type":"ListItem","position":3,"name":"LPC kompakt pneumatikus, scotch-yoke hajt\u00f3m\u0171"}]},{"@type":"WebSite","@id":"https:\/\/www.vtveres.hu\/#website","url":"https:\/\/www.vtveres.hu\/","name":"VT Veres Kft.","description":"\u00ab\u0420\u0435\u0448\u0435\u043d\u0438\u044f \u0431\u0443\u0434\u0443\u0449\u0435\u0433\u043e, \u0441\u0435\u0433\u043e\u0434\u043d\u044f\u00bb","publisher":{"@id":"https:\/\/www.vtveres.hu\/#organization"},"potentialAction":[{"@type":"SearchAction","target":{"@type":"EntryPoint","urlTemplate":"https:\/\/www.vtveres.hu\/?s={search_term_string}"},"query-input":{"@type":"PropertyValueSpecification","valueRequired":true,"valueName":"search_term_string"}}],"inLanguage":"ru-RU"},{"@type":"Organization","@id":"https:\/\/www.vtveres.hu\/#organization","name":"VT Veres Kft.","url":"https:\/\/www.vtveres.hu\/","logo":{"@type":"ImageObject","inLanguage":"ru-RU","@id":"https:\/\/www.vtveres.hu\/#\/schema\/logo\/image\/","url":"https:\/\/www.vtveres.hu\/web\/wp-content\/uploads\/2016\/05\/25_ev_pici_hun-1.png","contentUrl":"https:\/\/www.vtveres.hu\/web\/wp-content\/uploads\/2016\/05\/25_ev_pici_hun-1.png","width":140,"height":107,"caption":"VT Veres Kft."},"image":{"@id":"https:\/\/www.vtveres.hu\/#\/schema\/logo\/image\/"},"sameAs":["http:\/\/www.facebook.vtveres.hu","http:\/\/www.instagram.vtveres.hu","http:\/\/www.linkedin.vtveres.hu"]}]}},"_links":{"self":[{"href":"https:\/\/www.vtveres.hu\/ru\/wp-json\/wp\/v2\/product\/2532","targetHints":{"allow":["GET"]}}],"collection":[{"href":"https:\/\/www.vtveres.hu\/ru\/wp-json\/wp\/v2\/product"}],"about":[{"href":"https:\/\/www.vtveres.hu\/ru\/wp-json\/wp\/v2\/types\/product"}],"replies":[{"embeddable":true,"href":"https:\/\/www.vtveres.hu\/ru\/wp-json\/wp\/v2\/comments?post=2532"}],"wp:featuredmedia":[{"embeddable":true,"href":"https:\/\/www.vtveres.hu\/ru\/wp-json\/wp\/v2\/media\/2899"}],"wp:attachment":[{"href":"https:\/\/www.vtveres.hu\/ru\/wp-json\/wp\/v2\/media?parent=2532"}],"wp:term":[{"taxonomy":"product_brand","embeddable":true,"href":"https:\/\/www.vtveres.hu\/ru\/wp-json\/wp\/v2\/product_brand?post=2532"},{"taxonomy":"product_cat","embeddable":true,"href":"https:\/\/www.vtveres.hu\/ru\/wp-json\/wp\/v2\/product_cat?post=2532"},{"taxonomy":"product_tag","embeddable":true,"href":"https:\/\/www.vtveres.hu\/ru\/wp-json\/wp\/v2\/product_tag?post=2532"}],"curies":[{"name":"wp","href":"https:\/\/api.w.org\/{rel}","templated":true}]}}