{"id":2523,"date":"2019-09-29T20:11:26","date_gmt":"2019-09-29T20:11:26","guid":{"rendered":"http:\/\/imagency.hu\/vtveres\/?post_type=product&#038;p=2523"},"modified":"2020-02-24T12:09:31","modified_gmt":"2020-02-24T12:09:31","slug":"smb-atomeromuvi-hajtomu","status":"publish","type":"product","link":"https:\/\/www.vtveres.hu\/ru\/sample-product\/smb-atomeromuvi-hajtomu\/","title":{"rendered":"\u042d\u043b\u0435\u043a\u0442\u0440\u043e\u043f\u0440\u0438\u0432\u043e\u0434 Limitorque SMB \u0434\u043b\u044f \u044f\u0434\u0435\u0440\u043d\u043e\u0439 \u044d\u043d\u0435\u0440\u0433\u0435\u0442\u0438\u043a\u0438"},"content":{"rendered":"","protected":false},"excerpt":{"rendered":"<p style=\"text-align: justify;\">\u0422\u0438\u043f\u043e\u0440\u0430\u0437\u043c\u0435\u0440\u043d\u044b\u0439 \u0440\u044f\u0434 SMB \u0441\u043e\u0434\u0435\u0440\u0436\u0438\u0442 \u0432\u043e\u0441\u0435\u043c\u044c \u0442\u0438\u043f\u043e\u0440\u0430\u0437\u043c\u0435\u0440\u043e\u0432, \u043e\u0442 \u0441\u0430\u043c\u043e\u0433\u043e \u043c\u0430\u043b\u043e\u0433\u043e SMB-000 \u0434\u043e \u0441\u0430\u043c\u043e\u0433\u043e \u043c\u043e\u0449\u043d\u043e\u0433\u043e SMB-5. \u0428\u0438\u0440\u043e\u043a\u0438\u0439 \u0432\u044b\u0431\u043e\u0440 \u044d\u043b\u0435\u043a\u0442\u0440\u043e\u0434\u0432\u0438\u0433\u0430\u0442\u0435\u043b\u0435\u0439 \u043f\u043e\u0437\u0432\u043e\u043b\u044f\u0435\u0442 \u0434\u043e\u0431\u0438\u0442\u044c\u0441\u044f \u0440\u0430\u0437\u043b\u0438\u0447\u043d\u044b\u0445 \u043a\u043e\u043c\u0431\u0438\u043d\u0430\u0446\u0438\u0439 \u043f\u043e \u0441\u043a\u043e\u0440\u043e\u0441\u0442\u0438 \u0438 \u043d\u0430\u043f\u0440\u044f\u0436\u0435\u043d\u0438\u044e \u043f\u0438\u0442\u0430\u043d\u0438\u044f. \u041e\u043f\u0446\u0438\u0438 \u0443\u043f\u0440\u0430\u0432\u043b\u0435\u043d\u0438\u044f \u0441\u043e\u0434\u0435\u0440\u0436\u0430\u0442 \u0431\u043b\u043e\u043a \u0443\u043f\u0440\u0430\u0432\u043b\u0435\u043d\u0438\u044f \u044d\u043b\u0435\u043a\u0442\u0440\u043e\u0434\u0432\u0438\u0433\u0430\u0442\u0435\u043b\u044f \u0441 \u043c\u0430\u0433\u043d\u0438\u0442\u043d\u044b\u043c \u043f\u0443\u0441\u043a\u0430\u0442\u0435\u043b\u0435\u043c, \u0444\u0443\u043d\u043a\u0446\u0438\u043e\u043d\u0430\u043b\u044c\u043d\u044b\u0435 \u043a\u043d\u043e\u043f\u043a\u0438 \u0443\u043f\u0440\u0430\u0432\u043b\u0435\u043d\u0438\u044f \u043e\u0442\u043a\u0440\u044b\u0442\u044c\/\u0441\u0442\u043e\u043f\/\u0437\u0430\u043a\u0440\u044b\u0442\u044c, \u043c\u0435\u0441\u0442\u043d\u0430\u044f \u043e\u0431\u0440\u0430\u0442\u043d\u0430\u044f \u0441\u0438\u0433\u043d\u0430\u043b\u0438\u0437\u0430\u0446\u0438\u044f \u0438 \u0442\u0440\u0430\u043d\u0441\u0444\u043e\u0440\u043c\u0430\u0442\u043e\u0440 \u0443\u043f\u0440\u0430\u0432\u043b\u0435\u043d\u0438\u044f. \u0422\u0438\u043f SMB \u0441\u0447\u0438\u0442\u0430\u0435\u0442\u0441\u044f \u0445\u043e\u0440\u043e\u0448\u043e \u043e\u043f\u0440\u043e\u0431\u043e\u0432\u0430\u043d\u043d\u044b\u043c \u0442\u0438\u043f\u043e\u043c, \u044f\u0432\u043b\u044f\u0435\u0442\u0441\u044f \u043b\u0438\u0434\u0435\u0440\u043e\u043c \u043f\u043e \u043f\u0440\u0438\u043c\u0435\u043d\u0435\u043d\u0438\u044e \u043d\u0430 \u0430\u0442\u043e\u043c\u043d\u044b\u0445 \u044d\u043b\u0435\u043a\u0442\u0440\u043e\u0441\u0442\u0430\u043d\u0446\u0438\u044f\u0445. \u0418\u0441\u043f\u043e\u043b\u043d\u0435\u043d\u0438\u0435 SB \u0434\u0430\u043d\u043d\u043e\u0433\u043e \u0442\u0438\u043f\u0430 \u043f\u0440\u0435\u0434\u043d\u0430\u0437\u043d\u0430\u0447\u0435\u043d\u043e \u0434\u043b\u044f \u0432\u044b\u0441\u043e\u043a\u043e\u0441\u043a\u043e\u0440\u043e\u0441\u0442\u043d\u043e\u0433\u043e \u0438 \u0432\u044b\u0441\u043e\u043a\u043e\u0442\u0435\u043c\u043f\u0435\u0440\u0430\u0442\u0443\u0440\u043d\u043e\u0433\u043e \u043f\u0440\u0438\u043c\u0435\u043d\u0435\u043d\u0438\u044f.<\/p>\n<p style=\"text-align: justify;\">\u0414\u0438\u0430\u043f\u0430\u0437\u043e\u043d \u0432\u044b\u0445\u043e\u0434\u043d\u043e\u0433\u043e \u043c\u043e\u043c\u0435\u043d\u0442\u0430, \u0431\u0435\u0437 \u0440\u0435\u0434\u0443\u043a\u0442\u043e\u0440\u0430: 91-60000 \u041d\u043c<\/p>\n<p style=\"text-align: justify;\">\u0414\u0438\u0430\u043f\u0430\u0437\u043e\u043d \u0447\u0438\u0441\u043b\u0430 \u043e\u0431\u043e\u0440\u043e\u0442\u043e\u0432, \u0431\u0435\u0437 \u0440\u0435\u0434\u0443\u043a\u0442\u043e\u0440\u0430: 12-108 \u043e\u0431\/\u043c\u0438\u043d<\/p>\n","protected":false},"featured_media":2908,"comment_status":"open","ping_status":"closed","template":"","meta":{"_exactmetrics_skip_tracking":false,"_exactmetrics_sitenote_active":false,"_exactmetrics_sitenote_note":"","_exactmetrics_sitenote_category":0},"product_brand":[],"product_cat":[23],"product_tag":[],"class_list":{"0":"post-2523","1":"product","2":"type-product","3":"status-publish","4":"has-post-thumbnail","6":"product_cat-non-intelligent-electric-actuators","8":"first","9":"instock","10":"taxable","11":"shipping-taxable","12":"product-type-simple"},"yoast_head":"<!-- This site is optimized with the Yoast SEO plugin v27.4 - https:\/\/yoast.com\/product\/yoast-seo-wordpress\/ -->\n<title>\u042d\u043b\u0435\u043a\u0442\u0440\u043e\u043f\u0440\u0438\u0432\u043e\u0434 Limitorque SMB \u0434\u043b\u044f \u044f\u0434\u0435\u0440\u043d\u043e\u0439 \u044d\u043d\u0435\u0440\u0433\u0435\u0442\u0438\u043a\u0438 - VT Veres Kft.<\/title>\n<meta name=\"robots\" content=\"index, follow, max-snippet:-1, max-image-preview:large, max-video-preview:-1\" \/>\n<link rel=\"canonical\" href=\"https:\/\/www.vtveres.hu\/sample-product\/smb-atomeromuvi-hajtomu\/\" \/>\n<meta property=\"og:locale\" content=\"ru_RU\" \/>\n<meta property=\"og:type\" content=\"article\" \/>\n<meta property=\"og:title\" content=\"\u042d\u043b\u0435\u043a\u0442\u0440\u043e\u043f\u0440\u0438\u0432\u043e\u0434 Limitorque SMB \u0434\u043b\u044f \u044f\u0434\u0435\u0440\u043d\u043e\u0439 \u044d\u043d\u0435\u0440\u0433\u0435\u0442\u0438\u043a\u0438 - VT Veres Kft.\" \/>\n<meta property=\"og:description\" content=\"[:hu]Az SMB t\u00edpus nyolc m\u00e9retet foglal mag\u00e1ban a legkisebb SMB-000 m\u00e9rett\u0151l az ipar leger\u0151sebb SMB-5 m\u00e9ret\u00e9ig. A sz\u00e9les motorv\u00e1laszt\u00e9k k\u00fcl\u00f6nf\u00e9le sebess\u00e9g \u00e9s fesz\u00fclts\u00e9g kombin\u00e1ci\u00f3kat eredm\u00e9nyez. A vez\u00e9rl\u00e9si opci\u00f3k magukban foglalj\u00e1k a motorvez\u00e9rl\u0151 m\u00e1gneskapcsol\u00f3t, nyom\u00f3gombokat nyit\/stop\/z\u00e1r funkci\u00f3kkal, helyi visszajelz\u0151ket \u00e9s a vez\u00e9rl\u0151 transzform\u00e1tort. Az SMB kipr\u00f3b\u00e1lt t\u00edpusnak sz\u00e1m\u00edt \u00e9s piacvezet\u0151v\u00e9 v\u00e1lt az atomer\u0151m\u0171vi alkalmaz\u00e1sok ter\u00e9n. Ennek a t\u00edpusnak az SB kivitele nagysebess\u00e9g\u0171 \u00e9s magas h\u0151m\u00e9rs\u00e9klet\u0171 alkalmaz\u00e1sokn\u00e1l haszn\u00e1lhat\u00f3.  Kimen\u0151 nyomat\u00e9khat\u00e1rok fokoz\u00f3m\u0171 n\u00e9lk\u00fcl: 91-60000 Nm Fordulatsz\u00e1m hat\u00e1rok fokoz\u00f3m\u0171 n\u00e9lk\u00fcl: 12-108 RPM[:en]The eight models in the SMB-series range offer rugged dependability from the smaller SMB-000 through the industry\u2019s largest electric valve actuator, the SMB-5. An extensive selection of motors is available to suit various speed and voltage requirements. Optional controls include an integral reversing starter and control voltage transformer, a control station with pushbuttons for open\/stop\/close functions, position indicating lights, and Local\/Off\/Remote selector switch. The SMB is well suited to applications involving gate and globe valves, sluice gates, and other applications where long-term, uncompromised, reliable operation is critical. Fully qualified SMB is the recognized veteran of the nuclear power industry. The SB, a high-speed, high-temperature version of the SMB, is also available. Output torque limits without additional gearboxes: 91-60000 Nm Speed limits without additional gearboxes: 12-108 RPM[:ru]\u0422\u0438\u043f\u043e\u0440\u0430\u0437\u043c\u0435\u0440\u043d\u044b\u0439 \u0440\u044f\u0434 SMB \u0441\u043e\u0434\u0435\u0440\u0436\u0438\u0442 \u0432\u043e\u0441\u0435\u043c\u044c \u0442\u0438\u043f\u043e\u0440\u0430\u0437\u043c\u0435\u0440\u043e\u0432, \u043e\u0442 \u0441\u0430\u043c\u043e\u0433\u043e \u043c\u0430\u043b\u043e\u0433\u043e SMB-000 \u0434\u043e \u0441\u0430\u043c\u043e\u0433\u043e \u043c\u043e\u0449\u043d\u043e\u0433\u043e SMB-5. \u0428\u0438\u0440\u043e\u043a\u0438\u0439 \u0432\u044b\u0431\u043e\u0440 \u044d\u043b\u0435\u043a\u0442\u0440\u043e\u0434\u0432\u0438\u0433\u0430\u0442\u0435\u043b\u0435\u0439 \u043f\u043e\u0437\u0432\u043e\u043b\u044f\u0435\u0442 \u0434\u043e\u0431\u0438\u0442\u044c\u0441\u044f \u0440\u0430\u0437\u043b\u0438\u0447\u043d\u044b\u0445 \u043a\u043e\u043c\u0431\u0438\u043d\u0430\u0446\u0438\u0439 \u043f\u043e \u0441\u043a\u043e\u0440\u043e\u0441\u0442\u0438 \u0438 \u043d\u0430\u043f\u0440\u044f\u0436\u0435\u043d\u0438\u044e \u043f\u0438\u0442\u0430\u043d\u0438\u044f. \u041e\u043f\u0446\u0438\u0438 \u0443\u043f\u0440\u0430\u0432\u043b\u0435\u043d\u0438\u044f \u0441\u043e\u0434\u0435\u0440\u0436\u0430\u0442 \u0431\u043b\u043e\u043a \u0443\u043f\u0440\u0430\u0432\u043b\u0435\u043d\u0438\u044f \u044d\u043b\u0435\u043a\u0442\u0440\u043e\u0434\u0432\u0438\u0433\u0430\u0442\u0435\u043b\u044f \u0441 \u043c\u0430\u0433\u043d\u0438\u0442\u043d\u044b\u043c \u043f\u0443\u0441\u043a\u0430\u0442\u0435\u043b\u0435\u043c, \u0444\u0443\u043d\u043a\u0446\u0438\u043e\u043d\u0430\u043b\u044c\u043d\u044b\u0435 \u043a\u043d\u043e\u043f\u043a\u0438 \u0443\u043f\u0440\u0430\u0432\u043b\u0435\u043d\u0438\u044f \u043e\u0442\u043a\u0440\u044b\u0442\u044c\/\u0441\u0442\u043e\u043f\/\u0437\u0430\u043a\u0440\u044b\u0442\u044c, \u043c\u0435\u0441\u0442\u043d\u0430\u044f \u043e\u0431\u0440\u0430\u0442\u043d\u0430\u044f \u0441\u0438\u0433\u043d\u0430\u043b\u0438\u0437\u0430\u0446\u0438\u044f \u0438 \u0442\u0440\u0430\u043d\u0441\u0444\u043e\u0440\u043c\u0430\u0442\u043e\u0440 \u0443\u043f\u0440\u0430\u0432\u043b\u0435\u043d\u0438\u044f. \u0422\u0438\u043f SMB \u0441\u0447\u0438\u0442\u0430\u0435\u0442\u0441\u044f \u0445\u043e\u0440\u043e\u0448\u043e \u043e\u043f\u0440\u043e\u0431\u043e\u0432\u0430\u043d\u043d\u044b\u043c \u0442\u0438\u043f\u043e\u043c, \u044f\u0432\u043b\u044f\u0435\u0442\u0441\u044f \u043b\u0438\u0434\u0435\u0440\u043e\u043c \u043f\u043e \u043f\u0440\u0438\u043c\u0435\u043d\u0435\u043d\u0438\u044e \u043d\u0430 \u0430\u0442\u043e\u043c\u043d\u044b\u0445 \u044d\u043b\u0435\u043a\u0442\u0440\u043e\u0441\u0442\u0430\u043d\u0446\u0438\u044f\u0445. \u0418\u0441\u043f\u043e\u043b\u043d\u0435\u043d\u0438\u0435 SB \u0434\u0430\u043d\u043d\u043e\u0433\u043e \u0442\u0438\u043f\u0430 \u043f\u0440\u0435\u0434\u043d\u0430\u0437\u043d\u0430\u0447\u0435\u043d\u043e \u0434\u043b\u044f \u0432\u044b\u0441\u043e\u043a\u043e\u0441\u043a\u043e\u0440\u043e\u0441\u0442\u043d\u043e\u0433\u043e \u0438 \u0432\u044b\u0441\u043e\u043a\u043e\u0442\u0435\u043c\u043f\u0435\u0440\u0430\u0442\u0443\u0440\u043d\u043e\u0433\u043e \u043f\u0440\u0438\u043c\u0435\u043d\u0435\u043d\u0438\u044f. \u0414\u0438\u0430\u043f\u0430\u0437\u043e\u043d \u0432\u044b\u0445\u043e\u0434\u043d\u043e\u0433\u043e \u043c\u043e\u043c\u0435\u043d\u0442\u0430, \u0431\u0435\u0437 \u0440\u0435\u0434\u0443\u043a\u0442\u043e\u0440\u0430: 91-60000 \u041d\u043c \u0414\u0438\u0430\u043f\u0430\u0437\u043e\u043d \u0447\u0438\u0441\u043b\u0430 \u043e\u0431\u043e\u0440\u043e\u0442\u043e\u0432, \u0431\u0435\u0437 \u0440\u0435\u0434\u0443\u043a\u0442\u043e\u0440\u0430: 12-108 \u043e\u0431\/\u043c\u0438\u043d[:]\" \/>\n<meta property=\"og:url\" content=\"https:\/\/www.vtveres.hu\/sample-product\/smb-atomeromuvi-hajtomu\/\" \/>\n<meta property=\"og:site_name\" content=\"VT Veres Kft.\" \/>\n<meta property=\"article:publisher\" content=\"http:\/\/www.facebook.vtveres.hu\" \/>\n<meta property=\"article:modified_time\" content=\"2020-02-24T12:09:31+00:00\" \/>\n<meta property=\"og:image\" content=\"https:\/\/www.vtveres.hu\/web\/wp-content\/uploads\/2016\/09\/SMB_atomeromuvi_hajtomu_650.png\" \/>\n\t<meta property=\"og:image:width\" content=\"650\" \/>\n\t<meta property=\"og:image:height\" content=\"650\" \/>\n\t<meta property=\"og:image:type\" content=\"image\/png\" \/>\n<meta name=\"twitter:card\" content=\"summary_large_image\" \/>\n<script type=\"application\/ld+json\" class=\"yoast-schema-graph\">{\"@context\":\"https:\\\/\\\/schema.org\",\"@graph\":[{\"@type\":\"WebPage\",\"@id\":\"https:\\\/\\\/www.vtveres.hu\\\/sample-product\\\/smb-atomeromuvi-hajtomu\\\/\",\"url\":\"https:\\\/\\\/www.vtveres.hu\\\/sample-product\\\/smb-atomeromuvi-hajtomu\\\/\",\"name\":\"\u042d\u043b\u0435\u043a\u0442\u0440\u043e\u043f\u0440\u0438\u0432\u043e\u0434 Limitorque SMB \u0434\u043b\u044f \u044f\u0434\u0435\u0440\u043d\u043e\u0439 \u044d\u043d\u0435\u0440\u0433\u0435\u0442\u0438\u043a\u0438 - VT Veres Kft.\",\"isPartOf\":{\"@id\":\"https:\\\/\\\/www.vtveres.hu\\\/#website\"},\"primaryImageOfPage\":{\"@id\":\"https:\\\/\\\/www.vtveres.hu\\\/sample-product\\\/smb-atomeromuvi-hajtomu\\\/#primaryimage\"},\"image\":{\"@id\":\"https:\\\/\\\/www.vtveres.hu\\\/sample-product\\\/smb-atomeromuvi-hajtomu\\\/#primaryimage\"},\"thumbnailUrl\":\"https:\\\/\\\/www.vtveres.hu\\\/web\\\/wp-content\\\/uploads\\\/2016\\\/09\\\/SMB_atomeromuvi_hajtomu_650.png\",\"datePublished\":\"2019-09-29T20:11:26+00:00\",\"dateModified\":\"2020-02-24T12:09:31+00:00\",\"breadcrumb\":{\"@id\":\"https:\\\/\\\/www.vtveres.hu\\\/sample-product\\\/smb-atomeromuvi-hajtomu\\\/#breadcrumb\"},\"inLanguage\":\"ru-RU\",\"potentialAction\":[{\"@type\":\"ReadAction\",\"target\":[\"https:\\\/\\\/www.vtveres.hu\\\/sample-product\\\/smb-atomeromuvi-hajtomu\\\/\"]}]},{\"@type\":\"ImageObject\",\"inLanguage\":\"ru-RU\",\"@id\":\"https:\\\/\\\/www.vtveres.hu\\\/sample-product\\\/smb-atomeromuvi-hajtomu\\\/#primaryimage\",\"url\":\"https:\\\/\\\/www.vtveres.hu\\\/web\\\/wp-content\\\/uploads\\\/2016\\\/09\\\/SMB_atomeromuvi_hajtomu_650.png\",\"contentUrl\":\"https:\\\/\\\/www.vtveres.hu\\\/web\\\/wp-content\\\/uploads\\\/2016\\\/09\\\/SMB_atomeromuvi_hajtomu_650.png\",\"width\":650,\"height\":650,\"caption\":\"\u042d\u043b\u0435\u043a\u0442\u0440\u043e\u043f\u0440\u0438\u0432\u043e\u0434 Limitorque SMB \u0434\u043b\u044f \u044f\u0434\u0435\u0440\u043d\u043e\u0439 \u044d\u043d\u0435\u0440\u0433\u0435\u0442\u0438\u043a\u0438\"},{\"@type\":\"BreadcrumbList\",\"@id\":\"https:\\\/\\\/www.vtveres.hu\\\/sample-product\\\/smb-atomeromuvi-hajtomu\\\/#breadcrumb\",\"itemListElement\":[{\"@type\":\"ListItem\",\"position\":1,\"name\":\"Home\",\"item\":\"https:\\\/\\\/www.vtveres.hu\\\/\"},{\"@type\":\"ListItem\",\"position\":2,\"name\":\"Term\u00e9kek \u00e9s megold\u00e1sok\",\"item\":\"https:\\\/\\\/www.vtveres.hu\\\/termekek-es-megoldasok\\\/\"},{\"@type\":\"ListItem\",\"position\":3,\"name\":\"SMB atomer\u0151m\u0171vi hajt\u00f3m\u0171\"}]},{\"@type\":\"WebSite\",\"@id\":\"https:\\\/\\\/www.vtveres.hu\\\/#website\",\"url\":\"https:\\\/\\\/www.vtveres.hu\\\/\",\"name\":\"VT Veres Kft.\",\"description\":\"\u00ab\u0420\u0435\u0448\u0435\u043d\u0438\u044f \u0431\u0443\u0434\u0443\u0449\u0435\u0433\u043e, \u0441\u0435\u0433\u043e\u0434\u043d\u044f\u00bb\",\"publisher\":{\"@id\":\"https:\\\/\\\/www.vtveres.hu\\\/#organization\"},\"potentialAction\":[{\"@type\":\"SearchAction\",\"target\":{\"@type\":\"EntryPoint\",\"urlTemplate\":\"https:\\\/\\\/www.vtveres.hu\\\/?s={search_term_string}\"},\"query-input\":{\"@type\":\"PropertyValueSpecification\",\"valueRequired\":true,\"valueName\":\"search_term_string\"}}],\"inLanguage\":\"ru-RU\"},{\"@type\":\"Organization\",\"@id\":\"https:\\\/\\\/www.vtveres.hu\\\/#organization\",\"name\":\"VT Veres Kft.\",\"url\":\"https:\\\/\\\/www.vtveres.hu\\\/\",\"logo\":{\"@type\":\"ImageObject\",\"inLanguage\":\"ru-RU\",\"@id\":\"https:\\\/\\\/www.vtveres.hu\\\/#\\\/schema\\\/logo\\\/image\\\/\",\"url\":\"https:\\\/\\\/www.vtveres.hu\\\/web\\\/wp-content\\\/uploads\\\/2016\\\/05\\\/25_ev_pici_hun-1.png\",\"contentUrl\":\"https:\\\/\\\/www.vtveres.hu\\\/web\\\/wp-content\\\/uploads\\\/2016\\\/05\\\/25_ev_pici_hun-1.png\",\"width\":140,\"height\":107,\"caption\":\"VT Veres Kft.\"},\"image\":{\"@id\":\"https:\\\/\\\/www.vtveres.hu\\\/#\\\/schema\\\/logo\\\/image\\\/\"},\"sameAs\":[\"http:\\\/\\\/www.facebook.vtveres.hu\",\"http:\\\/\\\/www.instagram.vtveres.hu\",\"http:\\\/\\\/www.linkedin.vtveres.hu\"]}]}<\/script>\n<!-- \/ Yoast SEO plugin. -->","yoast_head_json":{"title":"\u042d\u043b\u0435\u043a\u0442\u0440\u043e\u043f\u0440\u0438\u0432\u043e\u0434 Limitorque SMB \u0434\u043b\u044f \u044f\u0434\u0435\u0440\u043d\u043e\u0439 \u044d\u043d\u0435\u0440\u0433\u0435\u0442\u0438\u043a\u0438 - VT Veres Kft.","robots":{"index":"index","follow":"follow","max-snippet":"max-snippet:-1","max-image-preview":"max-image-preview:large","max-video-preview":"max-video-preview:-1"},"canonical":"https:\/\/www.vtveres.hu\/sample-product\/smb-atomeromuvi-hajtomu\/","og_locale":"ru_RU","og_type":"article","og_title":"\u042d\u043b\u0435\u043a\u0442\u0440\u043e\u043f\u0440\u0438\u0432\u043e\u0434 Limitorque SMB \u0434\u043b\u044f \u044f\u0434\u0435\u0440\u043d\u043e\u0439 \u044d\u043d\u0435\u0440\u0433\u0435\u0442\u0438\u043a\u0438 - VT Veres Kft.","og_description":"[:hu]Az SMB t\u00edpus nyolc m\u00e9retet foglal mag\u00e1ban a legkisebb SMB-000 m\u00e9rett\u0151l az ipar leger\u0151sebb SMB-5 m\u00e9ret\u00e9ig. A sz\u00e9les motorv\u00e1laszt\u00e9k k\u00fcl\u00f6nf\u00e9le sebess\u00e9g \u00e9s fesz\u00fclts\u00e9g kombin\u00e1ci\u00f3kat eredm\u00e9nyez. A vez\u00e9rl\u00e9si opci\u00f3k magukban foglalj\u00e1k a motorvez\u00e9rl\u0151 m\u00e1gneskapcsol\u00f3t, nyom\u00f3gombokat nyit\/stop\/z\u00e1r funkci\u00f3kkal, helyi visszajelz\u0151ket \u00e9s a vez\u00e9rl\u0151 transzform\u00e1tort. Az SMB kipr\u00f3b\u00e1lt t\u00edpusnak sz\u00e1m\u00edt \u00e9s piacvezet\u0151v\u00e9 v\u00e1lt az atomer\u0151m\u0171vi alkalmaz\u00e1sok ter\u00e9n. Ennek a t\u00edpusnak az SB kivitele nagysebess\u00e9g\u0171 \u00e9s magas h\u0151m\u00e9rs\u00e9klet\u0171 alkalmaz\u00e1sokn\u00e1l haszn\u00e1lhat\u00f3.  Kimen\u0151 nyomat\u00e9khat\u00e1rok fokoz\u00f3m\u0171 n\u00e9lk\u00fcl: 91-60000 Nm Fordulatsz\u00e1m hat\u00e1rok fokoz\u00f3m\u0171 n\u00e9lk\u00fcl: 12-108 RPM[:en]The eight models in the SMB-series range offer rugged dependability from the smaller SMB-000 through the industry\u2019s largest electric valve actuator, the SMB-5. An extensive selection of motors is available to suit various speed and voltage requirements. Optional controls include an integral reversing starter and control voltage transformer, a control station with pushbuttons for open\/stop\/close functions, position indicating lights, and Local\/Off\/Remote selector switch. The SMB is well suited to applications involving gate and globe valves, sluice gates, and other applications where long-term, uncompromised, reliable operation is critical. Fully qualified SMB is the recognized veteran of the nuclear power industry. The SB, a high-speed, high-temperature version of the SMB, is also available. Output torque limits without additional gearboxes: 91-60000 Nm Speed limits without additional gearboxes: 12-108 RPM[:ru]\u0422\u0438\u043f\u043e\u0440\u0430\u0437\u043c\u0435\u0440\u043d\u044b\u0439 \u0440\u044f\u0434 SMB \u0441\u043e\u0434\u0435\u0440\u0436\u0438\u0442 \u0432\u043e\u0441\u0435\u043c\u044c \u0442\u0438\u043f\u043e\u0440\u0430\u0437\u043c\u0435\u0440\u043e\u0432, \u043e\u0442 \u0441\u0430\u043c\u043e\u0433\u043e \u043c\u0430\u043b\u043e\u0433\u043e SMB-000 \u0434\u043e \u0441\u0430\u043c\u043e\u0433\u043e \u043c\u043e\u0449\u043d\u043e\u0433\u043e SMB-5. \u0428\u0438\u0440\u043e\u043a\u0438\u0439 \u0432\u044b\u0431\u043e\u0440 \u044d\u043b\u0435\u043a\u0442\u0440\u043e\u0434\u0432\u0438\u0433\u0430\u0442\u0435\u043b\u0435\u0439 \u043f\u043e\u0437\u0432\u043e\u043b\u044f\u0435\u0442 \u0434\u043e\u0431\u0438\u0442\u044c\u0441\u044f \u0440\u0430\u0437\u043b\u0438\u0447\u043d\u044b\u0445 \u043a\u043e\u043c\u0431\u0438\u043d\u0430\u0446\u0438\u0439 \u043f\u043e \u0441\u043a\u043e\u0440\u043e\u0441\u0442\u0438 \u0438 \u043d\u0430\u043f\u0440\u044f\u0436\u0435\u043d\u0438\u044e \u043f\u0438\u0442\u0430\u043d\u0438\u044f. \u041e\u043f\u0446\u0438\u0438 \u0443\u043f\u0440\u0430\u0432\u043b\u0435\u043d\u0438\u044f \u0441\u043e\u0434\u0435\u0440\u0436\u0430\u0442 \u0431\u043b\u043e\u043a \u0443\u043f\u0440\u0430\u0432\u043b\u0435\u043d\u0438\u044f \u044d\u043b\u0435\u043a\u0442\u0440\u043e\u0434\u0432\u0438\u0433\u0430\u0442\u0435\u043b\u044f \u0441 \u043c\u0430\u0433\u043d\u0438\u0442\u043d\u044b\u043c \u043f\u0443\u0441\u043a\u0430\u0442\u0435\u043b\u0435\u043c, \u0444\u0443\u043d\u043a\u0446\u0438\u043e\u043d\u0430\u043b\u044c\u043d\u044b\u0435 \u043a\u043d\u043e\u043f\u043a\u0438 \u0443\u043f\u0440\u0430\u0432\u043b\u0435\u043d\u0438\u044f \u043e\u0442\u043a\u0440\u044b\u0442\u044c\/\u0441\u0442\u043e\u043f\/\u0437\u0430\u043a\u0440\u044b\u0442\u044c, \u043c\u0435\u0441\u0442\u043d\u0430\u044f \u043e\u0431\u0440\u0430\u0442\u043d\u0430\u044f \u0441\u0438\u0433\u043d\u0430\u043b\u0438\u0437\u0430\u0446\u0438\u044f \u0438 \u0442\u0440\u0430\u043d\u0441\u0444\u043e\u0440\u043c\u0430\u0442\u043e\u0440 \u0443\u043f\u0440\u0430\u0432\u043b\u0435\u043d\u0438\u044f. \u0422\u0438\u043f SMB \u0441\u0447\u0438\u0442\u0430\u0435\u0442\u0441\u044f \u0445\u043e\u0440\u043e\u0448\u043e \u043e\u043f\u0440\u043e\u0431\u043e\u0432\u0430\u043d\u043d\u044b\u043c \u0442\u0438\u043f\u043e\u043c, \u044f\u0432\u043b\u044f\u0435\u0442\u0441\u044f \u043b\u0438\u0434\u0435\u0440\u043e\u043c \u043f\u043e \u043f\u0440\u0438\u043c\u0435\u043d\u0435\u043d\u0438\u044e \u043d\u0430 \u0430\u0442\u043e\u043c\u043d\u044b\u0445 \u044d\u043b\u0435\u043a\u0442\u0440\u043e\u0441\u0442\u0430\u043d\u0446\u0438\u044f\u0445. \u0418\u0441\u043f\u043e\u043b\u043d\u0435\u043d\u0438\u0435 SB \u0434\u0430\u043d\u043d\u043e\u0433\u043e \u0442\u0438\u043f\u0430 \u043f\u0440\u0435\u0434\u043d\u0430\u0437\u043d\u0430\u0447\u0435\u043d\u043e \u0434\u043b\u044f \u0432\u044b\u0441\u043e\u043a\u043e\u0441\u043a\u043e\u0440\u043e\u0441\u0442\u043d\u043e\u0433\u043e \u0438 \u0432\u044b\u0441\u043e\u043a\u043e\u0442\u0435\u043c\u043f\u0435\u0440\u0430\u0442\u0443\u0440\u043d\u043e\u0433\u043e \u043f\u0440\u0438\u043c\u0435\u043d\u0435\u043d\u0438\u044f. \u0414\u0438\u0430\u043f\u0430\u0437\u043e\u043d \u0432\u044b\u0445\u043e\u0434\u043d\u043e\u0433\u043e \u043c\u043e\u043c\u0435\u043d\u0442\u0430, \u0431\u0435\u0437 \u0440\u0435\u0434\u0443\u043a\u0442\u043e\u0440\u0430: 91-60000 \u041d\u043c \u0414\u0438\u0430\u043f\u0430\u0437\u043e\u043d \u0447\u0438\u0441\u043b\u0430 \u043e\u0431\u043e\u0440\u043e\u0442\u043e\u0432, \u0431\u0435\u0437 \u0440\u0435\u0434\u0443\u043a\u0442\u043e\u0440\u0430: 12-108 \u043e\u0431\/\u043c\u0438\u043d[:]","og_url":"https:\/\/www.vtveres.hu\/sample-product\/smb-atomeromuvi-hajtomu\/","og_site_name":"VT Veres Kft.","article_publisher":"http:\/\/www.facebook.vtveres.hu","article_modified_time":"2020-02-24T12:09:31+00:00","og_image":[{"width":650,"height":650,"url":"https:\/\/www.vtveres.hu\/web\/wp-content\/uploads\/2016\/09\/SMB_atomeromuvi_hajtomu_650.png","type":"image\/png"}],"twitter_card":"summary_large_image","schema":{"@context":"https:\/\/schema.org","@graph":[{"@type":"WebPage","@id":"https:\/\/www.vtveres.hu\/sample-product\/smb-atomeromuvi-hajtomu\/","url":"https:\/\/www.vtveres.hu\/sample-product\/smb-atomeromuvi-hajtomu\/","name":"\u042d\u043b\u0435\u043a\u0442\u0440\u043e\u043f\u0440\u0438\u0432\u043e\u0434 Limitorque SMB \u0434\u043b\u044f \u044f\u0434\u0435\u0440\u043d\u043e\u0439 \u044d\u043d\u0435\u0440\u0433\u0435\u0442\u0438\u043a\u0438 - VT Veres Kft.","isPartOf":{"@id":"https:\/\/www.vtveres.hu\/#website"},"primaryImageOfPage":{"@id":"https:\/\/www.vtveres.hu\/sample-product\/smb-atomeromuvi-hajtomu\/#primaryimage"},"image":{"@id":"https:\/\/www.vtveres.hu\/sample-product\/smb-atomeromuvi-hajtomu\/#primaryimage"},"thumbnailUrl":"https:\/\/www.vtveres.hu\/web\/wp-content\/uploads\/2016\/09\/SMB_atomeromuvi_hajtomu_650.png","datePublished":"2019-09-29T20:11:26+00:00","dateModified":"2020-02-24T12:09:31+00:00","breadcrumb":{"@id":"https:\/\/www.vtveres.hu\/sample-product\/smb-atomeromuvi-hajtomu\/#breadcrumb"},"inLanguage":"ru-RU","potentialAction":[{"@type":"ReadAction","target":["https:\/\/www.vtveres.hu\/sample-product\/smb-atomeromuvi-hajtomu\/"]}]},{"@type":"ImageObject","inLanguage":"ru-RU","@id":"https:\/\/www.vtveres.hu\/sample-product\/smb-atomeromuvi-hajtomu\/#primaryimage","url":"https:\/\/www.vtveres.hu\/web\/wp-content\/uploads\/2016\/09\/SMB_atomeromuvi_hajtomu_650.png","contentUrl":"https:\/\/www.vtveres.hu\/web\/wp-content\/uploads\/2016\/09\/SMB_atomeromuvi_hajtomu_650.png","width":650,"height":650,"caption":"\u042d\u043b\u0435\u043a\u0442\u0440\u043e\u043f\u0440\u0438\u0432\u043e\u0434 Limitorque SMB \u0434\u043b\u044f \u044f\u0434\u0435\u0440\u043d\u043e\u0439 \u044d\u043d\u0435\u0440\u0433\u0435\u0442\u0438\u043a\u0438"},{"@type":"BreadcrumbList","@id":"https:\/\/www.vtveres.hu\/sample-product\/smb-atomeromuvi-hajtomu\/#breadcrumb","itemListElement":[{"@type":"ListItem","position":1,"name":"Home","item":"https:\/\/www.vtveres.hu\/"},{"@type":"ListItem","position":2,"name":"Term\u00e9kek \u00e9s megold\u00e1sok","item":"https:\/\/www.vtveres.hu\/termekek-es-megoldasok\/"},{"@type":"ListItem","position":3,"name":"SMB atomer\u0151m\u0171vi hajt\u00f3m\u0171"}]},{"@type":"WebSite","@id":"https:\/\/www.vtveres.hu\/#website","url":"https:\/\/www.vtveres.hu\/","name":"VT Veres Kft.","description":"\u00ab\u0420\u0435\u0448\u0435\u043d\u0438\u044f \u0431\u0443\u0434\u0443\u0449\u0435\u0433\u043e, \u0441\u0435\u0433\u043e\u0434\u043d\u044f\u00bb","publisher":{"@id":"https:\/\/www.vtveres.hu\/#organization"},"potentialAction":[{"@type":"SearchAction","target":{"@type":"EntryPoint","urlTemplate":"https:\/\/www.vtveres.hu\/?s={search_term_string}"},"query-input":{"@type":"PropertyValueSpecification","valueRequired":true,"valueName":"search_term_string"}}],"inLanguage":"ru-RU"},{"@type":"Organization","@id":"https:\/\/www.vtveres.hu\/#organization","name":"VT Veres Kft.","url":"https:\/\/www.vtveres.hu\/","logo":{"@type":"ImageObject","inLanguage":"ru-RU","@id":"https:\/\/www.vtveres.hu\/#\/schema\/logo\/image\/","url":"https:\/\/www.vtveres.hu\/web\/wp-content\/uploads\/2016\/05\/25_ev_pici_hun-1.png","contentUrl":"https:\/\/www.vtveres.hu\/web\/wp-content\/uploads\/2016\/05\/25_ev_pici_hun-1.png","width":140,"height":107,"caption":"VT Veres Kft."},"image":{"@id":"https:\/\/www.vtveres.hu\/#\/schema\/logo\/image\/"},"sameAs":["http:\/\/www.facebook.vtveres.hu","http:\/\/www.instagram.vtveres.hu","http:\/\/www.linkedin.vtveres.hu"]}]}},"_links":{"self":[{"href":"https:\/\/www.vtveres.hu\/ru\/wp-json\/wp\/v2\/product\/2523","targetHints":{"allow":["GET"]}}],"collection":[{"href":"https:\/\/www.vtveres.hu\/ru\/wp-json\/wp\/v2\/product"}],"about":[{"href":"https:\/\/www.vtveres.hu\/ru\/wp-json\/wp\/v2\/types\/product"}],"replies":[{"embeddable":true,"href":"https:\/\/www.vtveres.hu\/ru\/wp-json\/wp\/v2\/comments?post=2523"}],"wp:featuredmedia":[{"embeddable":true,"href":"https:\/\/www.vtveres.hu\/ru\/wp-json\/wp\/v2\/media\/2908"}],"wp:attachment":[{"href":"https:\/\/www.vtveres.hu\/ru\/wp-json\/wp\/v2\/media?parent=2523"}],"wp:term":[{"taxonomy":"product_brand","embeddable":true,"href":"https:\/\/www.vtveres.hu\/ru\/wp-json\/wp\/v2\/product_brand?post=2523"},{"taxonomy":"product_cat","embeddable":true,"href":"https:\/\/www.vtveres.hu\/ru\/wp-json\/wp\/v2\/product_cat?post=2523"},{"taxonomy":"product_tag","embeddable":true,"href":"https:\/\/www.vtveres.hu\/ru\/wp-json\/wp\/v2\/product_tag?post=2523"}],"curies":[{"name":"wp","href":"https:\/\/api.w.org\/{rel}","templated":true}]}}