{"id":3489,"date":"2020-08-18T07:17:26","date_gmt":"2020-08-18T07:17:26","guid":{"rendered":"https:\/\/vtveres.hu\/?page_id=3489"},"modified":"2021-12-03T15:34:16","modified_gmt":"2021-12-03T15:34:16","slug":"munkahelyi-kepzesek-a-vt-veres-kft-nel","status":"publish","type":"page","link":"https:\/\/www.vtveres.hu\/ru\/munkahelyi-kepzesek-a-vt-veres-kft-nel\/","title":{"rendered":"MUNKAHELYI K\u00c9PZ\u00c9SEK A VT VERES Kft-n\u00e9l"},"content":{"rendered":"<p><\/p>\n<div>\n<p class=\"xmsonormal\"><b><span lang=\"EN-GB\">Kedvezm\u00e9nyezett neve<\/span><\/b><span lang=\"EN-GB\">:\u00a0\u00a0\u00a0\u00a0\u00a0\u00a0\u00a0\u00a0\u00a0\u00a0\u00a0\u00a0\u00a0 VT VERES M\u0171szaki Szolg\u00e1ltat\u00f3 \u00e9s Kereskedelmi Korl\u00e1tolt Felel\u0151ss\u00e9g\u0171 T\u00e1rsas\u00e1g<\/span><\/p>\n<\/div>\n<div>\n<p class=\"xmsonormal\"><b><span lang=\"EN-GB\">Projekt C\u00edme<\/span><\/b><span lang=\"EN-GB\">:\u00a0\u00a0\u00a0\u00a0\u00a0\u00a0\u00a0\u00a0\u00a0\u00a0\u00a0\u00a0\u00a0\u00a0\u00a0\u00a0\u00a0\u00a0\u00a0\u00a0\u00a0\u00a0\u00a0\u00a0\u00a0\u00a0\u00a0\u00a0\u00a0 \u201eMUNKAHELYI K\u00c9PZ\u00c9SEK A VT VERES Kft-n\u00e9l\u201d <\/span><\/p>\n<\/div>\n<div>\n<p class=\"xmsonormal\"><b><span lang=\"EN-GB\">Projekt azonos\u00edt\u00f3 sz\u00e1ma:<\/span><\/b><span lang=\"EN-GB\">\u00a0\u00a0\u00a0\u00a0\u00a0\u00a0\u00a0\u00a0\u00a0\u00a0 GINOP-6.1.6-17-2018-01201<\/span><\/p>\n<\/div>\n<div>\n<p class=\"normal-header\"><b><span lang=\"EN-GB\">Megval\u00f3sul\u00e1si helysz\u00edn:<\/span><\/b><span lang=\"EN-GB\">\u00a0\u00a0\u00a0\u00a0\u00a0\u00a0\u00a0\u00a0\u00a0\u00a0\u00a0\u00a0\u00a0 6000 Kecskem\u00e9t, Szolnoki hegy 232., 0659\/8. hrsz.<\/span><\/p>\n<\/div>\n<div>\n<p class=\"normal-header\"><b><span lang=\"EN-GB\">T\u00e1mogat\u00e1si \u00f6sszeg:<\/span><\/b><span lang=\"EN-GB\">\u00a0\u00a0\u00a0\u00a0\u00a0\u00a0\u00a0\u00a0\u00a0\u00a0\u00a0\u00a0\u00a0\u00a0\u00a0\u00a0\u00a0\u00a0\u00a0\u00a0 10.000.000 Ft, t\u00edzmilli\u00f3 forint<\/span><\/p>\n<\/div>\n<div>\n<p class=\"normal-header\"><b><span lang=\"EN-GB\">T\u00e1mogat\u00e1s intenzit\u00e1sa<\/span><\/b><span lang=\"EN-GB\">:\u00a0\u00a0\u00a0\u00a0\u00a0\u00a0\u00a0\u00a0\u00a0\u00a0\u00a0\u00a0\u00a0\u00a0 100 %<\/span><\/p>\n<\/div>\n<div>\n<p class=\"normal-header\"><b><span lang=\"EN-GB\">A projekt tartalm\u00e1nak bemutat\u00e1sa:<\/span><\/b><\/p>\n<\/div>\n<div>\n<p class=\"normal-header\"><span lang=\"EN-GB\">A Gazdas\u00e1gfejleszt\u00e9si \u00e9s Innov\u00e1ci\u00f3s Operat\u00edv Program keret\u00e9n bel\u00fcl a P\u00e9nz\u00fcgyminiszt\u00e9rium \u201eMunkahelyi k\u00e9pz\u00e9sek t\u00e1mogat\u00e1sa mikor-, kis- \u00e9s k\u00f6z\u00e9pv\u00e1llaltok munkav\u00e1llal\u00f3i sz\u00e1m\u00e1ra\u201d c\u00edm\u0171 felh\u00edv\u00e1sa alapj\u00e1n, a VT VERES Kft. p\u00e1ly\u00e1zatot ny\u00fajtott be. A GINOP-6.1.6-17-2018-01201 azonos\u00edt\u00f3 sz\u00e1m\u00fa t\u00e1mogat\u00e1si k\u00e9relem pozit\u00edv elb\u00edr\u00e1l\u00e1sban r\u00e9szes\u00fclt. Eur\u00f3pai Szoci\u00e1lis Alapb\u00f3l \u00e9s hazai k\u00f6zponti k\u00f6lts\u00e9gvet\u00e9si el\u0151ir\u00e1nyzatb\u00f3l finansz\u00edrozott vissza nem t\u00e9r\u00edtend\u0151 t\u00e1mogat\u00e1s \u00f6sszege 10.000.000 Ft.<\/span><\/p>\n<\/div>\n<div>\n<p class=\"normal-header\"><span lang=\"EN-GB\">A projekt f\u0151 c\u00e9lja a munkav\u00e1llal\u00f3k foglalkoztathat\u00f3s\u00e1g\u00e1nak, munkahelyi k\u00e9szs\u00e9geinek \u00e9s kompetenci\u00e1inak jav\u00edt\u00e1sa a v\u00e1llalkoz\u00e1sok versenyk\u00e9pess\u00e9g\u00e9nek n\u00f6vel\u00e9se \u00e9rdek\u00e9ben. A projekt t\u00e1mogatja \u00e9s \u00f6szt\u00f6nzi az \u00e9lethosszig tart\u00f3 tanul\u00e1st, szakmai \u00e9s szem\u00e9lyes k\u00e9szs\u00e9gek folyamatos fejleszt\u00e9s\u00e9t, valamint a kompetenci\u00e1k b\u0151v\u00edt\u00e9s\u00e9t, f\u00fcggetlen\u00fcl a munkaer\u0151 kor\u00e1t\u00f3l, nem\u00e9t\u0151l, el\u0151k\u00e9pzetts\u00e9g\u00e9t\u0151l \u00e9s \u00e9letk\u00f6r\u00fclm\u00e9nyeit\u0151l. A munkav\u00e1llal\u00f3 sz\u00e1m\u00e1ra a feln\u0151ttkori tanul\u00e1s kulcsfontoss\u00e1g\u00fa szerepet t\u00f6lt be a munkaer\u0151-piaci, gazdas\u00e1gi, t\u00e1rsadalmi \u00e9s technol\u00f3giai v\u00e1ltoz\u00e1sokhoz val\u00f3 min\u00e9l k\u00f6nnyebb alkalmazkod\u00e1sban.<\/span><\/p>\n<\/div>\n<div>\n<div>\n<p class=\"xmsonormal\"><b><span lang=\"EN-GB\">A projekt megval\u00f3s\u00edt\u00e1s\u00e1nak tervezett id\u0151tartama: 2019.09.01. \u2013 2020.11.29.<\/span><\/b><\/p>\n<p class=\"xmsonormal\"><b><span lang=\"EN-GB\">\u00a0<\/span><\/b><\/p>\n<\/div>\n<\/div>\n<p><\/p>","protected":false},"excerpt":{"rendered":"<p>Kedvezm\u00e9nyezett neve:\u00a0\u00a0\u00a0\u00a0\u00a0\u00a0\u00a0\u00a0\u00a0\u00a0\u00a0\u00a0\u00a0 VT VERES M\u0171szaki Szolg\u00e1ltat\u00f3 \u00e9s Kereskedelmi Korl\u00e1tolt Felel\u0151ss\u00e9g\u0171 T\u00e1rsas\u00e1g Projekt C\u00edme:\u00a0\u00a0\u00a0\u00a0\u00a0\u00a0\u00a0\u00a0\u00a0\u00a0\u00a0\u00a0\u00a0\u00a0\u00a0\u00a0\u00a0\u00a0\u00a0\u00a0\u00a0\u00a0\u00a0\u00a0\u00a0\u00a0\u00a0\u00a0\u00a0 \u201eMUNKAHELYI K\u00c9PZ\u00c9SEK A VT VERES Kft-n\u00e9l\u201d Projekt azonos\u00edt\u00f3 sz\u00e1ma:\u00a0\u00a0\u00a0\u00a0\u00a0\u00a0\u00a0\u00a0\u00a0\u00a0 GINOP-6.1.6-17-2018-01201 Megval\u00f3sul\u00e1si helysz\u00edn:\u00a0\u00a0\u00a0\u00a0\u00a0\u00a0\u00a0\u00a0\u00a0\u00a0\u00a0\u00a0\u00a0 6000 Kecskem\u00e9t, Szolnoki hegy 232., 0659\/8. hrsz. T\u00e1mogat\u00e1si \u00f6sszeg:\u00a0\u00a0\u00a0\u00a0\u00a0\u00a0\u00a0\u00a0\u00a0\u00a0\u00a0\u00a0\u00a0\u00a0\u00a0\u00a0\u00a0\u00a0\u00a0\u00a0 10.000.000 Ft, t\u00edzmilli\u00f3 forint T\u00e1mogat\u00e1s intenzit\u00e1sa:\u00a0\u00a0\u00a0\u00a0\u00a0\u00a0\u00a0\u00a0\u00a0\u00a0\u00a0\u00a0\u00a0\u00a0 100 % A projekt tartalm\u00e1nak bemutat\u00e1sa: A Gazdas\u00e1gfejleszt\u00e9si \u00e9s Innov\u00e1ci\u00f3s Operat\u00edv Program keret\u00e9n bel\u00fcl a [&hellip;]<\/p>\n","protected":false},"author":1,"featured_media":0,"parent":0,"menu_order":0,"comment_status":"closed","ping_status":"closed","template":"","meta":{"_exactmetrics_skip_tracking":false,"_exactmetrics_sitenote_active":false,"_exactmetrics_sitenote_note":"","_exactmetrics_sitenote_category":0,"footnotes":""},"class_list":["post-3489","page","type-page","status-publish","hentry"],"yoast_head":"<!-- This site is optimized with the Yoast SEO plugin v27.4 - https:\/\/yoast.com\/product\/yoast-seo-wordpress\/ -->\n<title>MUNKAHELYI K\u00c9PZ\u00c9SEK A VT VERES Kft-n\u00e9l - VT Veres Kft.<\/title>\n<meta name=\"robots\" content=\"index, follow, max-snippet:-1, max-image-preview:large, max-video-preview:-1\" \/>\n<link rel=\"canonical\" href=\"https:\/\/www.vtveres.hu\/munkahelyi-kepzesek-a-vt-veres-kft-nel\/\" \/>\n<meta property=\"og:locale\" content=\"ru_RU\" \/>\n<meta property=\"og:type\" content=\"article\" \/>\n<meta property=\"og:title\" content=\"MUNKAHELYI K\u00c9PZ\u00c9SEK A VT VERES Kft-n\u00e9l - VT Veres Kft.\" \/>\n<meta property=\"og:description\" content=\"Kedvezm\u00e9nyezett neve:\u00a0\u00a0\u00a0\u00a0\u00a0\u00a0\u00a0\u00a0\u00a0\u00a0\u00a0\u00a0\u00a0 VT VERES M\u0171szaki Szolg\u00e1ltat\u00f3 \u00e9s Kereskedelmi Korl\u00e1tolt Felel\u0151ss\u00e9g\u0171 T\u00e1rsas\u00e1g Projekt C\u00edme:\u00a0\u00a0\u00a0\u00a0\u00a0\u00a0\u00a0\u00a0\u00a0\u00a0\u00a0\u00a0\u00a0\u00a0\u00a0\u00a0\u00a0\u00a0\u00a0\u00a0\u00a0\u00a0\u00a0\u00a0\u00a0\u00a0\u00a0\u00a0\u00a0 \u201eMUNKAHELYI K\u00c9PZ\u00c9SEK A VT VERES Kft-n\u00e9l\u201d Projekt azonos\u00edt\u00f3 sz\u00e1ma:\u00a0\u00a0\u00a0\u00a0\u00a0\u00a0\u00a0\u00a0\u00a0\u00a0 GINOP-6.1.6-17-2018-01201 Megval\u00f3sul\u00e1si helysz\u00edn:\u00a0\u00a0\u00a0\u00a0\u00a0\u00a0\u00a0\u00a0\u00a0\u00a0\u00a0\u00a0\u00a0 6000 Kecskem\u00e9t, Szolnoki hegy 232., 0659\/8. hrsz. T\u00e1mogat\u00e1si \u00f6sszeg:\u00a0\u00a0\u00a0\u00a0\u00a0\u00a0\u00a0\u00a0\u00a0\u00a0\u00a0\u00a0\u00a0\u00a0\u00a0\u00a0\u00a0\u00a0\u00a0\u00a0 10.000.000 Ft, t\u00edzmilli\u00f3 forint T\u00e1mogat\u00e1s intenzit\u00e1sa:\u00a0\u00a0\u00a0\u00a0\u00a0\u00a0\u00a0\u00a0\u00a0\u00a0\u00a0\u00a0\u00a0\u00a0 100 % A projekt tartalm\u00e1nak bemutat\u00e1sa: A Gazdas\u00e1gfejleszt\u00e9si \u00e9s Innov\u00e1ci\u00f3s Operat\u00edv Program keret\u00e9n bel\u00fcl a [&hellip;]\" \/>\n<meta property=\"og:url\" content=\"https:\/\/www.vtveres.hu\/munkahelyi-kepzesek-a-vt-veres-kft-nel\/\" \/>\n<meta property=\"og:site_name\" content=\"VT Veres Kft.\" \/>\n<meta property=\"article:publisher\" content=\"http:\/\/www.facebook.vtveres.hu\" \/>\n<meta property=\"article:modified_time\" content=\"2021-12-03T15:34:16+00:00\" \/>\n<meta name=\"twitter:card\" content=\"summary_large_image\" \/>\n<meta name=\"twitter:label1\" content=\"\u041f\u0440\u0438\u043c\u0435\u0440\u043d\u043e\u0435 \u0432\u0440\u0435\u043c\u044f \u0434\u043b\u044f \u0447\u0442\u0435\u043d\u0438\u044f\" \/>\n\t<meta name=\"twitter:data1\" content=\"1 \u043c\u0438\u043d\u0443\u0442\u0430\" \/>\n<script type=\"application\/ld+json\" class=\"yoast-schema-graph\">{\"@context\":\"https:\\\/\\\/schema.org\",\"@graph\":[{\"@type\":\"WebPage\",\"@id\":\"https:\\\/\\\/www.vtveres.hu\\\/munkahelyi-kepzesek-a-vt-veres-kft-nel\\\/\",\"url\":\"https:\\\/\\\/www.vtveres.hu\\\/munkahelyi-kepzesek-a-vt-veres-kft-nel\\\/\",\"name\":\"MUNKAHELYI K\u00c9PZ\u00c9SEK A VT VERES Kft-n\u00e9l - VT Veres Kft.\",\"isPartOf\":{\"@id\":\"https:\\\/\\\/www.vtveres.hu\\\/#website\"},\"datePublished\":\"2020-08-18T07:17:26+00:00\",\"dateModified\":\"2021-12-03T15:34:16+00:00\",\"breadcrumb\":{\"@id\":\"https:\\\/\\\/www.vtveres.hu\\\/munkahelyi-kepzesek-a-vt-veres-kft-nel\\\/#breadcrumb\"},\"inLanguage\":\"ru-RU\",\"potentialAction\":[{\"@type\":\"ReadAction\",\"target\":[\"https:\\\/\\\/www.vtveres.hu\\\/munkahelyi-kepzesek-a-vt-veres-kft-nel\\\/\"]}]},{\"@type\":\"BreadcrumbList\",\"@id\":\"https:\\\/\\\/www.vtveres.hu\\\/munkahelyi-kepzesek-a-vt-veres-kft-nel\\\/#breadcrumb\",\"itemListElement\":[{\"@type\":\"ListItem\",\"position\":1,\"name\":\"Home\",\"item\":\"https:\\\/\\\/www.vtveres.hu\\\/\"},{\"@type\":\"ListItem\",\"position\":2,\"name\":\"MUNKAHELYI K\u00c9PZ\u00c9SEK A VT VERES Kft-n\u00e9l\"}]},{\"@type\":\"WebSite\",\"@id\":\"https:\\\/\\\/www.vtveres.hu\\\/#website\",\"url\":\"https:\\\/\\\/www.vtveres.hu\\\/\",\"name\":\"VT Veres Kft.\",\"description\":\"\u00ab\u0420\u0435\u0448\u0435\u043d\u0438\u044f \u0431\u0443\u0434\u0443\u0449\u0435\u0433\u043e, \u0441\u0435\u0433\u043e\u0434\u043d\u044f\u00bb\",\"publisher\":{\"@id\":\"https:\\\/\\\/www.vtveres.hu\\\/#organization\"},\"potentialAction\":[{\"@type\":\"SearchAction\",\"target\":{\"@type\":\"EntryPoint\",\"urlTemplate\":\"https:\\\/\\\/www.vtveres.hu\\\/?s={search_term_string}\"},\"query-input\":{\"@type\":\"PropertyValueSpecification\",\"valueRequired\":true,\"valueName\":\"search_term_string\"}}],\"inLanguage\":\"ru-RU\"},{\"@type\":\"Organization\",\"@id\":\"https:\\\/\\\/www.vtveres.hu\\\/#organization\",\"name\":\"VT Veres Kft.\",\"url\":\"https:\\\/\\\/www.vtveres.hu\\\/\",\"logo\":{\"@type\":\"ImageObject\",\"inLanguage\":\"ru-RU\",\"@id\":\"https:\\\/\\\/www.vtveres.hu\\\/#\\\/schema\\\/logo\\\/image\\\/\",\"url\":\"https:\\\/\\\/www.vtveres.hu\\\/web\\\/wp-content\\\/uploads\\\/2016\\\/05\\\/25_ev_pici_hun-1.png\",\"contentUrl\":\"https:\\\/\\\/www.vtveres.hu\\\/web\\\/wp-content\\\/uploads\\\/2016\\\/05\\\/25_ev_pici_hun-1.png\",\"width\":140,\"height\":107,\"caption\":\"VT Veres Kft.\"},\"image\":{\"@id\":\"https:\\\/\\\/www.vtveres.hu\\\/#\\\/schema\\\/logo\\\/image\\\/\"},\"sameAs\":[\"http:\\\/\\\/www.facebook.vtveres.hu\",\"http:\\\/\\\/www.instagram.vtveres.hu\",\"http:\\\/\\\/www.linkedin.vtveres.hu\"]}]}<\/script>\n<!-- \/ Yoast SEO plugin. -->","yoast_head_json":{"title":"MUNKAHELYI K\u00c9PZ\u00c9SEK A VT VERES Kft-n\u00e9l - VT Veres Kft.","robots":{"index":"index","follow":"follow","max-snippet":"max-snippet:-1","max-image-preview":"max-image-preview:large","max-video-preview":"max-video-preview:-1"},"canonical":"https:\/\/www.vtveres.hu\/munkahelyi-kepzesek-a-vt-veres-kft-nel\/","og_locale":"ru_RU","og_type":"article","og_title":"MUNKAHELYI K\u00c9PZ\u00c9SEK A VT VERES Kft-n\u00e9l - VT Veres Kft.","og_description":"Kedvezm\u00e9nyezett neve:\u00a0\u00a0\u00a0\u00a0\u00a0\u00a0\u00a0\u00a0\u00a0\u00a0\u00a0\u00a0\u00a0 VT VERES M\u0171szaki Szolg\u00e1ltat\u00f3 \u00e9s Kereskedelmi Korl\u00e1tolt Felel\u0151ss\u00e9g\u0171 T\u00e1rsas\u00e1g Projekt C\u00edme:\u00a0\u00a0\u00a0\u00a0\u00a0\u00a0\u00a0\u00a0\u00a0\u00a0\u00a0\u00a0\u00a0\u00a0\u00a0\u00a0\u00a0\u00a0\u00a0\u00a0\u00a0\u00a0\u00a0\u00a0\u00a0\u00a0\u00a0\u00a0\u00a0 \u201eMUNKAHELYI K\u00c9PZ\u00c9SEK A VT VERES Kft-n\u00e9l\u201d Projekt azonos\u00edt\u00f3 sz\u00e1ma:\u00a0\u00a0\u00a0\u00a0\u00a0\u00a0\u00a0\u00a0\u00a0\u00a0 GINOP-6.1.6-17-2018-01201 Megval\u00f3sul\u00e1si helysz\u00edn:\u00a0\u00a0\u00a0\u00a0\u00a0\u00a0\u00a0\u00a0\u00a0\u00a0\u00a0\u00a0\u00a0 6000 Kecskem\u00e9t, Szolnoki hegy 232., 0659\/8. hrsz. T\u00e1mogat\u00e1si \u00f6sszeg:\u00a0\u00a0\u00a0\u00a0\u00a0\u00a0\u00a0\u00a0\u00a0\u00a0\u00a0\u00a0\u00a0\u00a0\u00a0\u00a0\u00a0\u00a0\u00a0\u00a0 10.000.000 Ft, t\u00edzmilli\u00f3 forint T\u00e1mogat\u00e1s intenzit\u00e1sa:\u00a0\u00a0\u00a0\u00a0\u00a0\u00a0\u00a0\u00a0\u00a0\u00a0\u00a0\u00a0\u00a0\u00a0 100 % A projekt tartalm\u00e1nak bemutat\u00e1sa: A Gazdas\u00e1gfejleszt\u00e9si \u00e9s Innov\u00e1ci\u00f3s Operat\u00edv Program keret\u00e9n bel\u00fcl a [&hellip;]","og_url":"https:\/\/www.vtveres.hu\/munkahelyi-kepzesek-a-vt-veres-kft-nel\/","og_site_name":"VT Veres Kft.","article_publisher":"http:\/\/www.facebook.vtveres.hu","article_modified_time":"2021-12-03T15:34:16+00:00","twitter_card":"summary_large_image","twitter_misc":{"\u041f\u0440\u0438\u043c\u0435\u0440\u043d\u043e\u0435 \u0432\u0440\u0435\u043c\u044f \u0434\u043b\u044f \u0447\u0442\u0435\u043d\u0438\u044f":"1 \u043c\u0438\u043d\u0443\u0442\u0430"},"schema":{"@context":"https:\/\/schema.org","@graph":[{"@type":"WebPage","@id":"https:\/\/www.vtveres.hu\/munkahelyi-kepzesek-a-vt-veres-kft-nel\/","url":"https:\/\/www.vtveres.hu\/munkahelyi-kepzesek-a-vt-veres-kft-nel\/","name":"MUNKAHELYI K\u00c9PZ\u00c9SEK A VT VERES Kft-n\u00e9l - VT Veres Kft.","isPartOf":{"@id":"https:\/\/www.vtveres.hu\/#website"},"datePublished":"2020-08-18T07:17:26+00:00","dateModified":"2021-12-03T15:34:16+00:00","breadcrumb":{"@id":"https:\/\/www.vtveres.hu\/munkahelyi-kepzesek-a-vt-veres-kft-nel\/#breadcrumb"},"inLanguage":"ru-RU","potentialAction":[{"@type":"ReadAction","target":["https:\/\/www.vtveres.hu\/munkahelyi-kepzesek-a-vt-veres-kft-nel\/"]}]},{"@type":"BreadcrumbList","@id":"https:\/\/www.vtveres.hu\/munkahelyi-kepzesek-a-vt-veres-kft-nel\/#breadcrumb","itemListElement":[{"@type":"ListItem","position":1,"name":"Home","item":"https:\/\/www.vtveres.hu\/"},{"@type":"ListItem","position":2,"name":"MUNKAHELYI K\u00c9PZ\u00c9SEK A VT VERES Kft-n\u00e9l"}]},{"@type":"WebSite","@id":"https:\/\/www.vtveres.hu\/#website","url":"https:\/\/www.vtveres.hu\/","name":"VT Veres Kft.","description":"\u00ab\u0420\u0435\u0448\u0435\u043d\u0438\u044f \u0431\u0443\u0434\u0443\u0449\u0435\u0433\u043e, \u0441\u0435\u0433\u043e\u0434\u043d\u044f\u00bb","publisher":{"@id":"https:\/\/www.vtveres.hu\/#organization"},"potentialAction":[{"@type":"SearchAction","target":{"@type":"EntryPoint","urlTemplate":"https:\/\/www.vtveres.hu\/?s={search_term_string}"},"query-input":{"@type":"PropertyValueSpecification","valueRequired":true,"valueName":"search_term_string"}}],"inLanguage":"ru-RU"},{"@type":"Organization","@id":"https:\/\/www.vtveres.hu\/#organization","name":"VT Veres Kft.","url":"https:\/\/www.vtveres.hu\/","logo":{"@type":"ImageObject","inLanguage":"ru-RU","@id":"https:\/\/www.vtveres.hu\/#\/schema\/logo\/image\/","url":"https:\/\/www.vtveres.hu\/web\/wp-content\/uploads\/2016\/05\/25_ev_pici_hun-1.png","contentUrl":"https:\/\/www.vtveres.hu\/web\/wp-content\/uploads\/2016\/05\/25_ev_pici_hun-1.png","width":140,"height":107,"caption":"VT Veres Kft."},"image":{"@id":"https:\/\/www.vtveres.hu\/#\/schema\/logo\/image\/"},"sameAs":["http:\/\/www.facebook.vtveres.hu","http:\/\/www.instagram.vtveres.hu","http:\/\/www.linkedin.vtveres.hu"]}]}},"_links":{"self":[{"href":"https:\/\/www.vtveres.hu\/ru\/wp-json\/wp\/v2\/pages\/3489","targetHints":{"allow":["GET"]}}],"collection":[{"href":"https:\/\/www.vtveres.hu\/ru\/wp-json\/wp\/v2\/pages"}],"about":[{"href":"https:\/\/www.vtveres.hu\/ru\/wp-json\/wp\/v2\/types\/page"}],"author":[{"embeddable":true,"href":"https:\/\/www.vtveres.hu\/ru\/wp-json\/wp\/v2\/users\/1"}],"replies":[{"embeddable":true,"href":"https:\/\/www.vtveres.hu\/ru\/wp-json\/wp\/v2\/comments?post=3489"}],"version-history":[{"count":2,"href":"https:\/\/www.vtveres.hu\/ru\/wp-json\/wp\/v2\/pages\/3489\/revisions"}],"predecessor-version":[{"id":3523,"href":"https:\/\/www.vtveres.hu\/ru\/wp-json\/wp\/v2\/pages\/3489\/revisions\/3523"}],"wp:attachment":[{"href":"https:\/\/www.vtveres.hu\/ru\/wp-json\/wp\/v2\/media?parent=3489"}],"curies":[{"name":"wp","href":"https:\/\/api.w.org\/{rel}","templated":true}]}}