{"id":3052,"date":"2019-05-14T07:38:46","date_gmt":"2019-05-14T07:38:46","guid":{"rendered":"https:\/\/vtveres.hu\/?page_id=3052"},"modified":"2025-07-14T13:28:08","modified_gmt":"2025-07-14T13:28:08","slug":"a-vt-veres-kft-kapacitasbovito-beruhazasanak-tamogatasa-kombinalt-hiteltermekkel-ginop-1-2-3-8-3-4-16-2017-00629","status":"publish","type":"page","link":"https:\/\/www.vtveres.hu\/ru\/a-vt-veres-kft-kapacitasbovito-beruhazasanak-tamogatasa-kombinalt-hiteltermekkel-ginop-1-2-3-8-3-4-16-2017-00629\/","title":{"rendered":"\u201eA VT VERES Kft. KAPACIT\u00c1SB\u0150V\u00cdT\u0150 BERUH\u00c1Z\u00c1S\u00c1NAK T\u00c1MOGAT\u00c1SA KOMBIN\u00c1LT HITELTERM\u00c9KKEL\u201d GINOP-1.2.3-8-3-4-16-2017-00629"},"content":{"rendered":"<p class=\"normal-header\">A p\u00e1ly\u00e1zat adatai:\u00a0\u00a0\u00a0\u00a0\u00a0\u00a0\u00a0\u00a0\u00a0\u00a0\u00a0\u00a0\u00a0\u00a0<\/p>\r\n<p class=\"normal-header\">Kedvezm\u00e9nyezett neve:VT VERES M\u0171szaki Szolg\u00e1ltat\u00f3 \u00e9s Kereskedelmi Korl\u00e1tolt Felel\u0151ss\u00e9g\u0171 T\u00e1rsas\u00e1g<\/p>\r\n<p class=\"normal-header\">Megval\u00f3sul\u00e1si helysz\u00edn:\u00a0\u00a0 6000 Kecskem\u00e9t, Szolnoki hegy 232., 0659\/8. hrsz.<\/p>\r\n<p class=\"normal-header\">T\u00e1mogat\u00e1si \u00f6sszeg:\u00a0\u00a0\u00a0\u00a0\u00a0\u00a0\u00a0\u00a0 28.354.665 Ft, huszonnyolcmilli\u00f3-h\u00e1romsz\u00e1z\u00f6tvenn\u00e9gyezer-hatsz\u00e1zhatvan\u00f6t forint<\/p>\r\n<p class=\"normal-header\">T\u00e1mogat\u00e1s intenzit\u00e1sa:\u00a0\u00a0\u00a0 30 %<\/p>\r\n<p class=\"normal-header\">\u00a0<\/p>\r\n<p class=\"normal-header\">A projekt le\u00edr\u00e1sa:<\/p>\r\n<p class=\"normal-header\">A Gazdas\u00e1gfejleszt\u00e9si \u00e9s Innov\u00e1ci\u00f3s Operat\u00edv Program keret\u00e9n bel\u00fcl a P\u00e9nz\u00fcgyminiszt\u00e9rium \u201eMikro-, kis- \u00e9s k\u00f6z\u00e9pv\u00e1llalkoz\u00e1sok kapacit\u00e1sb\u0151v\u00edt\u0151 beruh\u00e1z\u00e1sainak t\u00e1mogat\u00e1sa kombin\u00e1lt hitelterm\u00e9k keret\u00e9ben\u201d c\u00edm\u0171 felh\u00edv\u00e1sa alapj\u00e1n, a VT VERES Kft. p\u00e1ly\u00e1zatot ny\u00fajtott be. A GINOP-1.2.3-8-3-4-16-2017-00629 azonos\u00edt\u00f3 sz\u00e1m\u00fa t\u00e1mogat\u00e1si k\u00e9relem pozit\u00edv elb\u00edr\u00e1l\u00e1sban r\u00e9szes\u00fclt. Az Eur\u00f3pai Region\u00e1lis Fejleszt\u00e9si Alapb\u00f3l \u00e9s hazai k\u00f6zponti k\u00f6lts\u00e9gvet\u00e9si el\u0151ir\u00e1nyzatb\u00f3l finansz\u00edrozott vissza nem t\u00e9r\u00edtend\u0151 t\u00e1mogat\u00e1s \u00f6sszege 28.354.665 Ft, illetve a konstrukci\u00f3 keret\u00e9ben ig\u00e9nyelt, visszat\u00e9r\u00edtend\u0151 k\u00f6lcs\u00f6n 56.709.330 Ft.<\/p>\r\n<p class=\"normal-header\">A VT Veres Kft. 94,5 milli\u00f3 \u00f6sszk\u00f6lts\u00e9g\u0171 projektj\u00e9nek eredm\u00e9nyek\u00e9nt \u00faj csarnok \u00e9p\u00fcl, valamint g\u00e9pek beszerz\u00e9se val\u00f3sul meg (targonca, daru, hidraulikus oll\u00f3s munkapad, \u00e1llv\u00e1nyos k\u00f6sz\u00f6r\u0171 \u00e9s egy\u00e9b k\u00e9zi szersz\u00e1mok).<\/p>\r\n<p class=\"normal-header\">A fejleszt\u00e9ssel b\u0151v\u00edtj\u00fck kapacit\u00e1sunkat, mely eredm\u00e9nyek\u00e9nt \u00e1rbev\u00e9tel n\u00f6veked\u00e9s val\u00f3sul meg, illetve a fejlett technol\u00f3gia k\u00f6zvetlen okak\u00e9nt n\u0151ni fog a hozz\u00e1adott \u00e9rt\u00e9k ar\u00e1ny az \u00e1rbev\u00e9telen bel\u00fcl, illetve a c\u00e9g eredm\u00e9nyess\u00e9ge, gazdas\u00e1gban bet\u00f6lt\u00f6tt szerepe, piaci poz\u00edci\u00f3ja. A beruh\u00e1z\u00e1s lehet\u0151s\u00e9get ny\u00fajt a szolg\u00e1ltat\u00e1sok b\u0151v\u00edt\u00e9s\u00e9re, \u00edgy biztos\u00edtva a tev\u00e9kenys\u00e9g\u00fcnk b\u0151v\u00fcl\u00e9s\u00e9t. A szerel\u00e9si kapacit\u00e1s n\u00f6vel\u00e9s\u00e9vel lehet\u0151s\u00e9g\u00fcnk ny\u00edlik tov\u00e1bbi orsz\u00e1gok piacainak megszerz\u00e9s\u00e9re is.<\/p>\r\n<p class=\"normal-header\">\u00a0<\/p>\r\n<p class=\"normal-header\">A projekt megval\u00f3s\u00edt\u00e1s\u00e1nak tervezett id\u0151tartama: 2018.09.26. \u2013 2019.10.30.<\/p>","protected":false},"excerpt":{"rendered":"<p>A p\u00e1ly\u00e1zat adatai:\u00a0\u00a0\u00a0\u00a0\u00a0\u00a0\u00a0\u00a0\u00a0\u00a0\u00a0\u00a0\u00a0\u00a0 Kedvezm\u00e9nyezett neve:VT VERES M\u0171szaki Szolg\u00e1ltat\u00f3 \u00e9s Kereskedelmi Korl\u00e1tolt Felel\u0151ss\u00e9g\u0171 T\u00e1rsas\u00e1g Megval\u00f3sul\u00e1si helysz\u00edn:\u00a0\u00a0 6000 Kecskem\u00e9t, Szolnoki hegy 232., 0659\/8. hrsz. T\u00e1mogat\u00e1si \u00f6sszeg:\u00a0\u00a0\u00a0\u00a0\u00a0\u00a0\u00a0\u00a0 28.354.665 Ft, huszonnyolcmilli\u00f3-h\u00e1romsz\u00e1z\u00f6tvenn\u00e9gyezer-hatsz\u00e1zhatvan\u00f6t forint T\u00e1mogat\u00e1s intenzit\u00e1sa:\u00a0\u00a0\u00a0 30 % \u00a0 A projekt le\u00edr\u00e1sa: A Gazdas\u00e1gfejleszt\u00e9si \u00e9s Innov\u00e1ci\u00f3s Operat\u00edv Program keret\u00e9n bel\u00fcl a P\u00e9nz\u00fcgyminiszt\u00e9rium \u201eMikro-, kis- \u00e9s k\u00f6z\u00e9pv\u00e1llalkoz\u00e1sok kapacit\u00e1sb\u0151v\u00edt\u0151 beruh\u00e1z\u00e1sainak t\u00e1mogat\u00e1sa kombin\u00e1lt hitelterm\u00e9k [&hellip;]<\/p>\n","protected":false},"author":1,"featured_media":0,"parent":0,"menu_order":0,"comment_status":"closed","ping_status":"closed","template":"","meta":{"_exactmetrics_skip_tracking":false,"_exactmetrics_sitenote_active":false,"_exactmetrics_sitenote_note":"","_exactmetrics_sitenote_category":0,"footnotes":""},"class_list":["post-3052","page","type-page","status-publish","hentry"],"yoast_head":"<!-- This site is optimized with the Yoast SEO plugin v27.4 - https:\/\/yoast.com\/product\/yoast-seo-wordpress\/ -->\n<title>\u201eA VT VERES Kft. KAPACIT\u00c1SB\u0150V\u00cdT\u0150 BERUH\u00c1Z\u00c1S\u00c1NAK T\u00c1MOGAT\u00c1SA KOMBIN\u00c1LT HITELTERM\u00c9KKEL\u201d GINOP-1.2.3-8-3-4-16-2017-00629 - VT Veres Kft.<\/title>\n<meta name=\"robots\" content=\"index, follow, max-snippet:-1, max-image-preview:large, max-video-preview:-1\" \/>\n<link rel=\"canonical\" href=\"https:\/\/www.vtveres.hu\/a-vt-veres-kft-kapacitasbovito-beruhazasanak-tamogatasa-kombinalt-hiteltermekkel-ginop-1-2-3-8-3-4-16-2017-00629\/\" \/>\n<meta property=\"og:locale\" content=\"ru_RU\" \/>\n<meta property=\"og:type\" content=\"article\" \/>\n<meta property=\"og:title\" content=\"\u201eA VT VERES Kft. KAPACIT\u00c1SB\u0150V\u00cdT\u0150 BERUH\u00c1Z\u00c1S\u00c1NAK T\u00c1MOGAT\u00c1SA KOMBIN\u00c1LT HITELTERM\u00c9KKEL\u201d GINOP-1.2.3-8-3-4-16-2017-00629 - VT Veres Kft.\" \/>\n<meta property=\"og:description\" content=\"A p\u00e1ly\u00e1zat adatai:\u00a0\u00a0\u00a0\u00a0\u00a0\u00a0\u00a0\u00a0\u00a0\u00a0\u00a0\u00a0\u00a0\u00a0 Kedvezm\u00e9nyezett neve:VT VERES M\u0171szaki Szolg\u00e1ltat\u00f3 \u00e9s Kereskedelmi Korl\u00e1tolt Felel\u0151ss\u00e9g\u0171 T\u00e1rsas\u00e1g Megval\u00f3sul\u00e1si helysz\u00edn:\u00a0\u00a0 6000 Kecskem\u00e9t, Szolnoki hegy 232., 0659\/8. hrsz. T\u00e1mogat\u00e1si \u00f6sszeg:\u00a0\u00a0\u00a0\u00a0\u00a0\u00a0\u00a0\u00a0 28.354.665 Ft, huszonnyolcmilli\u00f3-h\u00e1romsz\u00e1z\u00f6tvenn\u00e9gyezer-hatsz\u00e1zhatvan\u00f6t forint T\u00e1mogat\u00e1s intenzit\u00e1sa:\u00a0\u00a0\u00a0 30 % \u00a0 A projekt le\u00edr\u00e1sa: A Gazdas\u00e1gfejleszt\u00e9si \u00e9s Innov\u00e1ci\u00f3s Operat\u00edv Program keret\u00e9n bel\u00fcl a P\u00e9nz\u00fcgyminiszt\u00e9rium \u201eMikro-, kis- \u00e9s k\u00f6z\u00e9pv\u00e1llalkoz\u00e1sok kapacit\u00e1sb\u0151v\u00edt\u0151 beruh\u00e1z\u00e1sainak t\u00e1mogat\u00e1sa kombin\u00e1lt hitelterm\u00e9k [&hellip;]\" \/>\n<meta property=\"og:url\" content=\"https:\/\/www.vtveres.hu\/a-vt-veres-kft-kapacitasbovito-beruhazasanak-tamogatasa-kombinalt-hiteltermekkel-ginop-1-2-3-8-3-4-16-2017-00629\/\" \/>\n<meta property=\"og:site_name\" content=\"VT Veres Kft.\" \/>\n<meta property=\"article:publisher\" content=\"http:\/\/www.facebook.vtveres.hu\" \/>\n<meta property=\"article:modified_time\" content=\"2025-07-14T13:28:08+00:00\" \/>\n<meta name=\"twitter:card\" content=\"summary_large_image\" \/>\n<meta name=\"twitter:label1\" content=\"\u041f\u0440\u0438\u043c\u0435\u0440\u043d\u043e\u0435 \u0432\u0440\u0435\u043c\u044f \u0434\u043b\u044f \u0447\u0442\u0435\u043d\u0438\u044f\" \/>\n\t<meta name=\"twitter:data1\" content=\"3 \u043c\u0438\u043d\u0443\u0442\u044b\" \/>\n<script type=\"application\/ld+json\" class=\"yoast-schema-graph\">{\"@context\":\"https:\\\/\\\/schema.org\",\"@graph\":[{\"@type\":\"WebPage\",\"@id\":\"https:\\\/\\\/www.vtveres.hu\\\/a-vt-veres-kft-kapacitasbovito-beruhazasanak-tamogatasa-kombinalt-hiteltermekkel-ginop-1-2-3-8-3-4-16-2017-00629\\\/\",\"url\":\"https:\\\/\\\/www.vtveres.hu\\\/a-vt-veres-kft-kapacitasbovito-beruhazasanak-tamogatasa-kombinalt-hiteltermekkel-ginop-1-2-3-8-3-4-16-2017-00629\\\/\",\"name\":\"\u201eA VT VERES Kft. KAPACIT\u00c1SB\u0150V\u00cdT\u0150 BERUH\u00c1Z\u00c1S\u00c1NAK T\u00c1MOGAT\u00c1SA KOMBIN\u00c1LT HITELTERM\u00c9KKEL\u201d GINOP-1.2.3-8-3-4-16-2017-00629 - VT Veres Kft.\",\"isPartOf\":{\"@id\":\"https:\\\/\\\/www.vtveres.hu\\\/#website\"},\"datePublished\":\"2019-05-14T07:38:46+00:00\",\"dateModified\":\"2025-07-14T13:28:08+00:00\",\"breadcrumb\":{\"@id\":\"https:\\\/\\\/www.vtveres.hu\\\/a-vt-veres-kft-kapacitasbovito-beruhazasanak-tamogatasa-kombinalt-hiteltermekkel-ginop-1-2-3-8-3-4-16-2017-00629\\\/#breadcrumb\"},\"inLanguage\":\"ru-RU\",\"potentialAction\":[{\"@type\":\"ReadAction\",\"target\":[\"https:\\\/\\\/www.vtveres.hu\\\/a-vt-veres-kft-kapacitasbovito-beruhazasanak-tamogatasa-kombinalt-hiteltermekkel-ginop-1-2-3-8-3-4-16-2017-00629\\\/\"]}]},{\"@type\":\"BreadcrumbList\",\"@id\":\"https:\\\/\\\/www.vtveres.hu\\\/a-vt-veres-kft-kapacitasbovito-beruhazasanak-tamogatasa-kombinalt-hiteltermekkel-ginop-1-2-3-8-3-4-16-2017-00629\\\/#breadcrumb\",\"itemListElement\":[{\"@type\":\"ListItem\",\"position\":1,\"name\":\"Home\",\"item\":\"https:\\\/\\\/www.vtveres.hu\\\/\"},{\"@type\":\"ListItem\",\"position\":2,\"name\":\"\u201eA VT VERES Kft. KAPACIT\u00c1SB\u0150V\u00cdT\u0150 BERUH\u00c1Z\u00c1S\u00c1NAK T\u00c1MOGAT\u00c1SA KOMBIN\u00c1LT HITELTERM\u00c9KKEL\u201d GINOP-1.2.3-8-3-4-16-2017-00629 \u00e9s MUNKAHELYI K\u00c9PZ\u00c9SEK A VT VERES Kft-n\u00e9l GINOP-6.1.6-17-2018-01201\"}]},{\"@type\":\"WebSite\",\"@id\":\"https:\\\/\\\/www.vtveres.hu\\\/#website\",\"url\":\"https:\\\/\\\/www.vtveres.hu\\\/\",\"name\":\"VT Veres Kft.\",\"description\":\"\u00ab\u0420\u0435\u0448\u0435\u043d\u0438\u044f \u0431\u0443\u0434\u0443\u0449\u0435\u0433\u043e, \u0441\u0435\u0433\u043e\u0434\u043d\u044f\u00bb\",\"publisher\":{\"@id\":\"https:\\\/\\\/www.vtveres.hu\\\/#organization\"},\"potentialAction\":[{\"@type\":\"SearchAction\",\"target\":{\"@type\":\"EntryPoint\",\"urlTemplate\":\"https:\\\/\\\/www.vtveres.hu\\\/?s={search_term_string}\"},\"query-input\":{\"@type\":\"PropertyValueSpecification\",\"valueRequired\":true,\"valueName\":\"search_term_string\"}}],\"inLanguage\":\"ru-RU\"},{\"@type\":\"Organization\",\"@id\":\"https:\\\/\\\/www.vtveres.hu\\\/#organization\",\"name\":\"VT Veres Kft.\",\"url\":\"https:\\\/\\\/www.vtveres.hu\\\/\",\"logo\":{\"@type\":\"ImageObject\",\"inLanguage\":\"ru-RU\",\"@id\":\"https:\\\/\\\/www.vtveres.hu\\\/#\\\/schema\\\/logo\\\/image\\\/\",\"url\":\"https:\\\/\\\/www.vtveres.hu\\\/web\\\/wp-content\\\/uploads\\\/2016\\\/05\\\/25_ev_pici_hun-1.png\",\"contentUrl\":\"https:\\\/\\\/www.vtveres.hu\\\/web\\\/wp-content\\\/uploads\\\/2016\\\/05\\\/25_ev_pici_hun-1.png\",\"width\":140,\"height\":107,\"caption\":\"VT Veres Kft.\"},\"image\":{\"@id\":\"https:\\\/\\\/www.vtveres.hu\\\/#\\\/schema\\\/logo\\\/image\\\/\"},\"sameAs\":[\"http:\\\/\\\/www.facebook.vtveres.hu\",\"http:\\\/\\\/www.instagram.vtveres.hu\",\"http:\\\/\\\/www.linkedin.vtveres.hu\"]}]}<\/script>\n<!-- \/ Yoast SEO plugin. -->","yoast_head_json":{"title":"\u201eA VT VERES Kft. KAPACIT\u00c1SB\u0150V\u00cdT\u0150 BERUH\u00c1Z\u00c1S\u00c1NAK T\u00c1MOGAT\u00c1SA KOMBIN\u00c1LT HITELTERM\u00c9KKEL\u201d GINOP-1.2.3-8-3-4-16-2017-00629 - VT Veres Kft.","robots":{"index":"index","follow":"follow","max-snippet":"max-snippet:-1","max-image-preview":"max-image-preview:large","max-video-preview":"max-video-preview:-1"},"canonical":"https:\/\/www.vtveres.hu\/a-vt-veres-kft-kapacitasbovito-beruhazasanak-tamogatasa-kombinalt-hiteltermekkel-ginop-1-2-3-8-3-4-16-2017-00629\/","og_locale":"ru_RU","og_type":"article","og_title":"\u201eA VT VERES Kft. KAPACIT\u00c1SB\u0150V\u00cdT\u0150 BERUH\u00c1Z\u00c1S\u00c1NAK T\u00c1MOGAT\u00c1SA KOMBIN\u00c1LT HITELTERM\u00c9KKEL\u201d GINOP-1.2.3-8-3-4-16-2017-00629 - VT Veres Kft.","og_description":"A p\u00e1ly\u00e1zat adatai:\u00a0\u00a0\u00a0\u00a0\u00a0\u00a0\u00a0\u00a0\u00a0\u00a0\u00a0\u00a0\u00a0\u00a0 Kedvezm\u00e9nyezett neve:VT VERES M\u0171szaki Szolg\u00e1ltat\u00f3 \u00e9s Kereskedelmi Korl\u00e1tolt Felel\u0151ss\u00e9g\u0171 T\u00e1rsas\u00e1g Megval\u00f3sul\u00e1si helysz\u00edn:\u00a0\u00a0 6000 Kecskem\u00e9t, Szolnoki hegy 232., 0659\/8. hrsz. T\u00e1mogat\u00e1si \u00f6sszeg:\u00a0\u00a0\u00a0\u00a0\u00a0\u00a0\u00a0\u00a0 28.354.665 Ft, huszonnyolcmilli\u00f3-h\u00e1romsz\u00e1z\u00f6tvenn\u00e9gyezer-hatsz\u00e1zhatvan\u00f6t forint T\u00e1mogat\u00e1s intenzit\u00e1sa:\u00a0\u00a0\u00a0 30 % \u00a0 A projekt le\u00edr\u00e1sa: A Gazdas\u00e1gfejleszt\u00e9si \u00e9s Innov\u00e1ci\u00f3s Operat\u00edv Program keret\u00e9n bel\u00fcl a P\u00e9nz\u00fcgyminiszt\u00e9rium \u201eMikro-, kis- \u00e9s k\u00f6z\u00e9pv\u00e1llalkoz\u00e1sok kapacit\u00e1sb\u0151v\u00edt\u0151 beruh\u00e1z\u00e1sainak t\u00e1mogat\u00e1sa kombin\u00e1lt hitelterm\u00e9k [&hellip;]","og_url":"https:\/\/www.vtveres.hu\/a-vt-veres-kft-kapacitasbovito-beruhazasanak-tamogatasa-kombinalt-hiteltermekkel-ginop-1-2-3-8-3-4-16-2017-00629\/","og_site_name":"VT Veres Kft.","article_publisher":"http:\/\/www.facebook.vtveres.hu","article_modified_time":"2025-07-14T13:28:08+00:00","twitter_card":"summary_large_image","twitter_misc":{"\u041f\u0440\u0438\u043c\u0435\u0440\u043d\u043e\u0435 \u0432\u0440\u0435\u043c\u044f \u0434\u043b\u044f \u0447\u0442\u0435\u043d\u0438\u044f":"3 \u043c\u0438\u043d\u0443\u0442\u044b"},"schema":{"@context":"https:\/\/schema.org","@graph":[{"@type":"WebPage","@id":"https:\/\/www.vtveres.hu\/a-vt-veres-kft-kapacitasbovito-beruhazasanak-tamogatasa-kombinalt-hiteltermekkel-ginop-1-2-3-8-3-4-16-2017-00629\/","url":"https:\/\/www.vtveres.hu\/a-vt-veres-kft-kapacitasbovito-beruhazasanak-tamogatasa-kombinalt-hiteltermekkel-ginop-1-2-3-8-3-4-16-2017-00629\/","name":"\u201eA VT VERES Kft. KAPACIT\u00c1SB\u0150V\u00cdT\u0150 BERUH\u00c1Z\u00c1S\u00c1NAK T\u00c1MOGAT\u00c1SA KOMBIN\u00c1LT HITELTERM\u00c9KKEL\u201d GINOP-1.2.3-8-3-4-16-2017-00629 - VT Veres Kft.","isPartOf":{"@id":"https:\/\/www.vtveres.hu\/#website"},"datePublished":"2019-05-14T07:38:46+00:00","dateModified":"2025-07-14T13:28:08+00:00","breadcrumb":{"@id":"https:\/\/www.vtveres.hu\/a-vt-veres-kft-kapacitasbovito-beruhazasanak-tamogatasa-kombinalt-hiteltermekkel-ginop-1-2-3-8-3-4-16-2017-00629\/#breadcrumb"},"inLanguage":"ru-RU","potentialAction":[{"@type":"ReadAction","target":["https:\/\/www.vtveres.hu\/a-vt-veres-kft-kapacitasbovito-beruhazasanak-tamogatasa-kombinalt-hiteltermekkel-ginop-1-2-3-8-3-4-16-2017-00629\/"]}]},{"@type":"BreadcrumbList","@id":"https:\/\/www.vtveres.hu\/a-vt-veres-kft-kapacitasbovito-beruhazasanak-tamogatasa-kombinalt-hiteltermekkel-ginop-1-2-3-8-3-4-16-2017-00629\/#breadcrumb","itemListElement":[{"@type":"ListItem","position":1,"name":"Home","item":"https:\/\/www.vtveres.hu\/"},{"@type":"ListItem","position":2,"name":"\u201eA VT VERES Kft. KAPACIT\u00c1SB\u0150V\u00cdT\u0150 BERUH\u00c1Z\u00c1S\u00c1NAK T\u00c1MOGAT\u00c1SA KOMBIN\u00c1LT HITELTERM\u00c9KKEL\u201d GINOP-1.2.3-8-3-4-16-2017-00629 \u00e9s MUNKAHELYI K\u00c9PZ\u00c9SEK A VT VERES Kft-n\u00e9l GINOP-6.1.6-17-2018-01201"}]},{"@type":"WebSite","@id":"https:\/\/www.vtveres.hu\/#website","url":"https:\/\/www.vtveres.hu\/","name":"VT Veres Kft.","description":"\u00ab\u0420\u0435\u0448\u0435\u043d\u0438\u044f \u0431\u0443\u0434\u0443\u0449\u0435\u0433\u043e, \u0441\u0435\u0433\u043e\u0434\u043d\u044f\u00bb","publisher":{"@id":"https:\/\/www.vtveres.hu\/#organization"},"potentialAction":[{"@type":"SearchAction","target":{"@type":"EntryPoint","urlTemplate":"https:\/\/www.vtveres.hu\/?s={search_term_string}"},"query-input":{"@type":"PropertyValueSpecification","valueRequired":true,"valueName":"search_term_string"}}],"inLanguage":"ru-RU"},{"@type":"Organization","@id":"https:\/\/www.vtveres.hu\/#organization","name":"VT Veres Kft.","url":"https:\/\/www.vtveres.hu\/","logo":{"@type":"ImageObject","inLanguage":"ru-RU","@id":"https:\/\/www.vtveres.hu\/#\/schema\/logo\/image\/","url":"https:\/\/www.vtveres.hu\/web\/wp-content\/uploads\/2016\/05\/25_ev_pici_hun-1.png","contentUrl":"https:\/\/www.vtveres.hu\/web\/wp-content\/uploads\/2016\/05\/25_ev_pici_hun-1.png","width":140,"height":107,"caption":"VT Veres Kft."},"image":{"@id":"https:\/\/www.vtveres.hu\/#\/schema\/logo\/image\/"},"sameAs":["http:\/\/www.facebook.vtveres.hu","http:\/\/www.instagram.vtveres.hu","http:\/\/www.linkedin.vtveres.hu"]}]}},"_links":{"self":[{"href":"https:\/\/www.vtveres.hu\/ru\/wp-json\/wp\/v2\/pages\/3052","targetHints":{"allow":["GET"]}}],"collection":[{"href":"https:\/\/www.vtveres.hu\/ru\/wp-json\/wp\/v2\/pages"}],"about":[{"href":"https:\/\/www.vtveres.hu\/ru\/wp-json\/wp\/v2\/types\/page"}],"author":[{"embeddable":true,"href":"https:\/\/www.vtveres.hu\/ru\/wp-json\/wp\/v2\/users\/1"}],"replies":[{"embeddable":true,"href":"https:\/\/www.vtveres.hu\/ru\/wp-json\/wp\/v2\/comments?post=3052"}],"version-history":[{"count":10,"href":"https:\/\/www.vtveres.hu\/ru\/wp-json\/wp\/v2\/pages\/3052\/revisions"}],"predecessor-version":[{"id":3576,"href":"https:\/\/www.vtveres.hu\/ru\/wp-json\/wp\/v2\/pages\/3052\/revisions\/3576"}],"wp:attachment":[{"href":"https:\/\/www.vtveres.hu\/ru\/wp-json\/wp\/v2\/media?parent=3052"}],"curies":[{"name":"wp","href":"https:\/\/api.w.org\/{rel}","templated":true}]}}