{"id":2954,"date":"2016-12-02T08:36:10","date_gmt":"2016-12-02T08:36:10","guid":{"rendered":"https:\/\/vtveres.hu\/?page_id=2954"},"modified":"2017-02-12T21:27:18","modified_gmt":"2017-02-12T21:27:18","slug":"jogi-nyilatkozat-es-adatvedelem","status":"publish","type":"page","link":"https:\/\/www.vtveres.hu\/ru\/jogi-nyilatkozat-es-adatvedelem\/","title":{"rendered":"Jogi nyilatkozat \u00e9s Adatv\u00e9delem"},"content":{"rendered":"<p style=\"text-align: justify;\"><strong>Jogi Nyilatkozat<\/strong><\/p>\n<p style=\"text-align: justify;\">Az oldal haszn\u00e1lat\u00e1val a www.vtveres.hu weboldalra l\u00e1togat\u00f3 elfogadja jelen szerz\u0151i jogi szerz\u0151d\u00e9st. A weboldal haszn\u00e1lat\u00e1val \u00e9s tartalm\u00e1val kapcsolatos szerz\u0151i jogokat s\u00e9rt\u0151 magatart\u00e1s polg\u00e1ri illetve b\u00fcntet\u0151jogi k\u00f6vetkezm\u00e9nyekkel j\u00e1r.<br \/>\nA www.vtveres.hu weblap tulajdonosa \u00e9s \u00fczemeltet\u0151je, a VT VERES Kft.<br \/>\nAz oldalak, \u00e9s az azokon szerepl\u0151 minden design \u00e9s tartalom &#8211; bele\u00e9rtve valamennyi k\u00e9pet illetve illusztr\u00e1ci\u00f3t, log\u00f3t, valamint a hozz\u00e1juk tartoz\u00f3 valamennyi sz\u00f6veget \u00e9s inform\u00e1ci\u00f3t &#8211; az \u00fczemeltet\u0151 tulajdona, illetve szerz\u0151i jogi v\u00e9delem alatt \u00e1ll.<br \/>\nA weboldal \u00fczemeltet\u0151je az \u00f6sszes, a weboldal b\u00e1rmely r\u00e9sz\u00e9nek m\u00e1sol\u00e1s\u00e1val, terjeszt\u00e9s\u00e9vel kapcsolatos jogot fenntartja. A weboldal valamennyi elem\u00e9nek &#8211; bele\u00e9rtve a design, a tartalom, \u00e9s egy\u00e9b vizu\u00e1lis elem &#8211; enged\u00e9ly n\u00e9lk\u00fcli terjeszt\u00e9se, m\u00e1sol\u00e1sa, tov\u00e1bbi felhaszn\u00e1l\u00e1sa tilos.<br \/>\nA honlapon k\u00f6zz\u00e9tett inform\u00e1ci\u00f3k \u00e9s adatok t\u00e1j\u00e9koztat\u00f3 jelleg\u0171ek, amelyek v\u00e1ltozhatnak.<br \/>\nAz \u00fczemeltet\u0151 azok pontoss\u00e1g\u00e1\u00e9rt \u00e9s teljesk\u00f6r\u0171s\u00e9g\u00e9\u00e9rt felel\u0151ss\u00e9get nem v\u00e1llal. Az adatok \u00e9s inform\u00e1ci\u00f3k felhaszn\u00e1l\u00e1sa a felhaszn\u00e1l\u00f3 felel\u0151ss\u00e9ge.<br \/>\nAz \u00fczemeltet\u0151 az internetr\u0151l let\u00f6lt\u00f6tt anyagokb\u00f3l ered\u0151 v\u00edrusfert\u0151z\u00e9s\u00e9rt, illetve az ez\u00e1ltal okozott k\u00e1rok\u00e9rt felel\u0151ss\u00e9get nem v\u00e1llal.<br \/>\nA www.vtveres.hu oldal\u00e1ra mutat\u00f3 linket b\u00e1rki elhelyezhet saj\u00e1t weboldal\u00e1n k\u00fcl\u00f6n hozz\u00e1j\u00e1rul\u00e1s n\u00e9lk\u00fcl. Bels\u0151 oldalakra mutat\u00f3 linkek is elhelyezhet\u0151k abban az esetben, ha ezek az oldal tartalm\u00e1ra nincsenek hat\u00e1ssal. Tilos linket \u00fagy elhelyezni, hogy az a www.vtveres.hu oldalt m\u00e1s weboldal r\u00e9szek\u00e9nt jelen\u00edti meg.<\/p>\n<p style=\"text-align: justify;\"><strong>Adatv\u00e9delem<\/strong><\/p>\n<p style=\"text-align: justify;\">A VT VERES Kft. a tudom\u00e1s\u00e1ra jutott szem\u00e9lyes adatokat a 2011. \u00e9vi CXII. t\u00f6rv\u00e9ny \u2013 az inform\u00e1ci\u00f3s \u00f6nrendelkez\u00e9si jogr\u00f3l \u00e9s az inform\u00e1ci\u00f3szabads\u00e1gr\u00f3l rendelkez\u00e9sei szerint kezeli. Amennyiben szem\u00e9lyes adat\u00e1t eljuttatja a c\u00e9g\u00fcnkh\u00f6z, ezzel hozz\u00e1j\u00e1rul\u00e1s\u00e1t adja, hogy azt az \u00fcgylet jellege \u00e1ltal meghat\u00e1rozott c\u00e9lb\u00f3l \u00e9s ideig nyilv\u00e1ntartsa \u00e9s kezelje. A VT VERES Kft. az interneten kereszt\u00fcl hozz\u00e1 eljuttatott valamennyi adatot ugyanolyan v\u00e9delemmel kezel, mintha azokat egy\u00e9b \u00faton bocs\u00e1tott\u00e1k volna rendelkez\u00e9s\u00e9re.<br \/>\nVonatkoz\u00f3 hat\u00e1lyos jogszab\u00e1lyok, nemzetk\u00f6zi aj\u00e1nl\u00e1sok:<br \/>\n\u2022 Az inform\u00e1ci\u00f3s \u00f6nrendelkez\u00e9si jogr\u00f3l \u00e9s az inform\u00e1ci\u00f3szabads\u00e1gr\u00f3l sz\u00f3l\u00f3 2011. \u00e9vi CXII. t\u00f6rv\u00e9ny<br \/>\n\u2022 Az egy\u00e9nek v\u00e9delm\u00e9r\u0151l a szem\u00e9lyes adatok g\u00e9pi feldolgoz\u00e1sa sor\u00e1n sz\u00f3l\u00f3 1998. \u00e9vi VI. t\u00f6rv\u00e9ny;<br \/>\n\u2022 A Magyar Tartalomszolg\u00e1ltat\u00f3k Egyes\u00fclet\u00e9nek a tartalomszolg\u00e1ltat\u00e1sra vonatkoz\u00f3 m\u0171k\u00f6d\u00e9si, etikai \u00e9s elj\u00e1r\u00e1si szab\u00e1lyzata, a szem\u00e9lyes adatok \u00e9s inform\u00e1ci\u00f3k kezel\u00e9s\u00e9r\u0151l \u00e9s v\u00e9delm\u00e9r\u0151l sz\u00f3l\u00f3 2. sz\u00e1m\u00fa mell\u00e9klet;<br \/>\n\u2022 Az Online PrivacyAlliance aj\u00e1nl\u00e1sai.<\/p>\n<p style=\"text-align: justify;\">Szem\u00e9lyes adatot &#8211; a hat\u00e1lyos magyar jogi szab\u00e1lyoz\u00e1s alapj\u00e1n &#8211; t\u00f6rv\u00e9nyi felhatalmaz\u00e1s vagy az \u00e9rintett hozz\u00e1j\u00e1rul\u00e1sa alapj\u00e1n kezel\u00fcnk. Minden olyan esetben, amikor az adatfelv\u00e9telt, kezel\u00e9st, r\u00f6gz\u00edt\u00e9st nem jogszab\u00e1ly teszi k\u00f6telez\u0151v\u00e9, jelezz\u00fck az adatszolg\u00e1ltat\u00e1s \u00f6nk\u00e9ntess\u00e9g\u00e9t.<br \/>\nJelen nyilatkozat csak a VT VERES Kft. honlapj\u00e1nak adatv\u00e9delmi gyakorlat\u00e1ra vonatkozik.<\/p>\n","protected":false},"excerpt":{"rendered":"<p>Jogi Nyilatkozat Az oldal haszn\u00e1lat\u00e1val a www.vtveres.hu weboldalra l\u00e1togat\u00f3 elfogadja jelen szerz\u0151i jogi szerz\u0151d\u00e9st. A weboldal haszn\u00e1lat\u00e1val \u00e9s tartalm\u00e1val kapcsolatos szerz\u0151i jogokat s\u00e9rt\u0151 magatart\u00e1s polg\u00e1ri illetve b\u00fcntet\u0151jogi k\u00f6vetkezm\u00e9nyekkel j\u00e1r. A www.vtveres.hu weblap tulajdonosa \u00e9s \u00fczemeltet\u0151je, a VT VERES Kft. Az oldalak, \u00e9s az azokon szerepl\u0151 minden design \u00e9s tartalom &#8211; bele\u00e9rtve valamennyi k\u00e9pet illetve illusztr\u00e1ci\u00f3t, [&hellip;]<\/p>\n","protected":false},"author":1,"featured_media":0,"parent":0,"menu_order":0,"comment_status":"closed","ping_status":"closed","template":"","meta":{"_exactmetrics_skip_tracking":false,"_exactmetrics_sitenote_active":false,"_exactmetrics_sitenote_note":"","_exactmetrics_sitenote_category":0,"footnotes":""},"class_list":["post-2954","page","type-page","status-publish","hentry"],"yoast_head":"<!-- This site is optimized with the Yoast SEO plugin v27.4 - https:\/\/yoast.com\/product\/yoast-seo-wordpress\/ -->\n<title>Jogi nyilatkozat \u00e9s Adatv\u00e9delem - VT Veres Kft.<\/title>\n<meta name=\"robots\" content=\"index, follow, max-snippet:-1, max-image-preview:large, max-video-preview:-1\" \/>\n<link rel=\"canonical\" href=\"https:\/\/www.vtveres.hu\/jogi-nyilatkozat-es-adatvedelem\/\" \/>\n<meta property=\"og:locale\" content=\"ru_RU\" \/>\n<meta property=\"og:type\" content=\"article\" \/>\n<meta property=\"og:title\" content=\"Jogi nyilatkozat \u00e9s Adatv\u00e9delem - VT Veres Kft.\" \/>\n<meta property=\"og:description\" content=\"Jogi Nyilatkozat Az oldal haszn\u00e1lat\u00e1val a www.vtveres.hu weboldalra l\u00e1togat\u00f3 elfogadja jelen szerz\u0151i jogi szerz\u0151d\u00e9st. A weboldal haszn\u00e1lat\u00e1val \u00e9s tartalm\u00e1val kapcsolatos szerz\u0151i jogokat s\u00e9rt\u0151 magatart\u00e1s polg\u00e1ri illetve b\u00fcntet\u0151jogi k\u00f6vetkezm\u00e9nyekkel j\u00e1r. A www.vtveres.hu weblap tulajdonosa \u00e9s \u00fczemeltet\u0151je, a VT VERES Kft. Az oldalak, \u00e9s az azokon szerepl\u0151 minden design \u00e9s tartalom &#8211; bele\u00e9rtve valamennyi k\u00e9pet illetve illusztr\u00e1ci\u00f3t, [&hellip;]\" \/>\n<meta property=\"og:url\" content=\"https:\/\/www.vtveres.hu\/jogi-nyilatkozat-es-adatvedelem\/\" \/>\n<meta property=\"og:site_name\" content=\"VT Veres Kft.\" \/>\n<meta property=\"article:publisher\" content=\"http:\/\/www.facebook.vtveres.hu\" \/>\n<meta property=\"article:modified_time\" content=\"2017-02-12T21:27:18+00:00\" \/>\n<meta name=\"twitter:card\" content=\"summary_large_image\" \/>\n<meta name=\"twitter:label1\" content=\"\u041f\u0440\u0438\u043c\u0435\u0440\u043d\u043e\u0435 \u0432\u0440\u0435\u043c\u044f \u0434\u043b\u044f \u0447\u0442\u0435\u043d\u0438\u044f\" \/>\n\t<meta name=\"twitter:data1\" content=\"3 \u043c\u0438\u043d\u0443\u0442\u044b\" \/>\n<script type=\"application\/ld+json\" class=\"yoast-schema-graph\">{\"@context\":\"https:\\\/\\\/schema.org\",\"@graph\":[{\"@type\":\"WebPage\",\"@id\":\"https:\\\/\\\/www.vtveres.hu\\\/jogi-nyilatkozat-es-adatvedelem\\\/\",\"url\":\"https:\\\/\\\/www.vtveres.hu\\\/jogi-nyilatkozat-es-adatvedelem\\\/\",\"name\":\"Jogi nyilatkozat \u00e9s Adatv\u00e9delem - VT Veres Kft.\",\"isPartOf\":{\"@id\":\"https:\\\/\\\/www.vtveres.hu\\\/#website\"},\"datePublished\":\"2016-12-02T08:36:10+00:00\",\"dateModified\":\"2017-02-12T21:27:18+00:00\",\"breadcrumb\":{\"@id\":\"https:\\\/\\\/www.vtveres.hu\\\/jogi-nyilatkozat-es-adatvedelem\\\/#breadcrumb\"},\"inLanguage\":\"ru-RU\",\"potentialAction\":[{\"@type\":\"ReadAction\",\"target\":[\"https:\\\/\\\/www.vtveres.hu\\\/jogi-nyilatkozat-es-adatvedelem\\\/\"]}]},{\"@type\":\"BreadcrumbList\",\"@id\":\"https:\\\/\\\/www.vtveres.hu\\\/jogi-nyilatkozat-es-adatvedelem\\\/#breadcrumb\",\"itemListElement\":[{\"@type\":\"ListItem\",\"position\":1,\"name\":\"Home\",\"item\":\"https:\\\/\\\/www.vtveres.hu\\\/\"},{\"@type\":\"ListItem\",\"position\":2,\"name\":\"Jogi nyilatkozat \u00e9s Adatv\u00e9delem\"}]},{\"@type\":\"WebSite\",\"@id\":\"https:\\\/\\\/www.vtveres.hu\\\/#website\",\"url\":\"https:\\\/\\\/www.vtveres.hu\\\/\",\"name\":\"VT Veres Kft.\",\"description\":\"\u00ab\u0420\u0435\u0448\u0435\u043d\u0438\u044f \u0431\u0443\u0434\u0443\u0449\u0435\u0433\u043e, \u0441\u0435\u0433\u043e\u0434\u043d\u044f\u00bb\",\"publisher\":{\"@id\":\"https:\\\/\\\/www.vtveres.hu\\\/#organization\"},\"potentialAction\":[{\"@type\":\"SearchAction\",\"target\":{\"@type\":\"EntryPoint\",\"urlTemplate\":\"https:\\\/\\\/www.vtveres.hu\\\/?s={search_term_string}\"},\"query-input\":{\"@type\":\"PropertyValueSpecification\",\"valueRequired\":true,\"valueName\":\"search_term_string\"}}],\"inLanguage\":\"ru-RU\"},{\"@type\":\"Organization\",\"@id\":\"https:\\\/\\\/www.vtveres.hu\\\/#organization\",\"name\":\"VT Veres Kft.\",\"url\":\"https:\\\/\\\/www.vtveres.hu\\\/\",\"logo\":{\"@type\":\"ImageObject\",\"inLanguage\":\"ru-RU\",\"@id\":\"https:\\\/\\\/www.vtveres.hu\\\/#\\\/schema\\\/logo\\\/image\\\/\",\"url\":\"https:\\\/\\\/www.vtveres.hu\\\/web\\\/wp-content\\\/uploads\\\/2016\\\/05\\\/25_ev_pici_hun-1.png\",\"contentUrl\":\"https:\\\/\\\/www.vtveres.hu\\\/web\\\/wp-content\\\/uploads\\\/2016\\\/05\\\/25_ev_pici_hun-1.png\",\"width\":140,\"height\":107,\"caption\":\"VT Veres Kft.\"},\"image\":{\"@id\":\"https:\\\/\\\/www.vtveres.hu\\\/#\\\/schema\\\/logo\\\/image\\\/\"},\"sameAs\":[\"http:\\\/\\\/www.facebook.vtveres.hu\",\"http:\\\/\\\/www.instagram.vtveres.hu\",\"http:\\\/\\\/www.linkedin.vtveres.hu\"]}]}<\/script>\n<!-- \/ Yoast SEO plugin. -->","yoast_head_json":{"title":"Jogi nyilatkozat \u00e9s Adatv\u00e9delem - VT Veres Kft.","robots":{"index":"index","follow":"follow","max-snippet":"max-snippet:-1","max-image-preview":"max-image-preview:large","max-video-preview":"max-video-preview:-1"},"canonical":"https:\/\/www.vtveres.hu\/jogi-nyilatkozat-es-adatvedelem\/","og_locale":"ru_RU","og_type":"article","og_title":"Jogi nyilatkozat \u00e9s Adatv\u00e9delem - VT Veres Kft.","og_description":"Jogi Nyilatkozat Az oldal haszn\u00e1lat\u00e1val a www.vtveres.hu weboldalra l\u00e1togat\u00f3 elfogadja jelen szerz\u0151i jogi szerz\u0151d\u00e9st. A weboldal haszn\u00e1lat\u00e1val \u00e9s tartalm\u00e1val kapcsolatos szerz\u0151i jogokat s\u00e9rt\u0151 magatart\u00e1s polg\u00e1ri illetve b\u00fcntet\u0151jogi k\u00f6vetkezm\u00e9nyekkel j\u00e1r. A www.vtveres.hu weblap tulajdonosa \u00e9s \u00fczemeltet\u0151je, a VT VERES Kft. Az oldalak, \u00e9s az azokon szerepl\u0151 minden design \u00e9s tartalom &#8211; bele\u00e9rtve valamennyi k\u00e9pet illetve illusztr\u00e1ci\u00f3t, [&hellip;]","og_url":"https:\/\/www.vtveres.hu\/jogi-nyilatkozat-es-adatvedelem\/","og_site_name":"VT Veres Kft.","article_publisher":"http:\/\/www.facebook.vtveres.hu","article_modified_time":"2017-02-12T21:27:18+00:00","twitter_card":"summary_large_image","twitter_misc":{"\u041f\u0440\u0438\u043c\u0435\u0440\u043d\u043e\u0435 \u0432\u0440\u0435\u043c\u044f \u0434\u043b\u044f \u0447\u0442\u0435\u043d\u0438\u044f":"3 \u043c\u0438\u043d\u0443\u0442\u044b"},"schema":{"@context":"https:\/\/schema.org","@graph":[{"@type":"WebPage","@id":"https:\/\/www.vtveres.hu\/jogi-nyilatkozat-es-adatvedelem\/","url":"https:\/\/www.vtveres.hu\/jogi-nyilatkozat-es-adatvedelem\/","name":"Jogi nyilatkozat \u00e9s Adatv\u00e9delem - VT Veres Kft.","isPartOf":{"@id":"https:\/\/www.vtveres.hu\/#website"},"datePublished":"2016-12-02T08:36:10+00:00","dateModified":"2017-02-12T21:27:18+00:00","breadcrumb":{"@id":"https:\/\/www.vtveres.hu\/jogi-nyilatkozat-es-adatvedelem\/#breadcrumb"},"inLanguage":"ru-RU","potentialAction":[{"@type":"ReadAction","target":["https:\/\/www.vtveres.hu\/jogi-nyilatkozat-es-adatvedelem\/"]}]},{"@type":"BreadcrumbList","@id":"https:\/\/www.vtveres.hu\/jogi-nyilatkozat-es-adatvedelem\/#breadcrumb","itemListElement":[{"@type":"ListItem","position":1,"name":"Home","item":"https:\/\/www.vtveres.hu\/"},{"@type":"ListItem","position":2,"name":"Jogi nyilatkozat \u00e9s Adatv\u00e9delem"}]},{"@type":"WebSite","@id":"https:\/\/www.vtveres.hu\/#website","url":"https:\/\/www.vtveres.hu\/","name":"VT Veres Kft.","description":"\u00ab\u0420\u0435\u0448\u0435\u043d\u0438\u044f \u0431\u0443\u0434\u0443\u0449\u0435\u0433\u043e, \u0441\u0435\u0433\u043e\u0434\u043d\u044f\u00bb","publisher":{"@id":"https:\/\/www.vtveres.hu\/#organization"},"potentialAction":[{"@type":"SearchAction","target":{"@type":"EntryPoint","urlTemplate":"https:\/\/www.vtveres.hu\/?s={search_term_string}"},"query-input":{"@type":"PropertyValueSpecification","valueRequired":true,"valueName":"search_term_string"}}],"inLanguage":"ru-RU"},{"@type":"Organization","@id":"https:\/\/www.vtveres.hu\/#organization","name":"VT Veres Kft.","url":"https:\/\/www.vtveres.hu\/","logo":{"@type":"ImageObject","inLanguage":"ru-RU","@id":"https:\/\/www.vtveres.hu\/#\/schema\/logo\/image\/","url":"https:\/\/www.vtveres.hu\/web\/wp-content\/uploads\/2016\/05\/25_ev_pici_hun-1.png","contentUrl":"https:\/\/www.vtveres.hu\/web\/wp-content\/uploads\/2016\/05\/25_ev_pici_hun-1.png","width":140,"height":107,"caption":"VT Veres Kft."},"image":{"@id":"https:\/\/www.vtveres.hu\/#\/schema\/logo\/image\/"},"sameAs":["http:\/\/www.facebook.vtveres.hu","http:\/\/www.instagram.vtveres.hu","http:\/\/www.linkedin.vtveres.hu"]}]}},"_links":{"self":[{"href":"https:\/\/www.vtveres.hu\/ru\/wp-json\/wp\/v2\/pages\/2954","targetHints":{"allow":["GET"]}}],"collection":[{"href":"https:\/\/www.vtveres.hu\/ru\/wp-json\/wp\/v2\/pages"}],"about":[{"href":"https:\/\/www.vtveres.hu\/ru\/wp-json\/wp\/v2\/types\/page"}],"author":[{"embeddable":true,"href":"https:\/\/www.vtveres.hu\/ru\/wp-json\/wp\/v2\/users\/1"}],"replies":[{"embeddable":true,"href":"https:\/\/www.vtveres.hu\/ru\/wp-json\/wp\/v2\/comments?post=2954"}],"version-history":[{"count":4,"href":"https:\/\/www.vtveres.hu\/ru\/wp-json\/wp\/v2\/pages\/2954\/revisions"}],"predecessor-version":[{"id":2980,"href":"https:\/\/www.vtveres.hu\/ru\/wp-json\/wp\/v2\/pages\/2954\/revisions\/2980"}],"wp:attachment":[{"href":"https:\/\/www.vtveres.hu\/ru\/wp-json\/wp\/v2\/media?parent=2954"}],"curies":[{"name":"wp","href":"https:\/\/api.w.org\/{rel}","templated":true}]}}