{"id":2952,"date":"2016-12-02T08:34:50","date_gmt":"2016-12-02T08:34:50","guid":{"rendered":"https:\/\/vtveres.hu\/?page_id=2952"},"modified":"2016-12-02T09:17:09","modified_gmt":"2016-12-02T09:17:09","slug":"impresszum","status":"publish","type":"page","link":"https:\/\/www.vtveres.hu\/ru\/impresszum\/","title":{"rendered":"Impress"},"content":{"rendered":"<p><strong>A t\u00e1rhelyszolg\u00e1ltat\u00f3 adatai:<\/strong><br \/>\nA t\u00e1rhelyszolg\u00e1ltat\u00f3: T\u00e1rhely.Eu Szolg\u00e1ltat\u00f3 Kft.<br \/>\nA t\u00e1rhelyszolg\u00e1ltat\u00f3 sz\u00e9khelye: 1144 Budapest, Orm\u00e1ns\u00e1g u. 4\/A. X. em. 241.<br \/>\nA t\u00e1rhelyszolg\u00e1ltat\u00f3 el\u00e9rhet\u0151s\u00e9gei: +36 1 789-2-789; support@tarhely.eu<\/p>\n<p><strong>A szolg\u00e1ltat\u00f3 neve:<\/strong>\u00a0VT VERES Kft.<br \/>\nA szolg\u00e1ltat\u00f3 telephelye: 6000 Kecskem\u00e9t, Szolnoki hegy 232.<br \/>\nA szolg\u00e1ltat\u00f3 el\u00e9rhet\u0151s\u00e9gei: +36 76 500-170<br \/>\nAd\u00f3sz\u00e1ma: 11591984-2-03<br \/>\nC\u00e9gjegyz\u00e9ksz\u00e1ma: 03-09-107082<\/p>\n<p><strong>Kamara:<\/strong><br \/>\nB\u00e1cs-Kiskun Megyei Kereskedelmi \u00e9s Iparkamara (BKMKIK), kamarai nyilv\u00e1ntart\u00e1si sz\u00e1ma: BA11591984<\/p>\n<p>Weboldalunkkal kapcsolatos \u00e9szrev\u00e9telekkel k\u00e9rj\u00fck ide \u00edrjon:\u00a0<a href=\"mailto:WEB@vtveres.hu\">WEB@vtveres.hu<\/a><\/p>\n","protected":false},"excerpt":{"rendered":"<p>A t\u00e1rhelyszolg\u00e1ltat\u00f3 adatai: A t\u00e1rhelyszolg\u00e1ltat\u00f3: T\u00e1rhely.Eu Szolg\u00e1ltat\u00f3 Kft. A t\u00e1rhelyszolg\u00e1ltat\u00f3 sz\u00e9khelye: 1144 Budapest, Orm\u00e1ns\u00e1g u. 4\/A. X. em. 241. A t\u00e1rhelyszolg\u00e1ltat\u00f3 el\u00e9rhet\u0151s\u00e9gei: +36 1 789-2-789; support@tarhely.eu A szolg\u00e1ltat\u00f3 neve:\u00a0VT VERES Kft. A szolg\u00e1ltat\u00f3 telephelye: 6000 Kecskem\u00e9t, Szolnoki hegy 232. A szolg\u00e1ltat\u00f3 el\u00e9rhet\u0151s\u00e9gei: +36 76 500-170 Ad\u00f3sz\u00e1ma: 11591984-2-03 C\u00e9gjegyz\u00e9ksz\u00e1ma: 03-09-107082 Kamara: B\u00e1cs-Kiskun Megyei Kereskedelmi \u00e9s Iparkamara [&hellip;]<\/p>\n","protected":false},"author":1,"featured_media":0,"parent":0,"menu_order":0,"comment_status":"closed","ping_status":"closed","template":"","meta":{"_exactmetrics_skip_tracking":false,"_exactmetrics_sitenote_active":false,"_exactmetrics_sitenote_note":"","_exactmetrics_sitenote_category":0,"footnotes":""},"class_list":["post-2952","page","type-page","status-publish","hentry"],"yoast_head":"<!-- This site is optimized with the Yoast SEO plugin v27.4 - https:\/\/yoast.com\/product\/yoast-seo-wordpress\/ -->\n<title>Impress - VT Veres Kft.<\/title>\n<meta name=\"robots\" content=\"index, follow, max-snippet:-1, max-image-preview:large, max-video-preview:-1\" \/>\n<link rel=\"canonical\" href=\"https:\/\/www.vtveres.hu\/impresszum\/\" \/>\n<meta property=\"og:locale\" content=\"ru_RU\" \/>\n<meta property=\"og:type\" content=\"article\" \/>\n<meta property=\"og:title\" content=\"Impress - VT Veres Kft.\" \/>\n<meta property=\"og:description\" content=\"A t\u00e1rhelyszolg\u00e1ltat\u00f3 adatai: A t\u00e1rhelyszolg\u00e1ltat\u00f3: T\u00e1rhely.Eu Szolg\u00e1ltat\u00f3 Kft. A t\u00e1rhelyszolg\u00e1ltat\u00f3 sz\u00e9khelye: 1144 Budapest, Orm\u00e1ns\u00e1g u. 4\/A. X. em. 241. A t\u00e1rhelyszolg\u00e1ltat\u00f3 el\u00e9rhet\u0151s\u00e9gei: +36 1 789-2-789; support@tarhely.eu A szolg\u00e1ltat\u00f3 neve:\u00a0VT VERES Kft. A szolg\u00e1ltat\u00f3 telephelye: 6000 Kecskem\u00e9t, Szolnoki hegy 232. A szolg\u00e1ltat\u00f3 el\u00e9rhet\u0151s\u00e9gei: +36 76 500-170 Ad\u00f3sz\u00e1ma: 11591984-2-03 C\u00e9gjegyz\u00e9ksz\u00e1ma: 03-09-107082 Kamara: B\u00e1cs-Kiskun Megyei Kereskedelmi \u00e9s Iparkamara [&hellip;]\" \/>\n<meta property=\"og:url\" content=\"https:\/\/www.vtveres.hu\/impresszum\/\" \/>\n<meta property=\"og:site_name\" content=\"VT Veres Kft.\" \/>\n<meta property=\"article:publisher\" content=\"http:\/\/www.facebook.vtveres.hu\" \/>\n<meta property=\"article:modified_time\" content=\"2016-12-02T09:17:09+00:00\" \/>\n<meta name=\"twitter:card\" content=\"summary_large_image\" \/>\n<meta name=\"twitter:label1\" content=\"\u041f\u0440\u0438\u043c\u0435\u0440\u043d\u043e\u0435 \u0432\u0440\u0435\u043c\u044f \u0434\u043b\u044f \u0447\u0442\u0435\u043d\u0438\u044f\" \/>\n\t<meta name=\"twitter:data1\" content=\"1 \u043c\u0438\u043d\u0443\u0442\u0430\" \/>\n<script type=\"application\/ld+json\" class=\"yoast-schema-graph\">{\"@context\":\"https:\\\/\\\/schema.org\",\"@graph\":[{\"@type\":\"WebPage\",\"@id\":\"https:\\\/\\\/www.vtveres.hu\\\/impresszum\\\/\",\"url\":\"https:\\\/\\\/www.vtveres.hu\\\/impresszum\\\/\",\"name\":\"Impress - VT Veres Kft.\",\"isPartOf\":{\"@id\":\"https:\\\/\\\/www.vtveres.hu\\\/#website\"},\"datePublished\":\"2016-12-02T08:34:50+00:00\",\"dateModified\":\"2016-12-02T09:17:09+00:00\",\"breadcrumb\":{\"@id\":\"https:\\\/\\\/www.vtveres.hu\\\/impresszum\\\/#breadcrumb\"},\"inLanguage\":\"ru-RU\",\"potentialAction\":[{\"@type\":\"ReadAction\",\"target\":[\"https:\\\/\\\/www.vtveres.hu\\\/impresszum\\\/\"]}]},{\"@type\":\"BreadcrumbList\",\"@id\":\"https:\\\/\\\/www.vtveres.hu\\\/impresszum\\\/#breadcrumb\",\"itemListElement\":[{\"@type\":\"ListItem\",\"position\":1,\"name\":\"Home\",\"item\":\"https:\\\/\\\/www.vtveres.hu\\\/\"},{\"@type\":\"ListItem\",\"position\":2,\"name\":\"Impresszum\"}]},{\"@type\":\"WebSite\",\"@id\":\"https:\\\/\\\/www.vtveres.hu\\\/#website\",\"url\":\"https:\\\/\\\/www.vtveres.hu\\\/\",\"name\":\"VT Veres Kft.\",\"description\":\"\u00ab\u0420\u0435\u0448\u0435\u043d\u0438\u044f \u0431\u0443\u0434\u0443\u0449\u0435\u0433\u043e, \u0441\u0435\u0433\u043e\u0434\u043d\u044f\u00bb\",\"publisher\":{\"@id\":\"https:\\\/\\\/www.vtveres.hu\\\/#organization\"},\"potentialAction\":[{\"@type\":\"SearchAction\",\"target\":{\"@type\":\"EntryPoint\",\"urlTemplate\":\"https:\\\/\\\/www.vtveres.hu\\\/?s={search_term_string}\"},\"query-input\":{\"@type\":\"PropertyValueSpecification\",\"valueRequired\":true,\"valueName\":\"search_term_string\"}}],\"inLanguage\":\"ru-RU\"},{\"@type\":\"Organization\",\"@id\":\"https:\\\/\\\/www.vtveres.hu\\\/#organization\",\"name\":\"VT Veres Kft.\",\"url\":\"https:\\\/\\\/www.vtveres.hu\\\/\",\"logo\":{\"@type\":\"ImageObject\",\"inLanguage\":\"ru-RU\",\"@id\":\"https:\\\/\\\/www.vtveres.hu\\\/#\\\/schema\\\/logo\\\/image\\\/\",\"url\":\"https:\\\/\\\/www.vtveres.hu\\\/web\\\/wp-content\\\/uploads\\\/2016\\\/05\\\/25_ev_pici_hun-1.png\",\"contentUrl\":\"https:\\\/\\\/www.vtveres.hu\\\/web\\\/wp-content\\\/uploads\\\/2016\\\/05\\\/25_ev_pici_hun-1.png\",\"width\":140,\"height\":107,\"caption\":\"VT Veres Kft.\"},\"image\":{\"@id\":\"https:\\\/\\\/www.vtveres.hu\\\/#\\\/schema\\\/logo\\\/image\\\/\"},\"sameAs\":[\"http:\\\/\\\/www.facebook.vtveres.hu\",\"http:\\\/\\\/www.instagram.vtveres.hu\",\"http:\\\/\\\/www.linkedin.vtveres.hu\"]}]}<\/script>\n<!-- \/ Yoast SEO plugin. -->","yoast_head_json":{"title":"Impress - VT Veres Kft.","robots":{"index":"index","follow":"follow","max-snippet":"max-snippet:-1","max-image-preview":"max-image-preview:large","max-video-preview":"max-video-preview:-1"},"canonical":"https:\/\/www.vtveres.hu\/impresszum\/","og_locale":"ru_RU","og_type":"article","og_title":"Impress - VT Veres Kft.","og_description":"A t\u00e1rhelyszolg\u00e1ltat\u00f3 adatai: A t\u00e1rhelyszolg\u00e1ltat\u00f3: T\u00e1rhely.Eu Szolg\u00e1ltat\u00f3 Kft. A t\u00e1rhelyszolg\u00e1ltat\u00f3 sz\u00e9khelye: 1144 Budapest, Orm\u00e1ns\u00e1g u. 4\/A. X. em. 241. A t\u00e1rhelyszolg\u00e1ltat\u00f3 el\u00e9rhet\u0151s\u00e9gei: +36 1 789-2-789; support@tarhely.eu A szolg\u00e1ltat\u00f3 neve:\u00a0VT VERES Kft. A szolg\u00e1ltat\u00f3 telephelye: 6000 Kecskem\u00e9t, Szolnoki hegy 232. A szolg\u00e1ltat\u00f3 el\u00e9rhet\u0151s\u00e9gei: +36 76 500-170 Ad\u00f3sz\u00e1ma: 11591984-2-03 C\u00e9gjegyz\u00e9ksz\u00e1ma: 03-09-107082 Kamara: B\u00e1cs-Kiskun Megyei Kereskedelmi \u00e9s Iparkamara [&hellip;]","og_url":"https:\/\/www.vtveres.hu\/impresszum\/","og_site_name":"VT Veres Kft.","article_publisher":"http:\/\/www.facebook.vtveres.hu","article_modified_time":"2016-12-02T09:17:09+00:00","twitter_card":"summary_large_image","twitter_misc":{"\u041f\u0440\u0438\u043c\u0435\u0440\u043d\u043e\u0435 \u0432\u0440\u0435\u043c\u044f \u0434\u043b\u044f \u0447\u0442\u0435\u043d\u0438\u044f":"1 \u043c\u0438\u043d\u0443\u0442\u0430"},"schema":{"@context":"https:\/\/schema.org","@graph":[{"@type":"WebPage","@id":"https:\/\/www.vtveres.hu\/impresszum\/","url":"https:\/\/www.vtveres.hu\/impresszum\/","name":"Impress - VT Veres Kft.","isPartOf":{"@id":"https:\/\/www.vtveres.hu\/#website"},"datePublished":"2016-12-02T08:34:50+00:00","dateModified":"2016-12-02T09:17:09+00:00","breadcrumb":{"@id":"https:\/\/www.vtveres.hu\/impresszum\/#breadcrumb"},"inLanguage":"ru-RU","potentialAction":[{"@type":"ReadAction","target":["https:\/\/www.vtveres.hu\/impresszum\/"]}]},{"@type":"BreadcrumbList","@id":"https:\/\/www.vtveres.hu\/impresszum\/#breadcrumb","itemListElement":[{"@type":"ListItem","position":1,"name":"Home","item":"https:\/\/www.vtveres.hu\/"},{"@type":"ListItem","position":2,"name":"Impresszum"}]},{"@type":"WebSite","@id":"https:\/\/www.vtveres.hu\/#website","url":"https:\/\/www.vtveres.hu\/","name":"VT Veres Kft.","description":"\u00ab\u0420\u0435\u0448\u0435\u043d\u0438\u044f \u0431\u0443\u0434\u0443\u0449\u0435\u0433\u043e, \u0441\u0435\u0433\u043e\u0434\u043d\u044f\u00bb","publisher":{"@id":"https:\/\/www.vtveres.hu\/#organization"},"potentialAction":[{"@type":"SearchAction","target":{"@type":"EntryPoint","urlTemplate":"https:\/\/www.vtveres.hu\/?s={search_term_string}"},"query-input":{"@type":"PropertyValueSpecification","valueRequired":true,"valueName":"search_term_string"}}],"inLanguage":"ru-RU"},{"@type":"Organization","@id":"https:\/\/www.vtveres.hu\/#organization","name":"VT Veres Kft.","url":"https:\/\/www.vtveres.hu\/","logo":{"@type":"ImageObject","inLanguage":"ru-RU","@id":"https:\/\/www.vtveres.hu\/#\/schema\/logo\/image\/","url":"https:\/\/www.vtveres.hu\/web\/wp-content\/uploads\/2016\/05\/25_ev_pici_hun-1.png","contentUrl":"https:\/\/www.vtveres.hu\/web\/wp-content\/uploads\/2016\/05\/25_ev_pici_hun-1.png","width":140,"height":107,"caption":"VT Veres Kft."},"image":{"@id":"https:\/\/www.vtveres.hu\/#\/schema\/logo\/image\/"},"sameAs":["http:\/\/www.facebook.vtveres.hu","http:\/\/www.instagram.vtveres.hu","http:\/\/www.linkedin.vtveres.hu"]}]}},"_links":{"self":[{"href":"https:\/\/www.vtveres.hu\/ru\/wp-json\/wp\/v2\/pages\/2952","targetHints":{"allow":["GET"]}}],"collection":[{"href":"https:\/\/www.vtveres.hu\/ru\/wp-json\/wp\/v2\/pages"}],"about":[{"href":"https:\/\/www.vtveres.hu\/ru\/wp-json\/wp\/v2\/types\/page"}],"author":[{"embeddable":true,"href":"https:\/\/www.vtveres.hu\/ru\/wp-json\/wp\/v2\/users\/1"}],"replies":[{"embeddable":true,"href":"https:\/\/www.vtveres.hu\/ru\/wp-json\/wp\/v2\/comments?post=2952"}],"version-history":[{"count":3,"href":"https:\/\/www.vtveres.hu\/ru\/wp-json\/wp\/v2\/pages\/2952\/revisions"}],"predecessor-version":[{"id":2967,"href":"https:\/\/www.vtveres.hu\/ru\/wp-json\/wp\/v2\/pages\/2952\/revisions\/2967"}],"wp:attachment":[{"href":"https:\/\/www.vtveres.hu\/ru\/wp-json\/wp\/v2\/media?parent=2952"}],"curies":[{"name":"wp","href":"https:\/\/api.w.org\/{rel}","templated":true}]}}