{"id":2563,"date":"2016-09-29T20:46:31","date_gmt":"2016-09-29T20:46:31","guid":{"rendered":"http:\/\/imagency.hu\/vtveres\/?post_type=product&#038;p=2563"},"modified":"2019-02-20T09:20:18","modified_gmt":"2019-02-20T09:20:18","slug":"csotores-elleni-biztonsagi-esd-elzaro-szerelvenyek","status":"publish","type":"product","link":"https:\/\/www.vtveres.hu\/en\/sample-product\/csotores-elleni-biztonsagi-esd-elzaro-szerelvenyek\/","title":{"rendered":"Emergency Shutdown safety valves for pipelines"},"content":{"rendered":"","protected":false},"excerpt":{"rendered":"<p style=\"text-align: justify;\">For oil&amp;gas wells and for all applications where the fluid pressure must be monitored and must be closed within a preset range and above we supply our Safety Shut-off valves. The typically ball valve is operated by a spring-to-close hydraulic actuator, which can be opened by hydraulic hand pump which will be self-contained after the opening. Two pilot valves monitoring the fluid pressure and if the transported fluid pressure drops below a preset value or above the hydraulic circuit pull down and the spring close the valve. The closure is remotely, using solenoid valve can still force and the end position limit switch assembly to be indicated.<br \/>\nTypical sizes: DN50-DN200, PN64-PN160\u00a0or API6A 3-1\/8\u201d 5000PSI and 3-1\/16\u201d 10000PSI<\/p>\n","protected":false},"featured_media":2790,"comment_status":"open","ping_status":"closed","template":"","meta":{"_exactmetrics_skip_tracking":false,"_exactmetrics_sitenote_active":false,"_exactmetrics_sitenote_note":"","_exactmetrics_sitenote_category":0},"product_brand":[],"product_cat":[29],"product_tag":[],"class_list":{"0":"post-2563","1":"product","2":"type-product","3":"status-publish","4":"has-post-thumbnail","6":"product_cat-valves","8":"first","9":"instock","10":"taxable","11":"shipping-taxable","12":"product-type-simple"},"yoast_head":"<!-- This site is optimized with the Yoast SEO plugin v27.5 - https:\/\/yoast.com\/product\/yoast-seo-wordpress\/ -->\n<title>Emergency Shutdown safety valves for pipelines - VT Veres Kft.<\/title>\n<meta name=\"robots\" content=\"index, follow, max-snippet:-1, max-image-preview:large, max-video-preview:-1\" \/>\n<link rel=\"canonical\" href=\"https:\/\/www.vtveres.hu\/sample-product\/csotores-elleni-biztonsagi-esd-elzaro-szerelvenyek\/\" \/>\n<meta property=\"og:locale\" content=\"en_US\" \/>\n<meta property=\"og:type\" content=\"article\" \/>\n<meta property=\"og:title\" content=\"Emergency Shutdown safety valves for pipelines - VT Veres Kft.\" \/>\n<meta property=\"og:description\" content=\"[:hu]Olaj\/g\u00e1zkutakhoz illetve minden olyan alkalmaz\u00e1shoz ahol a k\u00f6zegnyom\u00e1st figyelni \u00e9s egy el\u0151re be\u00e1ll\u00edtott \u00e9rt\u00e9ktartom\u00e1ny alatt \u00e9s felett z\u00e1rni kell, sz\u00e1ll\u00edtjuk a cs\u0151t\u00f6r\u00e9s elleni Biztons\u00e1gi elz\u00e1r\u00f3 szerelv\u00e9nyeinket. A jellemz\u0151en g\u00f6mbcsap elz\u00e1r\u00f3 szerelv\u00e9nyt egy rug\u00f3z\u00e1r\u00e1s\u00fa hidraulikus hajt\u00f3m\u0171 m\u0171k\u00f6dteti, melyet hidraulikus k\u00e9zipump\u00e1val lehet kinyitni mely nyit\u00e1s ut\u00e1n \u00f6ntart\u00f3v\u00e1 v\u00e1lik, a k\u00f6zeg nyom\u00e1s\u00e1t k\u00e9t pilot szelep figyeli \u00e9s ha a sz\u00e1ll\u00edtott k\u00f6zeg nyom\u00e1sa az el\u0151re be\u00e1ll\u00edtott \u00e9rt\u00e9k al\u00e1 vagy f\u00f6l\u00e9 ker\u00fcl a hidraulikus k\u00f6r leenged \u00e9s a rug\u00f3 z\u00e1rja a szerelv\u00e9nyt. A z\u00e1r\u00e1st t\u00e1vvez\u00e9rl\u00e9ssel, m\u00e1gnesszelep seg\u00edts\u00e9g\u00e9vel is ki lehet k\u00e9nyszer\u00edteni, valamint a szerelv\u00e9ny v\u00e9ghelyzeteit v\u00e9g\u00e1ll\u00e1skapcsol\u00f3val visszajelezni.  Jellemz\u0151 m\u00e9retek: DN50-DN200, PN64-PN160,\u00a0illetve API6A 3-1\/8\u201d 5000PSI \u00e9s 3-1\/16\u201d 10000PSI[:en]For oil&amp;gas wells and for all applications where the fluid pressure must be monitored and must be closed within a preset range and above we supply our Safety Shut-off valves. The typically ball valve is operated by a spring-to-close hydraulic actuator, which can be opened by hydraulic hand pump which will be self-contained after the opening. Two pilot valves monitoring the fluid pressure and if the transported fluid pressure drops below a preset value or above the hydraulic circuit pull down and the spring close the valve. The closure is remotely, using solenoid valve can still force and the end position limit switch assembly to be indicated. Typical sizes: DN50-DN200, PN64-PN160\u00a0or API6A 3-1\/8\u201d 5000PSI and 3-1\/16\u201d 10000PSI[:ru]\u041f\u043e\u0441\u0442\u0430\u0432\u043b\u044f\u0435\u043c \u043f\u0440\u0435\u0434\u043e\u0445\u0440\u0430\u043d\u0438\u0442\u0435\u043b\u044c\u043d\u0443\u044e \u0438 \u043e\u0442\u043a\u043b\u044e\u0447\u0430\u044e\u0449\u0443\u044e \u0430\u0440\u043c\u0430\u0442\u0443\u0440\u0443 \u0434\u043b\u044f \u043d\u0435\u0444\u0442\u0435\u0433\u0430\u0437\u043e\u043f\u0440\u043e\u043c\u044b\u0441\u043b\u043e\u0432\u044b\u0445 \u0438 \u043f\u0440\u043e\u0447\u0438\u0445 \u0442\u0435\u0445\u043d\u043e\u043b\u043e\u0433\u0438\u0439, \u0433\u0434\u0435 \u0442\u0440\u0435\u0431\u0443\u0435\u0442\u0441\u044f \u043a\u043e\u043d\u0442\u0440\u043e\u043b\u044c \u0437\u0430 \u0434\u0430\u0432\u043b\u0435\u043d\u0438\u0435\u043c \u0441\u0440\u0435\u0434\u044b \u0438 \u0437\u0430\u043a\u0440\u044b\u0442\u0438\u0435 \u0442\u0440\u0443\u0431\u043e\u043f\u0440\u043e\u0432\u043e\u0434\u0430 \u043f\u0440\u0438 \u0432\u044b\u0445\u043e\u0434\u0435 \u0434\u0430\u0432\u043b\u0435\u043d\u0438\u044f \u0437\u0430 \u043f\u0440\u0435\u0434\u0435\u043b\u044b \u0443\u0441\u0442\u0430\u0432\u043b\u0435\u043d\u043d\u043e\u0433\u043e \u0434\u0438\u0430\u043f\u0430\u0437\u043e\u043d\u0430. \u0425\u0430\u0440\u0430\u043a\u0442\u0435\u0440\u043d\u044b\u0439 \u043f\u0440\u0438\u043c\u0435\u0440 \u0442\u0430\u043a\u043e\u0439 \u0437\u0430\u043f\u043e\u0440\u043d\u043e\u0439 \u0430\u0440\u043c\u0430\u0442\u0443\u0440\u044b - \u0448\u0430\u0440\u043e\u0432\u043e\u0439 \u043a\u0440\u0430\u043d \u0441 \u0433\u0438\u0434\u0440\u0430\u0432\u043b\u0438\u0447\u0435\u0441\u043a\u0438\u043c \u043f\u0440\u0438\u0432\u043e\u0434\u043e\u043c \u0441 \u043f\u0440\u0443\u0436\u0438\u043d\u043d\u044b\u043c \u043c\u0435\u0445\u0430\u043d\u0438\u0437\u043c\u043e\u043c \u0437\u0430\u043a\u0440\u044b\u0442\u0438\u044f, \u043a\u043e\u0442\u043e\u0440\u044b\u0439 \u043f\u043e\u0441\u043b\u0435 \u043e\u0442\u043a\u0440\u044b\u0442\u0438\u044f \u0435\u0433\u043e \u0433\u0438\u0434\u0440\u0430\u0432\u043b\u0438\u0447\u0435\u0441\u043a\u0438\u043c \u0440\u0443\u0447\u043d\u044b\u043c \u0434\u0443\u0431\u043b\u0435\u0440\u043e\u043c \u043f\u0435\u0440\u0435\u0445\u043e\u0434\u0438\u0442 \u0432 \u0440\u0435\u0436\u0438\u043c \u0441\u0430\u043c\u043e\u043f\u043e\u0434\u0434\u0435\u0440\u0436\u0430\u043d\u0438\u044f. \u0421\u043b\u0435\u0436\u0435\u043d\u0438\u0435 \u0437\u0430 \u0434\u0430\u0432\u043b\u0435\u043d\u0438\u0435\u043c \u0441\u0440\u0435\u0434\u044b \u043e\u0441\u0443\u0449\u0435\u0441\u0442\u0432\u043b\u044f\u0435\u0442\u0441\u044f \u0434\u0432\u0443\u043c\u044f \u043f\u0438\u043b\u043e\u0442\u043d\u044b\u043c\u0438 \u043a\u043b\u0430\u043f\u0430\u043d\u0430\u043c\u0438 \u0438, \u0435\u0441\u043b\u0438 \u0434\u0430\u0432\u043b\u0435\u043d\u0438\u0435 \u043f\u043e\u0442\u043e\u043a\u0430 \u0432 \u0442\u0440\u0443\u0431\u043e\u043f\u0440\u043e\u0432\u043e\u0434\u0435 \u043e\u0442\u043a\u043b\u043e\u043d\u0438\u0442\u0441\u044f \u043e\u0442 \u0443\u0441\u0442\u0430\u043d\u043e\u0432\u043b\u0435\u043d\u043d\u043e\u0433\u043e \u0437\u043d\u0430\u0447\u0435\u043d\u0438\u044f, \u0433\u0438\u0434\u0440\u0430\u0432\u043b\u0438\u0447\u0435\u0441\u043a\u0438\u0439 \u043a\u043e\u043d\u0442\u0443\u0440 \u0441\u0440\u0430\u0431\u0430\u0442\u044b\u0432\u0430\u0435\u0442 \u0438 \u043f\u0440\u0443\u0436\u0438\u043d\u043d\u044b\u0439 \u0437\u0430\u0442\u0432\u043e\u0440 \u0437\u0430\u043a\u0440\u044b\u0432\u0430\u0435\u0442 \u0430\u0440\u043c\u0430\u0442\u0443\u0440\u0443. \u0417\u0430\u043a\u0440\u044b\u0442\u0438\u0435\u043c \u043c\u043e\u0436\u043d\u043e \u0443\u043f\u0440\u0430\u0432\u043b\u044f\u0442\u044c \u0434\u0438\u0441\u0442\u0430\u043d\u0446\u0438\u043e\u043d\u043d\u043e, \u0441 \u043f\u043e\u043c\u043e\u0449\u044c\u044e \u0441\u043e\u043b\u0435\u043d\u043e\u0438\u0434\u043d\u043e\u0433\u043e \u043a\u043b\u0430\u043f\u0430\u043d\u0430, \u0430 \u0442\u0430\u043a\u0436\u0435 \u043f\u043e\u043b\u0443\u0447\u0430\u0442\u044c \u043e\u0431\u0440\u0430\u0442\u043d\u0443\u044e \u0441\u0438\u0433\u043d\u0430\u043b\u0438\u0437\u0430\u0446\u0438\u044e \u043e \u043a\u043e\u043d\u0435\u0447\u043d\u044b\u0445 \u043f\u043e\u043b\u043e\u0436\u0435\u043d\u0438\u044f\u0445 \u0430\u0440\u043c\u0430\u0442\u0443\u0440\u044b \u043e\u0442 \u043a\u043e\u043d\u0446\u0435\u0432\u044b\u0445 \u0432\u044b\u043a\u043b\u044e\u0447\u0430\u0442\u0435\u043b\u0435\u0439. \u0422\u0438\u043f\u043e\u0440\u0430\u0437\u043c\u0435\u0440\u044b: DN50-DN200, PN64-PN160,\u00a0API6A 3-1\/8\u201d 5000PSI, 3-1\/16\u201d 10000PSI[:]\" \/>\n<meta property=\"og:url\" content=\"https:\/\/www.vtveres.hu\/sample-product\/csotores-elleni-biztonsagi-esd-elzaro-szerelvenyek\/\" \/>\n<meta property=\"og:site_name\" content=\"VT Veres Kft.\" \/>\n<meta property=\"article:publisher\" content=\"http:\/\/www.facebook.vtveres.hu\" \/>\n<meta property=\"article:modified_time\" content=\"2019-02-20T09:20:18+00:00\" \/>\n<meta property=\"og:image\" content=\"https:\/\/www.vtveres.hu\/web\/wp-content\/uploads\/2016\/09\/csovezeteki-csotores-biztositas.png\" \/>\n\t<meta property=\"og:image:width\" content=\"300\" \/>\n\t<meta property=\"og:image:height\" content=\"300\" \/>\n\t<meta property=\"og:image:type\" content=\"image\/png\" \/>\n<meta name=\"twitter:card\" content=\"summary_large_image\" \/>\n<script type=\"application\/ld+json\" class=\"yoast-schema-graph\">{\"@context\":\"https:\\\/\\\/schema.org\",\"@graph\":[{\"@type\":\"WebPage\",\"@id\":\"https:\\\/\\\/www.vtveres.hu\\\/sample-product\\\/csotores-elleni-biztonsagi-esd-elzaro-szerelvenyek\\\/\",\"url\":\"https:\\\/\\\/www.vtveres.hu\\\/sample-product\\\/csotores-elleni-biztonsagi-esd-elzaro-szerelvenyek\\\/\",\"name\":\"Emergency Shutdown safety valves for pipelines - VT Veres Kft.\",\"isPartOf\":{\"@id\":\"https:\\\/\\\/www.vtveres.hu\\\/#website\"},\"primaryImageOfPage\":{\"@id\":\"https:\\\/\\\/www.vtveres.hu\\\/sample-product\\\/csotores-elleni-biztonsagi-esd-elzaro-szerelvenyek\\\/#primaryimage\"},\"image\":{\"@id\":\"https:\\\/\\\/www.vtveres.hu\\\/sample-product\\\/csotores-elleni-biztonsagi-esd-elzaro-szerelvenyek\\\/#primaryimage\"},\"thumbnailUrl\":\"https:\\\/\\\/www.vtveres.hu\\\/web\\\/wp-content\\\/uploads\\\/2016\\\/09\\\/csovezeteki-csotores-biztositas.png\",\"datePublished\":\"2016-09-29T20:46:31+00:00\",\"dateModified\":\"2019-02-20T09:20:18+00:00\",\"breadcrumb\":{\"@id\":\"https:\\\/\\\/www.vtveres.hu\\\/sample-product\\\/csotores-elleni-biztonsagi-esd-elzaro-szerelvenyek\\\/#breadcrumb\"},\"inLanguage\":\"en-US\",\"potentialAction\":[{\"@type\":\"ReadAction\",\"target\":[\"https:\\\/\\\/www.vtveres.hu\\\/sample-product\\\/csotores-elleni-biztonsagi-esd-elzaro-szerelvenyek\\\/\"]}]},{\"@type\":\"ImageObject\",\"inLanguage\":\"en-US\",\"@id\":\"https:\\\/\\\/www.vtveres.hu\\\/sample-product\\\/csotores-elleni-biztonsagi-esd-elzaro-szerelvenyek\\\/#primaryimage\",\"url\":\"https:\\\/\\\/www.vtveres.hu\\\/web\\\/wp-content\\\/uploads\\\/2016\\\/09\\\/csovezeteki-csotores-biztositas.png\",\"contentUrl\":\"https:\\\/\\\/www.vtveres.hu\\\/web\\\/wp-content\\\/uploads\\\/2016\\\/09\\\/csovezeteki-csotores-biztositas.png\",\"width\":300,\"height\":300,\"caption\":\"Emergency Shutdown safety valves for pipelines\"},{\"@type\":\"BreadcrumbList\",\"@id\":\"https:\\\/\\\/www.vtveres.hu\\\/sample-product\\\/csotores-elleni-biztonsagi-esd-elzaro-szerelvenyek\\\/#breadcrumb\",\"itemListElement\":[{\"@type\":\"ListItem\",\"position\":1,\"name\":\"Home\",\"item\":\"https:\\\/\\\/www.vtveres.hu\\\/\"},{\"@type\":\"ListItem\",\"position\":2,\"name\":\"Term\u00e9kek \u00e9s megold\u00e1sok\",\"item\":\"https:\\\/\\\/www.vtveres.hu\\\/termekek-es-megoldasok\\\/\"},{\"@type\":\"ListItem\",\"position\":3,\"name\":\"Cs\u0151t\u00f6r\u00e9s elleni Biztons\u00e1gi ESD elz\u00e1r\u00f3 szerelv\u00e9nyek\"}]},{\"@type\":\"WebSite\",\"@id\":\"https:\\\/\\\/www.vtveres.hu\\\/#website\",\"url\":\"https:\\\/\\\/www.vtveres.hu\\\/\",\"name\":\"VT Veres Kft.\",\"description\":\"The future\u2019s solution now\",\"publisher\":{\"@id\":\"https:\\\/\\\/www.vtveres.hu\\\/#organization\"},\"potentialAction\":[{\"@type\":\"SearchAction\",\"target\":{\"@type\":\"EntryPoint\",\"urlTemplate\":\"https:\\\/\\\/www.vtveres.hu\\\/?s={search_term_string}\"},\"query-input\":{\"@type\":\"PropertyValueSpecification\",\"valueRequired\":true,\"valueName\":\"search_term_string\"}}],\"inLanguage\":\"en-US\"},{\"@type\":\"Organization\",\"@id\":\"https:\\\/\\\/www.vtveres.hu\\\/#organization\",\"name\":\"VT Veres Kft.\",\"url\":\"https:\\\/\\\/www.vtveres.hu\\\/\",\"logo\":{\"@type\":\"ImageObject\",\"inLanguage\":\"en-US\",\"@id\":\"https:\\\/\\\/www.vtveres.hu\\\/#\\\/schema\\\/logo\\\/image\\\/\",\"url\":\"https:\\\/\\\/www.vtveres.hu\\\/web\\\/wp-content\\\/uploads\\\/2016\\\/05\\\/25_ev_pici_hun-1.png\",\"contentUrl\":\"https:\\\/\\\/www.vtveres.hu\\\/web\\\/wp-content\\\/uploads\\\/2016\\\/05\\\/25_ev_pici_hun-1.png\",\"width\":140,\"height\":107,\"caption\":\"VT Veres Kft.\"},\"image\":{\"@id\":\"https:\\\/\\\/www.vtveres.hu\\\/#\\\/schema\\\/logo\\\/image\\\/\"},\"sameAs\":[\"http:\\\/\\\/www.facebook.vtveres.hu\",\"http:\\\/\\\/www.instagram.vtveres.hu\",\"http:\\\/\\\/www.linkedin.vtveres.hu\"]}]}<\/script>\n<!-- \/ Yoast SEO plugin. -->","yoast_head_json":{"title":"Emergency Shutdown safety valves for pipelines - VT Veres Kft.","robots":{"index":"index","follow":"follow","max-snippet":"max-snippet:-1","max-image-preview":"max-image-preview:large","max-video-preview":"max-video-preview:-1"},"canonical":"https:\/\/www.vtveres.hu\/sample-product\/csotores-elleni-biztonsagi-esd-elzaro-szerelvenyek\/","og_locale":"en_US","og_type":"article","og_title":"Emergency Shutdown safety valves for pipelines - VT Veres Kft.","og_description":"[:hu]Olaj\/g\u00e1zkutakhoz illetve minden olyan alkalmaz\u00e1shoz ahol a k\u00f6zegnyom\u00e1st figyelni \u00e9s egy el\u0151re be\u00e1ll\u00edtott \u00e9rt\u00e9ktartom\u00e1ny alatt \u00e9s felett z\u00e1rni kell, sz\u00e1ll\u00edtjuk a cs\u0151t\u00f6r\u00e9s elleni Biztons\u00e1gi elz\u00e1r\u00f3 szerelv\u00e9nyeinket. A jellemz\u0151en g\u00f6mbcsap elz\u00e1r\u00f3 szerelv\u00e9nyt egy rug\u00f3z\u00e1r\u00e1s\u00fa hidraulikus hajt\u00f3m\u0171 m\u0171k\u00f6dteti, melyet hidraulikus k\u00e9zipump\u00e1val lehet kinyitni mely nyit\u00e1s ut\u00e1n \u00f6ntart\u00f3v\u00e1 v\u00e1lik, a k\u00f6zeg nyom\u00e1s\u00e1t k\u00e9t pilot szelep figyeli \u00e9s ha a sz\u00e1ll\u00edtott k\u00f6zeg nyom\u00e1sa az el\u0151re be\u00e1ll\u00edtott \u00e9rt\u00e9k al\u00e1 vagy f\u00f6l\u00e9 ker\u00fcl a hidraulikus k\u00f6r leenged \u00e9s a rug\u00f3 z\u00e1rja a szerelv\u00e9nyt. A z\u00e1r\u00e1st t\u00e1vvez\u00e9rl\u00e9ssel, m\u00e1gnesszelep seg\u00edts\u00e9g\u00e9vel is ki lehet k\u00e9nyszer\u00edteni, valamint a szerelv\u00e9ny v\u00e9ghelyzeteit v\u00e9g\u00e1ll\u00e1skapcsol\u00f3val visszajelezni.  Jellemz\u0151 m\u00e9retek: DN50-DN200, PN64-PN160,\u00a0illetve API6A 3-1\/8\u201d 5000PSI \u00e9s 3-1\/16\u201d 10000PSI[:en]For oil&amp;gas wells and for all applications where the fluid pressure must be monitored and must be closed within a preset range and above we supply our Safety Shut-off valves. The typically ball valve is operated by a spring-to-close hydraulic actuator, which can be opened by hydraulic hand pump which will be self-contained after the opening. Two pilot valves monitoring the fluid pressure and if the transported fluid pressure drops below a preset value or above the hydraulic circuit pull down and the spring close the valve. The closure is remotely, using solenoid valve can still force and the end position limit switch assembly to be indicated. Typical sizes: DN50-DN200, PN64-PN160\u00a0or API6A 3-1\/8\u201d 5000PSI and 3-1\/16\u201d 10000PSI[:ru]\u041f\u043e\u0441\u0442\u0430\u0432\u043b\u044f\u0435\u043c \u043f\u0440\u0435\u0434\u043e\u0445\u0440\u0430\u043d\u0438\u0442\u0435\u043b\u044c\u043d\u0443\u044e \u0438 \u043e\u0442\u043a\u043b\u044e\u0447\u0430\u044e\u0449\u0443\u044e \u0430\u0440\u043c\u0430\u0442\u0443\u0440\u0443 \u0434\u043b\u044f \u043d\u0435\u0444\u0442\u0435\u0433\u0430\u0437\u043e\u043f\u0440\u043e\u043c\u044b\u0441\u043b\u043e\u0432\u044b\u0445 \u0438 \u043f\u0440\u043e\u0447\u0438\u0445 \u0442\u0435\u0445\u043d\u043e\u043b\u043e\u0433\u0438\u0439, \u0433\u0434\u0435 \u0442\u0440\u0435\u0431\u0443\u0435\u0442\u0441\u044f \u043a\u043e\u043d\u0442\u0440\u043e\u043b\u044c \u0437\u0430 \u0434\u0430\u0432\u043b\u0435\u043d\u0438\u0435\u043c \u0441\u0440\u0435\u0434\u044b \u0438 \u0437\u0430\u043a\u0440\u044b\u0442\u0438\u0435 \u0442\u0440\u0443\u0431\u043e\u043f\u0440\u043e\u0432\u043e\u0434\u0430 \u043f\u0440\u0438 \u0432\u044b\u0445\u043e\u0434\u0435 \u0434\u0430\u0432\u043b\u0435\u043d\u0438\u044f \u0437\u0430 \u043f\u0440\u0435\u0434\u0435\u043b\u044b \u0443\u0441\u0442\u0430\u0432\u043b\u0435\u043d\u043d\u043e\u0433\u043e \u0434\u0438\u0430\u043f\u0430\u0437\u043e\u043d\u0430. \u0425\u0430\u0440\u0430\u043a\u0442\u0435\u0440\u043d\u044b\u0439 \u043f\u0440\u0438\u043c\u0435\u0440 \u0442\u0430\u043a\u043e\u0439 \u0437\u0430\u043f\u043e\u0440\u043d\u043e\u0439 \u0430\u0440\u043c\u0430\u0442\u0443\u0440\u044b - \u0448\u0430\u0440\u043e\u0432\u043e\u0439 \u043a\u0440\u0430\u043d \u0441 \u0433\u0438\u0434\u0440\u0430\u0432\u043b\u0438\u0447\u0435\u0441\u043a\u0438\u043c \u043f\u0440\u0438\u0432\u043e\u0434\u043e\u043c \u0441 \u043f\u0440\u0443\u0436\u0438\u043d\u043d\u044b\u043c \u043c\u0435\u0445\u0430\u043d\u0438\u0437\u043c\u043e\u043c \u0437\u0430\u043a\u0440\u044b\u0442\u0438\u044f, \u043a\u043e\u0442\u043e\u0440\u044b\u0439 \u043f\u043e\u0441\u043b\u0435 \u043e\u0442\u043a\u0440\u044b\u0442\u0438\u044f \u0435\u0433\u043e \u0433\u0438\u0434\u0440\u0430\u0432\u043b\u0438\u0447\u0435\u0441\u043a\u0438\u043c \u0440\u0443\u0447\u043d\u044b\u043c \u0434\u0443\u0431\u043b\u0435\u0440\u043e\u043c \u043f\u0435\u0440\u0435\u0445\u043e\u0434\u0438\u0442 \u0432 \u0440\u0435\u0436\u0438\u043c \u0441\u0430\u043c\u043e\u043f\u043e\u0434\u0434\u0435\u0440\u0436\u0430\u043d\u0438\u044f. \u0421\u043b\u0435\u0436\u0435\u043d\u0438\u0435 \u0437\u0430 \u0434\u0430\u0432\u043b\u0435\u043d\u0438\u0435\u043c \u0441\u0440\u0435\u0434\u044b \u043e\u0441\u0443\u0449\u0435\u0441\u0442\u0432\u043b\u044f\u0435\u0442\u0441\u044f \u0434\u0432\u0443\u043c\u044f \u043f\u0438\u043b\u043e\u0442\u043d\u044b\u043c\u0438 \u043a\u043b\u0430\u043f\u0430\u043d\u0430\u043c\u0438 \u0438, \u0435\u0441\u043b\u0438 \u0434\u0430\u0432\u043b\u0435\u043d\u0438\u0435 \u043f\u043e\u0442\u043e\u043a\u0430 \u0432 \u0442\u0440\u0443\u0431\u043e\u043f\u0440\u043e\u0432\u043e\u0434\u0435 \u043e\u0442\u043a\u043b\u043e\u043d\u0438\u0442\u0441\u044f \u043e\u0442 \u0443\u0441\u0442\u0430\u043d\u043e\u0432\u043b\u0435\u043d\u043d\u043e\u0433\u043e \u0437\u043d\u0430\u0447\u0435\u043d\u0438\u044f, \u0433\u0438\u0434\u0440\u0430\u0432\u043b\u0438\u0447\u0435\u0441\u043a\u0438\u0439 \u043a\u043e\u043d\u0442\u0443\u0440 \u0441\u0440\u0430\u0431\u0430\u0442\u044b\u0432\u0430\u0435\u0442 \u0438 \u043f\u0440\u0443\u0436\u0438\u043d\u043d\u044b\u0439 \u0437\u0430\u0442\u0432\u043e\u0440 \u0437\u0430\u043a\u0440\u044b\u0432\u0430\u0435\u0442 \u0430\u0440\u043c\u0430\u0442\u0443\u0440\u0443. \u0417\u0430\u043a\u0440\u044b\u0442\u0438\u0435\u043c \u043c\u043e\u0436\u043d\u043e \u0443\u043f\u0440\u0430\u0432\u043b\u044f\u0442\u044c \u0434\u0438\u0441\u0442\u0430\u043d\u0446\u0438\u043e\u043d\u043d\u043e, \u0441 \u043f\u043e\u043c\u043e\u0449\u044c\u044e \u0441\u043e\u043b\u0435\u043d\u043e\u0438\u0434\u043d\u043e\u0433\u043e \u043a\u043b\u0430\u043f\u0430\u043d\u0430, \u0430 \u0442\u0430\u043a\u0436\u0435 \u043f\u043e\u043b\u0443\u0447\u0430\u0442\u044c \u043e\u0431\u0440\u0430\u0442\u043d\u0443\u044e \u0441\u0438\u0433\u043d\u0430\u043b\u0438\u0437\u0430\u0446\u0438\u044e \u043e \u043a\u043e\u043d\u0435\u0447\u043d\u044b\u0445 \u043f\u043e\u043b\u043e\u0436\u0435\u043d\u0438\u044f\u0445 \u0430\u0440\u043c\u0430\u0442\u0443\u0440\u044b \u043e\u0442 \u043a\u043e\u043d\u0446\u0435\u0432\u044b\u0445 \u0432\u044b\u043a\u043b\u044e\u0447\u0430\u0442\u0435\u043b\u0435\u0439. \u0422\u0438\u043f\u043e\u0440\u0430\u0437\u043c\u0435\u0440\u044b: DN50-DN200, PN64-PN160,\u00a0API6A 3-1\/8\u201d 5000PSI, 3-1\/16\u201d 10000PSI[:]","og_url":"https:\/\/www.vtveres.hu\/sample-product\/csotores-elleni-biztonsagi-esd-elzaro-szerelvenyek\/","og_site_name":"VT Veres Kft.","article_publisher":"http:\/\/www.facebook.vtveres.hu","article_modified_time":"2019-02-20T09:20:18+00:00","og_image":[{"width":300,"height":300,"url":"https:\/\/www.vtveres.hu\/web\/wp-content\/uploads\/2016\/09\/csovezeteki-csotores-biztositas.png","type":"image\/png"}],"twitter_card":"summary_large_image","schema":{"@context":"https:\/\/schema.org","@graph":[{"@type":"WebPage","@id":"https:\/\/www.vtveres.hu\/sample-product\/csotores-elleni-biztonsagi-esd-elzaro-szerelvenyek\/","url":"https:\/\/www.vtveres.hu\/sample-product\/csotores-elleni-biztonsagi-esd-elzaro-szerelvenyek\/","name":"Emergency Shutdown safety valves for pipelines - VT Veres Kft.","isPartOf":{"@id":"https:\/\/www.vtveres.hu\/#website"},"primaryImageOfPage":{"@id":"https:\/\/www.vtveres.hu\/sample-product\/csotores-elleni-biztonsagi-esd-elzaro-szerelvenyek\/#primaryimage"},"image":{"@id":"https:\/\/www.vtveres.hu\/sample-product\/csotores-elleni-biztonsagi-esd-elzaro-szerelvenyek\/#primaryimage"},"thumbnailUrl":"https:\/\/www.vtveres.hu\/web\/wp-content\/uploads\/2016\/09\/csovezeteki-csotores-biztositas.png","datePublished":"2016-09-29T20:46:31+00:00","dateModified":"2019-02-20T09:20:18+00:00","breadcrumb":{"@id":"https:\/\/www.vtveres.hu\/sample-product\/csotores-elleni-biztonsagi-esd-elzaro-szerelvenyek\/#breadcrumb"},"inLanguage":"en-US","potentialAction":[{"@type":"ReadAction","target":["https:\/\/www.vtveres.hu\/sample-product\/csotores-elleni-biztonsagi-esd-elzaro-szerelvenyek\/"]}]},{"@type":"ImageObject","inLanguage":"en-US","@id":"https:\/\/www.vtveres.hu\/sample-product\/csotores-elleni-biztonsagi-esd-elzaro-szerelvenyek\/#primaryimage","url":"https:\/\/www.vtveres.hu\/web\/wp-content\/uploads\/2016\/09\/csovezeteki-csotores-biztositas.png","contentUrl":"https:\/\/www.vtveres.hu\/web\/wp-content\/uploads\/2016\/09\/csovezeteki-csotores-biztositas.png","width":300,"height":300,"caption":"Emergency Shutdown safety valves for pipelines"},{"@type":"BreadcrumbList","@id":"https:\/\/www.vtveres.hu\/sample-product\/csotores-elleni-biztonsagi-esd-elzaro-szerelvenyek\/#breadcrumb","itemListElement":[{"@type":"ListItem","position":1,"name":"Home","item":"https:\/\/www.vtveres.hu\/"},{"@type":"ListItem","position":2,"name":"Term\u00e9kek \u00e9s megold\u00e1sok","item":"https:\/\/www.vtveres.hu\/termekek-es-megoldasok\/"},{"@type":"ListItem","position":3,"name":"Cs\u0151t\u00f6r\u00e9s elleni Biztons\u00e1gi ESD elz\u00e1r\u00f3 szerelv\u00e9nyek"}]},{"@type":"WebSite","@id":"https:\/\/www.vtveres.hu\/#website","url":"https:\/\/www.vtveres.hu\/","name":"VT Veres Kft.","description":"The future\u2019s solution now","publisher":{"@id":"https:\/\/www.vtveres.hu\/#organization"},"potentialAction":[{"@type":"SearchAction","target":{"@type":"EntryPoint","urlTemplate":"https:\/\/www.vtveres.hu\/?s={search_term_string}"},"query-input":{"@type":"PropertyValueSpecification","valueRequired":true,"valueName":"search_term_string"}}],"inLanguage":"en-US"},{"@type":"Organization","@id":"https:\/\/www.vtveres.hu\/#organization","name":"VT Veres Kft.","url":"https:\/\/www.vtveres.hu\/","logo":{"@type":"ImageObject","inLanguage":"en-US","@id":"https:\/\/www.vtveres.hu\/#\/schema\/logo\/image\/","url":"https:\/\/www.vtveres.hu\/web\/wp-content\/uploads\/2016\/05\/25_ev_pici_hun-1.png","contentUrl":"https:\/\/www.vtveres.hu\/web\/wp-content\/uploads\/2016\/05\/25_ev_pici_hun-1.png","width":140,"height":107,"caption":"VT Veres Kft."},"image":{"@id":"https:\/\/www.vtveres.hu\/#\/schema\/logo\/image\/"},"sameAs":["http:\/\/www.facebook.vtveres.hu","http:\/\/www.instagram.vtveres.hu","http:\/\/www.linkedin.vtveres.hu"]}]}},"_links":{"self":[{"href":"https:\/\/www.vtveres.hu\/en\/wp-json\/wp\/v2\/product\/2563","targetHints":{"allow":["GET"]}}],"collection":[{"href":"https:\/\/www.vtveres.hu\/en\/wp-json\/wp\/v2\/product"}],"about":[{"href":"https:\/\/www.vtveres.hu\/en\/wp-json\/wp\/v2\/types\/product"}],"replies":[{"embeddable":true,"href":"https:\/\/www.vtveres.hu\/en\/wp-json\/wp\/v2\/comments?post=2563"}],"wp:featuredmedia":[{"embeddable":true,"href":"https:\/\/www.vtveres.hu\/en\/wp-json\/wp\/v2\/media\/2790"}],"wp:attachment":[{"href":"https:\/\/www.vtveres.hu\/en\/wp-json\/wp\/v2\/media?parent=2563"}],"wp:term":[{"taxonomy":"product_brand","embeddable":true,"href":"https:\/\/www.vtveres.hu\/en\/wp-json\/wp\/v2\/product_brand?post=2563"},{"taxonomy":"product_cat","embeddable":true,"href":"https:\/\/www.vtveres.hu\/en\/wp-json\/wp\/v2\/product_cat?post=2563"},{"taxonomy":"product_tag","embeddable":true,"href":"https:\/\/www.vtveres.hu\/en\/wp-json\/wp\/v2\/product_tag?post=2563"}],"curies":[{"name":"wp","href":"https:\/\/api.w.org\/{rel}","templated":true}]}}