{"id":2561,"date":"2016-09-29T20:44:39","date_gmt":"2016-09-29T20:44:39","guid":{"rendered":"http:\/\/imagency.hu\/vtveres\/?post_type=product&#038;p=2561"},"modified":"2016-11-17T09:49:44","modified_gmt":"2016-11-17T09:49:44","slug":"szerelvenyek","status":"publish","type":"product","link":"https:\/\/www.vtveres.hu\/en\/sample-product\/szerelvenyek\/","title":{"rendered":"Valves"},"content":{"rendered":"","protected":false},"excerpt":{"rendered":"<p style=\"text-align: justify;\">The valves required by the application should be on-off, \u00a0linear, quarter-turn, non-return valve or large modulating valves are selected, assembled and tested with actuators. We add complete kits of counter-flanges and gaskets upon requirements.<br \/>\nTypical sizes DN10-DN1400, PN10-PN400 according to DIN or ANSI.<br \/>\nTypical standards and expectations: API 6D, API 6A, API 607, TR-CU, TA-LUFT, CE PED.<\/p>\n","protected":false},"featured_media":2614,"comment_status":"open","ping_status":"closed","template":"","meta":{"_exactmetrics_skip_tracking":false,"_exactmetrics_sitenote_active":false,"_exactmetrics_sitenote_note":"","_exactmetrics_sitenote_category":0},"product_brand":[],"product_cat":[29],"product_tag":[],"class_list":{"0":"post-2561","1":"product","2":"type-product","3":"status-publish","4":"has-post-thumbnail","6":"product_cat-valves","8":"first","9":"instock","10":"taxable","11":"shipping-taxable","12":"product-type-simple"},"yoast_head":"<!-- This site is optimized with the Yoast SEO plugin v27.5 - https:\/\/yoast.com\/product\/yoast-seo-wordpress\/ -->\n<title>Valves - VT Veres Kft.<\/title>\n<meta name=\"robots\" content=\"index, follow, max-snippet:-1, max-image-preview:large, max-video-preview:-1\" \/>\n<link rel=\"canonical\" href=\"https:\/\/www.vtveres.hu\/sample-product\/szerelvenyek\/\" \/>\n<meta property=\"og:locale\" content=\"en_US\" \/>\n<meta property=\"og:type\" content=\"article\" \/>\n<meta property=\"og:title\" content=\"Valves - VT Veres Kft.\" \/>\n<meta property=\"og:description\" content=\"[:hu]Az alkalmaz\u00e1soknak megfelel\u0151 szerelv\u00e9nyeket legyen az nyit\/z\u00e1r line\u00e1ris\/negyedfordulat\u00fa, visszacsap\u00f3 vagy nagym\u00e9ret\u0171 szab\u00e1lyz\u00f3szelep, kiv\u00e1lasztjuk \u00e9s hajt\u00f3m\u0171veinkkel egybeszerelve tesztelve sz\u00e1ll\u00edtjuk ki partnereinknek ig\u00e9ny eset\u00e9n ellenkarima \u00e9s t\u00f6m\u00edt\u00e9sk\u00e9szlettel komplett\u00edrozva. Jellemz\u0151 m\u00e9retek DN10-DN1400, PN10-PN400 DIN vagy ANSI szerint. Jellemz\u0151 szabv\u00e1nyok \u00e9s elv\u00e1r\u00e1sok: API 6D, API 6A, API 607, TR-CU, TA-LUFT, CE PED.[:en]The valves required by the application should be on-off, \u00a0linear, quarter-turn, non-return valve or large modulating valves are selected, assembled and tested with actuators. We add complete kits of counter-flanges and gaskets upon requirements. Typical sizes DN10-DN1400, PN10-PN400 according to DIN or ANSI. Typical standards and expectations: API 6D, API 6A, API 607, TR-CU, TA-LUFT, CE PED.[:ru]\u041e\u0441\u0443\u0449\u0435\u0441\u0442\u0432\u043b\u044f\u0435\u043c \u0432\u044b\u0431\u043e\u0440 \u0442\u0440\u0435\u0431\u0443\u0435\u043c\u043e\u0439 \u0437\u0430\u043a\u0430\u0437\u0447\u0438\u043a\u0443 \u0430\u0440\u043c\u0430\u0442\u0443\u0440\u044b \u0440\u0430\u0437\u043b\u0438\u0447\u043d\u043e\u0433\u043e \u0442\u0438\u043f\u0430: \u0431\u0443\u0434\u044c \u0442\u043e \u0437\u0430\u043f\u043e\u0440\u043d\u0430\u044f, \u043e\u0442 \u0437\u0430\u0434\u0432\u0438\u0436\u043a\u0438 \u0434\u043e \u043a\u0440\u0430\u043d\u0430, \u0440\u0435\u0433\u0443\u043b\u0438\u0440\u0443\u044e\u0449\u0430\u044f \u0438\u043b\u0438 \u043e\u0431\u0440\u0430\u0442\u043d\u0430\u044f \u0430\u0440\u043c\u0430\u0442\u0443\u0440\u0430; \u043f\u043e\u0434\u0431\u0438\u0440\u0430\u0435\u043c \u043a \u043d\u0435\u0439 \u043f\u0440\u0438\u0432\u043e\u0434, \u0432\u044b\u043f\u043e\u043b\u043d\u044f\u0435\u043c \u0443\u0437\u043b\u043e\u0432\u0443\u044e \u0441\u0431\u043e\u0440\u043a\u0443 \u0430\u0440\u043c\u0430\u0442\u0443\u0440\u044b \u0441 \u043f\u0440\u0438\u0432\u043e\u0434\u043e\u043c, \u0442\u0435\u0441\u0442\u0438\u0440\u0443\u0435\u043c \u0438 \u043f\u043e\u0441\u0442\u0430\u0432\u043b\u044f\u0435\u043c \u0432 \u043a\u043e\u043c\u043f\u043b\u0435\u043a\u0442\u0435 \u0441 \u043a\u043e\u043d\u0442\u0440-\u0444\u043b\u0430\u043d\u0446\u0430\u043c\u0438 \u0438 \u043d\u0430\u0431\u043e\u0440\u043e\u043c \u043a\u0430\u0431\u0435\u043b\u044c\u043d\u044b\u0445 \u0432\u0432\u043e\u0434\u043e\u0432. \u0422\u0438\u043f\u043e\u0440\u0430\u0437\u043c\u0435\u0440\u044b: DN10-DN1400, PN10-PN400 \u043f\u043e DIN \u0438\u043b\u0438 \u043f\u043e ANSI. \u0421\u043e\u043e\u0442\u0432\u0435\u0442\u0441\u0442\u0432\u0443\u044e\u0442 \u0441\u0442\u0430\u043d\u0434\u0430\u0440\u0442\u0430\u043c: API 6D, API 6A, API 607, \u0422\u0435\u0445\u043d\u0438\u0447\u0435\u0441\u043a\u0438\u0435 \u0420\u0435\u0433\u043b\u0430\u043c\u0435\u043d\u0442\u044b \u0422\u0430\u043c\u043e\u0436\u0435\u043d\u043d\u043e\u0433\u043e \u0421\u043e\u044e\u0437\u0430, TA-LUFT, CE PED.[:]\" \/>\n<meta property=\"og:url\" content=\"https:\/\/www.vtveres.hu\/sample-product\/szerelvenyek\/\" \/>\n<meta property=\"og:site_name\" content=\"VT Veres Kft.\" \/>\n<meta property=\"article:publisher\" content=\"http:\/\/www.facebook.vtveres.hu\" \/>\n<meta property=\"article:modified_time\" content=\"2016-11-17T09:49:44+00:00\" \/>\n<meta property=\"og:image\" content=\"https:\/\/www.vtveres.hu\/web\/wp-content\/uploads\/2016\/09\/szerelvenyek_650.png\" \/>\n\t<meta property=\"og:image:width\" content=\"650\" \/>\n\t<meta property=\"og:image:height\" content=\"650\" \/>\n\t<meta property=\"og:image:type\" content=\"image\/png\" \/>\n<meta name=\"twitter:card\" content=\"summary_large_image\" \/>\n<script type=\"application\/ld+json\" class=\"yoast-schema-graph\">{\"@context\":\"https:\\\/\\\/schema.org\",\"@graph\":[{\"@type\":\"WebPage\",\"@id\":\"https:\\\/\\\/www.vtveres.hu\\\/sample-product\\\/szerelvenyek\\\/\",\"url\":\"https:\\\/\\\/www.vtveres.hu\\\/sample-product\\\/szerelvenyek\\\/\",\"name\":\"Valves - VT Veres Kft.\",\"isPartOf\":{\"@id\":\"https:\\\/\\\/www.vtveres.hu\\\/#website\"},\"primaryImageOfPage\":{\"@id\":\"https:\\\/\\\/www.vtveres.hu\\\/sample-product\\\/szerelvenyek\\\/#primaryimage\"},\"image\":{\"@id\":\"https:\\\/\\\/www.vtveres.hu\\\/sample-product\\\/szerelvenyek\\\/#primaryimage\"},\"thumbnailUrl\":\"https:\\\/\\\/www.vtveres.hu\\\/web\\\/wp-content\\\/uploads\\\/2016\\\/09\\\/szerelvenyek_650.png\",\"datePublished\":\"2016-09-29T20:44:39+00:00\",\"dateModified\":\"2016-11-17T09:49:44+00:00\",\"breadcrumb\":{\"@id\":\"https:\\\/\\\/www.vtveres.hu\\\/sample-product\\\/szerelvenyek\\\/#breadcrumb\"},\"inLanguage\":\"en-US\",\"potentialAction\":[{\"@type\":\"ReadAction\",\"target\":[\"https:\\\/\\\/www.vtveres.hu\\\/sample-product\\\/szerelvenyek\\\/\"]}]},{\"@type\":\"ImageObject\",\"inLanguage\":\"en-US\",\"@id\":\"https:\\\/\\\/www.vtveres.hu\\\/sample-product\\\/szerelvenyek\\\/#primaryimage\",\"url\":\"https:\\\/\\\/www.vtveres.hu\\\/web\\\/wp-content\\\/uploads\\\/2016\\\/09\\\/szerelvenyek_650.png\",\"contentUrl\":\"https:\\\/\\\/www.vtveres.hu\\\/web\\\/wp-content\\\/uploads\\\/2016\\\/09\\\/szerelvenyek_650.png\",\"width\":650,\"height\":650,\"caption\":\"Valves\"},{\"@type\":\"BreadcrumbList\",\"@id\":\"https:\\\/\\\/www.vtveres.hu\\\/sample-product\\\/szerelvenyek\\\/#breadcrumb\",\"itemListElement\":[{\"@type\":\"ListItem\",\"position\":1,\"name\":\"Home\",\"item\":\"https:\\\/\\\/www.vtveres.hu\\\/\"},{\"@type\":\"ListItem\",\"position\":2,\"name\":\"Term\u00e9kek \u00e9s megold\u00e1sok\",\"item\":\"https:\\\/\\\/www.vtveres.hu\\\/termekek-es-megoldasok\\\/\"},{\"@type\":\"ListItem\",\"position\":3,\"name\":\"Szerelv\u00e9nyek\"}]},{\"@type\":\"WebSite\",\"@id\":\"https:\\\/\\\/www.vtveres.hu\\\/#website\",\"url\":\"https:\\\/\\\/www.vtveres.hu\\\/\",\"name\":\"VT Veres Kft.\",\"description\":\"The future\u2019s solution now\",\"publisher\":{\"@id\":\"https:\\\/\\\/www.vtveres.hu\\\/#organization\"},\"potentialAction\":[{\"@type\":\"SearchAction\",\"target\":{\"@type\":\"EntryPoint\",\"urlTemplate\":\"https:\\\/\\\/www.vtveres.hu\\\/?s={search_term_string}\"},\"query-input\":{\"@type\":\"PropertyValueSpecification\",\"valueRequired\":true,\"valueName\":\"search_term_string\"}}],\"inLanguage\":\"en-US\"},{\"@type\":\"Organization\",\"@id\":\"https:\\\/\\\/www.vtveres.hu\\\/#organization\",\"name\":\"VT Veres Kft.\",\"url\":\"https:\\\/\\\/www.vtveres.hu\\\/\",\"logo\":{\"@type\":\"ImageObject\",\"inLanguage\":\"en-US\",\"@id\":\"https:\\\/\\\/www.vtveres.hu\\\/#\\\/schema\\\/logo\\\/image\\\/\",\"url\":\"https:\\\/\\\/www.vtveres.hu\\\/web\\\/wp-content\\\/uploads\\\/2016\\\/05\\\/25_ev_pici_hun-1.png\",\"contentUrl\":\"https:\\\/\\\/www.vtveres.hu\\\/web\\\/wp-content\\\/uploads\\\/2016\\\/05\\\/25_ev_pici_hun-1.png\",\"width\":140,\"height\":107,\"caption\":\"VT Veres Kft.\"},\"image\":{\"@id\":\"https:\\\/\\\/www.vtveres.hu\\\/#\\\/schema\\\/logo\\\/image\\\/\"},\"sameAs\":[\"http:\\\/\\\/www.facebook.vtveres.hu\",\"http:\\\/\\\/www.instagram.vtveres.hu\",\"http:\\\/\\\/www.linkedin.vtveres.hu\"]}]}<\/script>\n<!-- \/ Yoast SEO plugin. -->","yoast_head_json":{"title":"Valves - VT Veres Kft.","robots":{"index":"index","follow":"follow","max-snippet":"max-snippet:-1","max-image-preview":"max-image-preview:large","max-video-preview":"max-video-preview:-1"},"canonical":"https:\/\/www.vtveres.hu\/sample-product\/szerelvenyek\/","og_locale":"en_US","og_type":"article","og_title":"Valves - VT Veres Kft.","og_description":"[:hu]Az alkalmaz\u00e1soknak megfelel\u0151 szerelv\u00e9nyeket legyen az nyit\/z\u00e1r line\u00e1ris\/negyedfordulat\u00fa, visszacsap\u00f3 vagy nagym\u00e9ret\u0171 szab\u00e1lyz\u00f3szelep, kiv\u00e1lasztjuk \u00e9s hajt\u00f3m\u0171veinkkel egybeszerelve tesztelve sz\u00e1ll\u00edtjuk ki partnereinknek ig\u00e9ny eset\u00e9n ellenkarima \u00e9s t\u00f6m\u00edt\u00e9sk\u00e9szlettel komplett\u00edrozva. Jellemz\u0151 m\u00e9retek DN10-DN1400, PN10-PN400 DIN vagy ANSI szerint. Jellemz\u0151 szabv\u00e1nyok \u00e9s elv\u00e1r\u00e1sok: API 6D, API 6A, API 607, TR-CU, TA-LUFT, CE PED.[:en]The valves required by the application should be on-off, \u00a0linear, quarter-turn, non-return valve or large modulating valves are selected, assembled and tested with actuators. We add complete kits of counter-flanges and gaskets upon requirements. Typical sizes DN10-DN1400, PN10-PN400 according to DIN or ANSI. Typical standards and expectations: API 6D, API 6A, API 607, TR-CU, TA-LUFT, CE PED.[:ru]\u041e\u0441\u0443\u0449\u0435\u0441\u0442\u0432\u043b\u044f\u0435\u043c \u0432\u044b\u0431\u043e\u0440 \u0442\u0440\u0435\u0431\u0443\u0435\u043c\u043e\u0439 \u0437\u0430\u043a\u0430\u0437\u0447\u0438\u043a\u0443 \u0430\u0440\u043c\u0430\u0442\u0443\u0440\u044b \u0440\u0430\u0437\u043b\u0438\u0447\u043d\u043e\u0433\u043e \u0442\u0438\u043f\u0430: \u0431\u0443\u0434\u044c \u0442\u043e \u0437\u0430\u043f\u043e\u0440\u043d\u0430\u044f, \u043e\u0442 \u0437\u0430\u0434\u0432\u0438\u0436\u043a\u0438 \u0434\u043e \u043a\u0440\u0430\u043d\u0430, \u0440\u0435\u0433\u0443\u043b\u0438\u0440\u0443\u044e\u0449\u0430\u044f \u0438\u043b\u0438 \u043e\u0431\u0440\u0430\u0442\u043d\u0430\u044f \u0430\u0440\u043c\u0430\u0442\u0443\u0440\u0430; \u043f\u043e\u0434\u0431\u0438\u0440\u0430\u0435\u043c \u043a \u043d\u0435\u0439 \u043f\u0440\u0438\u0432\u043e\u0434, \u0432\u044b\u043f\u043e\u043b\u043d\u044f\u0435\u043c \u0443\u0437\u043b\u043e\u0432\u0443\u044e \u0441\u0431\u043e\u0440\u043a\u0443 \u0430\u0440\u043c\u0430\u0442\u0443\u0440\u044b \u0441 \u043f\u0440\u0438\u0432\u043e\u0434\u043e\u043c, \u0442\u0435\u0441\u0442\u0438\u0440\u0443\u0435\u043c \u0438 \u043f\u043e\u0441\u0442\u0430\u0432\u043b\u044f\u0435\u043c \u0432 \u043a\u043e\u043c\u043f\u043b\u0435\u043a\u0442\u0435 \u0441 \u043a\u043e\u043d\u0442\u0440-\u0444\u043b\u0430\u043d\u0446\u0430\u043c\u0438 \u0438 \u043d\u0430\u0431\u043e\u0440\u043e\u043c \u043a\u0430\u0431\u0435\u043b\u044c\u043d\u044b\u0445 \u0432\u0432\u043e\u0434\u043e\u0432. \u0422\u0438\u043f\u043e\u0440\u0430\u0437\u043c\u0435\u0440\u044b: DN10-DN1400, PN10-PN400 \u043f\u043e DIN \u0438\u043b\u0438 \u043f\u043e ANSI. \u0421\u043e\u043e\u0442\u0432\u0435\u0442\u0441\u0442\u0432\u0443\u044e\u0442 \u0441\u0442\u0430\u043d\u0434\u0430\u0440\u0442\u0430\u043c: API 6D, API 6A, API 607, \u0422\u0435\u0445\u043d\u0438\u0447\u0435\u0441\u043a\u0438\u0435 \u0420\u0435\u0433\u043b\u0430\u043c\u0435\u043d\u0442\u044b \u0422\u0430\u043c\u043e\u0436\u0435\u043d\u043d\u043e\u0433\u043e \u0421\u043e\u044e\u0437\u0430, TA-LUFT, CE PED.[:]","og_url":"https:\/\/www.vtveres.hu\/sample-product\/szerelvenyek\/","og_site_name":"VT Veres Kft.","article_publisher":"http:\/\/www.facebook.vtveres.hu","article_modified_time":"2016-11-17T09:49:44+00:00","og_image":[{"width":650,"height":650,"url":"https:\/\/www.vtveres.hu\/web\/wp-content\/uploads\/2016\/09\/szerelvenyek_650.png","type":"image\/png"}],"twitter_card":"summary_large_image","schema":{"@context":"https:\/\/schema.org","@graph":[{"@type":"WebPage","@id":"https:\/\/www.vtveres.hu\/sample-product\/szerelvenyek\/","url":"https:\/\/www.vtveres.hu\/sample-product\/szerelvenyek\/","name":"Valves - VT Veres Kft.","isPartOf":{"@id":"https:\/\/www.vtveres.hu\/#website"},"primaryImageOfPage":{"@id":"https:\/\/www.vtveres.hu\/sample-product\/szerelvenyek\/#primaryimage"},"image":{"@id":"https:\/\/www.vtveres.hu\/sample-product\/szerelvenyek\/#primaryimage"},"thumbnailUrl":"https:\/\/www.vtveres.hu\/web\/wp-content\/uploads\/2016\/09\/szerelvenyek_650.png","datePublished":"2016-09-29T20:44:39+00:00","dateModified":"2016-11-17T09:49:44+00:00","breadcrumb":{"@id":"https:\/\/www.vtveres.hu\/sample-product\/szerelvenyek\/#breadcrumb"},"inLanguage":"en-US","potentialAction":[{"@type":"ReadAction","target":["https:\/\/www.vtveres.hu\/sample-product\/szerelvenyek\/"]}]},{"@type":"ImageObject","inLanguage":"en-US","@id":"https:\/\/www.vtveres.hu\/sample-product\/szerelvenyek\/#primaryimage","url":"https:\/\/www.vtveres.hu\/web\/wp-content\/uploads\/2016\/09\/szerelvenyek_650.png","contentUrl":"https:\/\/www.vtveres.hu\/web\/wp-content\/uploads\/2016\/09\/szerelvenyek_650.png","width":650,"height":650,"caption":"Valves"},{"@type":"BreadcrumbList","@id":"https:\/\/www.vtveres.hu\/sample-product\/szerelvenyek\/#breadcrumb","itemListElement":[{"@type":"ListItem","position":1,"name":"Home","item":"https:\/\/www.vtveres.hu\/"},{"@type":"ListItem","position":2,"name":"Term\u00e9kek \u00e9s megold\u00e1sok","item":"https:\/\/www.vtveres.hu\/termekek-es-megoldasok\/"},{"@type":"ListItem","position":3,"name":"Szerelv\u00e9nyek"}]},{"@type":"WebSite","@id":"https:\/\/www.vtveres.hu\/#website","url":"https:\/\/www.vtveres.hu\/","name":"VT Veres Kft.","description":"The future\u2019s solution now","publisher":{"@id":"https:\/\/www.vtveres.hu\/#organization"},"potentialAction":[{"@type":"SearchAction","target":{"@type":"EntryPoint","urlTemplate":"https:\/\/www.vtveres.hu\/?s={search_term_string}"},"query-input":{"@type":"PropertyValueSpecification","valueRequired":true,"valueName":"search_term_string"}}],"inLanguage":"en-US"},{"@type":"Organization","@id":"https:\/\/www.vtveres.hu\/#organization","name":"VT Veres Kft.","url":"https:\/\/www.vtveres.hu\/","logo":{"@type":"ImageObject","inLanguage":"en-US","@id":"https:\/\/www.vtveres.hu\/#\/schema\/logo\/image\/","url":"https:\/\/www.vtveres.hu\/web\/wp-content\/uploads\/2016\/05\/25_ev_pici_hun-1.png","contentUrl":"https:\/\/www.vtveres.hu\/web\/wp-content\/uploads\/2016\/05\/25_ev_pici_hun-1.png","width":140,"height":107,"caption":"VT Veres Kft."},"image":{"@id":"https:\/\/www.vtveres.hu\/#\/schema\/logo\/image\/"},"sameAs":["http:\/\/www.facebook.vtveres.hu","http:\/\/www.instagram.vtveres.hu","http:\/\/www.linkedin.vtveres.hu"]}]}},"_links":{"self":[{"href":"https:\/\/www.vtveres.hu\/en\/wp-json\/wp\/v2\/product\/2561","targetHints":{"allow":["GET"]}}],"collection":[{"href":"https:\/\/www.vtveres.hu\/en\/wp-json\/wp\/v2\/product"}],"about":[{"href":"https:\/\/www.vtveres.hu\/en\/wp-json\/wp\/v2\/types\/product"}],"replies":[{"embeddable":true,"href":"https:\/\/www.vtveres.hu\/en\/wp-json\/wp\/v2\/comments?post=2561"}],"wp:featuredmedia":[{"embeddable":true,"href":"https:\/\/www.vtveres.hu\/en\/wp-json\/wp\/v2\/media\/2614"}],"wp:attachment":[{"href":"https:\/\/www.vtveres.hu\/en\/wp-json\/wp\/v2\/media?parent=2561"}],"wp:term":[{"taxonomy":"product_brand","embeddable":true,"href":"https:\/\/www.vtveres.hu\/en\/wp-json\/wp\/v2\/product_brand?post=2561"},{"taxonomy":"product_cat","embeddable":true,"href":"https:\/\/www.vtveres.hu\/en\/wp-json\/wp\/v2\/product_cat?post=2561"},{"taxonomy":"product_tag","embeddable":true,"href":"https:\/\/www.vtveres.hu\/en\/wp-json\/wp\/v2\/product_tag?post=2561"}],"curies":[{"name":"wp","href":"https:\/\/api.w.org\/{rel}","templated":true}]}}