{"id":2559,"date":"2016-09-29T20:43:32","date_gmt":"2016-09-29T20:43:32","guid":{"rendered":"http:\/\/imagency.hu\/vtveres\/?post_type=product&#038;p=2559"},"modified":"2016-11-17T17:10:19","modified_gmt":"2016-11-17T17:10:19","slug":"conflow-process-szabalyzoszelepek","status":"publish","type":"product","link":"https:\/\/www.vtveres.hu\/en\/sample-product\/conflow-process-szabalyzoszelepek\/","title":{"rendered":"Conflow folyamatszab\u00e1lyz\u00f3k"},"content":{"rendered":"","protected":false},"excerpt":{"rendered":"<p style=\"text-align: justify;\">We supply 2 or 3 ways pneumatic or electric operated control valves for process control systems. The valves are carbon steel or stainless steel, the characteristics, the closing body and seals are due to the requirement of the process.<\/p>\n","protected":false},"featured_media":2893,"comment_status":"open","ping_status":"closed","template":"","meta":{"_exactmetrics_skip_tracking":false,"_exactmetrics_sitenote_active":false,"_exactmetrics_sitenote_note":"","_exactmetrics_sitenote_category":0},"product_brand":[],"product_cat":[27],"product_tag":[],"class_list":{"0":"post-2559","1":"product","2":"type-product","3":"status-publish","4":"has-post-thumbnail","6":"product_cat-vac-parts","8":"first","9":"instock","10":"taxable","11":"shipping-taxable","12":"product-type-simple"},"yoast_head":"<!-- This site is optimized with the Yoast SEO plugin v27.5 - https:\/\/yoast.com\/product\/yoast-seo-wordpress\/ -->\n<title>Conflow folyamatszab\u00e1lyz\u00f3k - VT Veres Kft.<\/title>\n<meta name=\"robots\" content=\"index, follow, max-snippet:-1, max-image-preview:large, max-video-preview:-1\" \/>\n<link rel=\"canonical\" href=\"https:\/\/www.vtveres.hu\/ru\/sample-product\/conflow-process-szabalyzoszelepek\/\" \/>\n<meta property=\"og:locale\" content=\"en_US\" \/>\n<meta property=\"og:type\" content=\"article\" \/>\n<meta property=\"og:title\" content=\"Conflow folyamatszab\u00e1lyz\u00f3k - VT Veres Kft.\" \/>\n<meta property=\"og:description\" content=\"[:hu]Folyamat szab\u00e1lyz\u00e1si rendszerekhez sz\u00e1ll\u00edtunk 2 \u00e9s 3 utas pneumatikus vagy villamos m\u0171k\u00f6dtet\u00e9s\u0171 szab\u00e1lyz\u00f3 szerelv\u00e9nyeket a k\u00f6zegnek megfelel\u0151 sz\u00e9nac\u00e9l vagy rozsdamentes kivitelben, a folyamat \u00e1ltal ig\u00e9nyelt karakterisztik\u00e1val, z\u00e1r\u00f3testtel \u00e9s \u00fcl\u00e9kkel.[:en]We supply 2 or 3 ways pneumatic or electric operated control valves for process control systems. The valves are carbon steel or stainless steel, the characteristics, the closing body and seals are due to the requirement of the process.[:ru]\u0414\u0432\u0443\u0445- \u0438\u043b\u0438 \u0442\u0440\u0435\u0445\u0445\u043e\u0434\u043e\u0432\u044b\u0435 \u0440\u0435\u0433\u0443\u043b\u0438\u0440\u0443\u044e\u0449\u0438\u0435 \u043a\u043b\u0430\u043f\u0430\u043d\u044b \u0441 \u043f\u043d\u0435\u0432\u043c\u0430\u0442\u0438\u0447\u0435\u0441\u043a\u0438\u043c\u0438 \u0438\u043b\u0438 \u044d\u043b\u0435\u043a\u0442\u0440\u0438\u0447\u0435\u0441\u043a\u0438\u043c\u0438 \u043f\u0440\u0438\u0432\u043e\u0434\u0430\u043c\u0438 \u043f\u0440\u0435\u0434\u043d\u0430\u0437\u043d\u0430\u0447\u0430\u044e\u0442\u0441\u044f \u0434\u043b\u044f \u0441\u0438\u0441\u0442\u0435\u043c \u0440\u0435\u0433\u0443\u043b\u0438\u0440\u043e\u0432\u0430\u043d\u0438\u044f \u043f\u0440\u043e\u0438\u0437\u0432\u043e\u0434\u0441\u0442\u0432\u0435\u043d\u043d\u044b\u043c\u0438 \u043f\u0440\u043e\u0446\u0435\u0441\u0441\u0430\u043c\u0438. \u0418\u0437\u0433\u043e\u0442\u0430\u0432\u043b\u0438\u0432\u0430\u044e\u0442\u0441\u044f \u0438\u0437 \u0443\u0433\u043b\u0435\u0440\u043e\u0434\u0438\u0441\u0442\u043e\u0439 \u0438\u043b\u0438 \u043d\u0435\u0440\u0436\u0430\u0432\u0435\u044e\u0449\u0435\u0439 \u0441\u0442\u0430\u043b\u0438, \u0434\u043b\u044f \u0440\u0430\u0437\u043b\u0438\u0447\u043d\u044b\u0445 \u0440\u0430\u0431\u043e\u0447\u0438\u0445 \u0441\u0440\u0435\u0434, \u0432 \u0441\u043e\u043e\u0442\u0432\u0435\u0442\u0441\u0442\u0432\u0438\u0438 \u0441 \u0442\u0440\u0435\u0431\u0443\u0435\u043c\u044b\u043c\u0438 \u043f\u0430\u0440\u0430\u043c\u0435\u0442\u0440\u0430\u043c\u0438 \u043f\u0440\u043e\u0446\u0435\u0441\u0441\u0430, \u0441 \u0437\u0430\u043f\u043e\u0440\u043d\u044b\u043c\u0438 \u043e\u0440\u0433\u0430\u043d\u0430\u043c\u0438 \u0438 \u0441\u0435\u0434\u043b\u0430\u043c\u0438.[:]\" \/>\n<meta property=\"og:url\" content=\"https:\/\/www.vtveres.hu\/ru\/sample-product\/conflow-process-szabalyzoszelepek\/\" \/>\n<meta property=\"og:site_name\" content=\"VT Veres Kft.\" \/>\n<meta property=\"article:publisher\" content=\"http:\/\/www.facebook.vtveres.hu\" \/>\n<meta property=\"article:modified_time\" content=\"2016-11-17T17:10:19+00:00\" \/>\n<meta property=\"og:image\" content=\"https:\/\/www.vtveres.hu\/web\/wp-content\/uploads\/2016\/09\/conflow_process-szabalyzoszelepek_650.png\" \/>\n\t<meta property=\"og:image:width\" content=\"650\" \/>\n\t<meta property=\"og:image:height\" content=\"650\" \/>\n\t<meta property=\"og:image:type\" content=\"image\/png\" \/>\n<meta name=\"twitter:card\" content=\"summary_large_image\" \/>\n<script type=\"application\/ld+json\" class=\"yoast-schema-graph\">{\"@context\":\"https:\\\/\\\/schema.org\",\"@graph\":[{\"@type\":\"WebPage\",\"@id\":\"https:\\\/\\\/www.vtveres.hu\\\/ru\\\/sample-product\\\/conflow-process-szabalyzoszelepek\\\/\",\"url\":\"https:\\\/\\\/www.vtveres.hu\\\/ru\\\/sample-product\\\/conflow-process-szabalyzoszelepek\\\/\",\"name\":\"Conflow folyamatszab\u00e1lyz\u00f3k - VT Veres Kft.\",\"isPartOf\":{\"@id\":\"https:\\\/\\\/www.vtveres.hu\\\/#website\"},\"primaryImageOfPage\":{\"@id\":\"https:\\\/\\\/www.vtveres.hu\\\/ru\\\/sample-product\\\/conflow-process-szabalyzoszelepek\\\/#primaryimage\"},\"image\":{\"@id\":\"https:\\\/\\\/www.vtveres.hu\\\/ru\\\/sample-product\\\/conflow-process-szabalyzoszelepek\\\/#primaryimage\"},\"thumbnailUrl\":\"https:\\\/\\\/www.vtveres.hu\\\/web\\\/wp-content\\\/uploads\\\/2016\\\/09\\\/conflow_process-szabalyzoszelepek_650.png\",\"datePublished\":\"2016-09-29T20:43:32+00:00\",\"dateModified\":\"2016-11-17T17:10:19+00:00\",\"breadcrumb\":{\"@id\":\"https:\\\/\\\/www.vtveres.hu\\\/ru\\\/sample-product\\\/conflow-process-szabalyzoszelepek\\\/#breadcrumb\"},\"inLanguage\":\"en-US\",\"potentialAction\":[{\"@type\":\"ReadAction\",\"target\":[\"https:\\\/\\\/www.vtveres.hu\\\/ru\\\/sample-product\\\/conflow-process-szabalyzoszelepek\\\/\"]}]},{\"@type\":\"ImageObject\",\"inLanguage\":\"en-US\",\"@id\":\"https:\\\/\\\/www.vtveres.hu\\\/ru\\\/sample-product\\\/conflow-process-szabalyzoszelepek\\\/#primaryimage\",\"url\":\"https:\\\/\\\/www.vtveres.hu\\\/web\\\/wp-content\\\/uploads\\\/2016\\\/09\\\/conflow_process-szabalyzoszelepek_650.png\",\"contentUrl\":\"https:\\\/\\\/www.vtveres.hu\\\/web\\\/wp-content\\\/uploads\\\/2016\\\/09\\\/conflow_process-szabalyzoszelepek_650.png\",\"width\":650,\"height\":650,\"caption\":\"Conflow folyamatszab\u00e1lyz\u00f3k\"},{\"@type\":\"BreadcrumbList\",\"@id\":\"https:\\\/\\\/www.vtveres.hu\\\/ru\\\/sample-product\\\/conflow-process-szabalyzoszelepek\\\/#breadcrumb\",\"itemListElement\":[{\"@type\":\"ListItem\",\"position\":1,\"name\":\"Home\",\"item\":\"https:\\\/\\\/www.vtveres.hu\\\/\"},{\"@type\":\"ListItem\",\"position\":2,\"name\":\"Term\u00e9kek \u00e9s megold\u00e1sok\",\"item\":\"https:\\\/\\\/www.vtveres.hu\\\/termekek-es-megoldasok\\\/\"},{\"@type\":\"ListItem\",\"position\":3,\"name\":\"\u041a\u043b\u0430\u043f\u0430\u043d\u044b \u0440\u0435\u0433\u0443\u043b\u0438\u0440\u043e\u0432\u0430\u043d\u0438\u044f \u043f\u0440\u043e\u0446\u0435\u0441\u0441\u0430 Conflow\"}]},{\"@type\":\"WebSite\",\"@id\":\"https:\\\/\\\/www.vtveres.hu\\\/#website\",\"url\":\"https:\\\/\\\/www.vtveres.hu\\\/\",\"name\":\"VT Veres Kft.\",\"description\":\"The future\u2019s solution now\",\"publisher\":{\"@id\":\"https:\\\/\\\/www.vtveres.hu\\\/#organization\"},\"potentialAction\":[{\"@type\":\"SearchAction\",\"target\":{\"@type\":\"EntryPoint\",\"urlTemplate\":\"https:\\\/\\\/www.vtveres.hu\\\/?s={search_term_string}\"},\"query-input\":{\"@type\":\"PropertyValueSpecification\",\"valueRequired\":true,\"valueName\":\"search_term_string\"}}],\"inLanguage\":\"en-US\"},{\"@type\":\"Organization\",\"@id\":\"https:\\\/\\\/www.vtveres.hu\\\/#organization\",\"name\":\"VT Veres Kft.\",\"url\":\"https:\\\/\\\/www.vtveres.hu\\\/\",\"logo\":{\"@type\":\"ImageObject\",\"inLanguage\":\"en-US\",\"@id\":\"https:\\\/\\\/www.vtveres.hu\\\/#\\\/schema\\\/logo\\\/image\\\/\",\"url\":\"https:\\\/\\\/www.vtveres.hu\\\/web\\\/wp-content\\\/uploads\\\/2016\\\/05\\\/25_ev_pici_hun-1.png\",\"contentUrl\":\"https:\\\/\\\/www.vtveres.hu\\\/web\\\/wp-content\\\/uploads\\\/2016\\\/05\\\/25_ev_pici_hun-1.png\",\"width\":140,\"height\":107,\"caption\":\"VT Veres Kft.\"},\"image\":{\"@id\":\"https:\\\/\\\/www.vtveres.hu\\\/#\\\/schema\\\/logo\\\/image\\\/\"},\"sameAs\":[\"http:\\\/\\\/www.facebook.vtveres.hu\",\"http:\\\/\\\/www.instagram.vtveres.hu\",\"http:\\\/\\\/www.linkedin.vtveres.hu\"]}]}<\/script>\n<!-- \/ Yoast SEO plugin. -->","yoast_head_json":{"title":"Conflow folyamatszab\u00e1lyz\u00f3k - VT Veres Kft.","robots":{"index":"index","follow":"follow","max-snippet":"max-snippet:-1","max-image-preview":"max-image-preview:large","max-video-preview":"max-video-preview:-1"},"canonical":"https:\/\/www.vtveres.hu\/ru\/sample-product\/conflow-process-szabalyzoszelepek\/","og_locale":"en_US","og_type":"article","og_title":"Conflow folyamatszab\u00e1lyz\u00f3k - VT Veres Kft.","og_description":"[:hu]Folyamat szab\u00e1lyz\u00e1si rendszerekhez sz\u00e1ll\u00edtunk 2 \u00e9s 3 utas pneumatikus vagy villamos m\u0171k\u00f6dtet\u00e9s\u0171 szab\u00e1lyz\u00f3 szerelv\u00e9nyeket a k\u00f6zegnek megfelel\u0151 sz\u00e9nac\u00e9l vagy rozsdamentes kivitelben, a folyamat \u00e1ltal ig\u00e9nyelt karakterisztik\u00e1val, z\u00e1r\u00f3testtel \u00e9s \u00fcl\u00e9kkel.[:en]We supply 2 or 3 ways pneumatic or electric operated control valves for process control systems. The valves are carbon steel or stainless steel, the characteristics, the closing body and seals are due to the requirement of the process.[:ru]\u0414\u0432\u0443\u0445- \u0438\u043b\u0438 \u0442\u0440\u0435\u0445\u0445\u043e\u0434\u043e\u0432\u044b\u0435 \u0440\u0435\u0433\u0443\u043b\u0438\u0440\u0443\u044e\u0449\u0438\u0435 \u043a\u043b\u0430\u043f\u0430\u043d\u044b \u0441 \u043f\u043d\u0435\u0432\u043c\u0430\u0442\u0438\u0447\u0435\u0441\u043a\u0438\u043c\u0438 \u0438\u043b\u0438 \u044d\u043b\u0435\u043a\u0442\u0440\u0438\u0447\u0435\u0441\u043a\u0438\u043c\u0438 \u043f\u0440\u0438\u0432\u043e\u0434\u0430\u043c\u0438 \u043f\u0440\u0435\u0434\u043d\u0430\u0437\u043d\u0430\u0447\u0430\u044e\u0442\u0441\u044f \u0434\u043b\u044f \u0441\u0438\u0441\u0442\u0435\u043c \u0440\u0435\u0433\u0443\u043b\u0438\u0440\u043e\u0432\u0430\u043d\u0438\u044f \u043f\u0440\u043e\u0438\u0437\u0432\u043e\u0434\u0441\u0442\u0432\u0435\u043d\u043d\u044b\u043c\u0438 \u043f\u0440\u043e\u0446\u0435\u0441\u0441\u0430\u043c\u0438. \u0418\u0437\u0433\u043e\u0442\u0430\u0432\u043b\u0438\u0432\u0430\u044e\u0442\u0441\u044f \u0438\u0437 \u0443\u0433\u043b\u0435\u0440\u043e\u0434\u0438\u0441\u0442\u043e\u0439 \u0438\u043b\u0438 \u043d\u0435\u0440\u0436\u0430\u0432\u0435\u044e\u0449\u0435\u0439 \u0441\u0442\u0430\u043b\u0438, \u0434\u043b\u044f \u0440\u0430\u0437\u043b\u0438\u0447\u043d\u044b\u0445 \u0440\u0430\u0431\u043e\u0447\u0438\u0445 \u0441\u0440\u0435\u0434, \u0432 \u0441\u043e\u043e\u0442\u0432\u0435\u0442\u0441\u0442\u0432\u0438\u0438 \u0441 \u0442\u0440\u0435\u0431\u0443\u0435\u043c\u044b\u043c\u0438 \u043f\u0430\u0440\u0430\u043c\u0435\u0442\u0440\u0430\u043c\u0438 \u043f\u0440\u043e\u0446\u0435\u0441\u0441\u0430, \u0441 \u0437\u0430\u043f\u043e\u0440\u043d\u044b\u043c\u0438 \u043e\u0440\u0433\u0430\u043d\u0430\u043c\u0438 \u0438 \u0441\u0435\u0434\u043b\u0430\u043c\u0438.[:]","og_url":"https:\/\/www.vtveres.hu\/ru\/sample-product\/conflow-process-szabalyzoszelepek\/","og_site_name":"VT Veres Kft.","article_publisher":"http:\/\/www.facebook.vtveres.hu","article_modified_time":"2016-11-17T17:10:19+00:00","og_image":[{"width":650,"height":650,"url":"https:\/\/www.vtveres.hu\/web\/wp-content\/uploads\/2016\/09\/conflow_process-szabalyzoszelepek_650.png","type":"image\/png"}],"twitter_card":"summary_large_image","schema":{"@context":"https:\/\/schema.org","@graph":[{"@type":"WebPage","@id":"https:\/\/www.vtveres.hu\/ru\/sample-product\/conflow-process-szabalyzoszelepek\/","url":"https:\/\/www.vtveres.hu\/ru\/sample-product\/conflow-process-szabalyzoszelepek\/","name":"Conflow folyamatszab\u00e1lyz\u00f3k - VT Veres Kft.","isPartOf":{"@id":"https:\/\/www.vtveres.hu\/#website"},"primaryImageOfPage":{"@id":"https:\/\/www.vtveres.hu\/ru\/sample-product\/conflow-process-szabalyzoszelepek\/#primaryimage"},"image":{"@id":"https:\/\/www.vtveres.hu\/ru\/sample-product\/conflow-process-szabalyzoszelepek\/#primaryimage"},"thumbnailUrl":"https:\/\/www.vtveres.hu\/web\/wp-content\/uploads\/2016\/09\/conflow_process-szabalyzoszelepek_650.png","datePublished":"2016-09-29T20:43:32+00:00","dateModified":"2016-11-17T17:10:19+00:00","breadcrumb":{"@id":"https:\/\/www.vtveres.hu\/ru\/sample-product\/conflow-process-szabalyzoszelepek\/#breadcrumb"},"inLanguage":"en-US","potentialAction":[{"@type":"ReadAction","target":["https:\/\/www.vtveres.hu\/ru\/sample-product\/conflow-process-szabalyzoszelepek\/"]}]},{"@type":"ImageObject","inLanguage":"en-US","@id":"https:\/\/www.vtveres.hu\/ru\/sample-product\/conflow-process-szabalyzoszelepek\/#primaryimage","url":"https:\/\/www.vtveres.hu\/web\/wp-content\/uploads\/2016\/09\/conflow_process-szabalyzoszelepek_650.png","contentUrl":"https:\/\/www.vtveres.hu\/web\/wp-content\/uploads\/2016\/09\/conflow_process-szabalyzoszelepek_650.png","width":650,"height":650,"caption":"Conflow folyamatszab\u00e1lyz\u00f3k"},{"@type":"BreadcrumbList","@id":"https:\/\/www.vtveres.hu\/ru\/sample-product\/conflow-process-szabalyzoszelepek\/#breadcrumb","itemListElement":[{"@type":"ListItem","position":1,"name":"Home","item":"https:\/\/www.vtveres.hu\/"},{"@type":"ListItem","position":2,"name":"Term\u00e9kek \u00e9s megold\u00e1sok","item":"https:\/\/www.vtveres.hu\/termekek-es-megoldasok\/"},{"@type":"ListItem","position":3,"name":"\u041a\u043b\u0430\u043f\u0430\u043d\u044b \u0440\u0435\u0433\u0443\u043b\u0438\u0440\u043e\u0432\u0430\u043d\u0438\u044f \u043f\u0440\u043e\u0446\u0435\u0441\u0441\u0430 Conflow"}]},{"@type":"WebSite","@id":"https:\/\/www.vtveres.hu\/#website","url":"https:\/\/www.vtveres.hu\/","name":"VT Veres Kft.","description":"The future\u2019s solution now","publisher":{"@id":"https:\/\/www.vtveres.hu\/#organization"},"potentialAction":[{"@type":"SearchAction","target":{"@type":"EntryPoint","urlTemplate":"https:\/\/www.vtveres.hu\/?s={search_term_string}"},"query-input":{"@type":"PropertyValueSpecification","valueRequired":true,"valueName":"search_term_string"}}],"inLanguage":"en-US"},{"@type":"Organization","@id":"https:\/\/www.vtveres.hu\/#organization","name":"VT Veres Kft.","url":"https:\/\/www.vtveres.hu\/","logo":{"@type":"ImageObject","inLanguage":"en-US","@id":"https:\/\/www.vtveres.hu\/#\/schema\/logo\/image\/","url":"https:\/\/www.vtveres.hu\/web\/wp-content\/uploads\/2016\/05\/25_ev_pici_hun-1.png","contentUrl":"https:\/\/www.vtveres.hu\/web\/wp-content\/uploads\/2016\/05\/25_ev_pici_hun-1.png","width":140,"height":107,"caption":"VT Veres Kft."},"image":{"@id":"https:\/\/www.vtveres.hu\/#\/schema\/logo\/image\/"},"sameAs":["http:\/\/www.facebook.vtveres.hu","http:\/\/www.instagram.vtveres.hu","http:\/\/www.linkedin.vtveres.hu"]}]}},"_links":{"self":[{"href":"https:\/\/www.vtveres.hu\/en\/wp-json\/wp\/v2\/product\/2559","targetHints":{"allow":["GET"]}}],"collection":[{"href":"https:\/\/www.vtveres.hu\/en\/wp-json\/wp\/v2\/product"}],"about":[{"href":"https:\/\/www.vtveres.hu\/en\/wp-json\/wp\/v2\/types\/product"}],"replies":[{"embeddable":true,"href":"https:\/\/www.vtveres.hu\/en\/wp-json\/wp\/v2\/comments?post=2559"}],"wp:featuredmedia":[{"embeddable":true,"href":"https:\/\/www.vtveres.hu\/en\/wp-json\/wp\/v2\/media\/2893"}],"wp:attachment":[{"href":"https:\/\/www.vtveres.hu\/en\/wp-json\/wp\/v2\/media?parent=2559"}],"wp:term":[{"taxonomy":"product_brand","embeddable":true,"href":"https:\/\/www.vtveres.hu\/en\/wp-json\/wp\/v2\/product_brand?post=2559"},{"taxonomy":"product_cat","embeddable":true,"href":"https:\/\/www.vtveres.hu\/en\/wp-json\/wp\/v2\/product_cat?post=2559"},{"taxonomy":"product_tag","embeddable":true,"href":"https:\/\/www.vtveres.hu\/en\/wp-json\/wp\/v2\/product_tag?post=2559"}],"curies":[{"name":"wp","href":"https:\/\/api.w.org\/{rel}","templated":true}]}}