{"id":2548,"date":"2016-09-29T20:33:52","date_gmt":"2016-09-29T20:33:52","guid":{"rendered":"http:\/\/imagency.hu\/vtveres\/?post_type=product&#038;p=2548"},"modified":"2016-11-17T17:21:47","modified_gmt":"2016-11-17T17:21:47","slug":"fokozomuvek","status":"publish","type":"product","link":"https:\/\/www.vtveres.hu\/en\/sample-product\/fokozomuvek\/","title":{"rendered":"Gearboxes"},"content":{"rendered":"","protected":false},"excerpt":{"rendered":"<p style=\"text-align: justify;\">Limitorque, Emerson and Sambo gearboxes are available in quarter and multiturn on\/off or modulating applications with full-lifetime lubricated and maintenance free. Input drive can be handwheel or multiturn actuators, the output flanges are according to ISO or GOST standard. Operation temperature from -60C to +80 C.<\/p>\n","protected":false},"featured_media":2895,"comment_status":"open","ping_status":"closed","template":"","meta":{"_exactmetrics_skip_tracking":false,"_exactmetrics_sitenote_active":false,"_exactmetrics_sitenote_note":"","_exactmetrics_sitenote_category":0},"product_brand":[],"product_cat":[26],"product_tag":[],"class_list":{"0":"post-2548","1":"product","2":"type-product","3":"status-publish","4":"has-post-thumbnail","6":"product_cat-gearboxes","8":"first","9":"instock","10":"taxable","11":"shipping-taxable","12":"product-type-simple"},"yoast_head":"<!-- This site is optimized with the Yoast SEO plugin v27.4 - https:\/\/yoast.com\/product\/yoast-seo-wordpress\/ -->\n<title>Gearboxes - VT Veres Kft.<\/title>\n<meta name=\"robots\" content=\"index, follow, max-snippet:-1, max-image-preview:large, max-video-preview:-1\" \/>\n<link rel=\"canonical\" href=\"https:\/\/www.vtveres.hu\/sample-product\/fokozomuvek\/\" \/>\n<meta property=\"og:locale\" content=\"en_US\" \/>\n<meta property=\"og:type\" content=\"article\" \/>\n<meta property=\"og:title\" content=\"Gearboxes - VT Veres Kft.\" \/>\n<meta property=\"og:description\" content=\"[:hu]Fokoz\u00f3m\u0171veink negyed \u00e9s t\u00f6bbfordulat\u00fa nyit\/z\u00e1r valamint szab\u00e1lyz\u00f3 kivitelben \u00e1llnak rendelkez\u00e9sre, ken\u00e9s\u00fck teljes \u00e9lettartam\u00fa, karbantart\u00e1s mentes. Meghajt\u00e1suk k\u00e9zikerekes vagy t\u00f6bbfordulat\u00fa hajt\u00f3m\u0171vekkel lehets\u00e9ges, szerelv\u00e9nyoldali kimenet ISO vagy GOST szabv\u00e1ny szerinti. \u00dczemi h\u0151m\u00e9rs\u00e9klet: -60 C\u2026+80 C.[:en]Limitorque, Emerson and Sambo gearboxes are available in quarter and multiturn on\/off or modulating applications with full-lifetime lubricated and maintenance free. Input drive can be handwheel or multiturn actuators, the output flanges are according to ISO or GOST standard. Operation temperature from -60C to +80 C.[:ru]\u041f\u0440\u0435\u0434\u043b\u0430\u0433\u0430\u0435\u043c\u044b\u0435 \u043d\u0430\u043c\u0438 \u0447\u0435\u0442\u0432\u0435\u0440\u0442\u044c\u043e\u0431\u043e\u0440\u043e\u0442\u043d\u044b\u0435 \u0438 \u043c\u043d\u043e\u0433\u043e\u043e\u0431\u043e\u0440\u043e\u0442\u043d\u044b\u0435 \u0440\u0435\u0434\u0443\u043a\u0442\u043e\u0440\u044b \u043f\u0440\u043e\u0438\u0437\u0432\u043e\u0434\u0441\u0442\u0432\u0430 Flowserve Limitorque, Mastergear, TMG \u0438 Sambo, \u0432 \u0438\u0441\u043f\u043e\u043b\u043d\u0435\u043d\u0438\u0438 \u0434\u043b\u044f \u043e\u0442\u043a\u0440\u044b\u0442\u0438\u044f\/\u0437\u0430\u043a\u0440\u044b\u0442\u0438\u044f \u0438 \u0440\u0435\u0433\u0443\u043b\u0438\u0440\u043e\u0432\u0430\u043d\u0438\u044f \u0430\u0440\u043c\u0430\u0442\u0443\u0440\u044b, \u0441\u043e \u0441\u043c\u0430\u0437\u043a\u043e\u0439 \u043d\u0430 \u0432\u0435\u0441\u044c \u0441\u0440\u043e\u043a \u0441\u043b\u0443\u0436\u0431\u044b, \u0431\u0435\u0437 \u043f\u043e\u0442\u0440\u0435\u0431\u043d\u043e\u0441\u0442\u0438 \u0432 \u0442\u0435\u0445\u043e\u0431\u0441\u043b\u0443\u0436\u0438\u0432\u0430\u043d\u0438\u0438. \u041c\u043e\u0433\u0443\u0442 \u0443\u043f\u0440\u0430\u0432\u043b\u044f\u0442\u044c\u0441\u044f \u0440\u0443\u0447\u043d\u044b\u043c \u043f\u0440\u0438\u0432\u043e\u0434\u043e\u043c \u0438\u043b\u0438 \u043c\u043d\u043e\u0433\u043e\u043e\u0431\u043e\u0440\u043e\u0442\u043d\u044b\u043c \u044d\u043b\u0435\u043a\u0442\u0440\u043e\u043f\u0440\u0438\u0432\u043e\u0434\u043e\u043c, \u0432\u044b\u0445\u043e\u0434\u043d\u044b\u0435 \u0444\u043b\u0430\u043d\u0446\u044b \u0434\u043b\u044f \u043f\u0440\u0438\u0441\u043e\u0435\u0434\u0438\u043d\u0435\u043d\u0438\u044f \u0430\u0440\u043c\u0430\u0442\u0443\u0440\u044b \u043f\u043e \u0441\u0442\u0430\u043d\u0434\u0430\u0440\u0442\u0430\u043c ISO \u0438\u043b\u0438 \u0413\u041e\u0421\u0422. \u0414\u0438\u0430\u043f\u0430\u0437\u043e\u043d \u0440\u0430\u0431\u043e\u0447\u0438\u0445 \u0442\u0435\u043c\u043f\u0435\u0440\u0430\u0442\u0443\u0440: -60 \u043eC\u2026+80 \u043eC.[:]\" \/>\n<meta property=\"og:url\" content=\"https:\/\/www.vtveres.hu\/sample-product\/fokozomuvek\/\" \/>\n<meta property=\"og:site_name\" content=\"VT Veres Kft.\" \/>\n<meta property=\"article:publisher\" content=\"http:\/\/www.facebook.vtveres.hu\" \/>\n<meta property=\"article:modified_time\" content=\"2016-11-17T17:21:47+00:00\" \/>\n<meta property=\"og:image\" content=\"https:\/\/www.vtveres.hu\/web\/wp-content\/uploads\/2016\/09\/fokozomuvek_650.png\" \/>\n\t<meta property=\"og:image:width\" content=\"650\" \/>\n\t<meta property=\"og:image:height\" content=\"650\" \/>\n\t<meta property=\"og:image:type\" content=\"image\/png\" \/>\n<meta name=\"twitter:card\" content=\"summary_large_image\" \/>\n<script type=\"application\/ld+json\" class=\"yoast-schema-graph\">{\"@context\":\"https:\\\/\\\/schema.org\",\"@graph\":[{\"@type\":\"WebPage\",\"@id\":\"https:\\\/\\\/www.vtveres.hu\\\/sample-product\\\/fokozomuvek\\\/\",\"url\":\"https:\\\/\\\/www.vtveres.hu\\\/sample-product\\\/fokozomuvek\\\/\",\"name\":\"Gearboxes - VT Veres Kft.\",\"isPartOf\":{\"@id\":\"https:\\\/\\\/www.vtveres.hu\\\/#website\"},\"primaryImageOfPage\":{\"@id\":\"https:\\\/\\\/www.vtveres.hu\\\/sample-product\\\/fokozomuvek\\\/#primaryimage\"},\"image\":{\"@id\":\"https:\\\/\\\/www.vtveres.hu\\\/sample-product\\\/fokozomuvek\\\/#primaryimage\"},\"thumbnailUrl\":\"https:\\\/\\\/www.vtveres.hu\\\/web\\\/wp-content\\\/uploads\\\/2016\\\/09\\\/fokozomuvek_650.png\",\"datePublished\":\"2016-09-29T20:33:52+00:00\",\"dateModified\":\"2016-11-17T17:21:47+00:00\",\"breadcrumb\":{\"@id\":\"https:\\\/\\\/www.vtveres.hu\\\/sample-product\\\/fokozomuvek\\\/#breadcrumb\"},\"inLanguage\":\"en-US\",\"potentialAction\":[{\"@type\":\"ReadAction\",\"target\":[\"https:\\\/\\\/www.vtveres.hu\\\/sample-product\\\/fokozomuvek\\\/\"]}]},{\"@type\":\"ImageObject\",\"inLanguage\":\"en-US\",\"@id\":\"https:\\\/\\\/www.vtveres.hu\\\/sample-product\\\/fokozomuvek\\\/#primaryimage\",\"url\":\"https:\\\/\\\/www.vtveres.hu\\\/web\\\/wp-content\\\/uploads\\\/2016\\\/09\\\/fokozomuvek_650.png\",\"contentUrl\":\"https:\\\/\\\/www.vtveres.hu\\\/web\\\/wp-content\\\/uploads\\\/2016\\\/09\\\/fokozomuvek_650.png\",\"width\":650,\"height\":650,\"caption\":\"Gearboxes\"},{\"@type\":\"BreadcrumbList\",\"@id\":\"https:\\\/\\\/www.vtveres.hu\\\/sample-product\\\/fokozomuvek\\\/#breadcrumb\",\"itemListElement\":[{\"@type\":\"ListItem\",\"position\":1,\"name\":\"Home\",\"item\":\"https:\\\/\\\/www.vtveres.hu\\\/\"},{\"@type\":\"ListItem\",\"position\":2,\"name\":\"Term\u00e9kek \u00e9s megold\u00e1sok\",\"item\":\"https:\\\/\\\/www.vtveres.hu\\\/termekek-es-megoldasok\\\/\"},{\"@type\":\"ListItem\",\"position\":3,\"name\":\"Fokoz\u00f3m\u0171vek\"}]},{\"@type\":\"WebSite\",\"@id\":\"https:\\\/\\\/www.vtveres.hu\\\/#website\",\"url\":\"https:\\\/\\\/www.vtveres.hu\\\/\",\"name\":\"VT Veres Kft.\",\"description\":\"The future\u2019s solution now\",\"publisher\":{\"@id\":\"https:\\\/\\\/www.vtveres.hu\\\/#organization\"},\"potentialAction\":[{\"@type\":\"SearchAction\",\"target\":{\"@type\":\"EntryPoint\",\"urlTemplate\":\"https:\\\/\\\/www.vtveres.hu\\\/?s={search_term_string}\"},\"query-input\":{\"@type\":\"PropertyValueSpecification\",\"valueRequired\":true,\"valueName\":\"search_term_string\"}}],\"inLanguage\":\"en-US\"},{\"@type\":\"Organization\",\"@id\":\"https:\\\/\\\/www.vtveres.hu\\\/#organization\",\"name\":\"VT Veres Kft.\",\"url\":\"https:\\\/\\\/www.vtveres.hu\\\/\",\"logo\":{\"@type\":\"ImageObject\",\"inLanguage\":\"en-US\",\"@id\":\"https:\\\/\\\/www.vtveres.hu\\\/#\\\/schema\\\/logo\\\/image\\\/\",\"url\":\"https:\\\/\\\/www.vtveres.hu\\\/web\\\/wp-content\\\/uploads\\\/2016\\\/05\\\/25_ev_pici_hun-1.png\",\"contentUrl\":\"https:\\\/\\\/www.vtveres.hu\\\/web\\\/wp-content\\\/uploads\\\/2016\\\/05\\\/25_ev_pici_hun-1.png\",\"width\":140,\"height\":107,\"caption\":\"VT Veres Kft.\"},\"image\":{\"@id\":\"https:\\\/\\\/www.vtveres.hu\\\/#\\\/schema\\\/logo\\\/image\\\/\"},\"sameAs\":[\"http:\\\/\\\/www.facebook.vtveres.hu\",\"http:\\\/\\\/www.instagram.vtveres.hu\",\"http:\\\/\\\/www.linkedin.vtveres.hu\"]}]}<\/script>\n<!-- \/ Yoast SEO plugin. -->","yoast_head_json":{"title":"Gearboxes - VT Veres Kft.","robots":{"index":"index","follow":"follow","max-snippet":"max-snippet:-1","max-image-preview":"max-image-preview:large","max-video-preview":"max-video-preview:-1"},"canonical":"https:\/\/www.vtveres.hu\/sample-product\/fokozomuvek\/","og_locale":"en_US","og_type":"article","og_title":"Gearboxes - VT Veres Kft.","og_description":"[:hu]Fokoz\u00f3m\u0171veink negyed \u00e9s t\u00f6bbfordulat\u00fa nyit\/z\u00e1r valamint szab\u00e1lyz\u00f3 kivitelben \u00e1llnak rendelkez\u00e9sre, ken\u00e9s\u00fck teljes \u00e9lettartam\u00fa, karbantart\u00e1s mentes. Meghajt\u00e1suk k\u00e9zikerekes vagy t\u00f6bbfordulat\u00fa hajt\u00f3m\u0171vekkel lehets\u00e9ges, szerelv\u00e9nyoldali kimenet ISO vagy GOST szabv\u00e1ny szerinti. \u00dczemi h\u0151m\u00e9rs\u00e9klet: -60 C\u2026+80 C.[:en]Limitorque, Emerson and Sambo gearboxes are available in quarter and multiturn on\/off or modulating applications with full-lifetime lubricated and maintenance free. Input drive can be handwheel or multiturn actuators, the output flanges are according to ISO or GOST standard. Operation temperature from -60C to +80 C.[:ru]\u041f\u0440\u0435\u0434\u043b\u0430\u0433\u0430\u0435\u043c\u044b\u0435 \u043d\u0430\u043c\u0438 \u0447\u0435\u0442\u0432\u0435\u0440\u0442\u044c\u043e\u0431\u043e\u0440\u043e\u0442\u043d\u044b\u0435 \u0438 \u043c\u043d\u043e\u0433\u043e\u043e\u0431\u043e\u0440\u043e\u0442\u043d\u044b\u0435 \u0440\u0435\u0434\u0443\u043a\u0442\u043e\u0440\u044b \u043f\u0440\u043e\u0438\u0437\u0432\u043e\u0434\u0441\u0442\u0432\u0430 Flowserve Limitorque, Mastergear, TMG \u0438 Sambo, \u0432 \u0438\u0441\u043f\u043e\u043b\u043d\u0435\u043d\u0438\u0438 \u0434\u043b\u044f \u043e\u0442\u043a\u0440\u044b\u0442\u0438\u044f\/\u0437\u0430\u043a\u0440\u044b\u0442\u0438\u044f \u0438 \u0440\u0435\u0433\u0443\u043b\u0438\u0440\u043e\u0432\u0430\u043d\u0438\u044f \u0430\u0440\u043c\u0430\u0442\u0443\u0440\u044b, \u0441\u043e \u0441\u043c\u0430\u0437\u043a\u043e\u0439 \u043d\u0430 \u0432\u0435\u0441\u044c \u0441\u0440\u043e\u043a \u0441\u043b\u0443\u0436\u0431\u044b, \u0431\u0435\u0437 \u043f\u043e\u0442\u0440\u0435\u0431\u043d\u043e\u0441\u0442\u0438 \u0432 \u0442\u0435\u0445\u043e\u0431\u0441\u043b\u0443\u0436\u0438\u0432\u0430\u043d\u0438\u0438. \u041c\u043e\u0433\u0443\u0442 \u0443\u043f\u0440\u0430\u0432\u043b\u044f\u0442\u044c\u0441\u044f \u0440\u0443\u0447\u043d\u044b\u043c \u043f\u0440\u0438\u0432\u043e\u0434\u043e\u043c \u0438\u043b\u0438 \u043c\u043d\u043e\u0433\u043e\u043e\u0431\u043e\u0440\u043e\u0442\u043d\u044b\u043c \u044d\u043b\u0435\u043a\u0442\u0440\u043e\u043f\u0440\u0438\u0432\u043e\u0434\u043e\u043c, \u0432\u044b\u0445\u043e\u0434\u043d\u044b\u0435 \u0444\u043b\u0430\u043d\u0446\u044b \u0434\u043b\u044f \u043f\u0440\u0438\u0441\u043e\u0435\u0434\u0438\u043d\u0435\u043d\u0438\u044f \u0430\u0440\u043c\u0430\u0442\u0443\u0440\u044b \u043f\u043e \u0441\u0442\u0430\u043d\u0434\u0430\u0440\u0442\u0430\u043c ISO \u0438\u043b\u0438 \u0413\u041e\u0421\u0422. \u0414\u0438\u0430\u043f\u0430\u0437\u043e\u043d \u0440\u0430\u0431\u043e\u0447\u0438\u0445 \u0442\u0435\u043c\u043f\u0435\u0440\u0430\u0442\u0443\u0440: -60 \u043eC\u2026+80 \u043eC.[:]","og_url":"https:\/\/www.vtveres.hu\/sample-product\/fokozomuvek\/","og_site_name":"VT Veres Kft.","article_publisher":"http:\/\/www.facebook.vtveres.hu","article_modified_time":"2016-11-17T17:21:47+00:00","og_image":[{"width":650,"height":650,"url":"https:\/\/www.vtveres.hu\/web\/wp-content\/uploads\/2016\/09\/fokozomuvek_650.png","type":"image\/png"}],"twitter_card":"summary_large_image","schema":{"@context":"https:\/\/schema.org","@graph":[{"@type":"WebPage","@id":"https:\/\/www.vtveres.hu\/sample-product\/fokozomuvek\/","url":"https:\/\/www.vtveres.hu\/sample-product\/fokozomuvek\/","name":"Gearboxes - VT Veres Kft.","isPartOf":{"@id":"https:\/\/www.vtveres.hu\/#website"},"primaryImageOfPage":{"@id":"https:\/\/www.vtveres.hu\/sample-product\/fokozomuvek\/#primaryimage"},"image":{"@id":"https:\/\/www.vtveres.hu\/sample-product\/fokozomuvek\/#primaryimage"},"thumbnailUrl":"https:\/\/www.vtveres.hu\/web\/wp-content\/uploads\/2016\/09\/fokozomuvek_650.png","datePublished":"2016-09-29T20:33:52+00:00","dateModified":"2016-11-17T17:21:47+00:00","breadcrumb":{"@id":"https:\/\/www.vtveres.hu\/sample-product\/fokozomuvek\/#breadcrumb"},"inLanguage":"en-US","potentialAction":[{"@type":"ReadAction","target":["https:\/\/www.vtveres.hu\/sample-product\/fokozomuvek\/"]}]},{"@type":"ImageObject","inLanguage":"en-US","@id":"https:\/\/www.vtveres.hu\/sample-product\/fokozomuvek\/#primaryimage","url":"https:\/\/www.vtveres.hu\/web\/wp-content\/uploads\/2016\/09\/fokozomuvek_650.png","contentUrl":"https:\/\/www.vtveres.hu\/web\/wp-content\/uploads\/2016\/09\/fokozomuvek_650.png","width":650,"height":650,"caption":"Gearboxes"},{"@type":"BreadcrumbList","@id":"https:\/\/www.vtveres.hu\/sample-product\/fokozomuvek\/#breadcrumb","itemListElement":[{"@type":"ListItem","position":1,"name":"Home","item":"https:\/\/www.vtveres.hu\/"},{"@type":"ListItem","position":2,"name":"Term\u00e9kek \u00e9s megold\u00e1sok","item":"https:\/\/www.vtveres.hu\/termekek-es-megoldasok\/"},{"@type":"ListItem","position":3,"name":"Fokoz\u00f3m\u0171vek"}]},{"@type":"WebSite","@id":"https:\/\/www.vtveres.hu\/#website","url":"https:\/\/www.vtveres.hu\/","name":"VT Veres Kft.","description":"The future\u2019s solution now","publisher":{"@id":"https:\/\/www.vtveres.hu\/#organization"},"potentialAction":[{"@type":"SearchAction","target":{"@type":"EntryPoint","urlTemplate":"https:\/\/www.vtveres.hu\/?s={search_term_string}"},"query-input":{"@type":"PropertyValueSpecification","valueRequired":true,"valueName":"search_term_string"}}],"inLanguage":"en-US"},{"@type":"Organization","@id":"https:\/\/www.vtveres.hu\/#organization","name":"VT Veres Kft.","url":"https:\/\/www.vtveres.hu\/","logo":{"@type":"ImageObject","inLanguage":"en-US","@id":"https:\/\/www.vtveres.hu\/#\/schema\/logo\/image\/","url":"https:\/\/www.vtveres.hu\/web\/wp-content\/uploads\/2016\/05\/25_ev_pici_hun-1.png","contentUrl":"https:\/\/www.vtveres.hu\/web\/wp-content\/uploads\/2016\/05\/25_ev_pici_hun-1.png","width":140,"height":107,"caption":"VT Veres Kft."},"image":{"@id":"https:\/\/www.vtveres.hu\/#\/schema\/logo\/image\/"},"sameAs":["http:\/\/www.facebook.vtveres.hu","http:\/\/www.instagram.vtveres.hu","http:\/\/www.linkedin.vtveres.hu"]}]}},"_links":{"self":[{"href":"https:\/\/www.vtveres.hu\/en\/wp-json\/wp\/v2\/product\/2548","targetHints":{"allow":["GET"]}}],"collection":[{"href":"https:\/\/www.vtveres.hu\/en\/wp-json\/wp\/v2\/product"}],"about":[{"href":"https:\/\/www.vtveres.hu\/en\/wp-json\/wp\/v2\/types\/product"}],"replies":[{"embeddable":true,"href":"https:\/\/www.vtveres.hu\/en\/wp-json\/wp\/v2\/comments?post=2548"}],"wp:featuredmedia":[{"embeddable":true,"href":"https:\/\/www.vtveres.hu\/en\/wp-json\/wp\/v2\/media\/2895"}],"wp:attachment":[{"href":"https:\/\/www.vtveres.hu\/en\/wp-json\/wp\/v2\/media?parent=2548"}],"wp:term":[{"taxonomy":"product_brand","embeddable":true,"href":"https:\/\/www.vtveres.hu\/en\/wp-json\/wp\/v2\/product_brand?post=2548"},{"taxonomy":"product_cat","embeddable":true,"href":"https:\/\/www.vtveres.hu\/en\/wp-json\/wp\/v2\/product_cat?post=2548"},{"taxonomy":"product_tag","embeddable":true,"href":"https:\/\/www.vtveres.hu\/en\/wp-json\/wp\/v2\/product_tag?post=2548"}],"curies":[{"name":"wp","href":"https:\/\/api.w.org\/{rel}","templated":true}]}}