{"id":2526,"date":"2019-09-30T20:13:38","date_gmt":"2019-09-30T20:13:38","guid":{"rendered":"http:\/\/imagency.hu\/vtveres\/?post_type=product&#038;p=2526"},"modified":"2020-02-24T12:08:58","modified_gmt":"2020-02-24T12:08:58","slug":"l120-nem-intelligens-nagyteljesitmenyu-hajtomu","status":"publish","type":"product","link":"https:\/\/www.vtveres.hu\/en\/sample-product\/l120-nem-intelligens-nagyteljesitmenyu-hajtomu\/","title":{"rendered":"Limitorque L120 non-intelligent, high performance actuator"},"content":{"rendered":"","protected":false},"excerpt":{"rendered":"<p style=\"text-align: justify;\">The L120 is a proven choice for any valve requiring either rotary or linear power. Whether gate or globe valves, sluice gates or pen stocks, the L120 performs reliably in any situation demanding positive, dependable actuation.<br \/>\nThe L120 is factory-lubricated and weatherproofed for service in temperatures ranging from \u201329C to +65C. Submersible and explosionproof versions are available. Integral controls from a simple reversing contactor to several digital bus technologies are available.<\/p>\n<p style=\"text-align: justify;\">Output torque limits without additional gearboxes: 68-81600 Nm<\/p>\n<p style=\"text-align: justify;\">Speed limits without additional gearboxes: 12-250 RPM<\/p>\n","protected":false},"featured_media":2804,"comment_status":"open","ping_status":"closed","template":"","meta":{"_exactmetrics_skip_tracking":false,"_exactmetrics_sitenote_active":false,"_exactmetrics_sitenote_note":"","_exactmetrics_sitenote_category":0},"product_brand":[],"product_cat":[23],"product_tag":[],"class_list":{"0":"post-2526","1":"product","2":"type-product","3":"status-publish","4":"has-post-thumbnail","6":"product_cat-non-intelligent-electric-actuators","8":"first","9":"instock","10":"taxable","11":"shipping-taxable","12":"product-type-simple"},"yoast_head":"<!-- This site is optimized with the Yoast SEO plugin v27.5 - https:\/\/yoast.com\/product\/yoast-seo-wordpress\/ -->\n<title>Limitorque L120 non-intelligent, high performance actuator - VT Veres Kft.<\/title>\n<meta name=\"robots\" content=\"index, follow, max-snippet:-1, max-image-preview:large, max-video-preview:-1\" \/>\n<link rel=\"canonical\" href=\"https:\/\/www.vtveres.hu\/sample-product\/l120-nem-intelligens-nagyteljesitmenyu-hajtomu\/\" \/>\n<meta property=\"og:locale\" content=\"en_US\" \/>\n<meta property=\"og:type\" content=\"article\" \/>\n<meta property=\"og:title\" content=\"Limitorque L120 non-intelligent, high performance actuator - VT Veres Kft.\" \/>\n<meta property=\"og:description\" content=\"[:hu]Az L120 megfelel\u0151 v\u00e1laszt\u00e1s b\u00e1rmely forg\u00f3 vagy line\u00e1ris er\u0151sz\u00fcks\u00e9glet\u0171 szerelv\u00e9nyre. Alkalmazhat\u00f3 b\u00e1rmely line\u00e1ris elmozdul\u00e1s\u00fa emelked\u0151 vagy nem emelked\u0151 ors\u00f3s szerelv\u00e9nyre. Negyedfordulat\u00fa fokoz\u00f3m\u0171vel kombin\u00e1lva alkalmazhat\u00f3 pillang\u00f3szelepek, g\u00f6mb- \u00e9s k\u00faposcsapok, zsaluk mozgat\u00e1s\u00e1ra \u00e9s b\u00e1rmely m\u00e1s helyen ahol negyedfordulat\u00fa elmozdul\u00e1s sz\u00fcks\u00e9ges. Az L120 ken\u00e9se teljes-\u00e9lettartamra sz\u00f3l\u00f3 \u00e9s id\u0151j\u00e1r\u00e1s\u00e1ll\u00f3, alapkivitelben -29\u00b0C \u00e9s +65\u00b0C k\u00f6rnyezeti h\u0151m\u00e9rs\u00e9kletek k\u00f6z\u00f6tti m\u0171k\u00f6d\u00e9sre k\u00e9sz\u00fcl. Mer\u00edthet\u0151 \u00e9s robban\u00e1sbiztos kivitel szint\u00e9n lehets\u00e9ges. Vez\u00e9rl\u00e9si lehet\u0151s\u00e9ge az egyszer\u0171 m\u00e1gneskapcsol\u00f3 n\u00e9lk\u00fcli vez\u00e9rl\u00e9st\u0151l a digit\u00e1lis buszvez\u00e9rl\u00e9sig terjed. Kimen\u0151 nyomat\u00e9khat\u00e1rok fokoz\u00f3m\u0171 n\u00e9lk\u00fcl: 68-81600 Nm Fordulatsz\u00e1m hat\u00e1rok fokoz\u00f3m\u0171 n\u00e9lk\u00fcl: 12-250 RPM[:en]The L120 is a proven choice for any valve requiring either rotary or linear power. Whether gate or globe valves, sluice gates or pen stocks, the L120 performs reliably in any situation demanding positive, dependable actuation. The L120 is factory-lubricated and weatherproofed for service in temperatures ranging from \u201329C to +65C. Submersible and explosionproof versions are available. Integral controls from a simple reversing contactor to several digital bus technologies are available. Output torque limits without additional gearboxes: 68-81600 Nm Speed limits without additional gearboxes: 12-250 RPM[:ru]\u041f\u0440\u0438\u0432\u043e\u0434 L120 \u044f\u0432\u043b\u044f\u0435\u0442\u0441\u044f \u043b\u0443\u0447\u0448\u0438\u043c \u0432\u044b\u0431\u043e\u0440\u043e\u043c \u0434\u043b\u044f \u043b\u044e\u0431\u043e\u0433\u043e \u043a\u043b\u0430\u043f\u0430\u043d\u0430 c \u043f\u043e\u0432\u043e\u0440\u043e\u0442\u043d\u044b\u043c \u0438\u043b\u0438 \u043b\u0438\u043d\u0435\u0439\u043d\u044b\u043c \u043f\u0435\u0440\u0435\u043c\u0435\u0449\u0435\u043d\u0438\u0435\u043c \u0437\u0430\u0442\u0432\u043e\u0440\u0430. \u041c\u043e\u0436\u0435\u0442 \u043f\u0440\u0438\u043c\u0435\u043d\u044f\u0442\u044c\u0441\u044f \u043d\u0430 \u043b\u044e\u0431\u043e\u0439 \u0430\u0440\u043c\u0430\u0442\u0443\u0440\u0435 \u043b\u0438\u043d\u0435\u0439\u043d\u043e\u0433\u043e \u0434\u0432\u0438\u0436\u0435\u043d\u0438\u044f \u0441 \u0432\u044b\u0434\u0432\u0438\u0436\u043d\u044b\u043c (\u0448\u0442\u043e\u043a\u043e\u043c) \u0438\u043b\u0438 \u0441 \u043d\u0435\u0432\u044b\u0434\u0432\u0438\u0436\u043d\u044b\u043c \u0448\u043f\u0438\u043d\u0434\u0435\u043b\u0435\u043c. \u0412 \u043a\u043e\u043c\u0431\u0438\u043d\u0430\u0446\u0438\u0438 \u0441 \u0447\u0435\u0442\u0432\u0435\u0440\u0442\u044c\u043e\u0431\u043e\u0440\u043e\u0442\u043d\u044b\u043c \u0440\u0435\u0434\u0443\u043a\u0442\u043e\u0440\u043e\u043c \u043c\u043e\u0436\u0435\u0442 \u0431\u044b\u0442\u044c \u0438\u0441\u043f\u043e\u043b\u044c\u0437\u043e\u0432\u0430\u043d \u0434\u043b\u044f \u043f\u0435\u0440\u0435\u043c\u0435\u0449\u0435\u043d\u0438\u044f \u0437\u0430\u0441\u043b\u043e\u043d\u043e\u043a, \u0448\u0430\u0440\u043e\u0432\u044b\u0445 \u0438 \u043f\u0440\u043e\u0431\u043a\u043e\u0432\u044b\u0445 \u043a\u0440\u0430\u043d\u043e\u0432, \u043c\u043d\u043e\u0433\u043e\u0441\u0442\u0432\u043e\u0440\u0447\u0430\u0442\u044b\u0445 \u043a\u043b\u0430\u043f\u0430\u043d\u043e\u0432 \u0438 \u043f\u043e\u0432\u0441\u044e\u0434\u0443, \u0433\u0434\u0435 \u0442\u0440\u0435\u0431\u0443\u0435\u0442\u0441\u044f \u0447\u0435\u0442\u0432\u0435\u0440\u0442\u044c\u043e\u0431\u043e\u0440\u043e\u0442\u043d\u043e\u0435 \u043f\u0435\u0440\u0435\u043c\u0435\u0449\u0435\u043d\u0438\u0435 \u0437\u0430\u0442\u0432\u043e\u0440\u0430. \u0421\u043c\u0430\u0437\u043a\u0430 L120 \u043f\u0440\u0435\u0434\u043d\u0430\u0437\u043d\u0430\u0447\u0435\u043d\u0430 \u043d\u0430 \u0432\u0435\u0441\u044c \u0441\u0440\u043e\u043a \u0441\u043b\u0443\u0436\u0431\u044b \u043f\u0440\u0438\u0432\u043e\u0434\u0430, \u0438 \u044f\u0432\u043b\u044f\u0435\u0442\u0441\u044f \u043f\u043e\u0433\u043e\u0434\u043e\u0443\u0441\u0442\u043e\u0439\u0447\u0438\u0432\u043e\u0439, \u0432 \u043e\u0441\u043d\u043e\u0432\u043d\u043e\u043c \u0438\u0441\u043f\u043e\u043b\u043d\u0435\u043d\u0438\u0438 \u043f\u0440\u0435\u0434\u043d\u0430\u0437\u043d\u0430\u0447\u0435\u043d\u0430 \u0434\u043b\u044f \u0440\u0430\u0431\u043e\u0442\u044b \u043f\u0440\u0438 \u0442\u0435\u043c\u043f\u0435\u0440\u0430\u0442\u0443\u0440\u0435 \u043e\u043a\u0440\u0443\u0436\u0430\u044e\u0449\u0435\u0439 \u0441\u0440\u0435\u0434\u044b -29\u00b0C \u2026 +65\u00b0C. \u0418\u0441\u043f\u043e\u043b\u043d\u0435\u043d\u0438\u0435 \u043f\u0440\u0438\u0432\u043e\u0434\u043e\u0432 \u043c\u043e\u0436\u0435\u0442 \u0431\u044b\u0442\u044c \u0442\u0430\u043a\u0436\u0435 \u0432\u043e\u0434\u043e\u043f\u043e\u0433\u0440\u0443\u0436\u043d\u044b\u043c \u0438 \u0432\u0437\u0440\u044b\u0432\u043e\u0437\u0430\u0449\u0438\u0449\u0435\u043d\u043d\u044b\u043c. \u0412\u043e\u0437\u043c\u043e\u0436\u043d\u043e\u0441\u0442\u0438 \u0443\u043f\u0440\u0430\u0432\u043b\u0435\u043d\u0438\u044f \u0440\u0430\u0441\u043f\u0440\u043e\u0441\u0442\u0440\u0430\u043d\u044f\u044e\u0442\u0441\u044f \u043e\u0442 \u043f\u0440\u043e\u0441\u0442\u043e\u0433\u043e, \u0431\u0435\u0437 \u043c\u0430\u0433\u043d\u0438\u0442\u043d\u043e\u0433\u043e \u043f\u0443\u0441\u043a\u0430\u0442\u0435\u043b\u044f, \u0434\u043e \u0434\u0438\u0441\u043a\u0440\u0435\u0442\u043d\u043e\u0433\u043e \u0443\u043f\u0440\u0430\u0432\u043b\u0435\u043d\u0438\u044f \u043f\u043e \u043f\u0440\u043e\u043c\u044b\u0448\u043b\u0435\u043d\u043d\u043e\u0439 \u0441\u0435\u0442\u0438 (\u043f\u043e\u043b\u0435\u0432\u043e\u0439 \u0448\u0438\u043d\u0435). \u0414\u0438\u0430\u043f\u0430\u0437\u043e\u043d \u0432\u044b\u0445\u043e\u0434\u043d\u043e\u0433\u043e \u043c\u043e\u043c\u0435\u043d\u0442\u0430, \u0431\u0435\u0437 \u0440\u0435\u0434\u0443\u043a\u0442\u043e\u0440\u0430: 68-81600 \u041d\u043c \u0414\u0438\u0430\u043f\u0430\u0437\u043e\u043d \u0447\u0438\u0441\u043b\u0430 \u043e\u0431\u043e\u0440\u043e\u0442\u043e\u0432, \u0431\u0435\u0437 \u0440\u0435\u0434\u0443\u043a\u0442\u043e\u0440\u0430: 12-250 \u043e\u0431\/\u043c\u0438\u043d[:]\" \/>\n<meta property=\"og:url\" content=\"https:\/\/www.vtveres.hu\/sample-product\/l120-nem-intelligens-nagyteljesitmenyu-hajtomu\/\" \/>\n<meta property=\"og:site_name\" content=\"VT Veres Kft.\" \/>\n<meta property=\"article:publisher\" content=\"http:\/\/www.facebook.vtveres.hu\" \/>\n<meta property=\"article:modified_time\" content=\"2020-02-24T12:08:58+00:00\" \/>\n<meta property=\"og:image\" content=\"https:\/\/www.vtveres.hu\/web\/wp-content\/uploads\/2016\/09\/l120.png\" \/>\n\t<meta property=\"og:image:width\" content=\"650\" \/>\n\t<meta property=\"og:image:height\" content=\"650\" \/>\n\t<meta property=\"og:image:type\" content=\"image\/png\" \/>\n<meta name=\"twitter:card\" content=\"summary_large_image\" \/>\n<script type=\"application\/ld+json\" class=\"yoast-schema-graph\">{\"@context\":\"https:\\\/\\\/schema.org\",\"@graph\":[{\"@type\":\"WebPage\",\"@id\":\"https:\\\/\\\/www.vtveres.hu\\\/sample-product\\\/l120-nem-intelligens-nagyteljesitmenyu-hajtomu\\\/\",\"url\":\"https:\\\/\\\/www.vtveres.hu\\\/sample-product\\\/l120-nem-intelligens-nagyteljesitmenyu-hajtomu\\\/\",\"name\":\"Limitorque L120 non-intelligent, high performance actuator - VT Veres Kft.\",\"isPartOf\":{\"@id\":\"https:\\\/\\\/www.vtveres.hu\\\/#website\"},\"primaryImageOfPage\":{\"@id\":\"https:\\\/\\\/www.vtveres.hu\\\/sample-product\\\/l120-nem-intelligens-nagyteljesitmenyu-hajtomu\\\/#primaryimage\"},\"image\":{\"@id\":\"https:\\\/\\\/www.vtveres.hu\\\/sample-product\\\/l120-nem-intelligens-nagyteljesitmenyu-hajtomu\\\/#primaryimage\"},\"thumbnailUrl\":\"https:\\\/\\\/www.vtveres.hu\\\/web\\\/wp-content\\\/uploads\\\/2016\\\/09\\\/l120.png\",\"datePublished\":\"2019-09-30T20:13:38+00:00\",\"dateModified\":\"2020-02-24T12:08:58+00:00\",\"breadcrumb\":{\"@id\":\"https:\\\/\\\/www.vtveres.hu\\\/sample-product\\\/l120-nem-intelligens-nagyteljesitmenyu-hajtomu\\\/#breadcrumb\"},\"inLanguage\":\"en-US\",\"potentialAction\":[{\"@type\":\"ReadAction\",\"target\":[\"https:\\\/\\\/www.vtveres.hu\\\/sample-product\\\/l120-nem-intelligens-nagyteljesitmenyu-hajtomu\\\/\"]}]},{\"@type\":\"ImageObject\",\"inLanguage\":\"en-US\",\"@id\":\"https:\\\/\\\/www.vtveres.hu\\\/sample-product\\\/l120-nem-intelligens-nagyteljesitmenyu-hajtomu\\\/#primaryimage\",\"url\":\"https:\\\/\\\/www.vtveres.hu\\\/web\\\/wp-content\\\/uploads\\\/2016\\\/09\\\/l120.png\",\"contentUrl\":\"https:\\\/\\\/www.vtveres.hu\\\/web\\\/wp-content\\\/uploads\\\/2016\\\/09\\\/l120.png\",\"width\":650,\"height\":650,\"caption\":\"Limitorque L120 non-intelligent, high performance actuator\"},{\"@type\":\"BreadcrumbList\",\"@id\":\"https:\\\/\\\/www.vtveres.hu\\\/sample-product\\\/l120-nem-intelligens-nagyteljesitmenyu-hajtomu\\\/#breadcrumb\",\"itemListElement\":[{\"@type\":\"ListItem\",\"position\":1,\"name\":\"Home\",\"item\":\"https:\\\/\\\/www.vtveres.hu\\\/\"},{\"@type\":\"ListItem\",\"position\":2,\"name\":\"Term\u00e9kek \u00e9s megold\u00e1sok\",\"item\":\"https:\\\/\\\/www.vtveres.hu\\\/termekek-es-megoldasok\\\/\"},{\"@type\":\"ListItem\",\"position\":3,\"name\":\"L120 nem intelligens, nagyteljes\u00edtm\u00e9ny\u0171 hajt\u00f3m\u0171\"}]},{\"@type\":\"WebSite\",\"@id\":\"https:\\\/\\\/www.vtveres.hu\\\/#website\",\"url\":\"https:\\\/\\\/www.vtveres.hu\\\/\",\"name\":\"VT Veres Kft.\",\"description\":\"The future\u2019s solution now\",\"publisher\":{\"@id\":\"https:\\\/\\\/www.vtveres.hu\\\/#organization\"},\"potentialAction\":[{\"@type\":\"SearchAction\",\"target\":{\"@type\":\"EntryPoint\",\"urlTemplate\":\"https:\\\/\\\/www.vtveres.hu\\\/?s={search_term_string}\"},\"query-input\":{\"@type\":\"PropertyValueSpecification\",\"valueRequired\":true,\"valueName\":\"search_term_string\"}}],\"inLanguage\":\"en-US\"},{\"@type\":\"Organization\",\"@id\":\"https:\\\/\\\/www.vtveres.hu\\\/#organization\",\"name\":\"VT Veres Kft.\",\"url\":\"https:\\\/\\\/www.vtveres.hu\\\/\",\"logo\":{\"@type\":\"ImageObject\",\"inLanguage\":\"en-US\",\"@id\":\"https:\\\/\\\/www.vtveres.hu\\\/#\\\/schema\\\/logo\\\/image\\\/\",\"url\":\"https:\\\/\\\/www.vtveres.hu\\\/web\\\/wp-content\\\/uploads\\\/2016\\\/05\\\/25_ev_pici_hun-1.png\",\"contentUrl\":\"https:\\\/\\\/www.vtveres.hu\\\/web\\\/wp-content\\\/uploads\\\/2016\\\/05\\\/25_ev_pici_hun-1.png\",\"width\":140,\"height\":107,\"caption\":\"VT Veres Kft.\"},\"image\":{\"@id\":\"https:\\\/\\\/www.vtveres.hu\\\/#\\\/schema\\\/logo\\\/image\\\/\"},\"sameAs\":[\"http:\\\/\\\/www.facebook.vtveres.hu\",\"http:\\\/\\\/www.instagram.vtveres.hu\",\"http:\\\/\\\/www.linkedin.vtveres.hu\"]}]}<\/script>\n<!-- \/ Yoast SEO plugin. -->","yoast_head_json":{"title":"Limitorque L120 non-intelligent, high performance actuator - VT Veres Kft.","robots":{"index":"index","follow":"follow","max-snippet":"max-snippet:-1","max-image-preview":"max-image-preview:large","max-video-preview":"max-video-preview:-1"},"canonical":"https:\/\/www.vtveres.hu\/sample-product\/l120-nem-intelligens-nagyteljesitmenyu-hajtomu\/","og_locale":"en_US","og_type":"article","og_title":"Limitorque L120 non-intelligent, high performance actuator - VT Veres Kft.","og_description":"[:hu]Az L120 megfelel\u0151 v\u00e1laszt\u00e1s b\u00e1rmely forg\u00f3 vagy line\u00e1ris er\u0151sz\u00fcks\u00e9glet\u0171 szerelv\u00e9nyre. Alkalmazhat\u00f3 b\u00e1rmely line\u00e1ris elmozdul\u00e1s\u00fa emelked\u0151 vagy nem emelked\u0151 ors\u00f3s szerelv\u00e9nyre. Negyedfordulat\u00fa fokoz\u00f3m\u0171vel kombin\u00e1lva alkalmazhat\u00f3 pillang\u00f3szelepek, g\u00f6mb- \u00e9s k\u00faposcsapok, zsaluk mozgat\u00e1s\u00e1ra \u00e9s b\u00e1rmely m\u00e1s helyen ahol negyedfordulat\u00fa elmozdul\u00e1s sz\u00fcks\u00e9ges. Az L120 ken\u00e9se teljes-\u00e9lettartamra sz\u00f3l\u00f3 \u00e9s id\u0151j\u00e1r\u00e1s\u00e1ll\u00f3, alapkivitelben -29\u00b0C \u00e9s +65\u00b0C k\u00f6rnyezeti h\u0151m\u00e9rs\u00e9kletek k\u00f6z\u00f6tti m\u0171k\u00f6d\u00e9sre k\u00e9sz\u00fcl. Mer\u00edthet\u0151 \u00e9s robban\u00e1sbiztos kivitel szint\u00e9n lehets\u00e9ges. Vez\u00e9rl\u00e9si lehet\u0151s\u00e9ge az egyszer\u0171 m\u00e1gneskapcsol\u00f3 n\u00e9lk\u00fcli vez\u00e9rl\u00e9st\u0151l a digit\u00e1lis buszvez\u00e9rl\u00e9sig terjed. Kimen\u0151 nyomat\u00e9khat\u00e1rok fokoz\u00f3m\u0171 n\u00e9lk\u00fcl: 68-81600 Nm Fordulatsz\u00e1m hat\u00e1rok fokoz\u00f3m\u0171 n\u00e9lk\u00fcl: 12-250 RPM[:en]The L120 is a proven choice for any valve requiring either rotary or linear power. Whether gate or globe valves, sluice gates or pen stocks, the L120 performs reliably in any situation demanding positive, dependable actuation. The L120 is factory-lubricated and weatherproofed for service in temperatures ranging from \u201329C to +65C. Submersible and explosionproof versions are available. Integral controls from a simple reversing contactor to several digital bus technologies are available. Output torque limits without additional gearboxes: 68-81600 Nm Speed limits without additional gearboxes: 12-250 RPM[:ru]\u041f\u0440\u0438\u0432\u043e\u0434 L120 \u044f\u0432\u043b\u044f\u0435\u0442\u0441\u044f \u043b\u0443\u0447\u0448\u0438\u043c \u0432\u044b\u0431\u043e\u0440\u043e\u043c \u0434\u043b\u044f \u043b\u044e\u0431\u043e\u0433\u043e \u043a\u043b\u0430\u043f\u0430\u043d\u0430 c \u043f\u043e\u0432\u043e\u0440\u043e\u0442\u043d\u044b\u043c \u0438\u043b\u0438 \u043b\u0438\u043d\u0435\u0439\u043d\u044b\u043c \u043f\u0435\u0440\u0435\u043c\u0435\u0449\u0435\u043d\u0438\u0435\u043c \u0437\u0430\u0442\u0432\u043e\u0440\u0430. \u041c\u043e\u0436\u0435\u0442 \u043f\u0440\u0438\u043c\u0435\u043d\u044f\u0442\u044c\u0441\u044f \u043d\u0430 \u043b\u044e\u0431\u043e\u0439 \u0430\u0440\u043c\u0430\u0442\u0443\u0440\u0435 \u043b\u0438\u043d\u0435\u0439\u043d\u043e\u0433\u043e \u0434\u0432\u0438\u0436\u0435\u043d\u0438\u044f \u0441 \u0432\u044b\u0434\u0432\u0438\u0436\u043d\u044b\u043c (\u0448\u0442\u043e\u043a\u043e\u043c) \u0438\u043b\u0438 \u0441 \u043d\u0435\u0432\u044b\u0434\u0432\u0438\u0436\u043d\u044b\u043c \u0448\u043f\u0438\u043d\u0434\u0435\u043b\u0435\u043c. \u0412 \u043a\u043e\u043c\u0431\u0438\u043d\u0430\u0446\u0438\u0438 \u0441 \u0447\u0435\u0442\u0432\u0435\u0440\u0442\u044c\u043e\u0431\u043e\u0440\u043e\u0442\u043d\u044b\u043c \u0440\u0435\u0434\u0443\u043a\u0442\u043e\u0440\u043e\u043c \u043c\u043e\u0436\u0435\u0442 \u0431\u044b\u0442\u044c \u0438\u0441\u043f\u043e\u043b\u044c\u0437\u043e\u0432\u0430\u043d \u0434\u043b\u044f \u043f\u0435\u0440\u0435\u043c\u0435\u0449\u0435\u043d\u0438\u044f \u0437\u0430\u0441\u043b\u043e\u043d\u043e\u043a, \u0448\u0430\u0440\u043e\u0432\u044b\u0445 \u0438 \u043f\u0440\u043e\u0431\u043a\u043e\u0432\u044b\u0445 \u043a\u0440\u0430\u043d\u043e\u0432, \u043c\u043d\u043e\u0433\u043e\u0441\u0442\u0432\u043e\u0440\u0447\u0430\u0442\u044b\u0445 \u043a\u043b\u0430\u043f\u0430\u043d\u043e\u0432 \u0438 \u043f\u043e\u0432\u0441\u044e\u0434\u0443, \u0433\u0434\u0435 \u0442\u0440\u0435\u0431\u0443\u0435\u0442\u0441\u044f \u0447\u0435\u0442\u0432\u0435\u0440\u0442\u044c\u043e\u0431\u043e\u0440\u043e\u0442\u043d\u043e\u0435 \u043f\u0435\u0440\u0435\u043c\u0435\u0449\u0435\u043d\u0438\u0435 \u0437\u0430\u0442\u0432\u043e\u0440\u0430. \u0421\u043c\u0430\u0437\u043a\u0430 L120 \u043f\u0440\u0435\u0434\u043d\u0430\u0437\u043d\u0430\u0447\u0435\u043d\u0430 \u043d\u0430 \u0432\u0435\u0441\u044c \u0441\u0440\u043e\u043a \u0441\u043b\u0443\u0436\u0431\u044b \u043f\u0440\u0438\u0432\u043e\u0434\u0430, \u0438 \u044f\u0432\u043b\u044f\u0435\u0442\u0441\u044f \u043f\u043e\u0433\u043e\u0434\u043e\u0443\u0441\u0442\u043e\u0439\u0447\u0438\u0432\u043e\u0439, \u0432 \u043e\u0441\u043d\u043e\u0432\u043d\u043e\u043c \u0438\u0441\u043f\u043e\u043b\u043d\u0435\u043d\u0438\u0438 \u043f\u0440\u0435\u0434\u043d\u0430\u0437\u043d\u0430\u0447\u0435\u043d\u0430 \u0434\u043b\u044f \u0440\u0430\u0431\u043e\u0442\u044b \u043f\u0440\u0438 \u0442\u0435\u043c\u043f\u0435\u0440\u0430\u0442\u0443\u0440\u0435 \u043e\u043a\u0440\u0443\u0436\u0430\u044e\u0449\u0435\u0439 \u0441\u0440\u0435\u0434\u044b -29\u00b0C \u2026 +65\u00b0C. \u0418\u0441\u043f\u043e\u043b\u043d\u0435\u043d\u0438\u0435 \u043f\u0440\u0438\u0432\u043e\u0434\u043e\u0432 \u043c\u043e\u0436\u0435\u0442 \u0431\u044b\u0442\u044c \u0442\u0430\u043a\u0436\u0435 \u0432\u043e\u0434\u043e\u043f\u043e\u0433\u0440\u0443\u0436\u043d\u044b\u043c \u0438 \u0432\u0437\u0440\u044b\u0432\u043e\u0437\u0430\u0449\u0438\u0449\u0435\u043d\u043d\u044b\u043c. \u0412\u043e\u0437\u043c\u043e\u0436\u043d\u043e\u0441\u0442\u0438 \u0443\u043f\u0440\u0430\u0432\u043b\u0435\u043d\u0438\u044f \u0440\u0430\u0441\u043f\u0440\u043e\u0441\u0442\u0440\u0430\u043d\u044f\u044e\u0442\u0441\u044f \u043e\u0442 \u043f\u0440\u043e\u0441\u0442\u043e\u0433\u043e, \u0431\u0435\u0437 \u043c\u0430\u0433\u043d\u0438\u0442\u043d\u043e\u0433\u043e \u043f\u0443\u0441\u043a\u0430\u0442\u0435\u043b\u044f, \u0434\u043e \u0434\u0438\u0441\u043a\u0440\u0435\u0442\u043d\u043e\u0433\u043e \u0443\u043f\u0440\u0430\u0432\u043b\u0435\u043d\u0438\u044f \u043f\u043e \u043f\u0440\u043e\u043c\u044b\u0448\u043b\u0435\u043d\u043d\u043e\u0439 \u0441\u0435\u0442\u0438 (\u043f\u043e\u043b\u0435\u0432\u043e\u0439 \u0448\u0438\u043d\u0435). \u0414\u0438\u0430\u043f\u0430\u0437\u043e\u043d \u0432\u044b\u0445\u043e\u0434\u043d\u043e\u0433\u043e \u043c\u043e\u043c\u0435\u043d\u0442\u0430, \u0431\u0435\u0437 \u0440\u0435\u0434\u0443\u043a\u0442\u043e\u0440\u0430: 68-81600 \u041d\u043c \u0414\u0438\u0430\u043f\u0430\u0437\u043e\u043d \u0447\u0438\u0441\u043b\u0430 \u043e\u0431\u043e\u0440\u043e\u0442\u043e\u0432, \u0431\u0435\u0437 \u0440\u0435\u0434\u0443\u043a\u0442\u043e\u0440\u0430: 12-250 \u043e\u0431\/\u043c\u0438\u043d[:]","og_url":"https:\/\/www.vtveres.hu\/sample-product\/l120-nem-intelligens-nagyteljesitmenyu-hajtomu\/","og_site_name":"VT Veres Kft.","article_publisher":"http:\/\/www.facebook.vtveres.hu","article_modified_time":"2020-02-24T12:08:58+00:00","og_image":[{"width":650,"height":650,"url":"https:\/\/www.vtveres.hu\/web\/wp-content\/uploads\/2016\/09\/l120.png","type":"image\/png"}],"twitter_card":"summary_large_image","schema":{"@context":"https:\/\/schema.org","@graph":[{"@type":"WebPage","@id":"https:\/\/www.vtveres.hu\/sample-product\/l120-nem-intelligens-nagyteljesitmenyu-hajtomu\/","url":"https:\/\/www.vtveres.hu\/sample-product\/l120-nem-intelligens-nagyteljesitmenyu-hajtomu\/","name":"Limitorque L120 non-intelligent, high performance actuator - VT Veres Kft.","isPartOf":{"@id":"https:\/\/www.vtveres.hu\/#website"},"primaryImageOfPage":{"@id":"https:\/\/www.vtveres.hu\/sample-product\/l120-nem-intelligens-nagyteljesitmenyu-hajtomu\/#primaryimage"},"image":{"@id":"https:\/\/www.vtveres.hu\/sample-product\/l120-nem-intelligens-nagyteljesitmenyu-hajtomu\/#primaryimage"},"thumbnailUrl":"https:\/\/www.vtveres.hu\/web\/wp-content\/uploads\/2016\/09\/l120.png","datePublished":"2019-09-30T20:13:38+00:00","dateModified":"2020-02-24T12:08:58+00:00","breadcrumb":{"@id":"https:\/\/www.vtveres.hu\/sample-product\/l120-nem-intelligens-nagyteljesitmenyu-hajtomu\/#breadcrumb"},"inLanguage":"en-US","potentialAction":[{"@type":"ReadAction","target":["https:\/\/www.vtveres.hu\/sample-product\/l120-nem-intelligens-nagyteljesitmenyu-hajtomu\/"]}]},{"@type":"ImageObject","inLanguage":"en-US","@id":"https:\/\/www.vtveres.hu\/sample-product\/l120-nem-intelligens-nagyteljesitmenyu-hajtomu\/#primaryimage","url":"https:\/\/www.vtveres.hu\/web\/wp-content\/uploads\/2016\/09\/l120.png","contentUrl":"https:\/\/www.vtveres.hu\/web\/wp-content\/uploads\/2016\/09\/l120.png","width":650,"height":650,"caption":"Limitorque L120 non-intelligent, high performance actuator"},{"@type":"BreadcrumbList","@id":"https:\/\/www.vtveres.hu\/sample-product\/l120-nem-intelligens-nagyteljesitmenyu-hajtomu\/#breadcrumb","itemListElement":[{"@type":"ListItem","position":1,"name":"Home","item":"https:\/\/www.vtveres.hu\/"},{"@type":"ListItem","position":2,"name":"Term\u00e9kek \u00e9s megold\u00e1sok","item":"https:\/\/www.vtveres.hu\/termekek-es-megoldasok\/"},{"@type":"ListItem","position":3,"name":"L120 nem intelligens, nagyteljes\u00edtm\u00e9ny\u0171 hajt\u00f3m\u0171"}]},{"@type":"WebSite","@id":"https:\/\/www.vtveres.hu\/#website","url":"https:\/\/www.vtveres.hu\/","name":"VT Veres Kft.","description":"The future\u2019s solution now","publisher":{"@id":"https:\/\/www.vtveres.hu\/#organization"},"potentialAction":[{"@type":"SearchAction","target":{"@type":"EntryPoint","urlTemplate":"https:\/\/www.vtveres.hu\/?s={search_term_string}"},"query-input":{"@type":"PropertyValueSpecification","valueRequired":true,"valueName":"search_term_string"}}],"inLanguage":"en-US"},{"@type":"Organization","@id":"https:\/\/www.vtveres.hu\/#organization","name":"VT Veres Kft.","url":"https:\/\/www.vtveres.hu\/","logo":{"@type":"ImageObject","inLanguage":"en-US","@id":"https:\/\/www.vtveres.hu\/#\/schema\/logo\/image\/","url":"https:\/\/www.vtveres.hu\/web\/wp-content\/uploads\/2016\/05\/25_ev_pici_hun-1.png","contentUrl":"https:\/\/www.vtveres.hu\/web\/wp-content\/uploads\/2016\/05\/25_ev_pici_hun-1.png","width":140,"height":107,"caption":"VT Veres Kft."},"image":{"@id":"https:\/\/www.vtveres.hu\/#\/schema\/logo\/image\/"},"sameAs":["http:\/\/www.facebook.vtveres.hu","http:\/\/www.instagram.vtveres.hu","http:\/\/www.linkedin.vtveres.hu"]}]}},"_links":{"self":[{"href":"https:\/\/www.vtveres.hu\/en\/wp-json\/wp\/v2\/product\/2526","targetHints":{"allow":["GET"]}}],"collection":[{"href":"https:\/\/www.vtveres.hu\/en\/wp-json\/wp\/v2\/product"}],"about":[{"href":"https:\/\/www.vtveres.hu\/en\/wp-json\/wp\/v2\/types\/product"}],"replies":[{"embeddable":true,"href":"https:\/\/www.vtveres.hu\/en\/wp-json\/wp\/v2\/comments?post=2526"}],"wp:featuredmedia":[{"embeddable":true,"href":"https:\/\/www.vtveres.hu\/en\/wp-json\/wp\/v2\/media\/2804"}],"wp:attachment":[{"href":"https:\/\/www.vtveres.hu\/en\/wp-json\/wp\/v2\/media?parent=2526"}],"wp:term":[{"taxonomy":"product_brand","embeddable":true,"href":"https:\/\/www.vtveres.hu\/en\/wp-json\/wp\/v2\/product_brand?post=2526"},{"taxonomy":"product_cat","embeddable":true,"href":"https:\/\/www.vtveres.hu\/en\/wp-json\/wp\/v2\/product_cat?post=2526"},{"taxonomy":"product_tag","embeddable":true,"href":"https:\/\/www.vtveres.hu\/en\/wp-json\/wp\/v2\/product_tag?post=2526"}],"curies":[{"name":"wp","href":"https:\/\/api.w.org\/{rel}","templated":true}]}}