{"id":5,"date":"2016-05-09T16:49:10","date_gmt":"2016-05-09T16:49:10","guid":{"rendered":"http:\/\/themes.webdevia.com\/factory\/?page_id=5"},"modified":"2023-05-25T09:05:20","modified_gmt":"2023-05-25T09:05:20","slug":"homepage","status":"publish","type":"page","link":"https:\/\/www.vtveres.hu\/en\/","title":{"rendered":"Main"},"content":{"rendered":"<p>[vc_row][vc_column][rev_slider_vc alias=&#8221;home-one-slider-11&#8243;][\/vc_column][\/vc_row][vc_row css=&#8221;.vc_custom_1463994430217{margin-bottom: 30px !important;}&#8221; type=&#8221;grid&#8221;][vc_column css=&#8221;.vc_custom_1462381095114{padding-right: 10px !important;padding-left: 10px !important;}&#8221;][vc_column_text css=&#8221;.vc_custom_1479567893059{margin-top: 30px !important;}&#8221;]<span style=\"font-size: 16pt;\"><strong><img loading=\"lazy\" decoding=\"async\" class=\"wp-image-2766 alignleft\" src=\"https:\/\/vtveres.hu\/web\/wp-content\/uploads\/2016\/05\/PDMS-300x202.jpg\" width=\"242\" height=\"163\" srcset=\"https:\/\/www.vtveres.hu\/web\/wp-content\/uploads\/2016\/05\/PDMS-300x202.jpg 300w, https:\/\/www.vtveres.hu\/web\/wp-content\/uploads\/2016\/05\/PDMS.jpg 756w\" sizes=\"auto, (max-width: 242px) 100vw, 242px\" \/><\/strong><strong>Our mission:<\/strong> <\/span>&#8211; <span style=\"font-size: 16pt;\">\u201eThe future\u2019s solution has arrived\u201d \u2013 according to our motto we stand for realizing technical solutions that facilitate the best features of equipment, keep operation easy and to achieve the highest reliability on the field of valve automation.<\/span>[\/vc_column_text][vc_column_text]<\/p>\n<hr \/>\n<p>[\/vc_column_text][vc_column_text css=&#8221;.vc_custom_1479567665082{margin-top: 30px !important;}&#8221;]<\/p>\n<p style=\"text-align: justify;\"><span style=\"font-size: 14pt;\"><strong><br \/>\n<img loading=\"lazy\" decoding=\"async\" class=\"alignright wp-image-2830 size-medium\" src=\"https:\/\/vtveres.hu\/web\/wp-content\/uploads\/2016\/05\/shutterstock_478592779-3-300x200.jpg\" width=\"300\" height=\"200\" srcset=\"https:\/\/www.vtveres.hu\/web\/wp-content\/uploads\/2016\/05\/shutterstock_478592779-3-300x200.jpg 300w, https:\/\/www.vtveres.hu\/web\/wp-content\/uploads\/2016\/05\/shutterstock_478592779-3.jpg 640w\" sizes=\"auto, (max-width: 300px) 100vw, 300px\" \/>Our goal\u00a0<\/strong><\/span>has been to meet the expectations and needs of our partners at a high level for the past 25 years.<\/p>\n<p style=\"text-align: justify;\">At the basis of our work stands the improvement of the quality of our products and services. We ensure expertise and we take responsibility for our work &#8211; as we have operated an ISO9001 and SCC** system for several years now. Our primal interests are the interests of our customers, to which we adapt the best technical solutions. We are aware of that reliable products are valued high in the energy industry so we always take pride in upholding reliability as our highest value.<\/p>\n<p>[\/vc_column_text][vc_column_text]<\/p>\n<hr \/>\n<p>[\/vc_column_text][\/vc_column][\/vc_row][vc_row css=&#8221;.vc_custom_1463954640353{padding-right: 20px !important;padding-left: 20px !important;}&#8221;][vc_column][vc_custom_heading text=&#8221;Our activities&#8221; font_container=&#8221;tag:h2|text_align:center&#8221; google_fonts=&#8221;font_family:Open%20Sans%3A300%2C300italic%2Cregular%2Citalic%2C600%2C600italic%2C700%2C700italic%2C800%2C800italic|font_style:400%20regular%3A400%3Anormal&#8221;]\r\n\r\n<div class=\"wd_empty_space\" data-heightmobile=\"20px\" data-heighttablet=\"20px\" data-heightdesktop=\"20px\">\r\n\r\n<\/div>\r\n      \r\n\r\n\r\n\r\n        \r\n      \r\n    [vc_row_inner gap=&#8221;20&#8243;][vc_column_inner width=&#8221;1\/3&#8243;]\r\n\r\n\r\n\r\n<section class=\"wd-image-text style-2\">\r\n  <div class=\" \" >\r\n         <img decoding=\"async\" src=\"https:\/\/www.vtveres.hu\/web\/wp-content\/uploads\/2016\/05\/VAC.png\" alt=\"icon\"\/>\r\n\t  \t    <h4 class=\"wd-title-element\">Valve automation centre (VAC)<\/h4>\r\n\t      <p>\r\n      Selection, assembly, installation and complete system integration of valves and electric, pneumatic, hydraulic actuators.    <\/p>\r\n  <\/div>\r\n<\/section>\r\n    [\/vc_column_inner][vc_column_inner width=&#8221;1\/3&#8243;]\r\n\r\n\r\n\r\n<section class=\"wd-image-text style-2\">\r\n  <div class=\" \" >\r\n         <img decoding=\"async\" src=\"https:\/\/www.vtveres.hu\/web\/wp-content\/uploads\/2016\/05\/rendszertervezes.png\" alt=\"icon\"\/>\r\n\t  \t    <h4 class=\"wd-title-element\">System design<\/h4>\r\n\t      <p>\r\n      Classification of explosion-proof areas, area and placement design of Ex-equipments, high-voltage powering, metrological measurement and accounting, designing of instrumentation and industrial process control systems as well as gas turbine power plants.    <\/p>\r\n  <\/div>\r\n<\/section>\r\n    [\/vc_column_inner][vc_column_inner width=&#8221;1\/3&#8243;]\r\n\r\n\r\n\r\n<section class=\"wd-image-text style-2\">\r\n  <div class=\" \" >\r\n         <img decoding=\"async\" src=\"https:\/\/www.vtveres.hu\/web\/wp-content\/uploads\/2016\/05\/shutterstock_337316813-4.jpg\" alt=\"icon\"\/>\r\n\t  \t    <h4 class=\"wd-title-element\">Software development<\/h4>\r\n\t      <p>\r\n      Development of industrial process-control software applications.    <\/p>\r\n  <\/div>\r\n<\/section>\r\n    [\/vc_column_inner][\/vc_row_inner][\/vc_column][\/vc_row][vc_row][vc_column][vc_btn title=&#8221;Our Activities&#8221; align=&#8221;center&#8221; link=&#8221;url:http%3A%2F%2Fvtveres.hu%2Fweb%2Fservices%2F||&#8221;][vc_column_text]<\/p>\n<hr \/>\n<p>[\/vc_column_text][\/vc_column][\/vc_row][vc_row][vc_column][vc_custom_heading text=&#8221;Certificates&#8221; font_container=&#8221;tag:h2|text_align:center&#8221; google_fonts=&#8221;font_family:Open%20Sans%3A300%2C300italic%2Cregular%2Citalic%2C600%2C600italic%2C700%2C700italic%2C800%2C800italic|font_style:400%20regular%3A400%3Anormal&#8221;]\r\n\r\n<div class=\"wd_empty_space\" data-heightmobile=\"20px\" data-heighttablet=\"20px\" data-heightdesktop=\"20px\">\r\n\r\n<\/div>\r\n      \r\n\r\n\r\n\r\n        \r\n      \r\n    [\/vc_column][\/vc_row][vc_row][vc_column width=&#8221;1\/6&#8243;][vc_single_image image=&#8221;3552&#8243; img_size=&#8221;full&#8221;][\/vc_column][vc_column width=&#8221;1\/6&#8243;][vc_single_image image=&#8221;2761&#8243; img_size=&#8221;full&#8221;][\/vc_column][vc_column width=&#8221;1\/6&#8243;][vc_single_image image=&#8221;3559&#8243; img_size=&#8221;full&#8221; onclick=&#8221;custom_link&#8221; img_link_target=&#8221;_blank&#8221; link=&#8221;https:\/\/vtveres.hu\/web\/wp-content\/uploads\/2014\/08\/DNV-GL-cert-ENG-20190604.pdf-20190605.pdf&#8221;][\/vc_column][vc_column width=&#8221;1\/6&#8243;][vc_single_image image=&#8221;3086&#8243; img_size=&#8221;full&#8221; onclick=&#8221;custom_link&#8221; img_link_target=&#8221;_blank&#8221; link=&#8221;https:\/\/vtveres.hu\/web\/wp-content\/uploads\/2019\/07\/K\u00e9perny\u0151fot\u00f3-2019-07-01-15.59.14.png&#8221;][\/vc_column][vc_column width=&#8221;1\/6&#8243;][vc_single_image image=&#8221;2970&#8243; img_size=&#8221;full&#8221; onclick=&#8221;custom_link&#8221; img_link_target=&#8221;_blank&#8221; link=&#8221;https:\/\/vtveres.hu\/web\/wp-content\/uploads\/2014\/08\/SCC_VT-VERES-oklevel_GER_2019dec.pdf&#8221;][\/vc_column][vc_column width=&#8221;1\/6&#8243;][vc_single_image image=&#8221;3040&#8243;][\/vc_column][\/vc_row][vc_row][vc_column][vc_column_text]<\/p>\n<p>[\/vc_column_text][\/vc_column][\/vc_row]<\/p>","protected":false},"excerpt":{"rendered":"<p>[vc_row][vc_column][rev_slider_vc alias=&#8221;home-one-slider-11&#8243;][\/vc_column][\/vc_row][vc_row css=&#8221;.vc_custom_1463994430217{margin-bottom: 30px !important;}&#8221; type=&#8221;grid&#8221;][vc_column css=&#8221;.vc_custom_1462381095114{padding-right: 10px !important;padding-left: 10px !important;}&#8221;][vc_column_text css=&#8221;.vc_custom_1479567893059{margin-top: 30px !important;}&#8221;]Our mission: &#8211; \u201eThe future\u2019s solution has arrived\u201d \u2013 according to our motto we stand for realizing technical solutions that facilitate the best features of equipment, keep operation easy and to achieve the highest reliability on the field of valve automation.[\/vc_column_text][vc_column_text] [\/vc_column_text][vc_column_text [&hellip;]<\/p>\n","protected":false},"author":1,"featured_media":0,"parent":0,"menu_order":0,"comment_status":"closed","ping_status":"closed","template":"","meta":{"_exactmetrics_skip_tracking":false,"_exactmetrics_sitenote_active":false,"_exactmetrics_sitenote_note":"","_exactmetrics_sitenote_category":0,"footnotes":""},"class_list":["post-5","page","type-page","status-publish","hentry"],"yoast_head":"<!-- This site is optimized with the Yoast SEO plugin v27.4 - https:\/\/yoast.com\/product\/yoast-seo-wordpress\/ -->\n<title>Main - VT Veres Kft.<\/title>\n<meta name=\"robots\" content=\"index, follow, max-snippet:-1, max-image-preview:large, max-video-preview:-1\" \/>\n<link rel=\"canonical\" href=\"https:\/\/www.vtveres.hu\/\" \/>\n<meta property=\"og:locale\" content=\"en_US\" \/>\n<meta property=\"og:type\" content=\"article\" \/>\n<meta property=\"og:title\" content=\"Main - VT Veres Kft.\" \/>\n<meta property=\"og:description\" content=\"[vc_row][vc_column][rev_slider_vc alias=&#8221;home-one-slider-11&#8243;][\/vc_column][\/vc_row][vc_row css=&#8221;.vc_custom_1463994430217{margin-bottom: 30px !important;}&#8221; type=&#8221;grid&#8221;][vc_column css=&#8221;.vc_custom_1462381095114{padding-right: 10px !important;padding-left: 10px !important;}&#8221;][vc_column_text css=&#8221;.vc_custom_1479567893059{margin-top: 30px !important;}&#8221;]Our mission: &#8211; \u201eThe future\u2019s solution has arrived\u201d \u2013 according to our motto we stand for realizing technical solutions that facilitate the best features of equipment, keep operation easy and to achieve the highest reliability on the field of valve automation.[\/vc_column_text][vc_column_text] [\/vc_column_text][vc_column_text [&hellip;]\" \/>\n<meta property=\"og:url\" content=\"https:\/\/www.vtveres.hu\/\" \/>\n<meta property=\"og:site_name\" content=\"VT Veres Kft.\" \/>\n<meta property=\"article:publisher\" content=\"http:\/\/www.facebook.vtveres.hu\" \/>\n<meta property=\"article:modified_time\" content=\"2023-05-25T09:05:20+00:00\" \/>\n<meta property=\"og:image\" content=\"https:\/\/vtveres.hu\/web\/wp-content\/uploads\/2016\/05\/PDMS-300x202.jpg\" \/>\n<meta name=\"twitter:card\" content=\"summary_large_image\" \/>\n<meta name=\"twitter:label1\" content=\"Est. reading time\" \/>\n\t<meta name=\"twitter:data1\" content=\"3 minutes\" \/>\n<script type=\"application\/ld+json\" class=\"yoast-schema-graph\">{\"@context\":\"https:\\\/\\\/schema.org\",\"@graph\":[{\"@type\":\"WebPage\",\"@id\":\"https:\\\/\\\/www.vtveres.hu\\\/\",\"url\":\"https:\\\/\\\/www.vtveres.hu\\\/\",\"name\":\"Main - VT Veres Kft.\",\"isPartOf\":{\"@id\":\"https:\\\/\\\/www.vtveres.hu\\\/#website\"},\"primaryImageOfPage\":{\"@id\":\"https:\\\/\\\/www.vtveres.hu\\\/#primaryimage\"},\"image\":{\"@id\":\"https:\\\/\\\/www.vtveres.hu\\\/#primaryimage\"},\"thumbnailUrl\":\"https:\\\/\\\/vtveres.hu\\\/web\\\/wp-content\\\/uploads\\\/2016\\\/05\\\/PDMS-300x202.jpg\",\"datePublished\":\"2016-05-09T16:49:10+00:00\",\"dateModified\":\"2023-05-25T09:05:20+00:00\",\"breadcrumb\":{\"@id\":\"https:\\\/\\\/www.vtveres.hu\\\/#breadcrumb\"},\"inLanguage\":\"en-US\",\"potentialAction\":[{\"@type\":\"ReadAction\",\"target\":[\"https:\\\/\\\/www.vtveres.hu\\\/\"]}]},{\"@type\":\"ImageObject\",\"inLanguage\":\"en-US\",\"@id\":\"https:\\\/\\\/www.vtveres.hu\\\/#primaryimage\",\"url\":\"https:\\\/\\\/vtveres.hu\\\/web\\\/wp-content\\\/uploads\\\/2016\\\/05\\\/PDMS-300x202.jpg\",\"contentUrl\":\"https:\\\/\\\/vtveres.hu\\\/web\\\/wp-content\\\/uploads\\\/2016\\\/05\\\/PDMS-300x202.jpg\"},{\"@type\":\"BreadcrumbList\",\"@id\":\"https:\\\/\\\/www.vtveres.hu\\\/#breadcrumb\",\"itemListElement\":[{\"@type\":\"ListItem\",\"position\":1,\"name\":\"Home\",\"item\":\"https:\\\/\\\/www.vtveres.hu\\\/\"},{\"@type\":\"ListItem\",\"position\":2,\"name\":\"F\u0151oldal\"}]},{\"@type\":\"WebSite\",\"@id\":\"https:\\\/\\\/www.vtveres.hu\\\/#website\",\"url\":\"https:\\\/\\\/www.vtveres.hu\\\/\",\"name\":\"VT Veres Kft.\",\"description\":\"The future\u2019s solution now\",\"publisher\":{\"@id\":\"https:\\\/\\\/www.vtveres.hu\\\/#organization\"},\"potentialAction\":[{\"@type\":\"SearchAction\",\"target\":{\"@type\":\"EntryPoint\",\"urlTemplate\":\"https:\\\/\\\/www.vtveres.hu\\\/?s={search_term_string}\"},\"query-input\":{\"@type\":\"PropertyValueSpecification\",\"valueRequired\":true,\"valueName\":\"search_term_string\"}}],\"inLanguage\":\"en-US\"},{\"@type\":\"Organization\",\"@id\":\"https:\\\/\\\/www.vtveres.hu\\\/#organization\",\"name\":\"VT Veres Kft.\",\"url\":\"https:\\\/\\\/www.vtveres.hu\\\/\",\"logo\":{\"@type\":\"ImageObject\",\"inLanguage\":\"en-US\",\"@id\":\"https:\\\/\\\/www.vtveres.hu\\\/#\\\/schema\\\/logo\\\/image\\\/\",\"url\":\"https:\\\/\\\/www.vtveres.hu\\\/web\\\/wp-content\\\/uploads\\\/2016\\\/05\\\/25_ev_pici_hun-1.png\",\"contentUrl\":\"https:\\\/\\\/www.vtveres.hu\\\/web\\\/wp-content\\\/uploads\\\/2016\\\/05\\\/25_ev_pici_hun-1.png\",\"width\":140,\"height\":107,\"caption\":\"VT Veres Kft.\"},\"image\":{\"@id\":\"https:\\\/\\\/www.vtveres.hu\\\/#\\\/schema\\\/logo\\\/image\\\/\"},\"sameAs\":[\"http:\\\/\\\/www.facebook.vtveres.hu\",\"http:\\\/\\\/www.instagram.vtveres.hu\",\"http:\\\/\\\/www.linkedin.vtveres.hu\"]}]}<\/script>\n<!-- \/ Yoast SEO plugin. -->","yoast_head_json":{"title":"Main - VT Veres Kft.","robots":{"index":"index","follow":"follow","max-snippet":"max-snippet:-1","max-image-preview":"max-image-preview:large","max-video-preview":"max-video-preview:-1"},"canonical":"https:\/\/www.vtveres.hu\/","og_locale":"en_US","og_type":"article","og_title":"Main - VT Veres Kft.","og_description":"[vc_row][vc_column][rev_slider_vc alias=&#8221;home-one-slider-11&#8243;][\/vc_column][\/vc_row][vc_row css=&#8221;.vc_custom_1463994430217{margin-bottom: 30px !important;}&#8221; type=&#8221;grid&#8221;][vc_column css=&#8221;.vc_custom_1462381095114{padding-right: 10px !important;padding-left: 10px !important;}&#8221;][vc_column_text css=&#8221;.vc_custom_1479567893059{margin-top: 30px !important;}&#8221;]Our mission: &#8211; \u201eThe future\u2019s solution has arrived\u201d \u2013 according to our motto we stand for realizing technical solutions that facilitate the best features of equipment, keep operation easy and to achieve the highest reliability on the field of valve automation.[\/vc_column_text][vc_column_text] [\/vc_column_text][vc_column_text [&hellip;]","og_url":"https:\/\/www.vtveres.hu\/","og_site_name":"VT Veres Kft.","article_publisher":"http:\/\/www.facebook.vtveres.hu","article_modified_time":"2023-05-25T09:05:20+00:00","og_image":[{"url":"https:\/\/vtveres.hu\/web\/wp-content\/uploads\/2016\/05\/PDMS-300x202.jpg","type":"","width":"","height":""}],"twitter_card":"summary_large_image","twitter_misc":{"Est. reading time":"3 minutes"},"schema":{"@context":"https:\/\/schema.org","@graph":[{"@type":"WebPage","@id":"https:\/\/www.vtveres.hu\/","url":"https:\/\/www.vtveres.hu\/","name":"Main - VT Veres Kft.","isPartOf":{"@id":"https:\/\/www.vtveres.hu\/#website"},"primaryImageOfPage":{"@id":"https:\/\/www.vtveres.hu\/#primaryimage"},"image":{"@id":"https:\/\/www.vtveres.hu\/#primaryimage"},"thumbnailUrl":"https:\/\/vtveres.hu\/web\/wp-content\/uploads\/2016\/05\/PDMS-300x202.jpg","datePublished":"2016-05-09T16:49:10+00:00","dateModified":"2023-05-25T09:05:20+00:00","breadcrumb":{"@id":"https:\/\/www.vtveres.hu\/#breadcrumb"},"inLanguage":"en-US","potentialAction":[{"@type":"ReadAction","target":["https:\/\/www.vtveres.hu\/"]}]},{"@type":"ImageObject","inLanguage":"en-US","@id":"https:\/\/www.vtveres.hu\/#primaryimage","url":"https:\/\/vtveres.hu\/web\/wp-content\/uploads\/2016\/05\/PDMS-300x202.jpg","contentUrl":"https:\/\/vtveres.hu\/web\/wp-content\/uploads\/2016\/05\/PDMS-300x202.jpg"},{"@type":"BreadcrumbList","@id":"https:\/\/www.vtveres.hu\/#breadcrumb","itemListElement":[{"@type":"ListItem","position":1,"name":"Home","item":"https:\/\/www.vtveres.hu\/"},{"@type":"ListItem","position":2,"name":"F\u0151oldal"}]},{"@type":"WebSite","@id":"https:\/\/www.vtveres.hu\/#website","url":"https:\/\/www.vtveres.hu\/","name":"VT Veres Kft.","description":"The future\u2019s solution now","publisher":{"@id":"https:\/\/www.vtveres.hu\/#organization"},"potentialAction":[{"@type":"SearchAction","target":{"@type":"EntryPoint","urlTemplate":"https:\/\/www.vtveres.hu\/?s={search_term_string}"},"query-input":{"@type":"PropertyValueSpecification","valueRequired":true,"valueName":"search_term_string"}}],"inLanguage":"en-US"},{"@type":"Organization","@id":"https:\/\/www.vtveres.hu\/#organization","name":"VT Veres Kft.","url":"https:\/\/www.vtveres.hu\/","logo":{"@type":"ImageObject","inLanguage":"en-US","@id":"https:\/\/www.vtveres.hu\/#\/schema\/logo\/image\/","url":"https:\/\/www.vtveres.hu\/web\/wp-content\/uploads\/2016\/05\/25_ev_pici_hun-1.png","contentUrl":"https:\/\/www.vtveres.hu\/web\/wp-content\/uploads\/2016\/05\/25_ev_pici_hun-1.png","width":140,"height":107,"caption":"VT Veres Kft."},"image":{"@id":"https:\/\/www.vtveres.hu\/#\/schema\/logo\/image\/"},"sameAs":["http:\/\/www.facebook.vtveres.hu","http:\/\/www.instagram.vtveres.hu","http:\/\/www.linkedin.vtveres.hu"]}]}},"_links":{"self":[{"href":"https:\/\/www.vtveres.hu\/en\/wp-json\/wp\/v2\/pages\/5","targetHints":{"allow":["GET"]}}],"collection":[{"href":"https:\/\/www.vtveres.hu\/en\/wp-json\/wp\/v2\/pages"}],"about":[{"href":"https:\/\/www.vtveres.hu\/en\/wp-json\/wp\/v2\/types\/page"}],"author":[{"embeddable":true,"href":"https:\/\/www.vtveres.hu\/en\/wp-json\/wp\/v2\/users\/1"}],"replies":[{"embeddable":true,"href":"https:\/\/www.vtveres.hu\/en\/wp-json\/wp\/v2\/comments?post=5"}],"version-history":[{"count":90,"href":"https:\/\/www.vtveres.hu\/en\/wp-json\/wp\/v2\/pages\/5\/revisions"}],"predecessor-version":[{"id":3561,"href":"https:\/\/www.vtveres.hu\/en\/wp-json\/wp\/v2\/pages\/5\/revisions\/3561"}],"wp:attachment":[{"href":"https:\/\/www.vtveres.hu\/en\/wp-json\/wp\/v2\/media?parent=5"}],"curies":[{"name":"wp","href":"https:\/\/api.w.org\/{rel}","templated":true}]}}