{"id":2244,"date":"2016-05-09T16:14:40","date_gmt":"2016-05-09T16:14:40","guid":{"rendered":"http:\/\/themes.webdevia.com\/factory\/?page_id=2"},"modified":"2016-11-21T09:16:03","modified_gmt":"2016-11-21T09:16:03","slug":"services","status":"publish","type":"page","link":"https:\/\/www.vtveres.hu\/en\/services\/","title":{"rendered":"Our activites"},"content":{"rendered":"<p>[vc_row css=&#8221;.vc_custom_1463954640353{padding-right: 20px !important;padding-left: 20px !important;}&#8221;][vc_column][vc_row_inner gap=&#8221;20&#8243;][vc_column_inner width=&#8221;1\/3&#8243;]\r\n\r\n\r\n\r\n<section class=\"wd-image-text style-2\">\r\n  <div class=\" \" >\r\n         <img decoding=\"async\" src=\"https:\/\/www.vtveres.hu\/web\/wp-content\/uploads\/2016\/05\/VAC.png\" alt=\"icon\"\/>\r\n\t  \t    <h4 class=\"wd-title-element\">Valve automation centre (VAC)<\/h4>\r\n\t      <p>\r\n      Selection, assembly, installation and complete system integration of valves and electric, pneumatic, hydraulic actuators.    <\/p>\r\n  <\/div>\r\n<\/section>\r\n    [\/vc_column_inner][vc_column_inner width=&#8221;1\/3&#8243;]\r\n\r\n\r\n\r\n<section class=\"wd-image-text style-2\">\r\n  <div class=\" \" >\r\n         <img decoding=\"async\" src=\"https:\/\/www.vtveres.hu\/web\/wp-content\/uploads\/2016\/05\/rendszertervezes.png\" alt=\"icon\"\/>\r\n\t  \t    <h4 class=\"wd-title-element\">System design<\/h4>\r\n\t      <p>\r\n      Classification of explosion-proof areas, area and placement design of Ex-equipments, high-voltage powering, metrological measurement and accounting, designing of instrumentation and industrial process control systems as well as gas turbine power plants.    <\/p>\r\n  <\/div>\r\n<\/section>\r\n    [\/vc_column_inner][vc_column_inner width=&#8221;1\/3&#8243;]\r\n\r\n\r\n\r\n<section class=\"wd-image-text style-2\">\r\n  <div class=\" \" >\r\n         <img decoding=\"async\" src=\"https:\/\/www.vtveres.hu\/web\/wp-content\/uploads\/2016\/05\/shutterstock_337316813-4.jpg\" alt=\"icon\"\/>\r\n\t  \t    <h4 class=\"wd-title-element\">Software development<\/h4>\r\n\t      <p>\r\n      Development of industrial process-control software<br \/>\napplications.    <\/p>\r\n  <\/div>\r\n<\/section>\r\n    [\/vc_column_inner][\/vc_row_inner][vc_row_inner gap=&#8221;20&#8243;][vc_column_inner width=&#8221;1\/3&#8243;]\r\n\r\n\r\n\r\n<section class=\"wd-image-text style-2\">\r\n  <div class=\" \" >\r\n         <img decoding=\"async\" src=\"https:\/\/www.vtveres.hu\/web\/wp-content\/uploads\/2016\/05\/kiviteleztes.png\" alt=\"icon\"\/>\r\n\t  \t    <h4 class=\"wd-title-element\">Implementation<\/h4>\r\n\t      <p>\r\n      actuator and control systems, measurement and metrological settlement systems, electrical Ex-technologies and instrumental execution of general contracting, installation, commissioning, maintenance, repair, and training.    <\/p>\r\n  <\/div>\r\n<\/section>\r\n    [\/vc_column_inner][vc_column_inner width=&#8221;1\/3&#8243;]\r\n\r\n\r\n\r\n<section class=\"wd-image-text style-2\">\r\n  <div class=\" \" >\r\n         <img decoding=\"async\" src=\"https:\/\/www.vtveres.hu\/web\/wp-content\/uploads\/2016\/05\/VTVeres-0019-1024x684.jpg\" alt=\"icon\"\/>\r\n\t  \t    <h4 class=\"wd-title-element\">Trade<\/h4>\r\n\t      <p>\r\n      Industrial trading of pipeline equipment for the oil and gas industry.    <\/p>\r\n  <\/div>\r\n<\/section>\r\n    [\/vc_column_inner][vc_column_inner width=&#8221;1\/3&#8243;]\r\n\r\n\r\n\r\n<section class=\"wd-image-text style-2\">\r\n  <div class=\" \" >\r\n         <img decoding=\"async\" src=\"https:\/\/www.vtveres.hu\/web\/wp-content\/uploads\/2016\/05\/VtVeres-47-800pixel.jpg\" alt=\"icon\"\/>\r\n\t  \t    <h4 class=\"wd-title-element\">Manufacturing<\/h4>\r\n\t      <p>\r\n      Design and manufacture of oil and gas plant components, sub-assemblies.    <\/p>\r\n  <\/div>\r\n<\/section>\r\n    [\/vc_column_inner][\/vc_row_inner][\/vc_column][\/vc_row][vc_row css=&#8221;.vc_custom_1477396253317{padding-right: -5px !important;padding-left: 10px !important;}&#8221;][vc_column width=&#8221;1\/2&#8243;][vc_column_text]<\/p>\n<h6 class=\"wd-title-element\"><span style=\"font-size: 12pt;\"><strong><img loading=\"lazy\" decoding=\"async\" class=\"alignleft wp-image-2785 size-thumbnail\" src=\"https:\/\/vtveres.hu\/web\/wp-content\/uploads\/2016\/05\/kalibralo_labor-150x150.png\" width=\"150\" height=\"150\" srcset=\"https:\/\/www.vtveres.hu\/web\/wp-content\/uploads\/2016\/05\/kalibralo_labor-150x150.png 150w, https:\/\/www.vtveres.hu\/web\/wp-content\/uploads\/2016\/05\/kalibralo_labor-140x140.png 140w, https:\/\/www.vtveres.hu\/web\/wp-content\/uploads\/2016\/05\/kalibralo_labor-180x180.png 180w\" sizes=\"auto, (max-width: 150px) 100vw, 150px\" \/>Calibration laboratory<\/strong><\/span><\/h6>\n<p class=\"wd-title-element\"><span style=\"font-size: 12pt; color: #999999;\">Calibration of pressure and temperature measuring equipment and transmitters<\/span><\/p>\n<p>[\/vc_column_text][\/vc_column][vc_column width=&#8221;1\/2&#8243;][vc_column_text]<\/p>\n<h6 class=\"wd-title-element\"><span style=\"font-size: 12pt;\"><img loading=\"lazy\" decoding=\"async\" class=\"alignleft wp-image-2634 size-thumbnail\" src=\"https:\/\/vtveres.hu\/web\/wp-content\/uploads\/2016\/05\/kawasaki_2-150x150.jpg\" width=\"150\" height=\"150\" srcset=\"https:\/\/www.vtveres.hu\/web\/wp-content\/uploads\/2016\/05\/kawasaki_2-150x150.jpg 150w, https:\/\/www.vtveres.hu\/web\/wp-content\/uploads\/2016\/05\/kawasaki_2-140x140.jpg 140w, https:\/\/www.vtveres.hu\/web\/wp-content\/uploads\/2016\/05\/kawasaki_2-180x180.jpg 180w, https:\/\/www.vtveres.hu\/web\/wp-content\/uploads\/2016\/05\/kawasaki_2-300x300.jpg 300w\" sizes=\"auto, (max-width: 150px) 100vw, 150px\" \/><\/span><\/h6>\n<h6 class=\"wd-title-element\"><strong><span style=\"font-size: 12pt;\">Energy<\/span><\/strong><\/h6>\n<p class=\"wd-title-element\"><span style=\"font-size: 12pt; color: #999999;\">Design, full installation and commissionong of gas turbine power stations and gas booster compressors<\/span><\/p>\n<p>[\/vc_column_text][\/vc_column][\/vc_row][vc_row][vc_column]\r\n\r\n<div class=\"wd_empty_space\" data-heightmobile=\"50px\" data-heighttablet=\"50px\" data-heightdesktop=\"50px\">\r\n\r\n<\/div>\r\n      \r\n\r\n\r\n\r\n        \r\n      \r\n    [\/vc_column][\/vc_row]<\/p>","protected":false},"excerpt":{"rendered":"<p>[vc_row css=&#8221;.vc_custom_1463954640353{padding-right: 20px !important;padding-left: 20px !important;}&#8221;][vc_column][vc_row_inner gap=&#8221;20&#8243;][vc_column_inner width=&#8221;1\/3&#8243;][\/vc_column_inner][vc_column_inner width=&#8221;1\/3&#8243;][\/vc_column_inner][vc_column_inner width=&#8221;1\/3&#8243;][\/vc_column_inner][\/vc_row_inner][vc_row_inner gap=&#8221;20&#8243;][vc_column_inner width=&#8221;1\/3&#8243;][\/vc_column_inner][vc_column_inner width=&#8221;1\/3&#8243;][\/vc_column_inner][vc_column_inner width=&#8221;1\/3&#8243;][\/vc_column_inner][\/vc_row_inner][\/vc_column][\/vc_row][vc_row css=&#8221;.vc_custom_1477396253317{padding-right: -5px !important;padding-left: 10px !important;}&#8221;][vc_column width=&#8221;1\/2&#8243;][vc_column_text] Calibration laboratory Calibration of pressure and temperature measuring equipment and transmitters [\/vc_column_text][\/vc_column][vc_column width=&#8221;1\/2&#8243;][vc_column_text] Energy Design, full installation and commissionong of gas turbine power stations and gas booster compressors [\/vc_column_text][\/vc_column][\/vc_row][vc_row][vc_column][\/vc_column][\/vc_row]<\/p>\n","protected":false},"author":1,"featured_media":0,"parent":0,"menu_order":0,"comment_status":"closed","ping_status":"closed","template":"","meta":{"_exactmetrics_skip_tracking":false,"_exactmetrics_sitenote_active":false,"_exactmetrics_sitenote_note":"","_exactmetrics_sitenote_category":0,"footnotes":""},"class_list":["post-2244","page","type-page","status-publish","hentry"],"yoast_head":"<!-- This site is optimized with the Yoast SEO plugin v27.5 - https:\/\/yoast.com\/product\/yoast-seo-wordpress\/ -->\n<title>Our activites - VT Veres Kft.<\/title>\n<meta name=\"robots\" content=\"index, follow, max-snippet:-1, max-image-preview:large, max-video-preview:-1\" \/>\n<link rel=\"canonical\" href=\"https:\/\/www.vtveres.hu\/services\/\" \/>\n<meta property=\"og:locale\" content=\"en_US\" \/>\n<meta property=\"og:type\" content=\"article\" \/>\n<meta property=\"og:title\" content=\"Our activites - VT Veres Kft.\" \/>\n<meta property=\"og:description\" content=\"[vc_row css=&#8221;.vc_custom_1463954640353{padding-right: 20px !important;padding-left: 20px !important;}&#8221;][vc_column][vc_row_inner gap=&#8221;20&#8243;][vc_column_inner width=&#8221;1\/3&#8243;][\/vc_column_inner][vc_column_inner width=&#8221;1\/3&#8243;][\/vc_column_inner][vc_column_inner width=&#8221;1\/3&#8243;][\/vc_column_inner][\/vc_row_inner][vc_row_inner gap=&#8221;20&#8243;][vc_column_inner width=&#8221;1\/3&#8243;][\/vc_column_inner][vc_column_inner width=&#8221;1\/3&#8243;][\/vc_column_inner][vc_column_inner width=&#8221;1\/3&#8243;][\/vc_column_inner][\/vc_row_inner][\/vc_column][\/vc_row][vc_row css=&#8221;.vc_custom_1477396253317{padding-right: -5px !important;padding-left: 10px !important;}&#8221;][vc_column width=&#8221;1\/2&#8243;][vc_column_text] Calibration laboratory Calibration of pressure and temperature measuring equipment and transmitters [\/vc_column_text][\/vc_column][vc_column width=&#8221;1\/2&#8243;][vc_column_text] Energy Design, full installation and commissionong of gas turbine power stations and gas booster compressors [\/vc_column_text][\/vc_column][\/vc_row][vc_row][vc_column][\/vc_column][\/vc_row]\" \/>\n<meta property=\"og:url\" content=\"https:\/\/www.vtveres.hu\/services\/\" \/>\n<meta property=\"og:site_name\" content=\"VT Veres Kft.\" \/>\n<meta property=\"article:publisher\" content=\"http:\/\/www.facebook.vtveres.hu\" \/>\n<meta property=\"article:modified_time\" content=\"2016-11-21T09:16:03+00:00\" \/>\n<meta property=\"og:image\" content=\"https:\/\/vtveres.hu\/web\/wp-content\/uploads\/2016\/05\/kalibralo_labor-150x150.png\" \/>\n<meta name=\"twitter:card\" content=\"summary_large_image\" \/>\n<meta name=\"twitter:label1\" content=\"Est. reading time\" \/>\n\t<meta name=\"twitter:data1\" content=\"4 minutes\" \/>\n<script type=\"application\/ld+json\" class=\"yoast-schema-graph\">{\"@context\":\"https:\\\/\\\/schema.org\",\"@graph\":[{\"@type\":\"WebPage\",\"@id\":\"https:\\\/\\\/www.vtveres.hu\\\/services\\\/\",\"url\":\"https:\\\/\\\/www.vtveres.hu\\\/services\\\/\",\"name\":\"Our activites - VT Veres Kft.\",\"isPartOf\":{\"@id\":\"https:\\\/\\\/www.vtveres.hu\\\/#website\"},\"primaryImageOfPage\":{\"@id\":\"https:\\\/\\\/www.vtveres.hu\\\/services\\\/#primaryimage\"},\"image\":{\"@id\":\"https:\\\/\\\/www.vtveres.hu\\\/services\\\/#primaryimage\"},\"thumbnailUrl\":\"https:\\\/\\\/vtveres.hu\\\/web\\\/wp-content\\\/uploads\\\/2016\\\/05\\\/kalibralo_labor-150x150.png\",\"datePublished\":\"2016-05-09T16:14:40+00:00\",\"dateModified\":\"2016-11-21T09:16:03+00:00\",\"breadcrumb\":{\"@id\":\"https:\\\/\\\/www.vtveres.hu\\\/services\\\/#breadcrumb\"},\"inLanguage\":\"en-US\",\"potentialAction\":[{\"@type\":\"ReadAction\",\"target\":[\"https:\\\/\\\/www.vtveres.hu\\\/services\\\/\"]}]},{\"@type\":\"ImageObject\",\"inLanguage\":\"en-US\",\"@id\":\"https:\\\/\\\/www.vtveres.hu\\\/services\\\/#primaryimage\",\"url\":\"https:\\\/\\\/vtveres.hu\\\/web\\\/wp-content\\\/uploads\\\/2016\\\/05\\\/kalibralo_labor-150x150.png\",\"contentUrl\":\"https:\\\/\\\/vtveres.hu\\\/web\\\/wp-content\\\/uploads\\\/2016\\\/05\\\/kalibralo_labor-150x150.png\"},{\"@type\":\"BreadcrumbList\",\"@id\":\"https:\\\/\\\/www.vtveres.hu\\\/services\\\/#breadcrumb\",\"itemListElement\":[{\"@type\":\"ListItem\",\"position\":1,\"name\":\"Home\",\"item\":\"https:\\\/\\\/www.vtveres.hu\\\/\"},{\"@type\":\"ListItem\",\"position\":2,\"name\":\"Tev\u00e9kenys\u00e9gi ter\u00fcleteink\"}]},{\"@type\":\"WebSite\",\"@id\":\"https:\\\/\\\/www.vtveres.hu\\\/#website\",\"url\":\"https:\\\/\\\/www.vtveres.hu\\\/\",\"name\":\"VT Veres Kft.\",\"description\":\"The future\u2019s solution now\",\"publisher\":{\"@id\":\"https:\\\/\\\/www.vtveres.hu\\\/#organization\"},\"potentialAction\":[{\"@type\":\"SearchAction\",\"target\":{\"@type\":\"EntryPoint\",\"urlTemplate\":\"https:\\\/\\\/www.vtveres.hu\\\/?s={search_term_string}\"},\"query-input\":{\"@type\":\"PropertyValueSpecification\",\"valueRequired\":true,\"valueName\":\"search_term_string\"}}],\"inLanguage\":\"en-US\"},{\"@type\":\"Organization\",\"@id\":\"https:\\\/\\\/www.vtveres.hu\\\/#organization\",\"name\":\"VT Veres Kft.\",\"url\":\"https:\\\/\\\/www.vtveres.hu\\\/\",\"logo\":{\"@type\":\"ImageObject\",\"inLanguage\":\"en-US\",\"@id\":\"https:\\\/\\\/www.vtveres.hu\\\/#\\\/schema\\\/logo\\\/image\\\/\",\"url\":\"https:\\\/\\\/www.vtveres.hu\\\/web\\\/wp-content\\\/uploads\\\/2016\\\/05\\\/25_ev_pici_hun-1.png\",\"contentUrl\":\"https:\\\/\\\/www.vtveres.hu\\\/web\\\/wp-content\\\/uploads\\\/2016\\\/05\\\/25_ev_pici_hun-1.png\",\"width\":140,\"height\":107,\"caption\":\"VT Veres Kft.\"},\"image\":{\"@id\":\"https:\\\/\\\/www.vtveres.hu\\\/#\\\/schema\\\/logo\\\/image\\\/\"},\"sameAs\":[\"http:\\\/\\\/www.facebook.vtveres.hu\",\"http:\\\/\\\/www.instagram.vtveres.hu\",\"http:\\\/\\\/www.linkedin.vtveres.hu\"]}]}<\/script>\n<!-- \/ Yoast SEO plugin. -->","yoast_head_json":{"title":"Our activites - VT Veres Kft.","robots":{"index":"index","follow":"follow","max-snippet":"max-snippet:-1","max-image-preview":"max-image-preview:large","max-video-preview":"max-video-preview:-1"},"canonical":"https:\/\/www.vtveres.hu\/services\/","og_locale":"en_US","og_type":"article","og_title":"Our activites - VT Veres Kft.","og_description":"[vc_row css=&#8221;.vc_custom_1463954640353{padding-right: 20px !important;padding-left: 20px !important;}&#8221;][vc_column][vc_row_inner gap=&#8221;20&#8243;][vc_column_inner width=&#8221;1\/3&#8243;][\/vc_column_inner][vc_column_inner width=&#8221;1\/3&#8243;][\/vc_column_inner][vc_column_inner width=&#8221;1\/3&#8243;][\/vc_column_inner][\/vc_row_inner][vc_row_inner gap=&#8221;20&#8243;][vc_column_inner width=&#8221;1\/3&#8243;][\/vc_column_inner][vc_column_inner width=&#8221;1\/3&#8243;][\/vc_column_inner][vc_column_inner width=&#8221;1\/3&#8243;][\/vc_column_inner][\/vc_row_inner][\/vc_column][\/vc_row][vc_row css=&#8221;.vc_custom_1477396253317{padding-right: -5px !important;padding-left: 10px !important;}&#8221;][vc_column width=&#8221;1\/2&#8243;][vc_column_text] Calibration laboratory Calibration of pressure and temperature measuring equipment and transmitters [\/vc_column_text][\/vc_column][vc_column width=&#8221;1\/2&#8243;][vc_column_text] Energy Design, full installation and commissionong of gas turbine power stations and gas booster compressors [\/vc_column_text][\/vc_column][\/vc_row][vc_row][vc_column][\/vc_column][\/vc_row]","og_url":"https:\/\/www.vtveres.hu\/services\/","og_site_name":"VT Veres Kft.","article_publisher":"http:\/\/www.facebook.vtveres.hu","article_modified_time":"2016-11-21T09:16:03+00:00","og_image":[{"url":"https:\/\/vtveres.hu\/web\/wp-content\/uploads\/2016\/05\/kalibralo_labor-150x150.png","type":"","width":"","height":""}],"twitter_card":"summary_large_image","twitter_misc":{"Est. reading time":"4 minutes"},"schema":{"@context":"https:\/\/schema.org","@graph":[{"@type":"WebPage","@id":"https:\/\/www.vtveres.hu\/services\/","url":"https:\/\/www.vtveres.hu\/services\/","name":"Our activites - VT Veres Kft.","isPartOf":{"@id":"https:\/\/www.vtveres.hu\/#website"},"primaryImageOfPage":{"@id":"https:\/\/www.vtveres.hu\/services\/#primaryimage"},"image":{"@id":"https:\/\/www.vtveres.hu\/services\/#primaryimage"},"thumbnailUrl":"https:\/\/vtveres.hu\/web\/wp-content\/uploads\/2016\/05\/kalibralo_labor-150x150.png","datePublished":"2016-05-09T16:14:40+00:00","dateModified":"2016-11-21T09:16:03+00:00","breadcrumb":{"@id":"https:\/\/www.vtveres.hu\/services\/#breadcrumb"},"inLanguage":"en-US","potentialAction":[{"@type":"ReadAction","target":["https:\/\/www.vtveres.hu\/services\/"]}]},{"@type":"ImageObject","inLanguage":"en-US","@id":"https:\/\/www.vtveres.hu\/services\/#primaryimage","url":"https:\/\/vtveres.hu\/web\/wp-content\/uploads\/2016\/05\/kalibralo_labor-150x150.png","contentUrl":"https:\/\/vtveres.hu\/web\/wp-content\/uploads\/2016\/05\/kalibralo_labor-150x150.png"},{"@type":"BreadcrumbList","@id":"https:\/\/www.vtveres.hu\/services\/#breadcrumb","itemListElement":[{"@type":"ListItem","position":1,"name":"Home","item":"https:\/\/www.vtveres.hu\/"},{"@type":"ListItem","position":2,"name":"Tev\u00e9kenys\u00e9gi ter\u00fcleteink"}]},{"@type":"WebSite","@id":"https:\/\/www.vtveres.hu\/#website","url":"https:\/\/www.vtveres.hu\/","name":"VT Veres Kft.","description":"The future\u2019s solution now","publisher":{"@id":"https:\/\/www.vtveres.hu\/#organization"},"potentialAction":[{"@type":"SearchAction","target":{"@type":"EntryPoint","urlTemplate":"https:\/\/www.vtveres.hu\/?s={search_term_string}"},"query-input":{"@type":"PropertyValueSpecification","valueRequired":true,"valueName":"search_term_string"}}],"inLanguage":"en-US"},{"@type":"Organization","@id":"https:\/\/www.vtveres.hu\/#organization","name":"VT Veres Kft.","url":"https:\/\/www.vtveres.hu\/","logo":{"@type":"ImageObject","inLanguage":"en-US","@id":"https:\/\/www.vtveres.hu\/#\/schema\/logo\/image\/","url":"https:\/\/www.vtveres.hu\/web\/wp-content\/uploads\/2016\/05\/25_ev_pici_hun-1.png","contentUrl":"https:\/\/www.vtveres.hu\/web\/wp-content\/uploads\/2016\/05\/25_ev_pici_hun-1.png","width":140,"height":107,"caption":"VT Veres Kft."},"image":{"@id":"https:\/\/www.vtveres.hu\/#\/schema\/logo\/image\/"},"sameAs":["http:\/\/www.facebook.vtveres.hu","http:\/\/www.instagram.vtveres.hu","http:\/\/www.linkedin.vtveres.hu"]}]}},"_links":{"self":[{"href":"https:\/\/www.vtveres.hu\/en\/wp-json\/wp\/v2\/pages\/2244","targetHints":{"allow":["GET"]}}],"collection":[{"href":"https:\/\/www.vtveres.hu\/en\/wp-json\/wp\/v2\/pages"}],"about":[{"href":"https:\/\/www.vtveres.hu\/en\/wp-json\/wp\/v2\/types\/page"}],"author":[{"embeddable":true,"href":"https:\/\/www.vtveres.hu\/en\/wp-json\/wp\/v2\/users\/1"}],"replies":[{"embeddable":true,"href":"https:\/\/www.vtveres.hu\/en\/wp-json\/wp\/v2\/comments?post=2244"}],"version-history":[{"count":41,"href":"https:\/\/www.vtveres.hu\/en\/wp-json\/wp\/v2\/pages\/2244\/revisions"}],"predecessor-version":[{"id":2942,"href":"https:\/\/www.vtveres.hu\/en\/wp-json\/wp\/v2\/pages\/2244\/revisions\/2942"}],"wp:attachment":[{"href":"https:\/\/www.vtveres.hu\/en\/wp-json\/wp\/v2\/media?parent=2244"}],"curies":[{"name":"wp","href":"https:\/\/api.w.org\/{rel}","templated":true}]}}